{"id":38316,"date":"2026-02-06T11:15:45","date_gmt":"2026-02-06T10:15:45","guid":{"rendered":"https:\/\/www.dinamicagenerale.com\/?page_id=38316"},"modified":"2026-02-06T11:15:45","modified_gmt":"2026-02-06T10:15:45","slug":"faq","status":"publish","type":"page","link":"https:\/\/www.dinamicagenerale.cn\/tr\/insights\/faq\/","title":{"rendered":"FAQ"},"content":{"rendered":"","protected":false},"excerpt":{"rendered":"","protected":false},"author":2,"featured_media":0,"parent":41315,"menu_order":0,"comment_status":"closed","ping_status":"closed","template":"archive-faq.php","meta":{"footnotes":""},"class_list":["post-38316","page","type-page","status-publish","hentry"],"yoast_head":"<!-- This site is optimized with the Yoast SEO plugin v26.9 - https:\/\/yoast.com\/product\/yoast-seo-wordpress\/ -->\n<title>SSS - Dinamica Generale. M\u00fc\u015fteri deste\u011fi<\/title>\n<meta name=\"description\" content=\"SSS - Dinamica Generale. Hassas besleme, hassas tar\u0131m, veri ve s\u00fcre\u00e7 kontrol\u00fc hakk\u0131nda en s\u0131k sorulan sorulara a\u00e7\u0131k ve pratik yan\u0131tlar.\" \/>\n<meta name=\"robots\" content=\"index, follow, max-snippet:-1, max-image-preview:large, max-video-preview:-1\" \/>\n<link rel=\"canonical\" href=\"https:\/\/www.dinamicagenerale.cn\/tr\/insights\/faq\/\" \/>\n<meta property=\"og:locale\" content=\"tr_TR\" \/>\n<meta property=\"og:type\" content=\"article\" \/>\n<meta property=\"og:title\" content=\"SSS - Dinamica Generale. M\u00fc\u015fteri deste\u011fi\" \/>\n<meta property=\"og:description\" content=\"SSS - Dinamica Generale. Hassas besleme, hassas tar\u0131m, veri ve s\u00fcre\u00e7 kontrol\u00fc hakk\u0131nda en s\u0131k sorulan sorulara a\u00e7\u0131k ve pratik yan\u0131tlar.\" \/>\n<meta property=\"og:url\" content=\"https:\/\/www.dinamicagenerale.cn\/tr\/insights\/faq\/\" \/>\n<meta property=\"og:site_name\" content=\"Dinamica Generale\" \/>\n<meta name=\"twitter:card\" content=\"summary_large_image\" \/>\n<script type=\"application\/ld+json\" class=\"yoast-schema-graph\">{\"@context\":\"https:\/\/schema.org\",\"@graph\":[{\"@type\":\"WebPage\",\"@id\":\"https:\/\/www.dinamicagenerale.cn\/tr\/insights\/faq\/\",\"url\":\"https:\/\/www.dinamicagenerale.cn\/tr\/insights\/faq\/\",\"name\":\"SSS - Dinamica Generale. M\u00fc\u015fteri deste\u011fi\",\"isPartOf\":{\"@id\":\"https:\/\/www.dinamicagenerale.cn\/tr\/#website\"},\"datePublished\":\"2026-02-06T10:15:45+00:00\",\"description\":\"SSS - Dinamica Generale. Hassas besleme, hassas tar\u0131m, veri ve s\u00fcre\u00e7 kontrol\u00fc hakk\u0131nda en s\u0131k sorulan sorulara a\u00e7\u0131k ve pratik yan\u0131tlar.\",\"breadcrumb\":{\"@id\":\"https:\/\/www.dinamicagenerale.cn\/tr\/insights\/faq\/#breadcrumb\"},\"inLanguage\":\"tr\",\"potentialAction\":[{\"@type\":\"ReadAction\",\"target\":[\"https:\/\/www.dinamicagenerale.cn\/tr\/insights\/faq\/\"]}]},{\"@type\":\"BreadcrumbList\",\"@id\":\"https:\/\/www.dinamicagenerale.cn\/tr\/insights\/faq\/#breadcrumb\",\"itemListElement\":[{\"@type\":\"ListItem\",\"position\":1,\"name\":\"Home\",\"item\":\"https:\/\/www.dinamicagenerale.cn\/tr\/ev\/\"},{\"@type\":\"ListItem\",\"position\":2,\"name\":\"FAQ\"}]},{\"@type\":\"WebSite\",\"@id\":\"https:\/\/www.dinamicagenerale.cn\/tr\/#website\",\"url\":\"https:\/\/www.dinamicagenerale.cn\/tr\/\",\"name\":\"Dinamica Generale\",\"description\":\"\",\"potentialAction\":[{\"@type\":\"SearchAction\",\"target\":{\"@type\":\"EntryPoint\",\"urlTemplate\":\"https:\/\/www.dinamicagenerale.cn\/tr\/?s={search_term_string}\"},\"query-input\":{\"@type\":\"PropertyValueSpecification\",\"valueRequired\":true,\"valueName\":\"search_term_string\"}}],\"inLanguage\":\"tr\"}]}<\/script>\n<!-- \/ Yoast SEO plugin. -->","yoast_head_json":{"title":"SSS - Dinamica Generale. M\u00fc\u015fteri deste\u011fi","description":"SSS - Dinamica Generale. Hassas besleme, hassas tar\u0131m, veri ve s\u00fcre\u00e7 kontrol\u00fc hakk\u0131nda en s\u0131k sorulan sorulara a\u00e7\u0131k ve pratik yan\u0131tlar.","robots":{"index":"index","follow":"follow","max-snippet":"max-snippet:-1","max-image-preview":"max-image-preview:large","max-video-preview":"max-video-preview:-1"},"canonical":"https:\/\/www.dinamicagenerale.cn\/tr\/insights\/faq\/","og_locale":"tr_TR","og_type":"article","og_title":"SSS - Dinamica Generale. M\u00fc\u015fteri deste\u011fi","og_description":"SSS - Dinamica Generale. Hassas besleme, hassas tar\u0131m, veri ve s\u00fcre\u00e7 kontrol\u00fc hakk\u0131nda en s\u0131k sorulan sorulara a\u00e7\u0131k ve pratik yan\u0131tlar.","og_url":"https:\/\/www.dinamicagenerale.cn\/tr\/insights\/faq\/","og_site_name":"Dinamica Generale","twitter_card":"summary_large_image","schema":{"@context":"https:\/\/schema.org","@graph":[{"@type":"WebPage","@id":"https:\/\/www.dinamicagenerale.cn\/tr\/insights\/faq\/","url":"https:\/\/www.dinamicagenerale.cn\/tr\/insights\/faq\/","name":"SSS - Dinamica Generale. M\u00fc\u015fteri deste\u011fi","isPartOf":{"@id":"https:\/\/www.dinamicagenerale.cn\/tr\/#website"},"datePublished":"2026-02-06T10:15:45+00:00","description":"SSS - Dinamica Generale. Hassas besleme, hassas tar\u0131m, veri ve s\u00fcre\u00e7 kontrol\u00fc hakk\u0131nda en s\u0131k sorulan sorulara a\u00e7\u0131k ve pratik yan\u0131tlar.","breadcrumb":{"@id":"https:\/\/www.dinamicagenerale.cn\/tr\/insights\/faq\/#breadcrumb"},"inLanguage":"tr","potentialAction":[{"@type":"ReadAction","target":["https:\/\/www.dinamicagenerale.cn\/tr\/insights\/faq\/"]}]},{"@type":"BreadcrumbList","@id":"https:\/\/www.dinamicagenerale.cn\/tr\/insights\/faq\/#breadcrumb","itemListElement":[{"@type":"ListItem","position":1,"name":"Home","item":"https:\/\/www.dinamicagenerale.cn\/tr\/ev\/"},{"@type":"ListItem","position":2,"name":"FAQ"}]},{"@type":"WebSite","@id":"https:\/\/www.dinamicagenerale.cn\/tr\/#website","url":"https:\/\/www.dinamicagenerale.cn\/tr\/","name":"Dinamica Generale","description":"","potentialAction":[{"@type":"SearchAction","target":{"@type":"EntryPoint","urlTemplate":"https:\/\/www.dinamicagenerale.cn\/tr\/?s={search_term_string}"},"query-input":{"@type":"PropertyValueSpecification","valueRequired":true,"valueName":"search_term_string"}}],"inLanguage":"tr"}]}},"_links":{"self":[{"href":"https:\/\/www.dinamicagenerale.cn\/tr\/wp-json\/wp\/v2\/pages\/38316","targetHints":{"allow":["GET"]}}],"collection":[{"href":"https:\/\/www.dinamicagenerale.cn\/tr\/wp-json\/wp\/v2\/pages"}],"about":[{"href":"https:\/\/www.dinamicagenerale.cn\/tr\/wp-json\/wp\/v2\/types\/page"}],"author":[{"embeddable":true,"href":"https:\/\/www.dinamicagenerale.cn\/tr\/wp-json\/wp\/v2\/users\/2"}],"replies":[{"embeddable":true,"href":"https:\/\/www.dinamicagenerale.cn\/tr\/wp-json\/wp\/v2\/comments?post=38316"}],"version-history":[{"count":1,"href":"https:\/\/www.dinamicagenerale.cn\/tr\/wp-json\/wp\/v2\/pages\/38316\/revisions"}],"predecessor-version":[{"id":41297,"href":"https:\/\/www.dinamicagenerale.cn\/tr\/wp-json\/wp\/v2\/pages\/38316\/revisions\/41297"}],"up":[{"embeddable":true,"href":"https:\/\/www.dinamicagenerale.cn\/tr\/wp-json\/wp\/v2\/pages\/41315"}],"wp:attachment":[{"href":"https:\/\/www.dinamicagenerale.cn\/tr\/wp-json\/wp\/v2\/media?parent=38316"}],"curies":[{"name":"wp","href":"https:\/\/api.w.org\/{rel}","templated":true}]}}