{"id":36560,"date":"2024-04-08T14:21:13","date_gmt":"2024-04-08T12:21:13","guid":{"rendered":"https:\/\/www.dinamicagenerale.com\/hakkinda\/"},"modified":"2024-04-08T14:21:13","modified_gmt":"2024-04-08T12:21:13","slug":"hakkinda","status":"publish","type":"page","link":"https:\/\/www.dinamicagenerale.cn\/tr\/hakkinda\/","title":{"rendered":"Hakk\u0131nda"},"content":{"rendered":"<h1>\u015eirket<\/h1>\n<blockquote><p>Gelece\u011fe hizmet eden inovasyon<\/p><\/blockquote>\n<p>&nbsp;<\/p>\n<p>Dinamica Generale S.p.A., ileri teknolojiyi s\u00fcrd\u00fcr\u00fclebilirlikle birle\u015ftirerek <strong>maliyetleri azaltan<\/strong> ve <strong>\u00e7evresel etkileri en aza<\/strong> indiren yenilik\u00e7i \u00e7\u00f6z\u00fcmler geli\u015ftirmede k\u00fcresel bir liderdir.<br \/>\nUzmanl\u0131\u011f\u0131m\u0131z, <strong>hassas tar\u0131m<\/strong> ve <strong>t\u0131p end\u00fcstrisi<\/strong> i\u00e7in <strong>tart\u0131m sistemleri<\/strong>, <strong>NIR<\/strong> (Yak\u0131n K\u0131z\u0131l\u00f6tesi) <strong>sens\u00f6rler <\/strong>ve son teknoloji <strong>yaz\u0131l\u0131mlar\u0131n<\/strong> tasar\u0131m\u0131 ve \u00fcretiminde yatmaktad\u0131r.<\/p>\n<p>Y\u0131ll\u0131k gelirimizin <strong>%10&#8217;undan fazlas\u0131n\u0131<\/strong> ara\u015ft\u0131rma ve geli\u015ftirmeye yat\u0131rarak s\u00fcrekli yenilik sa\u011fl\u0131yoruz. <strong>1990 y\u0131l\u0131ndan bu yana<\/strong>, m\u00fc\u015fterilerimizin kaynaklar\u0131 optimize etmelerine, i\u015f verimlili\u011fini art\u0131rmalar\u0131na ve gelecekteki zorluklar\u0131n \u00fcstesinden gelmelerine yard\u0131mc\u0131 olan teknolojik geli\u015fmeler yaratmak i\u00e7in tutku ve uzmanl\u0131k sunuyoruz.<\/p>\n<p>Dinamica Generale S.p.A.&#8217;n\u0131n son teknoloji \u00e7\u00f6z\u00fcmleri ve \u00e7evreye olan kararl\u0131 ba\u011fl\u0131l\u0131\u011f\u0131 ile i\u015finizi nas\u0131l destekleyebilece\u011fini ke\u015ffedin.<\/p>\n<p>&nbsp;<\/p>\n","protected":false},"excerpt":{"rendered":"<p>\u015eirket Gelece\u011fe hizmet eden inovasyon &nbsp; Dinamica Generale S.p.A., ileri teknolojiyi s\u00fcrd\u00fcr\u00fclebilirlikle birle\u015ftirerek maliyetleri azaltan ve \u00e7evresel etkileri en aza [&hellip;]<\/p>\n","protected":false},"author":1,"featured_media":36572,"parent":0,"menu_order":40,"comment_status":"closed","ping_status":"closed","template":"template-about.php","meta":{"footnotes":""},"class_list":["post-36560","page","type-page","status-publish","has-post-thumbnail","hentry"],"yoast_head":"<!-- This site is optimized with the Yoast SEO plugin v26.9 - https:\/\/yoast.com\/product\/yoast-seo-wordpress\/ -->\n<title>Hakk\u0131nda - Dinamica Generale<\/title>\n<meta name=\"description\" content=\"Dinamica Generale hakk\u0131nda: D\u00fcnya \u00e7ap\u0131nda hassas tar\u0131m\u0131n gelece\u011fini \u015fekillendiren teknoloji, insanlar ve vizyon.\" \/>\n<meta name=\"robots\" content=\"index, follow, max-snippet:-1, max-image-preview:large, max-video-preview:-1\" \/>\n<link rel=\"canonical\" href=\"https:\/\/www.dinamicagenerale.cn\/tr\/hakkinda\/\" \/>\n<meta property=\"og:locale\" content=\"tr_TR\" \/>\n<meta property=\"og:type\" content=\"article\" \/>\n<meta property=\"og:title\" content=\"Hakk\u0131nda - Dinamica Generale\" \/>\n<meta property=\"og:description\" content=\"Dinamica Generale hakk\u0131nda: D\u00fcnya \u00e7ap\u0131nda hassas tar\u0131m\u0131n gelece\u011fini \u015fekillendiren teknoloji, insanlar ve vizyon.\" \/>\n<meta property=\"og:url\" content=\"https:\/\/www.dinamicagenerale.cn\/tr\/hakkinda\/\" \/>\n<meta property=\"og:site_name\" content=\"Dinamica Generale\" \/>\n<meta property=\"og:image\" content=\"https:\/\/www.dinamicagenerale.cn\/wp-content\/uploads\/2025\/01\/about-us-dinamica-generale-1.png\" \/>\n\t<meta property=\"og:image:width\" content=\"800\" \/>\n\t<meta property=\"og:image:height\" content=\"800\" \/>\n\t<meta property=\"og:image:type\" content=\"image\/png\" \/>\n<meta name=\"twitter:card\" content=\"summary_large_image\" \/>\n<meta name=\"twitter:label1\" content=\"Tahmini okuma s\u00fcresi\" \/>\n\t<meta name=\"twitter:data1\" content=\"1 dakika\" \/>\n<script type=\"application\/ld+json\" class=\"yoast-schema-graph\">{\"@context\":\"https:\/\/schema.org\",\"@graph\":[{\"@type\":\"WebPage\",\"@id\":\"https:\/\/www.dinamicagenerale.cn\/tr\/hakkinda\/\",\"url\":\"https:\/\/www.dinamicagenerale.cn\/tr\/hakkinda\/\",\"name\":\"Hakk\u0131nda - Dinamica Generale\",\"isPartOf\":{\"@id\":\"https:\/\/www.dinamicagenerale.cn\/tr\/#website\"},\"primaryImageOfPage\":{\"@id\":\"https:\/\/www.dinamicagenerale.cn\/tr\/hakkinda\/#primaryimage\"},\"image\":{\"@id\":\"https:\/\/www.dinamicagenerale.cn\/tr\/hakkinda\/#primaryimage\"},\"thumbnailUrl\":\"https:\/\/www.dinamicagenerale.cn\/wp-content\/uploads\/2025\/01\/about-us-dinamica-generale-1.png\",\"datePublished\":\"2024-04-08T12:21:13+00:00\",\"description\":\"Dinamica Generale hakk\u0131nda: D\u00fcnya \u00e7ap\u0131nda hassas tar\u0131m\u0131n gelece\u011fini \u015fekillendiren teknoloji, insanlar ve vizyon.\",\"breadcrumb\":{\"@id\":\"https:\/\/www.dinamicagenerale.cn\/tr\/hakkinda\/#breadcrumb\"},\"inLanguage\":\"tr\",\"potentialAction\":[{\"@type\":\"ReadAction\",\"target\":[\"https:\/\/www.dinamicagenerale.cn\/tr\/hakkinda\/\"]}]},{\"@type\":\"ImageObject\",\"inLanguage\":\"tr\",\"@id\":\"https:\/\/www.dinamicagenerale.cn\/tr\/hakkinda\/#primaryimage\",\"url\":\"https:\/\/www.dinamicagenerale.cn\/wp-content\/uploads\/2025\/01\/about-us-dinamica-generale-1.png\",\"contentUrl\":\"https:\/\/www.dinamicagenerale.cn\/wp-content\/uploads\/2025\/01\/about-us-dinamica-generale-1.png\",\"width\":800,\"height\":800,\"caption\":\"about-us-dinamica-generale-1\"},{\"@type\":\"BreadcrumbList\",\"@id\":\"https:\/\/www.dinamicagenerale.cn\/tr\/hakkinda\/#breadcrumb\",\"itemListElement\":[{\"@type\":\"ListItem\",\"position\":1,\"name\":\"Home\",\"item\":\"https:\/\/www.dinamicagenerale.cn\/tr\/ev\/\"},{\"@type\":\"ListItem\",\"position\":2,\"name\":\"Hakk\u0131nda\"}]},{\"@type\":\"WebSite\",\"@id\":\"https:\/\/www.dinamicagenerale.cn\/tr\/#website\",\"url\":\"https:\/\/www.dinamicagenerale.cn\/tr\/\",\"name\":\"Dinamica Generale\",\"description\":\"\",\"potentialAction\":[{\"@type\":\"SearchAction\",\"target\":{\"@type\":\"EntryPoint\",\"urlTemplate\":\"https:\/\/www.dinamicagenerale.cn\/tr\/?s={search_term_string}\"},\"query-input\":{\"@type\":\"PropertyValueSpecification\",\"valueRequired\":true,\"valueName\":\"search_term_string\"}}],\"inLanguage\":\"tr\"}]}<\/script>\n<!-- \/ Yoast SEO plugin. -->","yoast_head_json":{"title":"Hakk\u0131nda - Dinamica Generale","description":"Dinamica Generale hakk\u0131nda: D\u00fcnya \u00e7ap\u0131nda hassas tar\u0131m\u0131n gelece\u011fini \u015fekillendiren teknoloji, insanlar ve vizyon.","robots":{"index":"index","follow":"follow","max-snippet":"max-snippet:-1","max-image-preview":"max-image-preview:large","max-video-preview":"max-video-preview:-1"},"canonical":"https:\/\/www.dinamicagenerale.cn\/tr\/hakkinda\/","og_locale":"tr_TR","og_type":"article","og_title":"Hakk\u0131nda - Dinamica Generale","og_description":"Dinamica Generale hakk\u0131nda: D\u00fcnya \u00e7ap\u0131nda hassas tar\u0131m\u0131n gelece\u011fini \u015fekillendiren teknoloji, insanlar ve vizyon.","og_url":"https:\/\/www.dinamicagenerale.cn\/tr\/hakkinda\/","og_site_name":"Dinamica Generale","og_image":[{"width":800,"height":800,"url":"https:\/\/www.dinamicagenerale.cn\/wp-content\/uploads\/2025\/01\/about-us-dinamica-generale-1.png","type":"image\/png"}],"twitter_card":"summary_large_image","twitter_misc":{"Tahmini okuma s\u00fcresi":"1 dakika"},"schema":{"@context":"https:\/\/schema.org","@graph":[{"@type":"WebPage","@id":"https:\/\/www.dinamicagenerale.cn\/tr\/hakkinda\/","url":"https:\/\/www.dinamicagenerale.cn\/tr\/hakkinda\/","name":"Hakk\u0131nda - Dinamica Generale","isPartOf":{"@id":"https:\/\/www.dinamicagenerale.cn\/tr\/#website"},"primaryImageOfPage":{"@id":"https:\/\/www.dinamicagenerale.cn\/tr\/hakkinda\/#primaryimage"},"image":{"@id":"https:\/\/www.dinamicagenerale.cn\/tr\/hakkinda\/#primaryimage"},"thumbnailUrl":"https:\/\/www.dinamicagenerale.cn\/wp-content\/uploads\/2025\/01\/about-us-dinamica-generale-1.png","datePublished":"2024-04-08T12:21:13+00:00","description":"Dinamica Generale hakk\u0131nda: D\u00fcnya \u00e7ap\u0131nda hassas tar\u0131m\u0131n gelece\u011fini \u015fekillendiren teknoloji, insanlar ve vizyon.","breadcrumb":{"@id":"https:\/\/www.dinamicagenerale.cn\/tr\/hakkinda\/#breadcrumb"},"inLanguage":"tr","potentialAction":[{"@type":"ReadAction","target":["https:\/\/www.dinamicagenerale.cn\/tr\/hakkinda\/"]}]},{"@type":"ImageObject","inLanguage":"tr","@id":"https:\/\/www.dinamicagenerale.cn\/tr\/hakkinda\/#primaryimage","url":"https:\/\/www.dinamicagenerale.cn\/wp-content\/uploads\/2025\/01\/about-us-dinamica-generale-1.png","contentUrl":"https:\/\/www.dinamicagenerale.cn\/wp-content\/uploads\/2025\/01\/about-us-dinamica-generale-1.png","width":800,"height":800,"caption":"about-us-dinamica-generale-1"},{"@type":"BreadcrumbList","@id":"https:\/\/www.dinamicagenerale.cn\/tr\/hakkinda\/#breadcrumb","itemListElement":[{"@type":"ListItem","position":1,"name":"Home","item":"https:\/\/www.dinamicagenerale.cn\/tr\/ev\/"},{"@type":"ListItem","position":2,"name":"Hakk\u0131nda"}]},{"@type":"WebSite","@id":"https:\/\/www.dinamicagenerale.cn\/tr\/#website","url":"https:\/\/www.dinamicagenerale.cn\/tr\/","name":"Dinamica Generale","description":"","potentialAction":[{"@type":"SearchAction","target":{"@type":"EntryPoint","urlTemplate":"https:\/\/www.dinamicagenerale.cn\/tr\/?s={search_term_string}"},"query-input":{"@type":"PropertyValueSpecification","valueRequired":true,"valueName":"search_term_string"}}],"inLanguage":"tr"}]}},"_links":{"self":[{"href":"https:\/\/www.dinamicagenerale.cn\/tr\/wp-json\/wp\/v2\/pages\/36560","targetHints":{"allow":["GET"]}}],"collection":[{"href":"https:\/\/www.dinamicagenerale.cn\/tr\/wp-json\/wp\/v2\/pages"}],"about":[{"href":"https:\/\/www.dinamicagenerale.cn\/tr\/wp-json\/wp\/v2\/types\/page"}],"author":[{"embeddable":true,"href":"https:\/\/www.dinamicagenerale.cn\/tr\/wp-json\/wp\/v2\/users\/1"}],"replies":[{"embeddable":true,"href":"https:\/\/www.dinamicagenerale.cn\/tr\/wp-json\/wp\/v2\/comments?post=36560"}],"version-history":[{"count":0,"href":"https:\/\/www.dinamicagenerale.cn\/tr\/wp-json\/wp\/v2\/pages\/36560\/revisions"}],"wp:featuredmedia":[{"embeddable":true,"href":"https:\/\/www.dinamicagenerale.cn\/tr\/wp-json\/wp\/v2\/media\/36572"}],"wp:attachment":[{"href":"https:\/\/www.dinamicagenerale.cn\/tr\/wp-json\/wp\/v2\/media?parent=36560"}],"curies":[{"name":"wp","href":"https:\/\/api.w.org\/{rel}","templated":true}]}}