{"id":36546,"date":"2025-02-04T10:55:03","date_gmt":"2025-02-04T09:55:03","guid":{"rendered":"https:\/\/www.dinamicagenerale.com\/kaynaklar\/"},"modified":"2025-02-04T10:55:03","modified_gmt":"2025-02-04T09:55:03","slug":"kaynaklar","status":"publish","type":"page","link":"https:\/\/www.dinamicagenerale.cn\/tr\/kaynaklar\/","title":{"rendered":"Kaynaklar"},"content":{"rendered":"<h1><span style=\"color: #003366;\">Hassas Besleme Teknolojisi<\/span><\/h1>\n<p>Geli\u015fmi\u015f teknolojiler arac\u0131l\u0131\u011f\u0131yla \u00e7iftlik hayvanlar\u0131n\u0131n beslenmesini iyile\u015ftirin. Verimlili\u011fi ve s\u00fcrd\u00fcr\u00fclebilirli\u011fi art\u0131rmak i\u00e7in yem y\u00f6netimini optimize etmenin nas\u0131l m\u00fcmk\u00fcn oldu\u011funu ke\u015ffedin. <\/p>\n<p><strong><span style=\"color: #ff6600;\">Blog<\/span><\/strong>: <a href=\"https:\/\/www.dinamicagenerale.cn\/case-study\/9887\/\" target=\"_blank\" rel=\"noopener\">Yem Y\u00f6netim Yaz\u0131l\u0131m\u0131 ile S\u00fct \u00c7iftli\u011finizi Optimize Edin<\/a><\/p>\n<p><a href=\"https:\/\/www.dinamicagenerale.cn\/case-study\/blog-cut-costs-and-boost-efficiency-with-feed-management-software\/\" target=\"_blank\" rel=\"noopener\"><strong><span style=\"color: #ff6600;\">Blog<\/span><\/strong>: Yem Y\u00f6netim Yaz\u0131l\u0131m\u0131 ile Maliyetleri D\u00fc\u015f\u00fcr\u00fcn ve Verimlili\u011fi Art\u0131r\u0131n<\/a><\/p>\n<p><a href=\"https:\/\/www.dinamicagenerale.cn\/case-study\/blog-how-tech-is-transforming-the-world-of-dairy-farming\/\" target=\"_blank\" rel=\"noopener\"><span style=\"color: #ff6600;\"><strong>Blog<\/strong><\/span>: Teknoloji S\u00fct Hayvanc\u0131l\u0131\u011f\u0131 D\u00fcnyas\u0131n\u0131 Nas\u0131l D\u00f6n\u00fc\u015ft\u00fcr\u00fcyor?<\/a><\/p>\n<p><a href=\"https:\/\/www.dinamicagenerale.cn\/case-study\/10027\/\" target=\"_blank\" rel=\"noopener\"><span style=\"color: #ff6600;\"><strong>\u0130nfografik<\/strong><\/span>: Yem Y\u00f6netim Yaz\u0131l\u0131m\u0131 ile S\u00fct \u00c7iftli\u011finizi Dijitalle\u015ftirin<\/a><\/p>\n<p><a href=\"https:\/\/www.dinamicagenerale.cn\/video\/dtm-spot\/\" target=\"_blank\" rel=\"noopener\"><span style=\"color: #ff6600;\"><strong>Video<\/strong><\/span>: DTM Yem Y\u00f6netim Yaz\u0131l\u0131m\u0131<\/a><\/p>\n<p><a href=\"https:\/\/www.dinamicagenerale.cn\/case-study\/blog-answering-your-faqs-about-feed-management-software\/\" target=\"_blank\" rel=\"noopener\"><span style=\"color: #ff6600;\"><strong>Blog<\/strong><\/span>: Yem Y\u00f6netim Yaz\u0131l\u0131m\u0131 Hakk\u0131nda S\u0131k\u00e7a Sorulan Sorular\u0131 Yan\u0131tl\u0131yoruz<\/a><\/p>\n<p><a href=\"https:\/\/www.dinamicagenerale.cn\/case-study\/blog-top-5-features-to-look-for-in-feed-management-software\/\" target=\"_blank\" rel=\"noopener\"><span style=\"color: #ff6600;\"><strong>Blog<\/strong><\/span>: Yem Y\u00f6netim Yaz\u0131l\u0131m\u0131nda Aranacak En \u00d6nemli 5 \u00d6zellik<\/a><\/p>\n<p class=\"text-center\" style=\"text-align: left;\"><a href=\"https:\/\/www.dinamicagenerale.cn\/tr\/video\/video-entegre-yazilimli-akilli-yem-karma-makinesi\/\" target=\"_blank\" rel=\"noopener\"><span style=\"color: #ff6600;\"><strong>Video<\/strong><\/span>: Entegre Yaz\u0131l\u0131ml\u0131 Ak\u0131ll\u0131 Yem Karma Makinesi<\/a><\/p>\n<p><a href=\"https:\/\/www.dinamicagenerale.cn\/case-study\/infographic-how-software-streamlines-your-dairy-farm-operations\/\" target=\"_blank\" rel=\"noopener\"><strong><span style=\"color: #ff6600;\">\u0130nfografik<\/span><\/strong>: Yaz\u0131l\u0131m S\u00fct \u00c7iftli\u011fi Operasyonlar\u0131n\u0131z\u0131 Nas\u0131l Kolayla\u015ft\u0131r\u0131r?<\/a><\/p>\n<p><a href=\"https:\/\/www.dinamicagenerale.cn\/case-study\/blog-agrinir-on-site-nir-analysis-to-increased-productivity\/\" target=\"_blank\" rel=\"noopener\"><span style=\"color: #ff6600;\"><strong>Blog<\/strong><\/span>: AGRINIR. Verimlili\u011fi Art\u0131rmak i\u00e7in Yerinde NIR Analizi <\/a><\/p>\n<p><a href=\"https:\/\/www.dinamicagenerale.cn\/case-study\/blog-the-benefits-of-real-time-nir-analysis-evonir-on-tank-for-more-efficient-and-sustainable-farming\/\" target=\"_blank\" rel=\"noopener\"><span style=\"color: #ff6600;\"><strong>Blog<\/strong><\/span>: Ger\u00e7ek Zamanl\u0131 NIR Analizinin Faydalar\u0131. EVONIR, Daha Verimli ve S\u00fcrd\u00fcr\u00fclebilir Tar\u0131m i\u00e7in Tank \u00dczerinde <\/a><\/p>\n<p>&nbsp;<\/p>\n<h1><span style=\"color: #003366;\">Hassas Tar\u0131m \u00c7\u00f6z\u00fcmleri<\/span><\/h1>\n<p>\u0130leri teknoloji sayesinde bitkisel \u00fcretimi geli\u015ftirin. Uzman \u00e7ift\u00e7ilerin israf\u0131 azalt\u0131rken verimi art\u0131rmak i\u00e7in hassas \u00e7\u00f6z\u00fcmleri nas\u0131l kulland\u0131\u011f\u0131n\u0131 ke\u015ffedin. <\/p>\n<p><a href=\"https:\/\/www.dinamicagenerale.cn\/case-study\/blog-nir-analyzers-on-combine-harvester-optimize-nitrogen-use\/\" target=\"_blank\" rel=\"noopener\"><span style=\"color: #ff6600;\"><strong>Blog: <\/strong><\/span>Bi\u00e7erd\u00f6verde NIR Analiz\u00f6rleri. Azot Kullan\u0131m\u0131n\u0131 Optimize Edin <\/a><\/p>\n<p><a href=\"https:\/\/www.dinamicagenerale.cn\/case-study\/blog-evonir-for-slurry-and-digestate-transport\/\" target=\"_blank\" rel=\"noopener\"><span style=\"color: #ff6600;\"><strong>Blog<\/strong><\/span>: Bulama\u00e7 ve Digestat Ta\u015f\u0131mac\u0131l\u0131\u011f\u0131 i\u00e7in EVONIR<\/a><\/p>\n","protected":false},"excerpt":{"rendered":"<p>Hassas Besleme Teknolojisi Geli\u015fmi\u015f teknolojiler arac\u0131l\u0131\u011f\u0131yla \u00e7iftlik hayvanlar\u0131n\u0131n beslenmesini iyile\u015ftirin. Verimlili\u011fi ve s\u00fcrd\u00fcr\u00fclebilirli\u011fi art\u0131rmak i\u00e7in yem y\u00f6netimini optimize etmenin nas\u0131l [&hellip;]<\/p>\n","protected":false},"author":5,"featured_media":36547,"parent":0,"menu_order":0,"comment_status":"closed","ping_status":"closed","template":"archive-resource.php","meta":{"footnotes":""},"class_list":["post-36546","page","type-page","status-publish","has-post-thumbnail","hentry"],"yoast_head":"<!-- This site is optimized with the Yoast SEO plugin v26.9 - https:\/\/yoast.com\/product\/yoast-seo-wordpress\/ -->\n<title>Kaynaklar - Dinamica Generale<\/title>\n<meta name=\"description\" content=\"Verimlili\u011fi ve s\u00fcrd\u00fcr\u00fclebilirli\u011fi art\u0131rmak i\u00e7in hassas tar\u0131m, NIR teknolojisi ve ak\u0131ll\u0131 besleme hakk\u0131ndaki bloglar\u0131 ve kaynaklar\u0131 okuyun.\" \/>\n<meta name=\"robots\" content=\"index, follow, max-snippet:-1, max-image-preview:large, max-video-preview:-1\" \/>\n<link rel=\"canonical\" href=\"https:\/\/www.dinamicagenerale.cn\/tr\/kaynaklar\/\" \/>\n<meta property=\"og:locale\" content=\"tr_TR\" \/>\n<meta property=\"og:type\" content=\"article\" \/>\n<meta property=\"og:title\" content=\"Kaynaklar - Dinamica Generale\" \/>\n<meta property=\"og:description\" content=\"Verimlili\u011fi ve s\u00fcrd\u00fcr\u00fclebilirli\u011fi art\u0131rmak i\u00e7in hassas tar\u0131m, NIR teknolojisi ve ak\u0131ll\u0131 besleme hakk\u0131ndaki bloglar\u0131 ve kaynaklar\u0131 okuyun.\" \/>\n<meta property=\"og:url\" content=\"https:\/\/www.dinamicagenerale.cn\/tr\/kaynaklar\/\" \/>\n<meta property=\"og:site_name\" content=\"Dinamica Generale\" \/>\n<meta property=\"og:image\" content=\"https:\/\/www.dinamicagenerale.cn\/wp-content\/uploads\/2025\/11\/Resources-dinamica-generale-1024x528.png\" \/>\n\t<meta property=\"og:image:width\" content=\"1024\" \/>\n\t<meta property=\"og:image:height\" content=\"528\" \/>\n\t<meta property=\"og:image:type\" content=\"image\/png\" \/>\n<meta name=\"twitter:card\" content=\"summary_large_image\" \/>\n<meta name=\"twitter:label1\" content=\"Tahmini okuma s\u00fcresi\" \/>\n\t<meta name=\"twitter:data1\" content=\"1 dakika\" \/>\n<script type=\"application\/ld+json\" class=\"yoast-schema-graph\">{\"@context\":\"https:\/\/schema.org\",\"@graph\":[{\"@type\":\"WebPage\",\"@id\":\"https:\/\/www.dinamicagenerale.cn\/tr\/kaynaklar\/\",\"url\":\"https:\/\/www.dinamicagenerale.cn\/tr\/kaynaklar\/\",\"name\":\"Kaynaklar - Dinamica Generale\",\"isPartOf\":{\"@id\":\"https:\/\/www.dinamicagenerale.cn\/tr\/#website\"},\"primaryImageOfPage\":{\"@id\":\"https:\/\/www.dinamicagenerale.cn\/tr\/kaynaklar\/#primaryimage\"},\"image\":{\"@id\":\"https:\/\/www.dinamicagenerale.cn\/tr\/kaynaklar\/#primaryimage\"},\"thumbnailUrl\":\"https:\/\/www.dinamicagenerale.cn\/wp-content\/uploads\/2025\/11\/Resources-dinamica-generale.png\",\"datePublished\":\"2025-02-04T09:55:03+00:00\",\"description\":\"Verimlili\u011fi ve s\u00fcrd\u00fcr\u00fclebilirli\u011fi art\u0131rmak i\u00e7in hassas tar\u0131m, NIR teknolojisi ve ak\u0131ll\u0131 besleme hakk\u0131ndaki bloglar\u0131 ve kaynaklar\u0131 okuyun.\",\"breadcrumb\":{\"@id\":\"https:\/\/www.dinamicagenerale.cn\/tr\/kaynaklar\/#breadcrumb\"},\"inLanguage\":\"tr\",\"potentialAction\":[{\"@type\":\"ReadAction\",\"target\":[\"https:\/\/www.dinamicagenerale.cn\/tr\/kaynaklar\/\"]}]},{\"@type\":\"ImageObject\",\"inLanguage\":\"tr\",\"@id\":\"https:\/\/www.dinamicagenerale.cn\/tr\/kaynaklar\/#primaryimage\",\"url\":\"https:\/\/www.dinamicagenerale.cn\/wp-content\/uploads\/2025\/11\/Resources-dinamica-generale.png\",\"contentUrl\":\"https:\/\/www.dinamicagenerale.cn\/wp-content\/uploads\/2025\/11\/Resources-dinamica-generale.png\",\"width\":2362,\"height\":1217},{\"@type\":\"BreadcrumbList\",\"@id\":\"https:\/\/www.dinamicagenerale.cn\/tr\/kaynaklar\/#breadcrumb\",\"itemListElement\":[{\"@type\":\"ListItem\",\"position\":1,\"name\":\"Home\",\"item\":\"https:\/\/www.dinamicagenerale.cn\/tr\/ev\/\"},{\"@type\":\"ListItem\",\"position\":2,\"name\":\"Kaynaklar\"}]},{\"@type\":\"WebSite\",\"@id\":\"https:\/\/www.dinamicagenerale.cn\/tr\/#website\",\"url\":\"https:\/\/www.dinamicagenerale.cn\/tr\/\",\"name\":\"Dinamica Generale\",\"description\":\"\",\"potentialAction\":[{\"@type\":\"SearchAction\",\"target\":{\"@type\":\"EntryPoint\",\"urlTemplate\":\"https:\/\/www.dinamicagenerale.cn\/tr\/?s={search_term_string}\"},\"query-input\":{\"@type\":\"PropertyValueSpecification\",\"valueRequired\":true,\"valueName\":\"search_term_string\"}}],\"inLanguage\":\"tr\"}]}<\/script>\n<!-- \/ Yoast SEO plugin. -->","yoast_head_json":{"title":"Kaynaklar - Dinamica Generale","description":"Verimlili\u011fi ve s\u00fcrd\u00fcr\u00fclebilirli\u011fi art\u0131rmak i\u00e7in hassas tar\u0131m, NIR teknolojisi ve ak\u0131ll\u0131 besleme hakk\u0131ndaki bloglar\u0131 ve kaynaklar\u0131 okuyun.","robots":{"index":"index","follow":"follow","max-snippet":"max-snippet:-1","max-image-preview":"max-image-preview:large","max-video-preview":"max-video-preview:-1"},"canonical":"https:\/\/www.dinamicagenerale.cn\/tr\/kaynaklar\/","og_locale":"tr_TR","og_type":"article","og_title":"Kaynaklar - Dinamica Generale","og_description":"Verimlili\u011fi ve s\u00fcrd\u00fcr\u00fclebilirli\u011fi art\u0131rmak i\u00e7in hassas tar\u0131m, NIR teknolojisi ve ak\u0131ll\u0131 besleme hakk\u0131ndaki bloglar\u0131 ve kaynaklar\u0131 okuyun.","og_url":"https:\/\/www.dinamicagenerale.cn\/tr\/kaynaklar\/","og_site_name":"Dinamica Generale","og_image":[{"width":1024,"height":528,"url":"https:\/\/www.dinamicagenerale.cn\/wp-content\/uploads\/2025\/11\/Resources-dinamica-generale-1024x528.png","type":"image\/png"}],"twitter_card":"summary_large_image","twitter_misc":{"Tahmini okuma s\u00fcresi":"1 dakika"},"schema":{"@context":"https:\/\/schema.org","@graph":[{"@type":"WebPage","@id":"https:\/\/www.dinamicagenerale.cn\/tr\/kaynaklar\/","url":"https:\/\/www.dinamicagenerale.cn\/tr\/kaynaklar\/","name":"Kaynaklar - Dinamica Generale","isPartOf":{"@id":"https:\/\/www.dinamicagenerale.cn\/tr\/#website"},"primaryImageOfPage":{"@id":"https:\/\/www.dinamicagenerale.cn\/tr\/kaynaklar\/#primaryimage"},"image":{"@id":"https:\/\/www.dinamicagenerale.cn\/tr\/kaynaklar\/#primaryimage"},"thumbnailUrl":"https:\/\/www.dinamicagenerale.cn\/wp-content\/uploads\/2025\/11\/Resources-dinamica-generale.png","datePublished":"2025-02-04T09:55:03+00:00","description":"Verimlili\u011fi ve s\u00fcrd\u00fcr\u00fclebilirli\u011fi art\u0131rmak i\u00e7in hassas tar\u0131m, NIR teknolojisi ve ak\u0131ll\u0131 besleme hakk\u0131ndaki bloglar\u0131 ve kaynaklar\u0131 okuyun.","breadcrumb":{"@id":"https:\/\/www.dinamicagenerale.cn\/tr\/kaynaklar\/#breadcrumb"},"inLanguage":"tr","potentialAction":[{"@type":"ReadAction","target":["https:\/\/www.dinamicagenerale.cn\/tr\/kaynaklar\/"]}]},{"@type":"ImageObject","inLanguage":"tr","@id":"https:\/\/www.dinamicagenerale.cn\/tr\/kaynaklar\/#primaryimage","url":"https:\/\/www.dinamicagenerale.cn\/wp-content\/uploads\/2025\/11\/Resources-dinamica-generale.png","contentUrl":"https:\/\/www.dinamicagenerale.cn\/wp-content\/uploads\/2025\/11\/Resources-dinamica-generale.png","width":2362,"height":1217},{"@type":"BreadcrumbList","@id":"https:\/\/www.dinamicagenerale.cn\/tr\/kaynaklar\/#breadcrumb","itemListElement":[{"@type":"ListItem","position":1,"name":"Home","item":"https:\/\/www.dinamicagenerale.cn\/tr\/ev\/"},{"@type":"ListItem","position":2,"name":"Kaynaklar"}]},{"@type":"WebSite","@id":"https:\/\/www.dinamicagenerale.cn\/tr\/#website","url":"https:\/\/www.dinamicagenerale.cn\/tr\/","name":"Dinamica Generale","description":"","potentialAction":[{"@type":"SearchAction","target":{"@type":"EntryPoint","urlTemplate":"https:\/\/www.dinamicagenerale.cn\/tr\/?s={search_term_string}"},"query-input":{"@type":"PropertyValueSpecification","valueRequired":true,"valueName":"search_term_string"}}],"inLanguage":"tr"}]}},"_links":{"self":[{"href":"https:\/\/www.dinamicagenerale.cn\/tr\/wp-json\/wp\/v2\/pages\/36546","targetHints":{"allow":["GET"]}}],"collection":[{"href":"https:\/\/www.dinamicagenerale.cn\/tr\/wp-json\/wp\/v2\/pages"}],"about":[{"href":"https:\/\/www.dinamicagenerale.cn\/tr\/wp-json\/wp\/v2\/types\/page"}],"author":[{"embeddable":true,"href":"https:\/\/www.dinamicagenerale.cn\/tr\/wp-json\/wp\/v2\/users\/5"}],"replies":[{"embeddable":true,"href":"https:\/\/www.dinamicagenerale.cn\/tr\/wp-json\/wp\/v2\/comments?post=36546"}],"version-history":[{"count":0,"href":"https:\/\/www.dinamicagenerale.cn\/tr\/wp-json\/wp\/v2\/pages\/36546\/revisions"}],"wp:featuredmedia":[{"embeddable":true,"href":"https:\/\/www.dinamicagenerale.cn\/tr\/wp-json\/wp\/v2\/media\/36547"}],"wp:attachment":[{"href":"https:\/\/www.dinamicagenerale.cn\/tr\/wp-json\/wp\/v2\/media?parent=36546"}],"curies":[{"name":"wp","href":"https:\/\/api.w.org\/{rel}","templated":true}]}}