{"id":36545,"date":"2025-01-10T15:59:17","date_gmt":"2025-01-10T14:59:17","guid":{"rendered":"https:\/\/www.dinamicagenerale.com\/kalite-belgeleri\/"},"modified":"2026-01-23T12:56:18","modified_gmt":"2026-01-23T11:56:18","slug":"kalite-belgeleri","status":"publish","type":"page","link":"https:\/\/www.dinamicagenerale.cn\/tr\/hakkinda\/kalite-belgeleri\/","title":{"rendered":"Kalite Belgeleri"},"content":{"rendered":"<h2><span style=\"color: #ff6600;\">Kalite sertifikalar\u0131<\/span><\/h2>\n<p>Dinamica Generale&#8217;de <strong>kalite<\/strong>, g\u00fcnl\u00fck faaliyetlerimizin her y\u00f6n\u00fcne derinlemesine yerle\u015ftirilmi\u015ftir. <strong>Tasar\u0131mdan \u00fcretime<\/strong>, her \u00fcr\u00fcn <strong>titiz kalite standartlar\u0131n\u0131<\/strong> kar\u015f\u0131lamak ve <strong>ola\u011fan\u00fcst\u00fc performans<\/strong> sunmak i\u00e7in haz\u0131rlanm\u0131\u015ft\u0131r. <\/p>\n<p>M\u00fckemmellik taahh\u00fcd\u00fcm\u00fcz, <strong>ISO 9001 Kalite Standard\u0131na<\/strong> y\u00f6nelik <strong>k\u00fcresel sertifikasyon<\/strong> temeli \u00fczerine in\u015fa edilmi\u015ftir. Y\u0131llar ge\u00e7tik\u00e7e sertifikalar\u0131m\u0131z\u0131 t\u0131bbi cihazlar i\u00e7in <strong>ISO 13485<\/strong> &#8216;i de i\u00e7erecek \u015fekilde geni\u015flettik. <\/p>\n<p><strong>Kalite<\/strong> ve uyumlulu\u011fa olan ba\u011fl\u0131l\u0131\u011f\u0131m\u0131z hakk\u0131nda daha fazla bilgi edinmek i\u00e7in a\u015fa\u011f\u0131daki <strong>sertifikalar\u0131m\u0131z\u0131n<\/strong> kopyalar\u0131n\u0131 indirin.<\/p>\n<p><a href=\"https:\/\/www.dinamicagenerale.cn\/wp-content\/uploads\/2025\/01\/Certified_9001_ENG-ITA_extsigned_dinamica-generale.pdf\">ISO 9001<\/a><\/p>\n<p><a href=\"https:\/\/www.dinamicagenerale.cn\/wp-content\/uploads\/2025\/01\/Certified_13485_ENG-ITA_extsigned_dinamica-generale.pdf\">ISO 13485<\/a><\/p>\n<p>&nbsp;<\/p>\n<h2><span style=\"color: #ff6600;\">S\u00fcrd\u00fcr\u00fclebilirlik sertifikalar\u0131  <\/span><\/h2>\n<p><strong>S\u00fcrd\u00fcr\u00fclebilirlik<\/strong>, faaliyetlerimizi ve kurumsal k\u00fclt\u00fcr\u00fcm\u00fcz\u00fc y\u00f6nlendiren temel bir de\u011ferdir. \u0130\u015f uygulamalar\u0131m\u0131z\u0131n ayr\u0131lmaz bir par\u00e7as\u0131 olarak <strong>\u00e7evresel sorumlulu\u011fu<\/strong> te\u015fvik etmeye, <strong>i\u015fyeri g\u00fcvenli\u011fini<\/strong> sa\u011flamaya ve <strong>toplumsal cinsiyet e\u015fitli\u011fini<\/strong> desteklemeye kararl\u0131y\u0131z. <\/p>\n<p>S\u00fcrd\u00fcr\u00fclebilirli\u011fe olan ba\u011fl\u0131l\u0131\u011f\u0131m\u0131z, \u00e7evre y\u00f6netimi i\u00e7in <strong>ISO 14001<\/strong>, i\u015f sa\u011fl\u0131\u011f\u0131 ve g\u00fcvenli\u011fi i\u00e7in <strong>ISO 45001<\/strong> ve <strong>toplumsal cinsiyet e\u015fitli\u011fine<\/strong> ula\u015fma \u00e7abalar\u0131m\u0131z\u0131 takdir eden <strong>UNI PdR 125:2022<\/strong> gibi <strong>sertifikalar\u0131m\u0131za<\/strong> da yans\u0131maktad\u0131r.<\/p>\n<p>Bu sertifikalar, hem kurulu\u015fumuz i\u00e7inde hem de hizmet verdi\u011fimiz toplumlarda s\u00fcrd\u00fcr\u00fclebilir ve kapsay\u0131c\u0131 bir gelecek yaratma konusundaki sars\u0131lmaz kararl\u0131l\u0131\u011f\u0131m\u0131z\u0131 g\u00f6stermektedir.<\/p>\n<p><a href=\"https:\/\/www.dinamicagenerale.cn\/wp-content\/uploads\/2025\/01\/Certificato_Dinamica_14001-scad.2027-.pdf\">ISO 14001<\/a><\/p>\n<p><a href=\"https:\/\/www.dinamicagenerale.cn\/wp-content\/uploads\/2025\/01\/Certificato_Dinamica_45001-scad.2027.pdf\">ISO 45001<\/a><\/p>\n<p><a href=\"https:\/\/www.dinamicagenerale.cn\/wp-content\/uploads\/2025\/01\/Dinamica-Generale_gender-equality.pdf\">UNI PdR 125\/2022<\/a><\/p>\n<p>&nbsp;<\/p>\n<h2><span style=\"color: #ff6600;\">S\u00fcrd\u00fcr\u00fclebilirlik Raporu  <\/span><\/h2>\n<p><strong>S\u00fcrd\u00fcr\u00fclebilirlik Raporumuz<\/strong> <strong>sorumlu<\/strong> ve <strong>\u015feffaf kalk\u0131nma<\/strong> konusundaki kararl\u0131l\u0131\u011f\u0131m\u0131z\u0131 ortaya koymaktad\u0131r. <strong>\u00c7evresel etkiyi<\/strong> azaltmaya, <strong>sosyal refah\u0131<\/strong> te\u015fvik etmeye ve <strong>etik y\u00f6neti\u015fimi<\/strong> sa\u011flamaya y\u00f6nelik \u00e7abalar\u0131 \u00f6zetlemektedir. Temel veriler, hedefler ve gelece\u011fe y\u00f6nelik projeler i\u00e7eren rapor, s\u00fcrd\u00fcr\u00fclebilirli\u011fi i\u015f stratejimizin temel bir par\u00e7as\u0131 olarak vurgulamaktad\u0131r. Payda\u015flar\u0131m\u0131z\u0131 daha <strong>s\u00fcrd\u00fcr\u00fclebilir<\/strong> bir <strong>gelece\u011fe<\/strong> katk\u0131m\u0131z\u0131 ke\u015ffetmeye ve s\u00fcrekli iyile\u015ftirme konusunda bize kat\u0131lmaya davet ediyoruz.   <\/p>\n<p><a href=\"https:\/\/www.dinamicagenerale.cn\/wp-content\/uploads\/2025\/01\/Dinamica-Generale_Report-sostenibilita-2023.pdf\"><strong>2023:<\/strong> S\u00fcrd\u00fcr\u00fclebilirlik raporumuzu indirin<\/a><\/p>\n<p><a href=\"https:\/\/www.dinamicagenerale.cn\/wp-content\/uploads\/2025\/09\/Dinamica-Generale_report_2024_20250912_DEF.pdf\"><strong>2024:<\/strong> S\u00fcrd\u00fcr\u00fclebilirlik raporumuzu indirin<\/a><\/p>\n<p>&nbsp;<\/p>\n<h2><span style=\"color: #ff6600;\">Karbon ayak izi analizi<\/span><\/h2>\n<p>S\u00fcrd\u00fcr\u00fclebilirlik konusundaki kararl\u0131l\u0131\u011f\u0131m\u0131z\u0131 s\u00fcrd\u00fcrerek, kapsaml\u0131 <strong>karbon ayak izi analizi<\/strong> yoluyla \u00e7evresel etkimizi azaltmaya aktif olarak odaklan\u0131yoruz. Bu yakla\u015f\u0131m, faaliyetlerimiz genelinde sera gaz\u0131 emisyonlar\u0131n\u0131 \u00f6l\u00e7memize, izlememize ve en aza indirmemize olanak tan\u0131r. <\/p>\n<p><strong>Karbon ayak izi y\u00f6netimine<\/strong> \u00f6ncelik vererek, iklim de\u011fi\u015fikli\u011fiyle m\u00fccadele ve \u00e7evresel sorumlulu\u011fu te\u015fvik etmeye y\u00f6nelik k\u00fcresel \u00e7abalara uyum sa\u011flayarak daha s\u00fcrd\u00fcr\u00fclebilir bir gelece\u011fe katk\u0131da bulunmay\u0131 ama\u00e7l\u0131yoruz.<\/p>\n<p><strong>2024: <\/strong><a href=\"https:\/\/www.dinamicagenerale.cn\/wp-content\/uploads\/2025\/01\/CarbonFootprintOrganizzazioneDinamicaGeneralerev00-35235-35236.pdf\">Karbon ayak izi analizimizi indirin<\/a><\/p>\n<p><strong>2025: <\/strong><a href=\"https:\/\/www.dinamicagenerale.cn\/wp-content\/uploads\/2025\/06\/Carbon-Footprint-Organizzazione-Dinamica-Generale-rev01.pdf\">Karbon ayak izi analizimizi indirin<\/a><\/p>\n<p>&nbsp;<\/p>\n<h2><span style=\"color: #ff6600;\">Etik kurallar<\/span><\/h2>\n<p>S\u00fcrd\u00fcr\u00fclebilirli\u011fe giderek daha fazla odaklanan bir d\u00fcnyada, \u00e7evresel etkiyi anlamak ve azaltmak en \u00f6nemli \u00f6nceliktir. <strong>Karbon ayak izi analizimiz<\/strong>, sera gaz\u0131 emisyonlar\u0131n\u0131n net bir \u00f6l\u00e7\u00fcm\u00fcn\u00fc sa\u011flayarak ve iyile\u015ftirme i\u00e7in eyleme ge\u00e7irilebilir stratejilere rehberlik ederek \u00e7abalar\u0131m\u0131z\u0131n temel ta\u015f\u0131 olarak hizmet etmektedir. <\/p>\n<p>Bu taahh\u00fct, eylemlerimizi daha sa\u011fl\u0131kl\u0131 bir gezegenin k\u00fcresel hedefiyle uyumlu hale getirerek <strong>sorumluluk ve \u015feffafl\u0131kla<\/strong> faaliyet g\u00f6stermeye olan ba\u011fl\u0131l\u0131\u011f\u0131m\u0131z\u0131 yans\u0131tmaktad\u0131r. Sizi s\u00fcrd\u00fcr\u00fclebilir bir gelece\u011fe do\u011fru yolculu\u011fumuzun bir par\u00e7as\u0131 olarak karbon ayak izimizi nas\u0131l \u00f6l\u00e7t\u00fc\u011f\u00fcm\u00fcz\u00fc, y\u00f6netti\u011fimizi ve azaltt\u0131\u011f\u0131m\u0131z\u0131 ke\u015ffetmeye davet ediyoruz. <\/p>\n<p><a href=\"https:\/\/www.dinamicagenerale.cn\/wp-content\/uploads\/2025\/01\/CodiceEticoWebrev00-35283.pdf\">Etik kurallar\u0131m\u0131z\u0131 indirin<\/a><\/p>\n<p>&nbsp;<\/p>\n<h2><span style=\"color: #ff6600;\">\u015eirket politikas\u0131<\/span><\/h2>\n<p><strong>\u015eirket Politikam\u0131z<\/strong>, eylemlerimize rehberlik eden <strong>d\u00fcr\u00fcstl\u00fck<\/strong>, <strong>s\u00fcrd\u00fcr\u00fclebilirlik<\/strong> ve <strong>m\u00fckemmellik<\/strong> ilkelerini yans\u0131tmaktad\u0131r. \u015eeffafl\u0131\u011f\u0131 sa\u011flar, <strong>\u00e7evresel sorumlulu\u011fu<\/strong> te\u015fvik eder ve t\u00fcm payda\u015flar\u0131n refah\u0131na \u00f6ncelik verir. Politikam\u0131z\u0131n s\u00fcrekli geli\u015fimi ve ortak ba\u015far\u0131y\u0131 nas\u0131l destekledi\u011fini ke\u015ffedin.  <\/p>\n<p><strong>Rev.14 &#8211; ITA: <\/strong><a href=\"https:\/\/www.dinamicagenerale.cn\/wp-content\/uploads\/2025\/10\/Politica-Integrata-Aziendale_rev14_ITA_Pubblico-1.pdf\">\u015eirket politikas\u0131n\u0131 indirin<\/a><\/p>\n<p><strong>Rev.11 &#8211; ITA:<\/strong> <a href=\"https:\/\/www.dinamicagenerale.cn\/wp-content\/uploads\/2025\/07\/politica-rev11ENGweb-32404-1.pdf\">\u015eirket politikas\u0131n\u0131 indirin<\/a><\/p>\n<p><strong>Rev.11 &#8211; ENG:<\/strong> <a href=\"https:\/\/www.dinamicagenerale.cn\/wp-content\/uploads\/2025\/02\/politica-rev11ENGweb-32404-1.pdf\">\u015eirket politikas\u0131n\u0131 indirin<\/a><\/p>\n<p><a href=\"https:\/\/www.dinamicagenerale.cn\/wp-content\/uploads\/2025\/01\/politica-rev13ENGweb-35224.pdf\">Entegre \u015firket politikam\u0131z\u0131 indirin<\/a><\/p>\n<p><a href=\"https:\/\/www.dinamicagenerale.cn\/wp-content\/uploads\/2025\/02\/politica-rev11ENGweb-32404.pdf\">\u00c7evre koruma ilkelerini indirin<\/a><\/p>\n<p><a href=\"https:\/\/www.dinamicagenerale.cn\/wp-content\/uploads\/2025\/02\/politicaConflictMineralsENGRev00Draft-5059.pdf\">\u00c7at\u0131\u015fma minerali politikas\u0131n\u0131 indirin<\/a><\/p>\n<p><a href=\"https:\/\/www.dinamicagenerale.cn\/wp-content\/uploads\/2025\/02\/Mod508RevA-CodicediCondottafornitoriENG-35234-DEF.pdf\">Tedarik\u00e7i davran\u0131\u015f kurallar\u0131n\u0131 indirin  <\/a><\/p>\n<p><a href=\"https:\/\/www.dinamicagenerale.cn\/wp-content\/uploads\/2025\/02\/politicaresponsabilitsociale-rev02ENG-35231.pdf\">Sosyal sorumluluk politikas\u0131n\u0131 indirin<\/a><\/p>\n<p><a href=\"https:\/\/www.dinamicagenerale.cn\/wp-content\/uploads\/2025\/02\/PoliticaperlaParitdiGenererev01ENG-35230.pdf\">Toplumsal cinsiyet e\u015fitli\u011fi politikas\u0131n\u0131 indirin<\/a><\/p>\n","protected":false},"excerpt":{"rendered":"<p>Kalite sertifikalar\u0131 Dinamica Generale&#8217;de kalite, g\u00fcnl\u00fck faaliyetlerimizin her y\u00f6n\u00fcne derinlemesine yerle\u015ftirilmi\u015ftir. Tasar\u0131mdan \u00fcretime, her \u00fcr\u00fcn titiz kalite standartlar\u0131n\u0131 kar\u015f\u0131lamak ve [&hellip;]<\/p>\n","protected":false},"author":2,"featured_media":0,"parent":36560,"menu_order":0,"comment_status":"closed","ping_status":"closed","template":"","meta":{"footnotes":""},"class_list":["post-36545","page","type-page","status-publish","hentry"],"yoast_head":"<!-- This site is optimized with the Yoast SEO plugin v26.9 - https:\/\/yoast.com\/product\/yoast-seo-wordpress\/ -->\n<title>Kalite Belgeleri - Dinamica Generale<\/title>\n<meta name=\"description\" content=\"Dinamica Generale&#039;nin y\u00fcksek performansl\u0131 teknolojilerinin arkas\u0131ndaki sertifikalar\u0131 ve kalite s\u00fcre\u00e7lerini ke\u015ffedin.\" \/>\n<meta name=\"robots\" content=\"index, follow, max-snippet:-1, max-image-preview:large, max-video-preview:-1\" \/>\n<link rel=\"canonical\" href=\"https:\/\/www.dinamicagenerale.cn\/tr\/hakkinda\/kalite-belgeleri\/\" \/>\n<meta property=\"og:locale\" content=\"tr_TR\" \/>\n<meta property=\"og:type\" content=\"article\" \/>\n<meta property=\"og:title\" content=\"Kalite Belgeleri - Dinamica Generale\" \/>\n<meta property=\"og:description\" content=\"Dinamica Generale&#039;nin y\u00fcksek performansl\u0131 teknolojilerinin arkas\u0131ndaki sertifikalar\u0131 ve kalite s\u00fcre\u00e7lerini ke\u015ffedin.\" \/>\n<meta property=\"og:url\" content=\"https:\/\/www.dinamicagenerale.cn\/tr\/hakkinda\/kalite-belgeleri\/\" \/>\n<meta property=\"og:site_name\" content=\"Dinamica Generale\" \/>\n<meta property=\"article:modified_time\" content=\"2026-01-23T11:56:18+00:00\" \/>\n<meta name=\"twitter:card\" content=\"summary_large_image\" \/>\n<meta name=\"twitter:label1\" content=\"Tahmini okuma s\u00fcresi\" \/>\n\t<meta name=\"twitter:data1\" content=\"4 dakika\" \/>\n<script type=\"application\/ld+json\" class=\"yoast-schema-graph\">{\"@context\":\"https:\/\/schema.org\",\"@graph\":[{\"@type\":\"WebPage\",\"@id\":\"https:\/\/www.dinamicagenerale.cn\/tr\/hakkinda\/kalite-belgeleri\/\",\"url\":\"https:\/\/www.dinamicagenerale.cn\/tr\/hakkinda\/kalite-belgeleri\/\",\"name\":\"Kalite Belgeleri - Dinamica Generale\",\"isPartOf\":{\"@id\":\"https:\/\/www.dinamicagenerale.cn\/tr\/#website\"},\"datePublished\":\"2025-01-10T14:59:17+00:00\",\"dateModified\":\"2026-01-23T11:56:18+00:00\",\"description\":\"Dinamica Generale'nin y\u00fcksek performansl\u0131 teknolojilerinin arkas\u0131ndaki sertifikalar\u0131 ve kalite s\u00fcre\u00e7lerini ke\u015ffedin.\",\"breadcrumb\":{\"@id\":\"https:\/\/www.dinamicagenerale.cn\/tr\/hakkinda\/kalite-belgeleri\/#breadcrumb\"},\"inLanguage\":\"tr\",\"potentialAction\":[{\"@type\":\"ReadAction\",\"target\":[\"https:\/\/www.dinamicagenerale.cn\/tr\/hakkinda\/kalite-belgeleri\/\"]}]},{\"@type\":\"BreadcrumbList\",\"@id\":\"https:\/\/www.dinamicagenerale.cn\/tr\/hakkinda\/kalite-belgeleri\/#breadcrumb\",\"itemListElement\":[{\"@type\":\"ListItem\",\"position\":1,\"name\":\"Home\",\"item\":\"https:\/\/www.dinamicagenerale.cn\/tr\/ev\/\"},{\"@type\":\"ListItem\",\"position\":2,\"name\":\"Hakk\u0131nda\",\"item\":\"https:\/\/www.dinamicagenerale.cn\/tr\/hakkinda\/\"},{\"@type\":\"ListItem\",\"position\":3,\"name\":\"Kalite Belgeleri\"}]},{\"@type\":\"WebSite\",\"@id\":\"https:\/\/www.dinamicagenerale.cn\/tr\/#website\",\"url\":\"https:\/\/www.dinamicagenerale.cn\/tr\/\",\"name\":\"Dinamica Generale\",\"description\":\"\",\"potentialAction\":[{\"@type\":\"SearchAction\",\"target\":{\"@type\":\"EntryPoint\",\"urlTemplate\":\"https:\/\/www.dinamicagenerale.cn\/tr\/?s={search_term_string}\"},\"query-input\":{\"@type\":\"PropertyValueSpecification\",\"valueRequired\":true,\"valueName\":\"search_term_string\"}}],\"inLanguage\":\"tr\"}]}<\/script>\n<!-- \/ Yoast SEO plugin. -->","yoast_head_json":{"title":"Kalite Belgeleri - Dinamica Generale","description":"Dinamica Generale'nin y\u00fcksek performansl\u0131 teknolojilerinin arkas\u0131ndaki sertifikalar\u0131 ve kalite s\u00fcre\u00e7lerini ke\u015ffedin.","robots":{"index":"index","follow":"follow","max-snippet":"max-snippet:-1","max-image-preview":"max-image-preview:large","max-video-preview":"max-video-preview:-1"},"canonical":"https:\/\/www.dinamicagenerale.cn\/tr\/hakkinda\/kalite-belgeleri\/","og_locale":"tr_TR","og_type":"article","og_title":"Kalite Belgeleri - Dinamica Generale","og_description":"Dinamica Generale'nin y\u00fcksek performansl\u0131 teknolojilerinin arkas\u0131ndaki sertifikalar\u0131 ve kalite s\u00fcre\u00e7lerini ke\u015ffedin.","og_url":"https:\/\/www.dinamicagenerale.cn\/tr\/hakkinda\/kalite-belgeleri\/","og_site_name":"Dinamica Generale","article_modified_time":"2026-01-23T11:56:18+00:00","twitter_card":"summary_large_image","twitter_misc":{"Tahmini okuma s\u00fcresi":"4 dakika"},"schema":{"@context":"https:\/\/schema.org","@graph":[{"@type":"WebPage","@id":"https:\/\/www.dinamicagenerale.cn\/tr\/hakkinda\/kalite-belgeleri\/","url":"https:\/\/www.dinamicagenerale.cn\/tr\/hakkinda\/kalite-belgeleri\/","name":"Kalite Belgeleri - Dinamica Generale","isPartOf":{"@id":"https:\/\/www.dinamicagenerale.cn\/tr\/#website"},"datePublished":"2025-01-10T14:59:17+00:00","dateModified":"2026-01-23T11:56:18+00:00","description":"Dinamica Generale'nin y\u00fcksek performansl\u0131 teknolojilerinin arkas\u0131ndaki sertifikalar\u0131 ve kalite s\u00fcre\u00e7lerini ke\u015ffedin.","breadcrumb":{"@id":"https:\/\/www.dinamicagenerale.cn\/tr\/hakkinda\/kalite-belgeleri\/#breadcrumb"},"inLanguage":"tr","potentialAction":[{"@type":"ReadAction","target":["https:\/\/www.dinamicagenerale.cn\/tr\/hakkinda\/kalite-belgeleri\/"]}]},{"@type":"BreadcrumbList","@id":"https:\/\/www.dinamicagenerale.cn\/tr\/hakkinda\/kalite-belgeleri\/#breadcrumb","itemListElement":[{"@type":"ListItem","position":1,"name":"Home","item":"https:\/\/www.dinamicagenerale.cn\/tr\/ev\/"},{"@type":"ListItem","position":2,"name":"Hakk\u0131nda","item":"https:\/\/www.dinamicagenerale.cn\/tr\/hakkinda\/"},{"@type":"ListItem","position":3,"name":"Kalite Belgeleri"}]},{"@type":"WebSite","@id":"https:\/\/www.dinamicagenerale.cn\/tr\/#website","url":"https:\/\/www.dinamicagenerale.cn\/tr\/","name":"Dinamica Generale","description":"","potentialAction":[{"@type":"SearchAction","target":{"@type":"EntryPoint","urlTemplate":"https:\/\/www.dinamicagenerale.cn\/tr\/?s={search_term_string}"},"query-input":{"@type":"PropertyValueSpecification","valueRequired":true,"valueName":"search_term_string"}}],"inLanguage":"tr"}]}},"_links":{"self":[{"href":"https:\/\/www.dinamicagenerale.cn\/tr\/wp-json\/wp\/v2\/pages\/36545","targetHints":{"allow":["GET"]}}],"collection":[{"href":"https:\/\/www.dinamicagenerale.cn\/tr\/wp-json\/wp\/v2\/pages"}],"about":[{"href":"https:\/\/www.dinamicagenerale.cn\/tr\/wp-json\/wp\/v2\/types\/page"}],"author":[{"embeddable":true,"href":"https:\/\/www.dinamicagenerale.cn\/tr\/wp-json\/wp\/v2\/users\/2"}],"replies":[{"embeddable":true,"href":"https:\/\/www.dinamicagenerale.cn\/tr\/wp-json\/wp\/v2\/comments?post=36545"}],"version-history":[{"count":1,"href":"https:\/\/www.dinamicagenerale.cn\/tr\/wp-json\/wp\/v2\/pages\/36545\/revisions"}],"predecessor-version":[{"id":36562,"href":"https:\/\/www.dinamicagenerale.cn\/tr\/wp-json\/wp\/v2\/pages\/36545\/revisions\/36562"}],"up":[{"embeddable":true,"href":"https:\/\/www.dinamicagenerale.cn\/tr\/wp-json\/wp\/v2\/pages\/36560"}],"wp:attachment":[{"href":"https:\/\/www.dinamicagenerale.cn\/tr\/wp-json\/wp\/v2\/media?parent=36545"}],"curies":[{"name":"wp","href":"https:\/\/api.w.org\/{rel}","templated":true}]}}