{"id":36529,"date":"2025-01-15T15:21:30","date_gmt":"2025-01-15T14:21:30","guid":{"rendered":"https:\/\/www.dinamicagenerale.com\/servis-ve-destek\/"},"modified":"2025-01-15T15:21:30","modified_gmt":"2025-01-15T14:21:30","slug":"servis-ve-destek","status":"publish","type":"page","link":"https:\/\/www.dinamicagenerale.cn\/tr\/servis-ve-destek\/","title":{"rendered":"Servis ve Destek"},"content":{"rendered":"<p>En \u00e7ok ihtiya\u00e7 duydu\u011funuz anda yard\u0131m almak i\u00e7in Dinamica Generale Destek ekibine g\u00fcvenin. Acil yard\u0131ma ihtiya\u00e7 duyan m\u00fc\u015fterilerimiz i\u00e7in haftan\u0131n 7 g\u00fcn\u00fc, g\u00fcn\u00fcn 24 saati destek sa\u011fl\u0131yoruz. Ekipman\u0131n\u0131z\u0131 her zaman \u00e7al\u0131\u015fmaya haz\u0131r tutmak i\u00e7in ihtiyac\u0131n\u0131z olan yan\u0131tlar\u0131 al\u0131n. K\u00fcresel i\u015f orta\u011f\u0131 a\u011f\u0131m\u0131z arac\u0131l\u0131\u011f\u0131yla profesyonel ve tutarl\u0131 bir yakla\u015f\u0131mla muhatap olursunuz.<\/p>\n<p>M\u00fc\u015fterileri mutlu etmek ve kusursuz hizmet seviyelerini korumak, tekrar i\u015f yapmak i\u00e7in en iyi re\u00e7etedir.<br \/>\nBeklentilerinizi a\u015fmak i\u00e7in son derece yetenekli m\u00fchendislerimize ve \u00f6zel destek ekibimize g\u00fcvenebilirsiniz.<\/p>\n<h2>ABD VE KANADA YARDIMLARI I\u0307\u00c7I\u0307N<\/h2>\n<p>7\/24 Teknik Destek: 301 &#8211; 791 &#8211; 1068<br \/>\nBiletleme sistemimiz arac\u0131l\u0131\u011f\u0131yla teknik destek <a href=\"https:\/\/osticket.dinamicagenerale.com\/\">https:\/\/osticket.dinamicagenerale.com<\/a><br \/>\nveya e-posta: uscanada-help@dinamicagenerale.com <\/p>\n<h2>BDT \u00dcLKELERI I\u00c7IN YARDIM<\/h2>\n<p>7\/24 Teknik destek : +38 063 127 82 99<br \/>\nE-posta deste\u011fi: michaels@dinamicagenerale.com<\/p>\n<h2>\u00c7I\u0307N YARDIMI I\u0307\u00c7I\u0307N<\/h2>\n<p>Tart\u0131m Sistemleri ve DTM Yaz\u0131l\u0131m\u0131 i\u00e7in 7\/24 Teknik Destek: +86 176 2124 8575<br \/>\nNIR analiz\u00f6rleri ve di\u011fer yaz\u0131l\u0131mlar i\u00e7in 7\/24 teknik destek: +86 136 8434 5715<\/p>\n<h2>ULUSLARARASI YARDIM I\u00c7IN<\/h2>\n<p>Biletleme sistemimiz arac\u0131l\u0131\u011f\u0131yla teknik destek <a href=\"https:\/\/osticket.dinamicagenerale.com\">https:\/\/osticket.dinamicagenerale.com<\/a> veya e-posta: help@dinamicagenerale.com <\/p>\n<p><strong>Biletleme sistemi Pazartesi&#8217;den Pazar&#8217;a kadar kullan\u0131labilir<\/strong><br \/>\n<strong>Pzt-Cuma 08:00-18:00 (CET)<\/strong><br \/>\nYeni geli\u015fen projelerle ilgili karma\u015f\u0131k konularda genel destek ve teknik yard\u0131m.<br \/>\nYard\u0131m \u0130ngilizce, Frans\u0131zca, \u0130talyanca, Almanca, \u0130spanyolca, Rus\u00e7a dillerinde mevcuttur<br \/>\n<strong>Pzt-Cuma 08:00-18:00 (CET) aras\u0131 <\/strong>Genel destek.<br \/>\nYard\u0131m \u0130ngilizce olarak sunulmaktad\u0131r. Farkl\u0131 pazar ihtiya\u00e7lar\u0131na yan\u0131t vermek i\u00e7in makine \u00e7evirisi sistemleri kullan\u0131yoruz. <\/p>\n<p><strong>Kritik ar\u0131za deste\u011fi i\u00e7in 7\/24 yard\u0131m hatt\u0131: +39 346 96 55 640<\/strong><\/p>\n<p>Uzaktan Destek<br \/>\n<strong>En h\u0131zl\u0131 destek nas\u0131l al\u0131n\u0131r<\/strong><br \/>\nSorununuzu h\u0131zl\u0131 bir \u015fekilde \u00e7\u00f6zmek isteriz. Sizi yerinde ziyaret etmek zorunda kalmazsak bunu daha da h\u0131zl\u0131 yapabiliriz. Team Viewer sayesinde, ekibimiz uzaktan destek kullanarak h\u0131zl\u0131 yard\u0131m sa\u011flayabilir. Bu hizmetler, bilgisayarlar\u0131n\u0131z\u0131n ekran\u0131na eri\u015fmemizi sa\u011flar.   <\/p>\n<p>Sadece Team Viewer logosuna t\u0131klay\u0131n ve talimatlar\u0131 izleyin  <a href=\"https:\/\/srv.dinamicagenerale.com\/dgqs.exe\" rel=\"noopener\"><img loading=\"lazy\" decoding=\"async\" class=\"size-full wp-image-7311 alignnone\" src=\"https:\/\/www.dinamicagenerale.cn\/wp-content\/uploads\/2025\/01\/service-support-teamviewer.png\" alt=\"Buradan indirin\" width=\"262\" height=\"65\"><\/a><\/p>\n","protected":false},"excerpt":{"rendered":"<p>En \u00e7ok ihtiya\u00e7 duydu\u011funuz anda yard\u0131m almak i\u00e7in Dinamica Generale Destek ekibine g\u00fcvenin. Acil yard\u0131ma ihtiya\u00e7 duyan m\u00fc\u015fterilerimiz i\u00e7in haftan\u0131n [&hellip;]<\/p>\n","protected":false},"author":5,"featured_media":36531,"parent":0,"menu_order":0,"comment_status":"closed","ping_status":"closed","template":"","meta":{"footnotes":""},"class_list":["post-36529","page","type-page","status-publish","has-post-thumbnail","hentry"],"yoast_head":"<!-- This site is optimized with the Yoast SEO plugin v26.9 - https:\/\/yoast.com\/product\/yoast-seo-wordpress\/ -->\n<title>Servis ve Destek - Dinamica Generale<\/title>\n<meta name=\"description\" content=\"Servis ve destek merkezi: Dinamica Generale \u00fcr\u00fcnleri i\u00e7in k\u0131lavuzlar, SSS&#039;ler ve teknik yard\u0131m.\" \/>\n<meta name=\"robots\" content=\"index, follow, max-snippet:-1, max-image-preview:large, max-video-preview:-1\" \/>\n<link rel=\"canonical\" href=\"https:\/\/www.dinamicagenerale.cn\/tr\/servis-ve-destek\/\" \/>\n<meta property=\"og:locale\" content=\"tr_TR\" \/>\n<meta property=\"og:type\" content=\"article\" \/>\n<meta property=\"og:title\" content=\"Servis ve Destek - Dinamica Generale\" \/>\n<meta property=\"og:description\" content=\"Servis ve destek merkezi: Dinamica Generale \u00fcr\u00fcnleri i\u00e7in k\u0131lavuzlar, SSS&#039;ler ve teknik yard\u0131m.\" \/>\n<meta property=\"og:url\" content=\"https:\/\/www.dinamicagenerale.cn\/tr\/servis-ve-destek\/\" \/>\n<meta property=\"og:site_name\" content=\"Dinamica Generale\" \/>\n<meta property=\"og:image\" content=\"https:\/\/www.dinamicagenerale.cn\/wp-content\/uploads\/2025\/11\/service-support-dinamica-generale-1024x528.png\" \/>\n\t<meta property=\"og:image:width\" content=\"1024\" \/>\n\t<meta property=\"og:image:height\" content=\"528\" \/>\n\t<meta property=\"og:image:type\" content=\"image\/png\" \/>\n<meta name=\"twitter:card\" content=\"summary_large_image\" \/>\n<meta name=\"twitter:label1\" content=\"Tahmini okuma s\u00fcresi\" \/>\n\t<meta name=\"twitter:data1\" content=\"2 dakika\" \/>\n<script type=\"application\/ld+json\" class=\"yoast-schema-graph\">{\"@context\":\"https:\/\/schema.org\",\"@graph\":[{\"@type\":\"WebPage\",\"@id\":\"https:\/\/www.dinamicagenerale.cn\/tr\/servis-ve-destek\/\",\"url\":\"https:\/\/www.dinamicagenerale.cn\/tr\/servis-ve-destek\/\",\"name\":\"Servis ve Destek - Dinamica Generale\",\"isPartOf\":{\"@id\":\"https:\/\/www.dinamicagenerale.cn\/tr\/#website\"},\"primaryImageOfPage\":{\"@id\":\"https:\/\/www.dinamicagenerale.cn\/tr\/servis-ve-destek\/#primaryimage\"},\"image\":{\"@id\":\"https:\/\/www.dinamicagenerale.cn\/tr\/servis-ve-destek\/#primaryimage\"},\"thumbnailUrl\":\"https:\/\/www.dinamicagenerale.cn\/wp-content\/uploads\/2025\/11\/service-support-dinamica-generale.png\",\"datePublished\":\"2025-01-15T14:21:30+00:00\",\"description\":\"Servis ve destek merkezi: Dinamica Generale \u00fcr\u00fcnleri i\u00e7in k\u0131lavuzlar, SSS'ler ve teknik yard\u0131m.\",\"breadcrumb\":{\"@id\":\"https:\/\/www.dinamicagenerale.cn\/tr\/servis-ve-destek\/#breadcrumb\"},\"inLanguage\":\"tr\",\"potentialAction\":[{\"@type\":\"ReadAction\",\"target\":[\"https:\/\/www.dinamicagenerale.cn\/tr\/servis-ve-destek\/\"]}]},{\"@type\":\"ImageObject\",\"inLanguage\":\"tr\",\"@id\":\"https:\/\/www.dinamicagenerale.cn\/tr\/servis-ve-destek\/#primaryimage\",\"url\":\"https:\/\/www.dinamicagenerale.cn\/wp-content\/uploads\/2025\/11\/service-support-dinamica-generale.png\",\"contentUrl\":\"https:\/\/www.dinamicagenerale.cn\/wp-content\/uploads\/2025\/11\/service-support-dinamica-generale.png\",\"width\":2362,\"height\":1217},{\"@type\":\"BreadcrumbList\",\"@id\":\"https:\/\/www.dinamicagenerale.cn\/tr\/servis-ve-destek\/#breadcrumb\",\"itemListElement\":[{\"@type\":\"ListItem\",\"position\":1,\"name\":\"Home\",\"item\":\"https:\/\/www.dinamicagenerale.cn\/tr\/ev\/\"},{\"@type\":\"ListItem\",\"position\":2,\"name\":\"Servis ve Destek\"}]},{\"@type\":\"WebSite\",\"@id\":\"https:\/\/www.dinamicagenerale.cn\/tr\/#website\",\"url\":\"https:\/\/www.dinamicagenerale.cn\/tr\/\",\"name\":\"Dinamica Generale\",\"description\":\"\",\"potentialAction\":[{\"@type\":\"SearchAction\",\"target\":{\"@type\":\"EntryPoint\",\"urlTemplate\":\"https:\/\/www.dinamicagenerale.cn\/tr\/?s={search_term_string}\"},\"query-input\":{\"@type\":\"PropertyValueSpecification\",\"valueRequired\":true,\"valueName\":\"search_term_string\"}}],\"inLanguage\":\"tr\"}]}<\/script>\n<!-- \/ Yoast SEO plugin. -->","yoast_head_json":{"title":"Servis ve Destek - Dinamica Generale","description":"Servis ve destek merkezi: Dinamica Generale \u00fcr\u00fcnleri i\u00e7in k\u0131lavuzlar, SSS'ler ve teknik yard\u0131m.","robots":{"index":"index","follow":"follow","max-snippet":"max-snippet:-1","max-image-preview":"max-image-preview:large","max-video-preview":"max-video-preview:-1"},"canonical":"https:\/\/www.dinamicagenerale.cn\/tr\/servis-ve-destek\/","og_locale":"tr_TR","og_type":"article","og_title":"Servis ve Destek - Dinamica Generale","og_description":"Servis ve destek merkezi: Dinamica Generale \u00fcr\u00fcnleri i\u00e7in k\u0131lavuzlar, SSS'ler ve teknik yard\u0131m.","og_url":"https:\/\/www.dinamicagenerale.cn\/tr\/servis-ve-destek\/","og_site_name":"Dinamica Generale","og_image":[{"width":1024,"height":528,"url":"https:\/\/www.dinamicagenerale.cn\/wp-content\/uploads\/2025\/11\/service-support-dinamica-generale-1024x528.png","type":"image\/png"}],"twitter_card":"summary_large_image","twitter_misc":{"Tahmini okuma s\u00fcresi":"2 dakika"},"schema":{"@context":"https:\/\/schema.org","@graph":[{"@type":"WebPage","@id":"https:\/\/www.dinamicagenerale.cn\/tr\/servis-ve-destek\/","url":"https:\/\/www.dinamicagenerale.cn\/tr\/servis-ve-destek\/","name":"Servis ve Destek - Dinamica Generale","isPartOf":{"@id":"https:\/\/www.dinamicagenerale.cn\/tr\/#website"},"primaryImageOfPage":{"@id":"https:\/\/www.dinamicagenerale.cn\/tr\/servis-ve-destek\/#primaryimage"},"image":{"@id":"https:\/\/www.dinamicagenerale.cn\/tr\/servis-ve-destek\/#primaryimage"},"thumbnailUrl":"https:\/\/www.dinamicagenerale.cn\/wp-content\/uploads\/2025\/11\/service-support-dinamica-generale.png","datePublished":"2025-01-15T14:21:30+00:00","description":"Servis ve destek merkezi: Dinamica Generale \u00fcr\u00fcnleri i\u00e7in k\u0131lavuzlar, SSS'ler ve teknik yard\u0131m.","breadcrumb":{"@id":"https:\/\/www.dinamicagenerale.cn\/tr\/servis-ve-destek\/#breadcrumb"},"inLanguage":"tr","potentialAction":[{"@type":"ReadAction","target":["https:\/\/www.dinamicagenerale.cn\/tr\/servis-ve-destek\/"]}]},{"@type":"ImageObject","inLanguage":"tr","@id":"https:\/\/www.dinamicagenerale.cn\/tr\/servis-ve-destek\/#primaryimage","url":"https:\/\/www.dinamicagenerale.cn\/wp-content\/uploads\/2025\/11\/service-support-dinamica-generale.png","contentUrl":"https:\/\/www.dinamicagenerale.cn\/wp-content\/uploads\/2025\/11\/service-support-dinamica-generale.png","width":2362,"height":1217},{"@type":"BreadcrumbList","@id":"https:\/\/www.dinamicagenerale.cn\/tr\/servis-ve-destek\/#breadcrumb","itemListElement":[{"@type":"ListItem","position":1,"name":"Home","item":"https:\/\/www.dinamicagenerale.cn\/tr\/ev\/"},{"@type":"ListItem","position":2,"name":"Servis ve Destek"}]},{"@type":"WebSite","@id":"https:\/\/www.dinamicagenerale.cn\/tr\/#website","url":"https:\/\/www.dinamicagenerale.cn\/tr\/","name":"Dinamica Generale","description":"","potentialAction":[{"@type":"SearchAction","target":{"@type":"EntryPoint","urlTemplate":"https:\/\/www.dinamicagenerale.cn\/tr\/?s={search_term_string}"},"query-input":{"@type":"PropertyValueSpecification","valueRequired":true,"valueName":"search_term_string"}}],"inLanguage":"tr"}]}},"_links":{"self":[{"href":"https:\/\/www.dinamicagenerale.cn\/tr\/wp-json\/wp\/v2\/pages\/36529","targetHints":{"allow":["GET"]}}],"collection":[{"href":"https:\/\/www.dinamicagenerale.cn\/tr\/wp-json\/wp\/v2\/pages"}],"about":[{"href":"https:\/\/www.dinamicagenerale.cn\/tr\/wp-json\/wp\/v2\/types\/page"}],"author":[{"embeddable":true,"href":"https:\/\/www.dinamicagenerale.cn\/tr\/wp-json\/wp\/v2\/users\/5"}],"replies":[{"embeddable":true,"href":"https:\/\/www.dinamicagenerale.cn\/tr\/wp-json\/wp\/v2\/comments?post=36529"}],"version-history":[{"count":0,"href":"https:\/\/www.dinamicagenerale.cn\/tr\/wp-json\/wp\/v2\/pages\/36529\/revisions"}],"wp:featuredmedia":[{"embeddable":true,"href":"https:\/\/www.dinamicagenerale.cn\/tr\/wp-json\/wp\/v2\/media\/36531"}],"wp:attachment":[{"href":"https:\/\/www.dinamicagenerale.cn\/tr\/wp-json\/wp\/v2\/media?parent=36529"}],"curies":[{"name":"wp","href":"https:\/\/api.w.org\/{rel}","templated":true}]}}