{"id":36527,"date":"2025-01-07T15:08:25","date_gmt":"2025-01-07T14:08:25","guid":{"rendered":"https:\/\/www.dinamicagenerale.com\/bizimle-calisin\/"},"modified":"2026-01-23T12:56:18","modified_gmt":"2026-01-23T11:56:18","slug":"bizimle-calisin","status":"publish","type":"page","link":"https:\/\/www.dinamicagenerale.cn\/tr\/hakkinda\/bizimle-calisin\/","title":{"rendered":"Bizimle \u00e7al\u0131\u015f\u0131n"},"content":{"rendered":"","protected":false},"excerpt":{"rendered":"","protected":false},"author":2,"featured_media":36528,"parent":36560,"menu_order":0,"comment_status":"closed","ping_status":"closed","template":"template-jobs.php","meta":{"footnotes":""},"class_list":["post-36527","page","type-page","status-publish","has-post-thumbnail","hentry"],"yoast_head":"<!-- This site is optimized with the Yoast SEO plugin v26.9 - https:\/\/yoast.com\/product\/yoast-seo-wordpress\/ -->\n<title>Bizimle \u00e7al\u0131\u015f\u0131n - Dinamica Generale<\/title>\n<meta name=\"description\" content=\"Dinamica Generale ile kariyerinizi olu\u015fturun. A\u00e7\u0131k pozisyonlar\u0131 ke\u015ffedin ve hassas tar\u0131m\u0131n gelece\u011fini \u015fekillendirin.\" \/>\n<meta name=\"robots\" content=\"index, follow, max-snippet:-1, max-image-preview:large, max-video-preview:-1\" \/>\n<link rel=\"canonical\" href=\"https:\/\/www.dinamicagenerale.cn\/tr\/hakkinda\/bizimle-calisin\/\" \/>\n<meta property=\"og:locale\" content=\"tr_TR\" \/>\n<meta property=\"og:type\" content=\"article\" \/>\n<meta property=\"og:title\" content=\"Bizimle \u00e7al\u0131\u015f\u0131n - Dinamica Generale\" \/>\n<meta property=\"og:description\" content=\"Dinamica Generale ile kariyerinizi olu\u015fturun. A\u00e7\u0131k pozisyonlar\u0131 ke\u015ffedin ve hassas tar\u0131m\u0131n gelece\u011fini \u015fekillendirin.\" \/>\n<meta property=\"og:url\" content=\"https:\/\/www.dinamicagenerale.cn\/tr\/hakkinda\/bizimle-calisin\/\" \/>\n<meta property=\"og:site_name\" content=\"Dinamica Generale\" \/>\n<meta property=\"article:modified_time\" content=\"2026-01-23T11:56:18+00:00\" \/>\n<meta property=\"og:image\" content=\"https:\/\/www.dinamicagenerale.cn\/wp-content\/uploads\/2025\/06\/job-dinamica-generale-300x212-2.png\" \/>\n\t<meta property=\"og:image:width\" content=\"300\" \/>\n\t<meta property=\"og:image:height\" content=\"212\" \/>\n\t<meta property=\"og:image:type\" content=\"image\/png\" \/>\n<meta name=\"twitter:card\" content=\"summary_large_image\" \/>\n<script type=\"application\/ld+json\" class=\"yoast-schema-graph\">{\"@context\":\"https:\/\/schema.org\",\"@graph\":[{\"@type\":\"WebPage\",\"@id\":\"https:\/\/www.dinamicagenerale.cn\/tr\/hakkinda\/bizimle-calisin\/\",\"url\":\"https:\/\/www.dinamicagenerale.cn\/tr\/hakkinda\/bizimle-calisin\/\",\"name\":\"Bizimle \u00e7al\u0131\u015f\u0131n - Dinamica Generale\",\"isPartOf\":{\"@id\":\"https:\/\/www.dinamicagenerale.cn\/tr\/#website\"},\"primaryImageOfPage\":{\"@id\":\"https:\/\/www.dinamicagenerale.cn\/tr\/hakkinda\/bizimle-calisin\/#primaryimage\"},\"image\":{\"@id\":\"https:\/\/www.dinamicagenerale.cn\/tr\/hakkinda\/bizimle-calisin\/#primaryimage\"},\"thumbnailUrl\":\"https:\/\/www.dinamicagenerale.cn\/wp-content\/uploads\/2025\/06\/job-dinamica-generale-300x212-2.png\",\"datePublished\":\"2025-01-07T14:08:25+00:00\",\"dateModified\":\"2026-01-23T11:56:18+00:00\",\"description\":\"Dinamica Generale ile kariyerinizi olu\u015fturun. A\u00e7\u0131k pozisyonlar\u0131 ke\u015ffedin ve hassas tar\u0131m\u0131n gelece\u011fini \u015fekillendirin.\",\"breadcrumb\":{\"@id\":\"https:\/\/www.dinamicagenerale.cn\/tr\/hakkinda\/bizimle-calisin\/#breadcrumb\"},\"inLanguage\":\"tr\",\"potentialAction\":[{\"@type\":\"ReadAction\",\"target\":[\"https:\/\/www.dinamicagenerale.cn\/tr\/hakkinda\/bizimle-calisin\/\"]}]},{\"@type\":\"ImageObject\",\"inLanguage\":\"tr\",\"@id\":\"https:\/\/www.dinamicagenerale.cn\/tr\/hakkinda\/bizimle-calisin\/#primaryimage\",\"url\":\"https:\/\/www.dinamicagenerale.cn\/wp-content\/uploads\/2025\/06\/job-dinamica-generale-300x212-2.png\",\"contentUrl\":\"https:\/\/www.dinamicagenerale.cn\/wp-content\/uploads\/2025\/06\/job-dinamica-generale-300x212-2.png\",\"width\":300,\"height\":212},{\"@type\":\"BreadcrumbList\",\"@id\":\"https:\/\/www.dinamicagenerale.cn\/tr\/hakkinda\/bizimle-calisin\/#breadcrumb\",\"itemListElement\":[{\"@type\":\"ListItem\",\"position\":1,\"name\":\"Home\",\"item\":\"https:\/\/www.dinamicagenerale.cn\/tr\/ev\/\"},{\"@type\":\"ListItem\",\"position\":2,\"name\":\"Hakk\u0131nda\",\"item\":\"https:\/\/www.dinamicagenerale.cn\/tr\/hakkinda\/\"},{\"@type\":\"ListItem\",\"position\":3,\"name\":\"Bizimle \u00e7al\u0131\u015f\u0131n\"}]},{\"@type\":\"WebSite\",\"@id\":\"https:\/\/www.dinamicagenerale.cn\/tr\/#website\",\"url\":\"https:\/\/www.dinamicagenerale.cn\/tr\/\",\"name\":\"Dinamica Generale\",\"description\":\"\",\"potentialAction\":[{\"@type\":\"SearchAction\",\"target\":{\"@type\":\"EntryPoint\",\"urlTemplate\":\"https:\/\/www.dinamicagenerale.cn\/tr\/?s={search_term_string}\"},\"query-input\":{\"@type\":\"PropertyValueSpecification\",\"valueRequired\":true,\"valueName\":\"search_term_string\"}}],\"inLanguage\":\"tr\"}]}<\/script>\n<!-- \/ Yoast SEO plugin. -->","yoast_head_json":{"title":"Bizimle \u00e7al\u0131\u015f\u0131n - Dinamica Generale","description":"Dinamica Generale ile kariyerinizi olu\u015fturun. A\u00e7\u0131k pozisyonlar\u0131 ke\u015ffedin ve hassas tar\u0131m\u0131n gelece\u011fini \u015fekillendirin.","robots":{"index":"index","follow":"follow","max-snippet":"max-snippet:-1","max-image-preview":"max-image-preview:large","max-video-preview":"max-video-preview:-1"},"canonical":"https:\/\/www.dinamicagenerale.cn\/tr\/hakkinda\/bizimle-calisin\/","og_locale":"tr_TR","og_type":"article","og_title":"Bizimle \u00e7al\u0131\u015f\u0131n - Dinamica Generale","og_description":"Dinamica Generale ile kariyerinizi olu\u015fturun. A\u00e7\u0131k pozisyonlar\u0131 ke\u015ffedin ve hassas tar\u0131m\u0131n gelece\u011fini \u015fekillendirin.","og_url":"https:\/\/www.dinamicagenerale.cn\/tr\/hakkinda\/bizimle-calisin\/","og_site_name":"Dinamica Generale","article_modified_time":"2026-01-23T11:56:18+00:00","og_image":[{"width":300,"height":212,"url":"https:\/\/www.dinamicagenerale.cn\/wp-content\/uploads\/2025\/06\/job-dinamica-generale-300x212-2.png","type":"image\/png"}],"twitter_card":"summary_large_image","schema":{"@context":"https:\/\/schema.org","@graph":[{"@type":"WebPage","@id":"https:\/\/www.dinamicagenerale.cn\/tr\/hakkinda\/bizimle-calisin\/","url":"https:\/\/www.dinamicagenerale.cn\/tr\/hakkinda\/bizimle-calisin\/","name":"Bizimle \u00e7al\u0131\u015f\u0131n - Dinamica Generale","isPartOf":{"@id":"https:\/\/www.dinamicagenerale.cn\/tr\/#website"},"primaryImageOfPage":{"@id":"https:\/\/www.dinamicagenerale.cn\/tr\/hakkinda\/bizimle-calisin\/#primaryimage"},"image":{"@id":"https:\/\/www.dinamicagenerale.cn\/tr\/hakkinda\/bizimle-calisin\/#primaryimage"},"thumbnailUrl":"https:\/\/www.dinamicagenerale.cn\/wp-content\/uploads\/2025\/06\/job-dinamica-generale-300x212-2.png","datePublished":"2025-01-07T14:08:25+00:00","dateModified":"2026-01-23T11:56:18+00:00","description":"Dinamica Generale ile kariyerinizi olu\u015fturun. A\u00e7\u0131k pozisyonlar\u0131 ke\u015ffedin ve hassas tar\u0131m\u0131n gelece\u011fini \u015fekillendirin.","breadcrumb":{"@id":"https:\/\/www.dinamicagenerale.cn\/tr\/hakkinda\/bizimle-calisin\/#breadcrumb"},"inLanguage":"tr","potentialAction":[{"@type":"ReadAction","target":["https:\/\/www.dinamicagenerale.cn\/tr\/hakkinda\/bizimle-calisin\/"]}]},{"@type":"ImageObject","inLanguage":"tr","@id":"https:\/\/www.dinamicagenerale.cn\/tr\/hakkinda\/bizimle-calisin\/#primaryimage","url":"https:\/\/www.dinamicagenerale.cn\/wp-content\/uploads\/2025\/06\/job-dinamica-generale-300x212-2.png","contentUrl":"https:\/\/www.dinamicagenerale.cn\/wp-content\/uploads\/2025\/06\/job-dinamica-generale-300x212-2.png","width":300,"height":212},{"@type":"BreadcrumbList","@id":"https:\/\/www.dinamicagenerale.cn\/tr\/hakkinda\/bizimle-calisin\/#breadcrumb","itemListElement":[{"@type":"ListItem","position":1,"name":"Home","item":"https:\/\/www.dinamicagenerale.cn\/tr\/ev\/"},{"@type":"ListItem","position":2,"name":"Hakk\u0131nda","item":"https:\/\/www.dinamicagenerale.cn\/tr\/hakkinda\/"},{"@type":"ListItem","position":3,"name":"Bizimle \u00e7al\u0131\u015f\u0131n"}]},{"@type":"WebSite","@id":"https:\/\/www.dinamicagenerale.cn\/tr\/#website","url":"https:\/\/www.dinamicagenerale.cn\/tr\/","name":"Dinamica Generale","description":"","potentialAction":[{"@type":"SearchAction","target":{"@type":"EntryPoint","urlTemplate":"https:\/\/www.dinamicagenerale.cn\/tr\/?s={search_term_string}"},"query-input":{"@type":"PropertyValueSpecification","valueRequired":true,"valueName":"search_term_string"}}],"inLanguage":"tr"}]}},"_links":{"self":[{"href":"https:\/\/www.dinamicagenerale.cn\/tr\/wp-json\/wp\/v2\/pages\/36527","targetHints":{"allow":["GET"]}}],"collection":[{"href":"https:\/\/www.dinamicagenerale.cn\/tr\/wp-json\/wp\/v2\/pages"}],"about":[{"href":"https:\/\/www.dinamicagenerale.cn\/tr\/wp-json\/wp\/v2\/types\/page"}],"author":[{"embeddable":true,"href":"https:\/\/www.dinamicagenerale.cn\/tr\/wp-json\/wp\/v2\/users\/2"}],"replies":[{"embeddable":true,"href":"https:\/\/www.dinamicagenerale.cn\/tr\/wp-json\/wp\/v2\/comments?post=36527"}],"version-history":[{"count":1,"href":"https:\/\/www.dinamicagenerale.cn\/tr\/wp-json\/wp\/v2\/pages\/36527\/revisions"}],"predecessor-version":[{"id":36561,"href":"https:\/\/www.dinamicagenerale.cn\/tr\/wp-json\/wp\/v2\/pages\/36527\/revisions\/36561"}],"up":[{"embeddable":true,"href":"https:\/\/www.dinamicagenerale.cn\/tr\/wp-json\/wp\/v2\/pages\/36560"}],"wp:featuredmedia":[{"embeddable":true,"href":"https:\/\/www.dinamicagenerale.cn\/tr\/wp-json\/wp\/v2\/media\/36528"}],"wp:attachment":[{"href":"https:\/\/www.dinamicagenerale.cn\/tr\/wp-json\/wp\/v2\/media?parent=36527"}],"curies":[{"name":"wp","href":"https:\/\/api.w.org\/{rel}","templated":true}]}}