{"id":41359,"date":"2026-02-06T11:15:44","date_gmt":"2026-02-06T10:15:44","guid":{"rendered":"https:\/\/www.dinamicagenerale.com\/insights\/catalogos\/"},"modified":"2026-02-06T11:24:37","modified_gmt":"2026-02-06T10:24:37","slug":"catalogos","status":"publish","type":"page","link":"https:\/\/www.dinamicagenerale.cn\/pt-br\/insights\/catalogos\/","title":{"rendered":"Cat\u00e1logos"},"content":{"rendered":"<p>Explore nossa linha completa de produtos com cat\u00e1logos detalhados, especifica\u00e7\u00f5es e recursos.<\/p>\n","protected":false},"excerpt":{"rendered":"<p>Explore nossa linha completa de produtos com cat\u00e1logos detalhados, especifica\u00e7\u00f5es e recursos.<\/p>\n","protected":false},"author":2,"featured_media":0,"parent":41311,"menu_order":0,"comment_status":"closed","ping_status":"closed","template":"archive-catalog.php","meta":{"footnotes":""},"class_list":["post-41359","page","type-page","status-publish","hentry"],"yoast_head":"<!-- This site is optimized with the Yoast SEO plugin v26.9 - https:\/\/yoast.com\/product\/yoast-seo-wordpress\/ -->\n<title>Cat\u00e1logos - Dinamica Generale<\/title>\n<meta name=\"robots\" content=\"index, follow, max-snippet:-1, max-image-preview:large, max-video-preview:-1\" \/>\n<link rel=\"canonical\" href=\"https:\/\/www.dinamicagenerale.cn\/pt-br\/insights\/catalogos\/\" \/>\n<meta property=\"og:locale\" content=\"pt_BR\" \/>\n<meta property=\"og:type\" content=\"article\" \/>\n<meta property=\"og:title\" content=\"Cat\u00e1logos - Dinamica Generale\" \/>\n<meta property=\"og:description\" content=\"Explore nossa linha completa de produtos com cat\u00e1logos detalhados, especifica\u00e7\u00f5es e recursos.\" \/>\n<meta property=\"og:url\" content=\"https:\/\/www.dinamicagenerale.cn\/pt-br\/insights\/catalogos\/\" \/>\n<meta property=\"og:site_name\" content=\"Dinamica Generale\" \/>\n<meta property=\"article:modified_time\" content=\"2026-02-06T10:24:37+00:00\" \/>\n<meta name=\"twitter:card\" content=\"summary_large_image\" \/>\n<script type=\"application\/ld+json\" class=\"yoast-schema-graph\">{\"@context\":\"https:\/\/schema.org\",\"@graph\":[{\"@type\":\"WebPage\",\"@id\":\"https:\/\/www.dinamicagenerale.cn\/pt-br\/insights\/catalogos\/\",\"url\":\"https:\/\/www.dinamicagenerale.cn\/pt-br\/insights\/catalogos\/\",\"name\":\"Cat\u00e1logos - Dinamica Generale\",\"isPartOf\":{\"@id\":\"https:\/\/www.dinamicagenerale.cn\/pt-br\/#website\"},\"datePublished\":\"2026-02-06T10:15:44+00:00\",\"dateModified\":\"2026-02-06T10:24:37+00:00\",\"breadcrumb\":{\"@id\":\"https:\/\/www.dinamicagenerale.cn\/pt-br\/insights\/catalogos\/#breadcrumb\"},\"inLanguage\":\"pt-BR\",\"potentialAction\":[{\"@type\":\"ReadAction\",\"target\":[\"https:\/\/www.dinamicagenerale.cn\/pt-br\/insights\/catalogos\/\"]}]},{\"@type\":\"BreadcrumbList\",\"@id\":\"https:\/\/www.dinamicagenerale.cn\/pt-br\/insights\/catalogos\/#breadcrumb\",\"itemListElement\":[{\"@type\":\"ListItem\",\"position\":1,\"name\":\"Home\",\"item\":\"https:\/\/www.dinamicagenerale.cn\/pt-br\/\"},{\"@type\":\"ListItem\",\"position\":2,\"name\":\"Insights\",\"item\":\"https:\/\/www.dinamicagenerale.cn\/pt-br\/insights\/\"},{\"@type\":\"ListItem\",\"position\":3,\"name\":\"Cat\u00e1logos\"}]},{\"@type\":\"WebSite\",\"@id\":\"https:\/\/www.dinamicagenerale.cn\/pt-br\/#website\",\"url\":\"https:\/\/www.dinamicagenerale.cn\/pt-br\/\",\"name\":\"Dinamica Generale\",\"description\":\"\",\"potentialAction\":[{\"@type\":\"SearchAction\",\"target\":{\"@type\":\"EntryPoint\",\"urlTemplate\":\"https:\/\/www.dinamicagenerale.cn\/pt-br\/?s={search_term_string}\"},\"query-input\":{\"@type\":\"PropertyValueSpecification\",\"valueRequired\":true,\"valueName\":\"search_term_string\"}}],\"inLanguage\":\"pt-BR\"}]}<\/script>\n<!-- \/ Yoast SEO plugin. -->","yoast_head_json":{"title":"Cat\u00e1logos - Dinamica Generale","robots":{"index":"index","follow":"follow","max-snippet":"max-snippet:-1","max-image-preview":"max-image-preview:large","max-video-preview":"max-video-preview:-1"},"canonical":"https:\/\/www.dinamicagenerale.cn\/pt-br\/insights\/catalogos\/","og_locale":"pt_BR","og_type":"article","og_title":"Cat\u00e1logos - Dinamica Generale","og_description":"Explore nossa linha completa de produtos com cat\u00e1logos detalhados, especifica\u00e7\u00f5es e recursos.","og_url":"https:\/\/www.dinamicagenerale.cn\/pt-br\/insights\/catalogos\/","og_site_name":"Dinamica Generale","article_modified_time":"2026-02-06T10:24:37+00:00","twitter_card":"summary_large_image","schema":{"@context":"https:\/\/schema.org","@graph":[{"@type":"WebPage","@id":"https:\/\/www.dinamicagenerale.cn\/pt-br\/insights\/catalogos\/","url":"https:\/\/www.dinamicagenerale.cn\/pt-br\/insights\/catalogos\/","name":"Cat\u00e1logos - Dinamica Generale","isPartOf":{"@id":"https:\/\/www.dinamicagenerale.cn\/pt-br\/#website"},"datePublished":"2026-02-06T10:15:44+00:00","dateModified":"2026-02-06T10:24:37+00:00","breadcrumb":{"@id":"https:\/\/www.dinamicagenerale.cn\/pt-br\/insights\/catalogos\/#breadcrumb"},"inLanguage":"pt-BR","potentialAction":[{"@type":"ReadAction","target":["https:\/\/www.dinamicagenerale.cn\/pt-br\/insights\/catalogos\/"]}]},{"@type":"BreadcrumbList","@id":"https:\/\/www.dinamicagenerale.cn\/pt-br\/insights\/catalogos\/#breadcrumb","itemListElement":[{"@type":"ListItem","position":1,"name":"Home","item":"https:\/\/www.dinamicagenerale.cn\/pt-br\/"},{"@type":"ListItem","position":2,"name":"Insights","item":"https:\/\/www.dinamicagenerale.cn\/pt-br\/insights\/"},{"@type":"ListItem","position":3,"name":"Cat\u00e1logos"}]},{"@type":"WebSite","@id":"https:\/\/www.dinamicagenerale.cn\/pt-br\/#website","url":"https:\/\/www.dinamicagenerale.cn\/pt-br\/","name":"Dinamica Generale","description":"","potentialAction":[{"@type":"SearchAction","target":{"@type":"EntryPoint","urlTemplate":"https:\/\/www.dinamicagenerale.cn\/pt-br\/?s={search_term_string}"},"query-input":{"@type":"PropertyValueSpecification","valueRequired":true,"valueName":"search_term_string"}}],"inLanguage":"pt-BR"}]}},"_links":{"self":[{"href":"https:\/\/www.dinamicagenerale.cn\/pt-br\/wp-json\/wp\/v2\/pages\/41359","targetHints":{"allow":["GET"]}}],"collection":[{"href":"https:\/\/www.dinamicagenerale.cn\/pt-br\/wp-json\/wp\/v2\/pages"}],"about":[{"href":"https:\/\/www.dinamicagenerale.cn\/pt-br\/wp-json\/wp\/v2\/types\/page"}],"author":[{"embeddable":true,"href":"https:\/\/www.dinamicagenerale.cn\/pt-br\/wp-json\/wp\/v2\/users\/2"}],"replies":[{"embeddable":true,"href":"https:\/\/www.dinamicagenerale.cn\/pt-br\/wp-json\/wp\/v2\/comments?post=41359"}],"version-history":[{"count":1,"href":"https:\/\/www.dinamicagenerale.cn\/pt-br\/wp-json\/wp\/v2\/pages\/41359\/revisions"}],"predecessor-version":[{"id":41379,"href":"https:\/\/www.dinamicagenerale.cn\/pt-br\/wp-json\/wp\/v2\/pages\/41359\/revisions\/41379"}],"up":[{"embeddable":true,"href":"https:\/\/www.dinamicagenerale.cn\/pt-br\/wp-json\/wp\/v2\/pages\/41311"}],"wp:attachment":[{"href":"https:\/\/www.dinamicagenerale.cn\/pt-br\/wp-json\/wp\/v2\/media?parent=41359"}],"curies":[{"name":"wp","href":"https:\/\/api.w.org\/{rel}","templated":true}]}}