{"id":13371,"date":"2024-04-08T14:21:13","date_gmt":"2024-04-08T12:21:13","guid":{"rendered":"https:\/\/www.dinamicagenerale.com\/sobre-voce\/"},"modified":"2026-01-14T11:20:15","modified_gmt":"2026-01-14T10:20:15","slug":"sobre-voce","status":"publish","type":"page","link":"https:\/\/www.dinamicagenerale.cn\/pt-br\/sobre-voce\/","title":{"rendered":"Sobre voc\u00ea"},"content":{"rendered":"<h1>Empresa<\/h1>\n<blockquote><p>Inova\u00e7\u00e3o a servi\u00e7o do futuro<\/p><\/blockquote>\n<p>&nbsp;<\/p>\n<p>A Dinamica Generale S.p.A. \u00e9 l\u00edder global no desenvolvimento de solu\u00e7\u00f5es inovadoras que <strong>reduzem os custos<\/strong> e <strong>minimizam o impacto ambiental<\/strong>, combinando tecnologia avan\u00e7ada com sustentabilidade.<br \/>\nNossa especializa\u00e7\u00e3o est\u00e1 no projeto e na produ\u00e7\u00e3o de <strong>sistemas de pesagem<\/strong>, <strong>sensores <\/strong> <strong>NIR<\/strong> (Near Infrared) e <strong>software<\/strong> de ponta para <strong>agricultura de precis\u00e3o<\/strong> e <strong>ind\u00fastria m\u00e9dica<\/strong>.<\/p>\n<p>Investimos <strong>mais de 10%<\/strong> de nossa receita anual em pesquisa e desenvolvimento, garantindo inova\u00e7\u00e3o cont\u00ednua. <strong>Desde 1990<\/strong>, temos oferecido paix\u00e3o e conhecimento para criar avan\u00e7os tecnol\u00f3gicos que ajudam nossos clientes a otimizar recursos, melhorar a efici\u00eancia do trabalho e enfrentar desafios futuros.<\/p>\n<p>Descubra como a Dinamica Generale S.p.A. pode apoiar sua empresa com solu\u00e7\u00f5es de \u00faltima gera\u00e7\u00e3o e um compromisso inabal\u00e1vel com o meio ambiente.<\/p>\n<p>&nbsp;<\/p>\n","protected":false},"excerpt":{"rendered":"<p>Empresa Inova\u00e7\u00e3o a servi\u00e7o do futuro &nbsp; A Dinamica Generale S.p.A. \u00e9 l\u00edder global no desenvolvimento de solu\u00e7\u00f5es inovadoras que [&hellip;]<\/p>\n","protected":false},"author":1,"featured_media":13383,"parent":0,"menu_order":40,"comment_status":"closed","ping_status":"closed","template":"template-about.php","meta":{"footnotes":""},"class_list":["post-13371","page","type-page","status-publish","has-post-thumbnail","hentry"],"yoast_head":"<!-- This site is optimized with the Yoast SEO plugin v26.9 - https:\/\/yoast.com\/product\/yoast-seo-wordpress\/ -->\n<title>Sobre voc\u00ea - Dinamica Generale<\/title>\n<meta name=\"robots\" content=\"index, follow, max-snippet:-1, max-image-preview:large, max-video-preview:-1\" \/>\n<link rel=\"canonical\" href=\"https:\/\/www.dinamicagenerale.cn\/pt-br\/sobre-voce\/\" \/>\n<meta property=\"og:locale\" content=\"pt_BR\" \/>\n<meta property=\"og:type\" content=\"article\" \/>\n<meta property=\"og:title\" content=\"Sobre voc\u00ea - Dinamica Generale\" \/>\n<meta property=\"og:description\" content=\"Empresa Inova\u00e7\u00e3o a servi\u00e7o do futuro &nbsp; A Dinamica Generale S.p.A. \u00e9 l\u00edder global no desenvolvimento de solu\u00e7\u00f5es inovadoras que [&hellip;]\" \/>\n<meta property=\"og:url\" content=\"https:\/\/www.dinamicagenerale.cn\/pt-br\/sobre-voce\/\" \/>\n<meta property=\"og:site_name\" content=\"Dinamica Generale\" \/>\n<meta property=\"article:modified_time\" content=\"2026-01-14T10:20:15+00:00\" \/>\n<meta property=\"og:image\" content=\"https:\/\/www.dinamicagenerale.cn\/wp-content\/uploads\/2025\/01\/about-us-dinamica-generale-1.png\" \/>\n\t<meta property=\"og:image:width\" content=\"800\" \/>\n\t<meta property=\"og:image:height\" content=\"800\" \/>\n\t<meta property=\"og:image:type\" content=\"image\/png\" \/>\n<meta name=\"twitter:card\" content=\"summary_large_image\" \/>\n<meta name=\"twitter:label1\" content=\"Est. tempo de leitura\" \/>\n\t<meta name=\"twitter:data1\" content=\"8 minutos\" \/>\n<script type=\"application\/ld+json\" class=\"yoast-schema-graph\">{\"@context\":\"https:\/\/schema.org\",\"@graph\":[{\"@type\":\"WebPage\",\"@id\":\"https:\/\/www.dinamicagenerale.cn\/pt-br\/sobre-voce\/\",\"url\":\"https:\/\/www.dinamicagenerale.cn\/pt-br\/sobre-voce\/\",\"name\":\"Sobre voc\u00ea - Dinamica Generale\",\"isPartOf\":{\"@id\":\"https:\/\/www.dinamicagenerale.cn\/pt-br\/#website\"},\"primaryImageOfPage\":{\"@id\":\"https:\/\/www.dinamicagenerale.cn\/pt-br\/sobre-voce\/#primaryimage\"},\"image\":{\"@id\":\"https:\/\/www.dinamicagenerale.cn\/pt-br\/sobre-voce\/#primaryimage\"},\"thumbnailUrl\":\"https:\/\/www.dinamicagenerale.cn\/wp-content\/uploads\/2025\/01\/about-us-dinamica-generale-1.png\",\"datePublished\":\"2024-04-08T12:21:13+00:00\",\"dateModified\":\"2026-01-14T10:20:15+00:00\",\"breadcrumb\":{\"@id\":\"https:\/\/www.dinamicagenerale.cn\/pt-br\/sobre-voce\/#breadcrumb\"},\"inLanguage\":\"pt-BR\",\"potentialAction\":[{\"@type\":\"ReadAction\",\"target\":[\"https:\/\/www.dinamicagenerale.cn\/pt-br\/sobre-voce\/\"]}]},{\"@type\":\"ImageObject\",\"inLanguage\":\"pt-BR\",\"@id\":\"https:\/\/www.dinamicagenerale.cn\/pt-br\/sobre-voce\/#primaryimage\",\"url\":\"https:\/\/www.dinamicagenerale.cn\/wp-content\/uploads\/2025\/01\/about-us-dinamica-generale-1.png\",\"contentUrl\":\"https:\/\/www.dinamicagenerale.cn\/wp-content\/uploads\/2025\/01\/about-us-dinamica-generale-1.png\",\"width\":800,\"height\":800},{\"@type\":\"BreadcrumbList\",\"@id\":\"https:\/\/www.dinamicagenerale.cn\/pt-br\/sobre-voce\/#breadcrumb\",\"itemListElement\":[{\"@type\":\"ListItem\",\"position\":1,\"name\":\"Home\",\"item\":\"https:\/\/www.dinamicagenerale.cn\/pt-br\/\"},{\"@type\":\"ListItem\",\"position\":2,\"name\":\"Sobre voc\u00ea\"}]},{\"@type\":\"WebSite\",\"@id\":\"https:\/\/www.dinamicagenerale.cn\/pt-br\/#website\",\"url\":\"https:\/\/www.dinamicagenerale.cn\/pt-br\/\",\"name\":\"Dinamica Generale\",\"description\":\"\",\"potentialAction\":[{\"@type\":\"SearchAction\",\"target\":{\"@type\":\"EntryPoint\",\"urlTemplate\":\"https:\/\/www.dinamicagenerale.cn\/pt-br\/?s={search_term_string}\"},\"query-input\":{\"@type\":\"PropertyValueSpecification\",\"valueRequired\":true,\"valueName\":\"search_term_string\"}}],\"inLanguage\":\"pt-BR\"}]}<\/script>\n<!-- \/ Yoast SEO plugin. -->","yoast_head_json":{"title":"Sobre voc\u00ea - Dinamica Generale","robots":{"index":"index","follow":"follow","max-snippet":"max-snippet:-1","max-image-preview":"max-image-preview:large","max-video-preview":"max-video-preview:-1"},"canonical":"https:\/\/www.dinamicagenerale.cn\/pt-br\/sobre-voce\/","og_locale":"pt_BR","og_type":"article","og_title":"Sobre voc\u00ea - Dinamica Generale","og_description":"Empresa Inova\u00e7\u00e3o a servi\u00e7o do futuro &nbsp; A Dinamica Generale S.p.A. \u00e9 l\u00edder global no desenvolvimento de solu\u00e7\u00f5es inovadoras que [&hellip;]","og_url":"https:\/\/www.dinamicagenerale.cn\/pt-br\/sobre-voce\/","og_site_name":"Dinamica Generale","article_modified_time":"2026-01-14T10:20:15+00:00","og_image":[{"width":800,"height":800,"url":"https:\/\/www.dinamicagenerale.cn\/wp-content\/uploads\/2025\/01\/about-us-dinamica-generale-1.png","type":"image\/png"}],"twitter_card":"summary_large_image","twitter_misc":{"Est. tempo de leitura":"8 minutos"},"schema":{"@context":"https:\/\/schema.org","@graph":[{"@type":"WebPage","@id":"https:\/\/www.dinamicagenerale.cn\/pt-br\/sobre-voce\/","url":"https:\/\/www.dinamicagenerale.cn\/pt-br\/sobre-voce\/","name":"Sobre voc\u00ea - Dinamica Generale","isPartOf":{"@id":"https:\/\/www.dinamicagenerale.cn\/pt-br\/#website"},"primaryImageOfPage":{"@id":"https:\/\/www.dinamicagenerale.cn\/pt-br\/sobre-voce\/#primaryimage"},"image":{"@id":"https:\/\/www.dinamicagenerale.cn\/pt-br\/sobre-voce\/#primaryimage"},"thumbnailUrl":"https:\/\/www.dinamicagenerale.cn\/wp-content\/uploads\/2025\/01\/about-us-dinamica-generale-1.png","datePublished":"2024-04-08T12:21:13+00:00","dateModified":"2026-01-14T10:20:15+00:00","breadcrumb":{"@id":"https:\/\/www.dinamicagenerale.cn\/pt-br\/sobre-voce\/#breadcrumb"},"inLanguage":"pt-BR","potentialAction":[{"@type":"ReadAction","target":["https:\/\/www.dinamicagenerale.cn\/pt-br\/sobre-voce\/"]}]},{"@type":"ImageObject","inLanguage":"pt-BR","@id":"https:\/\/www.dinamicagenerale.cn\/pt-br\/sobre-voce\/#primaryimage","url":"https:\/\/www.dinamicagenerale.cn\/wp-content\/uploads\/2025\/01\/about-us-dinamica-generale-1.png","contentUrl":"https:\/\/www.dinamicagenerale.cn\/wp-content\/uploads\/2025\/01\/about-us-dinamica-generale-1.png","width":800,"height":800},{"@type":"BreadcrumbList","@id":"https:\/\/www.dinamicagenerale.cn\/pt-br\/sobre-voce\/#breadcrumb","itemListElement":[{"@type":"ListItem","position":1,"name":"Home","item":"https:\/\/www.dinamicagenerale.cn\/pt-br\/"},{"@type":"ListItem","position":2,"name":"Sobre voc\u00ea"}]},{"@type":"WebSite","@id":"https:\/\/www.dinamicagenerale.cn\/pt-br\/#website","url":"https:\/\/www.dinamicagenerale.cn\/pt-br\/","name":"Dinamica Generale","description":"","potentialAction":[{"@type":"SearchAction","target":{"@type":"EntryPoint","urlTemplate":"https:\/\/www.dinamicagenerale.cn\/pt-br\/?s={search_term_string}"},"query-input":{"@type":"PropertyValueSpecification","valueRequired":true,"valueName":"search_term_string"}}],"inLanguage":"pt-BR"}]}},"_links":{"self":[{"href":"https:\/\/www.dinamicagenerale.cn\/pt-br\/wp-json\/wp\/v2\/pages\/13371","targetHints":{"allow":["GET"]}}],"collection":[{"href":"https:\/\/www.dinamicagenerale.cn\/pt-br\/wp-json\/wp\/v2\/pages"}],"about":[{"href":"https:\/\/www.dinamicagenerale.cn\/pt-br\/wp-json\/wp\/v2\/types\/page"}],"author":[{"embeddable":true,"href":"https:\/\/www.dinamicagenerale.cn\/pt-br\/wp-json\/wp\/v2\/users\/1"}],"replies":[{"embeddable":true,"href":"https:\/\/www.dinamicagenerale.cn\/pt-br\/wp-json\/wp\/v2\/comments?post=13371"}],"version-history":[{"count":1,"href":"https:\/\/www.dinamicagenerale.cn\/pt-br\/wp-json\/wp\/v2\/pages\/13371\/revisions"}],"predecessor-version":[{"id":19312,"href":"https:\/\/www.dinamicagenerale.cn\/pt-br\/wp-json\/wp\/v2\/pages\/13371\/revisions\/19312"}],"wp:featuredmedia":[{"embeddable":true,"href":"https:\/\/www.dinamicagenerale.cn\/pt-br\/wp-json\/wp\/v2\/media\/13383"}],"wp:attachment":[{"href":"https:\/\/www.dinamicagenerale.cn\/pt-br\/wp-json\/wp\/v2\/media?parent=13371"}],"curies":[{"name":"wp","href":"https:\/\/api.w.org\/{rel}","templated":true}]}}