{"id":13323,"date":"2025-01-10T15:59:17","date_gmt":"2025-01-10T14:59:17","guid":{"rendered":"https:\/\/www.dinamicagenerale.com\/certificacoes-de-qualidade\/"},"modified":"2025-10-03T17:24:46","modified_gmt":"2025-10-03T15:24:46","slug":"certificacoes-de-qualidade","status":"publish","type":"page","link":"https:\/\/www.dinamicagenerale.cn\/pt-br\/sobre-voce\/certificacoes-de-qualidade\/","title":{"rendered":"Certifica\u00e7\u00f5es de qualidade"},"content":{"rendered":"<h2><span style=\"color: #ff6600;\">Certifica\u00e7\u00f5es de qualidade<\/span><\/h2>\n<p>Na Dinamica Generale, <strong>a qualidade<\/strong> est\u00e1 profundamente incorporada em todos os aspectos de nossas opera\u00e7\u00f5es di\u00e1rias. Do <strong>projeto \u00e0 fabrica\u00e7\u00e3o<\/strong>, cada produto \u00e9 criado para atender a <strong>rigorosos padr\u00f5es de qualidade<\/strong> e oferecer <strong>um desempenho excepcional<\/strong>. <\/p>\n<p>Nosso compromisso com a excel\u00eancia \u00e9 constru\u00eddo sobre a base da <strong>certifica\u00e7\u00e3o global<\/strong> do <strong>padr\u00e3o de qualidade ISO 9001<\/strong>. Ao longo dos anos, expandimos nossas certifica\u00e7\u00f5es para incluir <strong>a ISO 13485<\/strong> para dispositivos m\u00e9dicos. <\/p>\n<p>Fa\u00e7a o download de c\u00f3pias de nossas <strong>certifica\u00e7\u00f5es<\/strong> abaixo para saber mais sobre nossa dedica\u00e7\u00e3o \u00e0 <strong>qualidade<\/strong> e \u00e0 conformidade.<\/p>\n<p><a href=\"https:\/\/www.dinamicagenerale.cn\/wp-content\/uploads\/2025\/01\/Certified_9001_ENG-ITA_extsigned_dinamica-generale.pdf\">ISO 9001<\/a><\/p>\n<p><a href=\"https:\/\/www.dinamicagenerale.cn\/wp-content\/uploads\/2025\/01\/Certified_13485_ENG-ITA_extsigned_dinamica-generale.pdf\">ISO 13485<\/a><\/p>\n<p>&nbsp;<\/p>\n<h2><span style=\"color: #ff6600;\">Certifica\u00e7\u00f5es de sustentabilidade  <\/span><\/h2>\n<p><strong>A sustentabilidade<\/strong> \u00e9 um valor fundamental que orienta nossas opera\u00e7\u00f5es e cultura corporativa. Temos o compromisso de promover <strong>a responsabilidade ambiental<\/strong>, garantir <strong>a seguran\u00e7a no local de trabalho<\/strong> e fomentar a <strong>igualdade de g\u00eanero<\/strong> como parte integrante de nossas pr\u00e1ticas comerciais. <\/p>\n<p>Nossa dedica\u00e7\u00e3o \u00e0 sustentabilidade est\u00e1 refletida em nossas <strong>certifica\u00e7\u00f5es<\/strong>, incluindo <strong>a ISO 14001<\/strong> para gest\u00e3o ambiental, <strong>a ISO 45001<\/strong> para sa\u00fade e seguran\u00e7a ocupacional e a <strong>UNI PdR 125:2022<\/strong>, que reconhece nossos esfor\u00e7os para alcan\u00e7ar <strong>a igualdade de g\u00eanero<\/strong>.<\/p>\n<p>Essas certifica\u00e7\u00f5es demonstram nosso compromisso inabal\u00e1vel com a cria\u00e7\u00e3o de um futuro sustent\u00e1vel e inclusivo, tanto em nossa organiza\u00e7\u00e3o quanto nas comunidades que atendemos.<\/p>\n<p><a href=\"https:\/\/www.dinamicagenerale.cn\/wp-content\/uploads\/2025\/01\/Certificato_Dinamica_14001-scad.2027-.pdf\">ISO 14001<\/a><\/p>\n<p><a href=\"https:\/\/www.dinamicagenerale.cn\/wp-content\/uploads\/2025\/01\/Certificato_Dinamica_45001-scad.2027.pdf\">ISO 45001<\/a><\/p>\n<p><a href=\"https:\/\/www.dinamicagenerale.cn\/wp-content\/uploads\/2025\/01\/Dinamica-Generale_gender-equality.pdf\">UNI PdR 125\/2022<\/a><\/p>\n<p>&nbsp;<\/p>\n<h2><span style=\"color: #ff6600;\">Relat\u00f3rio de sustentabilidade  <\/span><\/h2>\n<p>Nosso <strong>Relat\u00f3rio de Sustentabilidade<\/strong> mostra nosso compromisso com o <strong>desenvolvimento<\/strong> <strong>respons\u00e1vel<\/strong> e <strong>transparente<\/strong>. Ele descreve os esfor\u00e7os para reduzir <strong>o impacto ambiental<\/strong>, promover <strong>o bem-estar social<\/strong> e garantir <strong>uma governan\u00e7a \u00e9tica<\/strong>. Com dados importantes, metas e projetos futuros, o relat\u00f3rio destaca a sustentabilidade como parte essencial de nossa estrat\u00e9gia de neg\u00f3cios. Convidamos as partes interessadas a explorar nossa contribui\u00e7\u00e3o para um <strong>futuro<\/strong> mais <strong>sustent\u00e1vel<\/strong> e a se juntar a n\u00f3s na promo\u00e7\u00e3o da melhoria cont\u00ednua.   <\/p>\n<p><a href=\"https:\/\/www.dinamicagenerale.cn\/wp-content\/uploads\/2025\/01\/Dinamica-Generale_Report-sostenibilita-2023.pdf\"><strong>2023:<\/strong> Fa\u00e7a o download do nosso relat\u00f3rio de sustentabilidade<\/a><\/p>\n<p><a href=\"https:\/\/www.dinamicagenerale.cn\/wp-content\/uploads\/2025\/09\/Dinamica-Generale_report_2024_20250912_DEF.pdf\"><strong>2024:<\/strong> Fa\u00e7a o download do nosso relat\u00f3rio de sustentabilidade<\/a><\/p>\n<p>&nbsp;<\/p>\n<h2><span style=\"color: #ff6600;\">An\u00e1lise da pegada de carbono<\/span><\/h2>\n<p>Com o nosso compromisso com a sustentabilidade, nos concentramos ativamente na redu\u00e7\u00e3o do nosso impacto ambiental por meio de uma <strong>an\u00e1lise<\/strong> abrangente <strong>da pegada de carbono<\/strong>. Essa abordagem nos permite medir, monitorar e minimizar as emiss\u00f5es de gases de efeito estufa em nossas opera\u00e7\u00f5es. <\/p>\n<p>Ao priorizar <strong>a gest\u00e3o da pegada de carbono<\/strong>, pretendemos contribuir para um futuro mais sustent\u00e1vel, alinhando-nos aos esfor\u00e7os globais para combater as mudan\u00e7as clim\u00e1ticas e promover a responsabilidade ambiental.<\/p>\n<p><strong>2024: <\/strong><a href=\"https:\/\/www.dinamicagenerale.cn\/wp-content\/uploads\/2025\/01\/CarbonFootprintOrganizzazioneDinamicaGeneralerev00-35235-35236.pdf\">Fa\u00e7a o download de nossa an\u00e1lise da pegada de carbono<\/a><\/p>\n<p><strong>2025: <\/strong><a href=\"https:\/\/www.dinamicagenerale.cn\/wp-content\/uploads\/2025\/06\/Carbon-Footprint-Organizzazione-Dinamica-Generale-rev01.pdf\">Fa\u00e7a o download de nossa an\u00e1lise da pegada de carbono<\/a><\/p>\n<p>&nbsp;<\/p>\n<h2><span style=\"color: #ff6600;\">C\u00f3digo de \u00e9tica<\/span><\/h2>\n<p>Em um mundo cada vez mais focado na sustentabilidade, compreender e reduzir o impacto ambiental \u00e9 uma prioridade m\u00e1xima. Nossa <strong>an\u00e1lise da pegada de carbono<\/strong> \u00e9 a base de nossos esfor\u00e7os, fornecendo uma medi\u00e7\u00e3o clara das emiss\u00f5es de gases de efeito estufa e orientando estrat\u00e9gias acion\u00e1veis de melhoria. <\/p>\n<p>Esse compromisso reflete nossa dedica\u00e7\u00e3o em operar com <strong>responsabilidade e transpar\u00eancia<\/strong>, alinhando nossas a\u00e7\u00f5es com a meta global de um planeta mais saud\u00e1vel. Convidamos voc\u00ea a explorar como medimos, gerenciamos e reduzimos nossa pegada de carbono como parte de nossa jornada rumo a um futuro sustent\u00e1vel. <\/p>\n<p><a href=\"https:\/\/www.dinamicagenerale.cn\/wp-content\/uploads\/2025\/01\/CodiceEticoWebrev00-35283.pdf\">Fa\u00e7a o download do nosso c\u00f3digo de \u00e9tica<\/a><\/p>\n<p>&nbsp;<\/p>\n<h2><span style=\"color: #ff6600;\">Pol\u00edtica da empresa<\/span><\/h2>\n<p>Nossa <strong>Pol\u00edtica da Empresa<\/strong> reflete os princ\u00edpios de <strong>integridade<\/strong>, <strong>sustentabilidade<\/strong> e <strong>excel\u00eancia<\/strong> que orientam nossas a\u00e7\u00f5es. Ela garante a transpar\u00eancia, promove <g id=\"gid_4\">a responsabilidade ambiental<\/g> e prioriza o bem-estar de todas as partes interessadas. Explore como nossa pol\u00edtica impulsiona a melhoria cont\u00ednua e o sucesso compartilhado.  <\/p>\n<p><strong>Rev.14 &#8211; ITA: <\/strong><a href=\"https:\/\/www.dinamicagenerale.cn\/wp-content\/uploads\/2025\/10\/Politica-Integrata-Aziendale_rev14_ITA_Pubblico-1.pdf\">Download da pol\u00edtica da empresa<\/a><\/p>\n<p><strong>Rev.11 &#8211; ITA:<\/strong> <a href=\"https:\/\/www.dinamicagenerale.cn\/wp-content\/uploads\/2025\/07\/politica-rev11ENGweb-32404-1.pdf\">Download da pol\u00edtica da empresa<\/a><\/p>\n<p><strong>Rev.11 &#8211; ENG:<\/strong> <a href=\"https:\/\/www.dinamicagenerale.cn\/wp-content\/uploads\/2025\/02\/politica-rev11ENGweb-32404-1.pdf\">Download da pol\u00edtica da empresa<\/a><\/p>\n<p><a href=\"https:\/\/www.dinamicagenerale.cn\/wp-content\/uploads\/2025\/01\/politica-rev13ENGweb-35224.pdf\">Fa\u00e7a o download de nossa pol\u00edtica empresarial integrada<\/a><\/p>\n<p><a href=\"https:\/\/www.dinamicagenerale.cn\/wp-content\/uploads\/2025\/02\/politica-rev11ENGweb-32404.pdf\">Fa\u00e7a o download dos primeiros passos da prote\u00e7\u00e3o ambiental<\/a><\/p>\n<p><a href=\"https:\/\/www.dinamicagenerale.cn\/wp-content\/uploads\/2025\/02\/politicaConflictMineralsENGRev00Draft-5059.pdf\">Download da pol\u00edtica de minerais de conflito<\/a><\/p>\n<p><a href=\"https:\/\/www.dinamicagenerale.cn\/wp-content\/uploads\/2025\/02\/Mod508RevA-CodicediCondottafornitoriENG-35234-DEF.pdf\">Fa\u00e7a o download do c\u00f3digo de conduta do fornecedor  <\/a><\/p>\n<p><a href=\"https:\/\/www.dinamicagenerale.cn\/wp-content\/uploads\/2025\/02\/politicaresponsabilitsociale-rev02ENG-35231.pdf\">Fa\u00e7a o download da pol\u00edtica de responsabilidade social<\/a><\/p>\n<p><a href=\"https:\/\/www.dinamicagenerale.cn\/wp-content\/uploads\/2025\/02\/PoliticaperlaParitdiGenererev01ENG-35230.pdf\">Fa\u00e7a o download da pol\u00edtica de igualdade de g\u00eanero<\/a><\/p>\n","protected":false},"excerpt":{"rendered":"<p>Certifica\u00e7\u00f5es de qualidade Na Dinamica Generale, a qualidade est\u00e1 profundamente incorporada em todos os aspectos de nossas opera\u00e7\u00f5es di\u00e1rias. Do [&hellip;]<\/p>\n","protected":false},"author":2,"featured_media":0,"parent":13371,"menu_order":0,"comment_status":"closed","ping_status":"closed","template":"","meta":{"footnotes":""},"class_list":["post-13323","page","type-page","status-publish","hentry"],"yoast_head":"<!-- This site is optimized with the Yoast SEO plugin v26.9 - https:\/\/yoast.com\/product\/yoast-seo-wordpress\/ -->\n<title>Certifica\u00e7\u00f5es de qualidade - Dinamica Generale<\/title>\n<meta name=\"robots\" content=\"index, follow, max-snippet:-1, max-image-preview:large, max-video-preview:-1\" \/>\n<link rel=\"canonical\" href=\"https:\/\/www.dinamicagenerale.cn\/pt-br\/sobre-voce\/certificacoes-de-qualidade\/\" \/>\n<meta property=\"og:locale\" content=\"pt_BR\" \/>\n<meta property=\"og:type\" content=\"article\" \/>\n<meta property=\"og:title\" content=\"Certifica\u00e7\u00f5es de qualidade - Dinamica Generale\" \/>\n<meta property=\"og:description\" content=\"Certifica\u00e7\u00f5es de qualidade Na Dinamica Generale, a qualidade est\u00e1 profundamente incorporada em todos os aspectos de nossas opera\u00e7\u00f5es di\u00e1rias. Do [&hellip;]\" \/>\n<meta property=\"og:url\" content=\"https:\/\/www.dinamicagenerale.cn\/pt-br\/sobre-voce\/certificacoes-de-qualidade\/\" \/>\n<meta property=\"og:site_name\" content=\"Dinamica Generale\" \/>\n<meta property=\"article:modified_time\" content=\"2025-10-03T15:24:46+00:00\" \/>\n<meta name=\"twitter:card\" content=\"summary_large_image\" \/>\n<meta name=\"twitter:label1\" content=\"Est. tempo de leitura\" \/>\n\t<meta name=\"twitter:data1\" content=\"4 minutos\" \/>\n<script type=\"application\/ld+json\" class=\"yoast-schema-graph\">{\"@context\":\"https:\/\/schema.org\",\"@graph\":[{\"@type\":\"WebPage\",\"@id\":\"https:\/\/www.dinamicagenerale.cn\/pt-br\/sobre-voce\/certificacoes-de-qualidade\/\",\"url\":\"https:\/\/www.dinamicagenerale.cn\/pt-br\/sobre-voce\/certificacoes-de-qualidade\/\",\"name\":\"Certifica\u00e7\u00f5es de qualidade - Dinamica Generale\",\"isPartOf\":{\"@id\":\"https:\/\/www.dinamicagenerale.cn\/pt-br\/#website\"},\"datePublished\":\"2025-01-10T14:59:17+00:00\",\"dateModified\":\"2025-10-03T15:24:46+00:00\",\"breadcrumb\":{\"@id\":\"https:\/\/www.dinamicagenerale.cn\/pt-br\/sobre-voce\/certificacoes-de-qualidade\/#breadcrumb\"},\"inLanguage\":\"pt-BR\",\"potentialAction\":[{\"@type\":\"ReadAction\",\"target\":[\"https:\/\/www.dinamicagenerale.cn\/pt-br\/sobre-voce\/certificacoes-de-qualidade\/\"]}]},{\"@type\":\"BreadcrumbList\",\"@id\":\"https:\/\/www.dinamicagenerale.cn\/pt-br\/sobre-voce\/certificacoes-de-qualidade\/#breadcrumb\",\"itemListElement\":[{\"@type\":\"ListItem\",\"position\":1,\"name\":\"Home\",\"item\":\"https:\/\/www.dinamicagenerale.cn\/pt-br\/\"},{\"@type\":\"ListItem\",\"position\":2,\"name\":\"Sobre voc\u00ea\",\"item\":\"https:\/\/www.dinamicagenerale.cn\/pt-br\/sobre-voce\/\"},{\"@type\":\"ListItem\",\"position\":3,\"name\":\"Certifica\u00e7\u00f5es de qualidade\"}]},{\"@type\":\"WebSite\",\"@id\":\"https:\/\/www.dinamicagenerale.cn\/pt-br\/#website\",\"url\":\"https:\/\/www.dinamicagenerale.cn\/pt-br\/\",\"name\":\"Dinamica Generale\",\"description\":\"\",\"potentialAction\":[{\"@type\":\"SearchAction\",\"target\":{\"@type\":\"EntryPoint\",\"urlTemplate\":\"https:\/\/www.dinamicagenerale.cn\/pt-br\/?s={search_term_string}\"},\"query-input\":{\"@type\":\"PropertyValueSpecification\",\"valueRequired\":true,\"valueName\":\"search_term_string\"}}],\"inLanguage\":\"pt-BR\"}]}<\/script>\n<!-- \/ Yoast SEO plugin. -->","yoast_head_json":{"title":"Certifica\u00e7\u00f5es de qualidade - Dinamica Generale","robots":{"index":"index","follow":"follow","max-snippet":"max-snippet:-1","max-image-preview":"max-image-preview:large","max-video-preview":"max-video-preview:-1"},"canonical":"https:\/\/www.dinamicagenerale.cn\/pt-br\/sobre-voce\/certificacoes-de-qualidade\/","og_locale":"pt_BR","og_type":"article","og_title":"Certifica\u00e7\u00f5es de qualidade - Dinamica Generale","og_description":"Certifica\u00e7\u00f5es de qualidade Na Dinamica Generale, a qualidade est\u00e1 profundamente incorporada em todos os aspectos de nossas opera\u00e7\u00f5es di\u00e1rias. Do [&hellip;]","og_url":"https:\/\/www.dinamicagenerale.cn\/pt-br\/sobre-voce\/certificacoes-de-qualidade\/","og_site_name":"Dinamica Generale","article_modified_time":"2025-10-03T15:24:46+00:00","twitter_card":"summary_large_image","twitter_misc":{"Est. tempo de leitura":"4 minutos"},"schema":{"@context":"https:\/\/schema.org","@graph":[{"@type":"WebPage","@id":"https:\/\/www.dinamicagenerale.cn\/pt-br\/sobre-voce\/certificacoes-de-qualidade\/","url":"https:\/\/www.dinamicagenerale.cn\/pt-br\/sobre-voce\/certificacoes-de-qualidade\/","name":"Certifica\u00e7\u00f5es de qualidade - Dinamica Generale","isPartOf":{"@id":"https:\/\/www.dinamicagenerale.cn\/pt-br\/#website"},"datePublished":"2025-01-10T14:59:17+00:00","dateModified":"2025-10-03T15:24:46+00:00","breadcrumb":{"@id":"https:\/\/www.dinamicagenerale.cn\/pt-br\/sobre-voce\/certificacoes-de-qualidade\/#breadcrumb"},"inLanguage":"pt-BR","potentialAction":[{"@type":"ReadAction","target":["https:\/\/www.dinamicagenerale.cn\/pt-br\/sobre-voce\/certificacoes-de-qualidade\/"]}]},{"@type":"BreadcrumbList","@id":"https:\/\/www.dinamicagenerale.cn\/pt-br\/sobre-voce\/certificacoes-de-qualidade\/#breadcrumb","itemListElement":[{"@type":"ListItem","position":1,"name":"Home","item":"https:\/\/www.dinamicagenerale.cn\/pt-br\/"},{"@type":"ListItem","position":2,"name":"Sobre voc\u00ea","item":"https:\/\/www.dinamicagenerale.cn\/pt-br\/sobre-voce\/"},{"@type":"ListItem","position":3,"name":"Certifica\u00e7\u00f5es de qualidade"}]},{"@type":"WebSite","@id":"https:\/\/www.dinamicagenerale.cn\/pt-br\/#website","url":"https:\/\/www.dinamicagenerale.cn\/pt-br\/","name":"Dinamica Generale","description":"","potentialAction":[{"@type":"SearchAction","target":{"@type":"EntryPoint","urlTemplate":"https:\/\/www.dinamicagenerale.cn\/pt-br\/?s={search_term_string}"},"query-input":{"@type":"PropertyValueSpecification","valueRequired":true,"valueName":"search_term_string"}}],"inLanguage":"pt-BR"}]}},"_links":{"self":[{"href":"https:\/\/www.dinamicagenerale.cn\/pt-br\/wp-json\/wp\/v2\/pages\/13323","targetHints":{"allow":["GET"]}}],"collection":[{"href":"https:\/\/www.dinamicagenerale.cn\/pt-br\/wp-json\/wp\/v2\/pages"}],"about":[{"href":"https:\/\/www.dinamicagenerale.cn\/pt-br\/wp-json\/wp\/v2\/types\/page"}],"author":[{"embeddable":true,"href":"https:\/\/www.dinamicagenerale.cn\/pt-br\/wp-json\/wp\/v2\/users\/2"}],"replies":[{"embeddable":true,"href":"https:\/\/www.dinamicagenerale.cn\/pt-br\/wp-json\/wp\/v2\/comments?post=13323"}],"version-history":[{"count":5,"href":"https:\/\/www.dinamicagenerale.cn\/pt-br\/wp-json\/wp\/v2\/pages\/13323\/revisions"}],"predecessor-version":[{"id":33714,"href":"https:\/\/www.dinamicagenerale.cn\/pt-br\/wp-json\/wp\/v2\/pages\/13323\/revisions\/33714"}],"up":[{"embeddable":true,"href":"https:\/\/www.dinamicagenerale.cn\/pt-br\/wp-json\/wp\/v2\/pages\/13371"}],"wp:attachment":[{"href":"https:\/\/www.dinamicagenerale.cn\/pt-br\/wp-json\/wp\/v2\/media?parent=13323"}],"curies":[{"name":"wp","href":"https:\/\/api.w.org\/{rel}","templated":true}]}}