{"id":41351,"date":"2026-02-06T11:15:45","date_gmt":"2026-02-06T10:15:45","guid":{"rendered":"https:\/\/www.dinamicagenerale.com\/insights\/aktualizacje\/"},"modified":"2026-02-06T11:15:45","modified_gmt":"2026-02-06T10:15:45","slug":"aktualizacje","status":"publish","type":"page","link":"https:\/\/www.dinamicagenerale.cn\/pl\/insights\/aktualizacje\/","title":{"rendered":"Aktualizacje"},"content":{"rendered":"<p>\u015aled\u017a najnowsze ulepszenia, wersje i wa\u017cne og\u0142oszenia.<\/p>\n","protected":false},"excerpt":{"rendered":"<p>\u015aled\u017a najnowsze ulepszenia, wersje i wa\u017cne og\u0142oszenia.<\/p>\n","protected":false},"author":2,"featured_media":0,"parent":41309,"menu_order":30,"comment_status":"closed","ping_status":"closed","template":"archive-update.php","meta":{"footnotes":""},"class_list":["post-41351","page","type-page","status-publish","hentry"],"yoast_head":"<!-- This site is optimized with the Yoast SEO plugin v26.9 - https:\/\/yoast.com\/product\/yoast-seo-wordpress\/ -->\n<title>Aktualizacje - Dinamica Generale<\/title>\n<meta name=\"robots\" content=\"index, follow, max-snippet:-1, max-image-preview:large, max-video-preview:-1\" \/>\n<link rel=\"canonical\" href=\"https:\/\/www.dinamicagenerale.cn\/pl\/insights\/aktualizacje\/\" \/>\n<meta property=\"og:locale\" content=\"pl_PL\" \/>\n<meta property=\"og:type\" content=\"article\" \/>\n<meta property=\"og:title\" content=\"Aktualizacje - Dinamica Generale\" \/>\n<meta property=\"og:description\" content=\"\u015aled\u017a najnowsze ulepszenia, wersje i wa\u017cne og\u0142oszenia.\" \/>\n<meta property=\"og:url\" content=\"https:\/\/www.dinamicagenerale.cn\/pl\/insights\/aktualizacje\/\" \/>\n<meta property=\"og:site_name\" content=\"Dinamica Generale\" \/>\n<meta name=\"twitter:card\" content=\"summary_large_image\" \/>\n<script type=\"application\/ld+json\" class=\"yoast-schema-graph\">{\"@context\":\"https:\/\/schema.org\",\"@graph\":[{\"@type\":\"WebPage\",\"@id\":\"https:\/\/www.dinamicagenerale.cn\/pl\/insights\/aktualizacje\/\",\"url\":\"https:\/\/www.dinamicagenerale.cn\/pl\/insights\/aktualizacje\/\",\"name\":\"Aktualizacje - Dinamica Generale\",\"isPartOf\":{\"@id\":\"https:\/\/www.dinamicagenerale.cn\/pl\/#website\"},\"datePublished\":\"2026-02-06T10:15:45+00:00\",\"breadcrumb\":{\"@id\":\"https:\/\/www.dinamicagenerale.cn\/pl\/insights\/aktualizacje\/#breadcrumb\"},\"inLanguage\":\"pl-PL\",\"potentialAction\":[{\"@type\":\"ReadAction\",\"target\":[\"https:\/\/www.dinamicagenerale.cn\/pl\/insights\/aktualizacje\/\"]}]},{\"@type\":\"BreadcrumbList\",\"@id\":\"https:\/\/www.dinamicagenerale.cn\/pl\/insights\/aktualizacje\/#breadcrumb\",\"itemListElement\":[{\"@type\":\"ListItem\",\"position\":1,\"name\":\"Home\",\"item\":\"https:\/\/www.dinamicagenerale.cn\/pl\/strona-glowna\/\"},{\"@type\":\"ListItem\",\"position\":2,\"name\":\"Spostrze\u017cenia\",\"item\":\"https:\/\/www.dinamicagenerale.cn\/pl\/insights\/\"},{\"@type\":\"ListItem\",\"position\":3,\"name\":\"Aktualizacje\"}]},{\"@type\":\"WebSite\",\"@id\":\"https:\/\/www.dinamicagenerale.cn\/pl\/#website\",\"url\":\"https:\/\/www.dinamicagenerale.cn\/pl\/\",\"name\":\"Dinamica Generale\",\"description\":\"\",\"potentialAction\":[{\"@type\":\"SearchAction\",\"target\":{\"@type\":\"EntryPoint\",\"urlTemplate\":\"https:\/\/www.dinamicagenerale.cn\/pl\/?s={search_term_string}\"},\"query-input\":{\"@type\":\"PropertyValueSpecification\",\"valueRequired\":true,\"valueName\":\"search_term_string\"}}],\"inLanguage\":\"pl-PL\"}]}<\/script>\n<!-- \/ Yoast SEO plugin. -->","yoast_head_json":{"title":"Aktualizacje - Dinamica Generale","robots":{"index":"index","follow":"follow","max-snippet":"max-snippet:-1","max-image-preview":"max-image-preview:large","max-video-preview":"max-video-preview:-1"},"canonical":"https:\/\/www.dinamicagenerale.cn\/pl\/insights\/aktualizacje\/","og_locale":"pl_PL","og_type":"article","og_title":"Aktualizacje - Dinamica Generale","og_description":"\u015aled\u017a najnowsze ulepszenia, wersje i wa\u017cne og\u0142oszenia.","og_url":"https:\/\/www.dinamicagenerale.cn\/pl\/insights\/aktualizacje\/","og_site_name":"Dinamica Generale","twitter_card":"summary_large_image","schema":{"@context":"https:\/\/schema.org","@graph":[{"@type":"WebPage","@id":"https:\/\/www.dinamicagenerale.cn\/pl\/insights\/aktualizacje\/","url":"https:\/\/www.dinamicagenerale.cn\/pl\/insights\/aktualizacje\/","name":"Aktualizacje - Dinamica Generale","isPartOf":{"@id":"https:\/\/www.dinamicagenerale.cn\/pl\/#website"},"datePublished":"2026-02-06T10:15:45+00:00","breadcrumb":{"@id":"https:\/\/www.dinamicagenerale.cn\/pl\/insights\/aktualizacje\/#breadcrumb"},"inLanguage":"pl-PL","potentialAction":[{"@type":"ReadAction","target":["https:\/\/www.dinamicagenerale.cn\/pl\/insights\/aktualizacje\/"]}]},{"@type":"BreadcrumbList","@id":"https:\/\/www.dinamicagenerale.cn\/pl\/insights\/aktualizacje\/#breadcrumb","itemListElement":[{"@type":"ListItem","position":1,"name":"Home","item":"https:\/\/www.dinamicagenerale.cn\/pl\/strona-glowna\/"},{"@type":"ListItem","position":2,"name":"Spostrze\u017cenia","item":"https:\/\/www.dinamicagenerale.cn\/pl\/insights\/"},{"@type":"ListItem","position":3,"name":"Aktualizacje"}]},{"@type":"WebSite","@id":"https:\/\/www.dinamicagenerale.cn\/pl\/#website","url":"https:\/\/www.dinamicagenerale.cn\/pl\/","name":"Dinamica Generale","description":"","potentialAction":[{"@type":"SearchAction","target":{"@type":"EntryPoint","urlTemplate":"https:\/\/www.dinamicagenerale.cn\/pl\/?s={search_term_string}"},"query-input":{"@type":"PropertyValueSpecification","valueRequired":true,"valueName":"search_term_string"}}],"inLanguage":"pl-PL"}]}},"_links":{"self":[{"href":"https:\/\/www.dinamicagenerale.cn\/pl\/wp-json\/wp\/v2\/pages\/41351","targetHints":{"allow":["GET"]}}],"collection":[{"href":"https:\/\/www.dinamicagenerale.cn\/pl\/wp-json\/wp\/v2\/pages"}],"about":[{"href":"https:\/\/www.dinamicagenerale.cn\/pl\/wp-json\/wp\/v2\/types\/page"}],"author":[{"embeddable":true,"href":"https:\/\/www.dinamicagenerale.cn\/pl\/wp-json\/wp\/v2\/users\/2"}],"replies":[{"embeddable":true,"href":"https:\/\/www.dinamicagenerale.cn\/pl\/wp-json\/wp\/v2\/comments?post=41351"}],"version-history":[{"count":0,"href":"https:\/\/www.dinamicagenerale.cn\/pl\/wp-json\/wp\/v2\/pages\/41351\/revisions"}],"up":[{"embeddable":true,"href":"https:\/\/www.dinamicagenerale.cn\/pl\/wp-json\/wp\/v2\/pages\/41309"}],"wp:attachment":[{"href":"https:\/\/www.dinamicagenerale.cn\/pl\/wp-json\/wp\/v2\/media?parent=41351"}],"curies":[{"name":"wp","href":"https:\/\/api.w.org\/{rel}","templated":true}]}}