{"id":22649,"date":"2024-04-08T14:21:13","date_gmt":"2024-04-08T12:21:13","guid":{"rendered":"https:\/\/www.dinamicagenerale.com\/o\/"},"modified":"2026-01-14T11:19:37","modified_gmt":"2026-01-14T10:19:37","slug":"o","status":"publish","type":"page","link":"https:\/\/www.dinamicagenerale.cn\/pl\/o\/","title":{"rendered":"O"},"content":{"rendered":"<h1>Firma<\/h1>\n<blockquote><p>Innowacje s\u0142u\u017c\u0105ce przysz\u0142o\u015bci<\/p><\/blockquote>\n<p>&nbsp;<\/p>\n<p>Dinamica Generale S.p.A. jest \u015bwiatowym liderem w opracowywaniu innowacyjnych rozwi\u0105za\u0144, kt\u00f3re <strong>obni\u017caj\u0105 koszty<\/strong> i <strong>minimalizuj\u0105 wp\u0142yw na \u015brodowisko<\/strong>, \u0142\u0105cz\u0105c zaawansowan\u0105 technologi\u0119 ze zr\u00f3wnowa\u017conym rozwojem.<br \/>\nNasza wiedza specjalistyczna obejmuje projektowanie i produkcj\u0119 <strong>system\u00f3w wa\u017cenia<\/strong>, <strong>czujnik\u00f3w <\/strong> <strong>NIR<\/strong> (bliskiej podczerwieni) i najnowocze\u015bniejszego <strong>oprogramowania<\/strong> dla <strong>rolnictwa precyzyjnego<\/strong> i <strong>przemys\u0142u medycznego<\/strong>.<\/p>\n<p>Inwestujemy <strong>ponad 10%<\/strong> naszych rocznych przychod\u00f3w w badania i rozw\u00f3j, zapewniaj\u0105c ci\u0105g\u0142e innowacje. <strong>Od 1990 roku<\/strong> dostarczamy pasj\u0119 i wiedz\u0119, aby tworzy\u0107 post\u0119py technologiczne, kt\u00f3re pomagaj\u0105 naszym klientom optymalizowa\u0107 zasoby, poprawia\u0107 wydajno\u015b\u0107 pracy i sprosta\u0107 przysz\u0142ym wyzwaniom.<\/p>\n<p>Dowiedz si\u0119, w jaki spos\u00f3b Dinamica Generale S.p.A. mo\u017ce wesprze\u0107 Twoj\u0105 firm\u0119 dzi\u0119ki najnowocze\u015bniejszym rozwi\u0105zaniom i niez\u0142omnemu zaanga\u017cowaniu w ochron\u0119 \u015brodowiska.<\/p>\n<p>&nbsp;<\/p>\n","protected":false},"excerpt":{"rendered":"<p>Firma Innowacje s\u0142u\u017c\u0105ce przysz\u0142o\u015bci &nbsp; Dinamica Generale S.p.A. jest \u015bwiatowym liderem w opracowywaniu innowacyjnych rozwi\u0105za\u0144, kt\u00f3re obni\u017caj\u0105 koszty i minimalizuj\u0105 [&hellip;]<\/p>\n","protected":false},"author":1,"featured_media":22661,"parent":0,"menu_order":40,"comment_status":"closed","ping_status":"closed","template":"template-about.php","meta":{"footnotes":""},"class_list":["post-22649","page","type-page","status-publish","has-post-thumbnail","hentry"],"yoast_head":"<!-- This site is optimized with the Yoast SEO plugin v26.9 - https:\/\/yoast.com\/product\/yoast-seo-wordpress\/ -->\n<title>O - Dinamica Generale<\/title>\n<meta name=\"robots\" content=\"index, follow, max-snippet:-1, max-image-preview:large, max-video-preview:-1\" \/>\n<link rel=\"canonical\" href=\"https:\/\/www.dinamicagenerale.cn\/pl\/o\/\" \/>\n<meta property=\"og:locale\" content=\"pl_PL\" \/>\n<meta property=\"og:type\" content=\"article\" \/>\n<meta property=\"og:title\" content=\"O - Dinamica Generale\" \/>\n<meta property=\"og:description\" content=\"Firma Innowacje s\u0142u\u017c\u0105ce przysz\u0142o\u015bci &nbsp; Dinamica Generale S.p.A. jest \u015bwiatowym liderem w opracowywaniu innowacyjnych rozwi\u0105za\u0144, kt\u00f3re obni\u017caj\u0105 koszty i minimalizuj\u0105 [&hellip;]\" \/>\n<meta property=\"og:url\" content=\"https:\/\/www.dinamicagenerale.cn\/pl\/o\/\" \/>\n<meta property=\"og:site_name\" content=\"Dinamica Generale\" \/>\n<meta property=\"article:modified_time\" content=\"2026-01-14T10:19:37+00:00\" \/>\n<meta property=\"og:image\" content=\"https:\/\/www.dinamicagenerale.cn\/wp-content\/uploads\/2025\/01\/about-us-dinamica-generale-1.png\" \/>\n\t<meta property=\"og:image:width\" content=\"800\" \/>\n\t<meta property=\"og:image:height\" content=\"800\" \/>\n\t<meta property=\"og:image:type\" content=\"image\/png\" \/>\n<meta name=\"twitter:card\" content=\"summary_large_image\" \/>\n<meta name=\"twitter:label1\" content=\"Szacowany czas czytania\" \/>\n\t<meta name=\"twitter:data1\" content=\"7 minut\" \/>\n<script type=\"application\/ld+json\" class=\"yoast-schema-graph\">{\"@context\":\"https:\/\/schema.org\",\"@graph\":[{\"@type\":\"WebPage\",\"@id\":\"https:\/\/www.dinamicagenerale.cn\/pl\/o\/\",\"url\":\"https:\/\/www.dinamicagenerale.cn\/pl\/o\/\",\"name\":\"O - Dinamica Generale\",\"isPartOf\":{\"@id\":\"https:\/\/www.dinamicagenerale.cn\/pl\/#website\"},\"primaryImageOfPage\":{\"@id\":\"https:\/\/www.dinamicagenerale.cn\/pl\/o\/#primaryimage\"},\"image\":{\"@id\":\"https:\/\/www.dinamicagenerale.cn\/pl\/o\/#primaryimage\"},\"thumbnailUrl\":\"https:\/\/www.dinamicagenerale.cn\/wp-content\/uploads\/2025\/01\/about-us-dinamica-generale-1.png\",\"datePublished\":\"2024-04-08T12:21:13+00:00\",\"dateModified\":\"2026-01-14T10:19:37+00:00\",\"breadcrumb\":{\"@id\":\"https:\/\/www.dinamicagenerale.cn\/pl\/o\/#breadcrumb\"},\"inLanguage\":\"pl-PL\",\"potentialAction\":[{\"@type\":\"ReadAction\",\"target\":[\"https:\/\/www.dinamicagenerale.cn\/pl\/o\/\"]}]},{\"@type\":\"ImageObject\",\"inLanguage\":\"pl-PL\",\"@id\":\"https:\/\/www.dinamicagenerale.cn\/pl\/o\/#primaryimage\",\"url\":\"https:\/\/www.dinamicagenerale.cn\/wp-content\/uploads\/2025\/01\/about-us-dinamica-generale-1.png\",\"contentUrl\":\"https:\/\/www.dinamicagenerale.cn\/wp-content\/uploads\/2025\/01\/about-us-dinamica-generale-1.png\",\"width\":800,\"height\":800},{\"@type\":\"BreadcrumbList\",\"@id\":\"https:\/\/www.dinamicagenerale.cn\/pl\/o\/#breadcrumb\",\"itemListElement\":[{\"@type\":\"ListItem\",\"position\":1,\"name\":\"Home\",\"item\":\"https:\/\/www.dinamicagenerale.cn\/pl\/strona-glowna\/\"},{\"@type\":\"ListItem\",\"position\":2,\"name\":\"O\"}]},{\"@type\":\"WebSite\",\"@id\":\"https:\/\/www.dinamicagenerale.cn\/pl\/#website\",\"url\":\"https:\/\/www.dinamicagenerale.cn\/pl\/\",\"name\":\"Dinamica Generale\",\"description\":\"\",\"potentialAction\":[{\"@type\":\"SearchAction\",\"target\":{\"@type\":\"EntryPoint\",\"urlTemplate\":\"https:\/\/www.dinamicagenerale.cn\/pl\/?s={search_term_string}\"},\"query-input\":{\"@type\":\"PropertyValueSpecification\",\"valueRequired\":true,\"valueName\":\"search_term_string\"}}],\"inLanguage\":\"pl-PL\"}]}<\/script>\n<!-- \/ Yoast SEO plugin. -->","yoast_head_json":{"title":"O - Dinamica Generale","robots":{"index":"index","follow":"follow","max-snippet":"max-snippet:-1","max-image-preview":"max-image-preview:large","max-video-preview":"max-video-preview:-1"},"canonical":"https:\/\/www.dinamicagenerale.cn\/pl\/o\/","og_locale":"pl_PL","og_type":"article","og_title":"O - Dinamica Generale","og_description":"Firma Innowacje s\u0142u\u017c\u0105ce przysz\u0142o\u015bci &nbsp; Dinamica Generale S.p.A. jest \u015bwiatowym liderem w opracowywaniu innowacyjnych rozwi\u0105za\u0144, kt\u00f3re obni\u017caj\u0105 koszty i minimalizuj\u0105 [&hellip;]","og_url":"https:\/\/www.dinamicagenerale.cn\/pl\/o\/","og_site_name":"Dinamica Generale","article_modified_time":"2026-01-14T10:19:37+00:00","og_image":[{"width":800,"height":800,"url":"https:\/\/www.dinamicagenerale.cn\/wp-content\/uploads\/2025\/01\/about-us-dinamica-generale-1.png","type":"image\/png"}],"twitter_card":"summary_large_image","twitter_misc":{"Szacowany czas czytania":"7 minut"},"schema":{"@context":"https:\/\/schema.org","@graph":[{"@type":"WebPage","@id":"https:\/\/www.dinamicagenerale.cn\/pl\/o\/","url":"https:\/\/www.dinamicagenerale.cn\/pl\/o\/","name":"O - Dinamica Generale","isPartOf":{"@id":"https:\/\/www.dinamicagenerale.cn\/pl\/#website"},"primaryImageOfPage":{"@id":"https:\/\/www.dinamicagenerale.cn\/pl\/o\/#primaryimage"},"image":{"@id":"https:\/\/www.dinamicagenerale.cn\/pl\/o\/#primaryimage"},"thumbnailUrl":"https:\/\/www.dinamicagenerale.cn\/wp-content\/uploads\/2025\/01\/about-us-dinamica-generale-1.png","datePublished":"2024-04-08T12:21:13+00:00","dateModified":"2026-01-14T10:19:37+00:00","breadcrumb":{"@id":"https:\/\/www.dinamicagenerale.cn\/pl\/o\/#breadcrumb"},"inLanguage":"pl-PL","potentialAction":[{"@type":"ReadAction","target":["https:\/\/www.dinamicagenerale.cn\/pl\/o\/"]}]},{"@type":"ImageObject","inLanguage":"pl-PL","@id":"https:\/\/www.dinamicagenerale.cn\/pl\/o\/#primaryimage","url":"https:\/\/www.dinamicagenerale.cn\/wp-content\/uploads\/2025\/01\/about-us-dinamica-generale-1.png","contentUrl":"https:\/\/www.dinamicagenerale.cn\/wp-content\/uploads\/2025\/01\/about-us-dinamica-generale-1.png","width":800,"height":800},{"@type":"BreadcrumbList","@id":"https:\/\/www.dinamicagenerale.cn\/pl\/o\/#breadcrumb","itemListElement":[{"@type":"ListItem","position":1,"name":"Home","item":"https:\/\/www.dinamicagenerale.cn\/pl\/strona-glowna\/"},{"@type":"ListItem","position":2,"name":"O"}]},{"@type":"WebSite","@id":"https:\/\/www.dinamicagenerale.cn\/pl\/#website","url":"https:\/\/www.dinamicagenerale.cn\/pl\/","name":"Dinamica Generale","description":"","potentialAction":[{"@type":"SearchAction","target":{"@type":"EntryPoint","urlTemplate":"https:\/\/www.dinamicagenerale.cn\/pl\/?s={search_term_string}"},"query-input":{"@type":"PropertyValueSpecification","valueRequired":true,"valueName":"search_term_string"}}],"inLanguage":"pl-PL"}]}},"_links":{"self":[{"href":"https:\/\/www.dinamicagenerale.cn\/pl\/wp-json\/wp\/v2\/pages\/22649","targetHints":{"allow":["GET"]}}],"collection":[{"href":"https:\/\/www.dinamicagenerale.cn\/pl\/wp-json\/wp\/v2\/pages"}],"about":[{"href":"https:\/\/www.dinamicagenerale.cn\/pl\/wp-json\/wp\/v2\/types\/page"}],"author":[{"embeddable":true,"href":"https:\/\/www.dinamicagenerale.cn\/pl\/wp-json\/wp\/v2\/users\/1"}],"replies":[{"embeddable":true,"href":"https:\/\/www.dinamicagenerale.cn\/pl\/wp-json\/wp\/v2\/comments?post=22649"}],"version-history":[{"count":1,"href":"https:\/\/www.dinamicagenerale.cn\/pl\/wp-json\/wp\/v2\/pages\/22649\/revisions"}],"predecessor-version":[{"id":23178,"href":"https:\/\/www.dinamicagenerale.cn\/pl\/wp-json\/wp\/v2\/pages\/22649\/revisions\/23178"}],"wp:featuredmedia":[{"embeddable":true,"href":"https:\/\/www.dinamicagenerale.cn\/pl\/wp-json\/wp\/v2\/media\/22661"}],"wp:attachment":[{"href":"https:\/\/www.dinamicagenerale.cn\/pl\/wp-json\/wp\/v2\/media?parent=22649"}],"curies":[{"name":"wp","href":"https:\/\/api.w.org\/{rel}","templated":true}]}}