{"id":22648,"date":"2025-02-04T10:55:03","date_gmt":"2025-02-04T09:55:03","guid":{"rendered":"https:\/\/www.dinamicagenerale.com\/zasoby\/"},"modified":"2025-02-04T10:55:03","modified_gmt":"2025-02-04T09:55:03","slug":"zasoby","status":"publish","type":"page","link":"https:\/\/www.dinamicagenerale.cn\/pl\/zasoby\/","title":{"rendered":"Zasoby"},"content":{"rendered":"<h1><span style=\"color: #003366;\">Technologia precyzyjnego podawania<\/span><\/h1>\n<p>Popraw \u017cywienie zwierz\u0105t gospodarskich dzi\u0119ki zaawansowanym technologiom. Odkryj, jak mo\u017cna zoptymalizowa\u0107 zarz\u0105dzanie pasz\u0105 w celu poprawy wydajno\u015bci i zr\u00f3wnowa\u017conego rozwoju. <\/p>\n<p><strong><span style=\"color: #ff6600;\">Blog<\/span><\/strong>: <a href=\"https:\/\/www.dinamicagenerale.cn\/case-study\/9887\/\" target=\"_blank\" rel=\"noopener\">Optymalizacja gospodarstwa mlecznego dzi\u0119ki oprogramowaniu do zarz\u0105dzania paszami<\/a><\/p>\n<p><a href=\"https:\/\/www.dinamicagenerale.cn\/case-study\/blog-cut-costs-and-boost-efficiency-with-feed-management-software\/\" target=\"_blank\" rel=\"noopener\"><strong><span style=\"color: #ff6600;\">Blog<\/span><\/strong>: Obni\u017c koszty i zwi\u0119ksz wydajno\u015b\u0107 dzi\u0119ki oprogramowaniu do zarz\u0105dzania paszami<\/a><\/p>\n<p><a href=\"https:\/\/www.dinamicagenerale.cn\/case-study\/blog-how-tech-is-transforming-the-world-of-dairy-farming\/\" target=\"_blank\" rel=\"noopener\"><span style=\"color: #ff6600;\"><strong>Blog<\/strong><\/span>: Jak technologia zmienia \u015bwiat hodowli byd\u0142a mlecznego<\/a><\/p>\n<p><a href=\"https:\/\/www.dinamicagenerale.cn\/case-study\/10027\/\" target=\"_blank\" rel=\"noopener\"><span style=\"color: #ff6600;\"><strong>Infografika<\/strong><\/span>: Cyfryzacja gospodarstwa mlecznego dzi\u0119ki oprogramowaniu do zarz\u0105dzania paszami<\/a><\/p>\n<p><a href=\"https:\/\/www.dinamicagenerale.cn\/video\/dtm-spot\/\" target=\"_blank\" rel=\"noopener\"><span style=\"color: #ff6600;\"><strong>Wideo<\/strong><\/span>: Oprogramowanie do zarz\u0105dzania paszami DTM<\/a><\/p>\n<p><a href=\"https:\/\/www.dinamicagenerale.cn\/case-study\/blog-answering-your-faqs-about-feed-management-software\/\" target=\"_blank\" rel=\"noopener\"><span style=\"color: #ff6600;\"><strong>Blog<\/strong><\/span>: Odpowiedzi na najcz\u0119\u015bciej zadawane pytania dotycz\u0105ce oprogramowania do zarz\u0105dzania paszami<\/a><\/p>\n<p><a href=\"https:\/\/www.dinamicagenerale.cn\/case-study\/blog-top-5-features-to-look-for-in-feed-management-software\/\" target=\"_blank\" rel=\"noopener\"><span style=\"color: #ff6600;\"><strong>Blog<\/strong><\/span>: 5 najwa\u017cniejszych funkcji, kt\u00f3rych nale\u017cy szuka\u0107 w oprogramowaniu do zarz\u0105dzania paszami<\/a><\/p>\n<p class=\"text-center\" style=\"text-align: left;\"><a href=\"https:\/\/www.dinamicagenerale.cn\/pl\/video\/wideo-inteligentny-mieszalnik-pasz-ze-zintegrowanym-oprogramowaniem\/\" target=\"_blank\" rel=\"noopener\"><span style=\"color: #ff6600;\"><strong>Wideo<\/strong><\/span>: Inteligentny mieszalnik pasz ze zintegrowanym oprogramowaniem<\/a><\/p>\n<p><a href=\"https:\/\/www.dinamicagenerale.cn\/case-study\/infographic-how-software-streamlines-your-dairy-farm-operations\/\" target=\"_blank\" rel=\"noopener\"><strong><span style=\"color: #ff6600;\">Infografika<\/span><\/strong>: Jak oprogramowanie usprawnia dzia\u0142alno\u015b\u0107 gospodarstwa mlecznego<\/a><\/p>\n<p><a href=\"https:\/\/www.dinamicagenerale.cn\/case-study\/blog-agrinir-on-site-nir-analysis-to-increased-productivity\/\" target=\"_blank\" rel=\"noopener\"><span style=\"color: #ff6600;\"><strong>Blog<\/strong><\/span>: AGRINIR. Analiza NIR na miejscu w celu zwi\u0119kszenia produktywno\u015bci <\/a><\/p>\n<p><a href=\"https:\/\/www.dinamicagenerale.cn\/case-study\/blog-the-benefits-of-real-time-nir-analysis-evonir-on-tank-for-more-efficient-and-sustainable-farming\/\" target=\"_blank\" rel=\"noopener\"><span style=\"color: #ff6600;\"><strong>Blog<\/strong><\/span>: Korzy\u015bci z analizy NIR w czasie rzeczywistym. EVONIR na zbiorniku dla bardziej wydajnego i zr\u00f3wnowa\u017conego rolnictwa <\/a><\/p>\n<p>&nbsp;<\/p>\n<h1><span style=\"color: #003366;\">Rozwi\u0105zania dla rolnictwa precyzyjnego<\/span><\/h1>\n<p>Ulepsz produkcj\u0119 ro\u015blinn\u0105 dzi\u0119ki zaawansowanej technologii. Dowiedz si\u0119, w jaki spos\u00f3b wyspecjalizowani rolnicy wykorzystuj\u0105 precyzyjne rozwi\u0105zania do zwi\u0119kszania plon\u00f3w przy jednoczesnym zmniejszaniu ilo\u015bci odpad\u00f3w. <\/p>\n<p><a href=\"https:\/\/www.dinamicagenerale.cn\/case-study\/blog-nir-analyzers-on-combine-harvester-optimize-nitrogen-use\/\" target=\"_blank\" rel=\"noopener\"><span style=\"color: #ff6600;\"><strong>Blog: <\/strong><\/span>Analizatory NIR w kombajnach zbo\u017cowych. Optymalizacja wykorzystania azotu <\/a><\/p>\n<p><a href=\"https:\/\/www.dinamicagenerale.cn\/case-study\/blog-evonir-for-slurry-and-digestate-transport\/\" target=\"_blank\" rel=\"noopener\"><span style=\"color: #ff6600;\"><strong>Blog<\/strong><\/span>: EVONIR do transportu gnojowicy i pofermentu<\/a><\/p>\n","protected":false},"excerpt":{"rendered":"<p>Technologia precyzyjnego podawania Popraw \u017cywienie zwierz\u0105t gospodarskich dzi\u0119ki zaawansowanym technologiom. Odkryj, jak mo\u017cna zoptymalizowa\u0107 zarz\u0105dzanie pasz\u0105 w celu poprawy wydajno\u015bci [&hellip;]<\/p>\n","protected":false},"author":5,"featured_media":34150,"parent":0,"menu_order":0,"comment_status":"closed","ping_status":"closed","template":"archive-resource.php","meta":{"footnotes":""},"class_list":["post-22648","page","type-page","status-publish","has-post-thumbnail","hentry"],"yoast_head":"<!-- This site is optimized with the Yoast SEO plugin v26.9 - https:\/\/yoast.com\/product\/yoast-seo-wordpress\/ -->\n<title>Zasoby - Dinamica Generale<\/title>\n<meta name=\"robots\" content=\"index, follow, max-snippet:-1, max-image-preview:large, max-video-preview:-1\" \/>\n<link rel=\"canonical\" href=\"https:\/\/www.dinamicagenerale.cn\/pl\/zasoby\/\" \/>\n<meta property=\"og:locale\" content=\"pl_PL\" \/>\n<meta property=\"og:type\" content=\"article\" \/>\n<meta property=\"og:title\" content=\"Zasoby - Dinamica Generale\" \/>\n<meta property=\"og:description\" content=\"Technologia precyzyjnego podawania Popraw \u017cywienie zwierz\u0105t gospodarskich dzi\u0119ki zaawansowanym technologiom. Odkryj, jak mo\u017cna zoptymalizowa\u0107 zarz\u0105dzanie pasz\u0105 w celu poprawy wydajno\u015bci [&hellip;]\" \/>\n<meta property=\"og:url\" content=\"https:\/\/www.dinamicagenerale.cn\/pl\/zasoby\/\" \/>\n<meta property=\"og:site_name\" content=\"Dinamica Generale\" \/>\n<meta name=\"twitter:card\" content=\"summary_large_image\" \/>\n<meta name=\"twitter:label1\" content=\"Szacowany czas czytania\" \/>\n\t<meta name=\"twitter:data1\" content=\"1 minuta\" \/>\n<script type=\"application\/ld+json\" class=\"yoast-schema-graph\">{\"@context\":\"https:\/\/schema.org\",\"@graph\":[{\"@type\":\"WebPage\",\"@id\":\"https:\/\/www.dinamicagenerale.cn\/pl\/zasoby\/\",\"url\":\"https:\/\/www.dinamicagenerale.cn\/pl\/zasoby\/\",\"name\":\"Zasoby - Dinamica Generale\",\"isPartOf\":{\"@id\":\"https:\/\/www.dinamicagenerale.cn\/pl\/#website\"},\"primaryImageOfPage\":{\"@id\":\"https:\/\/www.dinamicagenerale.cn\/pl\/zasoby\/#primaryimage\"},\"image\":{\"@id\":\"https:\/\/www.dinamicagenerale.cn\/pl\/zasoby\/#primaryimage\"},\"thumbnailUrl\":\"https:\/\/www.dinamicagenerale.cn\/wp-content\/uploads\/2025\/11\/Resources-dinamica-generale.png\",\"datePublished\":\"2025-02-04T09:55:03+00:00\",\"breadcrumb\":{\"@id\":\"https:\/\/www.dinamicagenerale.cn\/pl\/zasoby\/#breadcrumb\"},\"inLanguage\":\"pl-PL\",\"potentialAction\":[{\"@type\":\"ReadAction\",\"target\":[\"https:\/\/www.dinamicagenerale.cn\/pl\/zasoby\/\"]}]},{\"@type\":\"ImageObject\",\"inLanguage\":\"pl-PL\",\"@id\":\"https:\/\/www.dinamicagenerale.cn\/pl\/zasoby\/#primaryimage\",\"url\":\"https:\/\/www.dinamicagenerale.cn\/wp-content\/uploads\/2025\/11\/Resources-dinamica-generale.png\",\"contentUrl\":\"https:\/\/www.dinamicagenerale.cn\/wp-content\/uploads\/2025\/11\/Resources-dinamica-generale.png\",\"width\":2362,\"height\":1217},{\"@type\":\"BreadcrumbList\",\"@id\":\"https:\/\/www.dinamicagenerale.cn\/pl\/zasoby\/#breadcrumb\",\"itemListElement\":[{\"@type\":\"ListItem\",\"position\":1,\"name\":\"Home\",\"item\":\"https:\/\/www.dinamicagenerale.cn\/pl\/strona-glowna\/\"},{\"@type\":\"ListItem\",\"position\":2,\"name\":\"Zasoby\"}]},{\"@type\":\"WebSite\",\"@id\":\"https:\/\/www.dinamicagenerale.cn\/pl\/#website\",\"url\":\"https:\/\/www.dinamicagenerale.cn\/pl\/\",\"name\":\"Dinamica Generale\",\"description\":\"\",\"potentialAction\":[{\"@type\":\"SearchAction\",\"target\":{\"@type\":\"EntryPoint\",\"urlTemplate\":\"https:\/\/www.dinamicagenerale.cn\/pl\/?s={search_term_string}\"},\"query-input\":{\"@type\":\"PropertyValueSpecification\",\"valueRequired\":true,\"valueName\":\"search_term_string\"}}],\"inLanguage\":\"pl-PL\"}]}<\/script>\n<!-- \/ Yoast SEO plugin. -->","yoast_head_json":{"title":"Zasoby - Dinamica Generale","robots":{"index":"index","follow":"follow","max-snippet":"max-snippet:-1","max-image-preview":"max-image-preview:large","max-video-preview":"max-video-preview:-1"},"canonical":"https:\/\/www.dinamicagenerale.cn\/pl\/zasoby\/","og_locale":"pl_PL","og_type":"article","og_title":"Zasoby - Dinamica Generale","og_description":"Technologia precyzyjnego podawania Popraw \u017cywienie zwierz\u0105t gospodarskich dzi\u0119ki zaawansowanym technologiom. Odkryj, jak mo\u017cna zoptymalizowa\u0107 zarz\u0105dzanie pasz\u0105 w celu poprawy wydajno\u015bci [&hellip;]","og_url":"https:\/\/www.dinamicagenerale.cn\/pl\/zasoby\/","og_site_name":"Dinamica Generale","twitter_card":"summary_large_image","twitter_misc":{"Szacowany czas czytania":"1 minuta"},"schema":{"@context":"https:\/\/schema.org","@graph":[{"@type":"WebPage","@id":"https:\/\/www.dinamicagenerale.cn\/pl\/zasoby\/","url":"https:\/\/www.dinamicagenerale.cn\/pl\/zasoby\/","name":"Zasoby - Dinamica Generale","isPartOf":{"@id":"https:\/\/www.dinamicagenerale.cn\/pl\/#website"},"primaryImageOfPage":{"@id":"https:\/\/www.dinamicagenerale.cn\/pl\/zasoby\/#primaryimage"},"image":{"@id":"https:\/\/www.dinamicagenerale.cn\/pl\/zasoby\/#primaryimage"},"thumbnailUrl":"https:\/\/www.dinamicagenerale.cn\/wp-content\/uploads\/2025\/11\/Resources-dinamica-generale.png","datePublished":"2025-02-04T09:55:03+00:00","breadcrumb":{"@id":"https:\/\/www.dinamicagenerale.cn\/pl\/zasoby\/#breadcrumb"},"inLanguage":"pl-PL","potentialAction":[{"@type":"ReadAction","target":["https:\/\/www.dinamicagenerale.cn\/pl\/zasoby\/"]}]},{"@type":"ImageObject","inLanguage":"pl-PL","@id":"https:\/\/www.dinamicagenerale.cn\/pl\/zasoby\/#primaryimage","url":"https:\/\/www.dinamicagenerale.cn\/wp-content\/uploads\/2025\/11\/Resources-dinamica-generale.png","contentUrl":"https:\/\/www.dinamicagenerale.cn\/wp-content\/uploads\/2025\/11\/Resources-dinamica-generale.png","width":2362,"height":1217},{"@type":"BreadcrumbList","@id":"https:\/\/www.dinamicagenerale.cn\/pl\/zasoby\/#breadcrumb","itemListElement":[{"@type":"ListItem","position":1,"name":"Home","item":"https:\/\/www.dinamicagenerale.cn\/pl\/strona-glowna\/"},{"@type":"ListItem","position":2,"name":"Zasoby"}]},{"@type":"WebSite","@id":"https:\/\/www.dinamicagenerale.cn\/pl\/#website","url":"https:\/\/www.dinamicagenerale.cn\/pl\/","name":"Dinamica Generale","description":"","potentialAction":[{"@type":"SearchAction","target":{"@type":"EntryPoint","urlTemplate":"https:\/\/www.dinamicagenerale.cn\/pl\/?s={search_term_string}"},"query-input":{"@type":"PropertyValueSpecification","valueRequired":true,"valueName":"search_term_string"}}],"inLanguage":"pl-PL"}]}},"_links":{"self":[{"href":"https:\/\/www.dinamicagenerale.cn\/pl\/wp-json\/wp\/v2\/pages\/22648","targetHints":{"allow":["GET"]}}],"collection":[{"href":"https:\/\/www.dinamicagenerale.cn\/pl\/wp-json\/wp\/v2\/pages"}],"about":[{"href":"https:\/\/www.dinamicagenerale.cn\/pl\/wp-json\/wp\/v2\/types\/page"}],"author":[{"embeddable":true,"href":"https:\/\/www.dinamicagenerale.cn\/pl\/wp-json\/wp\/v2\/users\/5"}],"replies":[{"embeddable":true,"href":"https:\/\/www.dinamicagenerale.cn\/pl\/wp-json\/wp\/v2\/comments?post=22648"}],"version-history":[{"count":0,"href":"https:\/\/www.dinamicagenerale.cn\/pl\/wp-json\/wp\/v2\/pages\/22648\/revisions"}],"wp:featuredmedia":[{"embeddable":true,"href":"https:\/\/www.dinamicagenerale.cn\/pl\/wp-json\/wp\/v2\/media\/34150"}],"wp:attachment":[{"href":"https:\/\/www.dinamicagenerale.cn\/pl\/wp-json\/wp\/v2\/media?parent=22648"}],"curies":[{"name":"wp","href":"https:\/\/api.w.org\/{rel}","templated":true}]}}