{"id":22646,"date":"2025-01-15T15:21:30","date_gmt":"2025-01-15T14:21:30","guid":{"rendered":"https:\/\/www.dinamicagenerale.com\/serwis-i-wsparcie\/"},"modified":"2025-08-20T11:44:18","modified_gmt":"2025-08-20T09:44:18","slug":"serwis-i-wsparcie","status":"publish","type":"page","link":"https:\/\/www.dinamicagenerale.cn\/pl\/serwis-i-wsparcie\/","title":{"rendered":"Serwis i wsparcie"},"content":{"rendered":"<p>Mo\u017cesz liczy\u0107 na zesp\u00f3\u0142 wsparcia Dinamica Generale, aby uzyska\u0107 pomoc, gdy jej najbardziej potrzebujesz. Zapewniamy wsparcie naszym klientom, kt\u00f3rzy potrzebuj\u0105 pilnej pomocy 24 godziny na dob\u0119, 7 dni w tygodniu. Uzyskaj odpowiedzi, kt\u00f3rych potrzebujesz, aby Tw\u00f3j sprz\u0119t by\u0142 zawsze gotowy do pracy. Profesjonalne i sp\u00f3jne podej\u015bcie za po\u015brednictwem naszej globalnej sieci partner\u00f3w.<\/p>\n<p>Dbanie o zadowolenie klient\u00f3w i utrzymywanie nienagannego poziomu us\u0142ug to najlepsza recepta na powtarzalno\u015b\u0107 transakcji.<br \/>\nMo\u017cesz polega\u0107 na naszych wysoko wykwalifikowanych in\u017cynierach i oddanym zespole wsparcia, kt\u00f3ry przekroczy Twoje oczekiwania.<\/p>\n<h2>POMOC DLA USA I KANADY<\/h2>\n<p>Wsparcie techniczne 24\/7: 301 &#8211; 791 &#8211; 1068<br \/>\nWsparcie techniczne za po\u015brednictwem naszego systemu biletowego <a href=\"https:\/\/osticket.dinamicagenerale.com\/\">https:\/\/osticket.dinamicagenerale.com<\/a><br \/>\nlub e-mail: uscanada-help@dinamicagenerale.us <\/p>\n<h2>POMOC DLA KRAJ\u00d3W CIS<\/h2>\n<p>Wsparcie techniczne 24\/7 : +38 063 127 82 99<br \/>\nWsparcie przez e-mail: michaels@dinamicagenerale.com<\/p>\n<h2>POMOC DLA CHIN<\/h2>\n<p>Wsparcie techniczne 24\/7 dla system\u00f3w wagowych i oprogramowania DTM: +86 176 2124 8575<br \/>\nWsparcie techniczne 24\/7 dla analizator\u00f3w NIR i innego oprogramowania: +86 136 8434 5715<\/p>\n<h2>DLA POMOCY MI\u0118DZYNARODOWEJ<\/h2>\n<p>Wsparcie techniczne za po\u015brednictwem naszego systemu biletowego <a href=\"https:\/\/osticket.dinamicagenerale.com\">https:\/\/osticket.dinamicagenerale.com<\/a> lub e-mail: help@dinamicagenerale.com <\/p>\n<p><strong>System sprzeda\u017cy bilet\u00f3w jest dost\u0119pny od poniedzia\u0142ku do niedzieli<\/strong><br \/>\n<strong>Od poniedzia\u0142ku do pi\u0105tku w godzinach od 08:00 do 18:00 (CET)<\/strong><br \/>\nOg\u00f3lne wsparcie i pomoc techniczna w z\u0142o\u017conych kwestiach zwi\u0105zanych z nowymi, rozwijaj\u0105cymi si\u0119 projektami.<br \/>\nPomoc jest dost\u0119pna w j\u0119zyku angielskim, francuskim, w\u0142oskim, niemieckim, hiszpa\u0144skim i rosyjskim.<br \/>\n<strong>Od poniedzia\u0142ku do pi\u0105tku w godzinach od 08:00 do 18:00 (CET) <\/strong>Wsparcie og\u00f3lne.<br \/>\nPomoc jest dost\u0119pna w j\u0119zyku angielskim. Aby odpowiedzie\u0107 na r\u00f3\u017cne potrzeby rynku, korzystamy z system\u00f3w t\u0142umaczenia maszynowego. <\/p>\n<p><strong>Infolinia 24\/7 do obs\u0142ugi krytycznych awarii: +39 346 96 55 640<\/strong><\/p>\n<p>Zdalne wsparcie<br \/>\n<strong>Jak uzyska\u0107 najszybsze wsparcie<\/strong><br \/>\nChcemy szybko rozwi\u0105za\u0107 Tw\u00f3j problem. Mo\u017cemy to zrobi\u0107 jeszcze szybciej, je\u015bli nie musimy odwiedza\u0107 Ci\u0119 na miejscu. Dzi\u0119ki us\u0142udze Team Viewer nasz zesp\u00f3\u0142 mo\u017ce zapewni\u0107 szybk\u0105 pomoc przy u\u017cyciu zdalnego wsparcia. Us\u0142ugi te pozwalaj\u0105 nam uzyska\u0107 dost\u0119p do wy\u015bwietlacza komputera.   <\/p>\n<p>Wystarczy klikn\u0105\u0107 logo Team Viewer i post\u0119powa\u0107 zgodnie z instrukcjami  <a href=\"https:\/\/srv.dinamicagenerale.com\/dgqs.exe\" rel=\"noopener\"><img loading=\"lazy\" decoding=\"async\" class=\"size-full wp-image-7311 alignnone\" src=\"https:\/\/www.dinamicagenerale.cn\/wp-content\/uploads\/2025\/01\/service-support-teamviewer.png\" alt=\"\" width=\"262\" height=\"65\"><\/a><\/p>\n","protected":false},"excerpt":{"rendered":"<p>Mo\u017cesz liczy\u0107 na zesp\u00f3\u0142 wsparcia Dinamica Generale, aby uzyska\u0107 pomoc, gdy jej najbardziej potrzebujesz. Zapewniamy wsparcie naszym klientom, kt\u00f3rzy potrzebuj\u0105 [&hellip;]<\/p>\n","protected":false},"author":5,"featured_media":34159,"parent":0,"menu_order":0,"comment_status":"closed","ping_status":"closed","template":"","meta":{"footnotes":""},"class_list":["post-22646","page","type-page","status-publish","has-post-thumbnail","hentry"],"yoast_head":"<!-- This site is optimized with the Yoast SEO plugin v26.9 - https:\/\/yoast.com\/product\/yoast-seo-wordpress\/ -->\n<title>Serwis i wsparcie - Dinamica Generale<\/title>\n<meta name=\"robots\" content=\"index, follow, max-snippet:-1, max-image-preview:large, max-video-preview:-1\" \/>\n<link rel=\"canonical\" href=\"https:\/\/www.dinamicagenerale.cn\/pl\/serwis-i-wsparcie\/\" \/>\n<meta property=\"og:locale\" content=\"pl_PL\" \/>\n<meta property=\"og:type\" content=\"article\" \/>\n<meta property=\"og:title\" content=\"Serwis i wsparcie - Dinamica Generale\" \/>\n<meta property=\"og:description\" content=\"Mo\u017cesz liczy\u0107 na zesp\u00f3\u0142 wsparcia Dinamica Generale, aby uzyska\u0107 pomoc, gdy jej najbardziej potrzebujesz. Zapewniamy wsparcie naszym klientom, kt\u00f3rzy potrzebuj\u0105 [&hellip;]\" \/>\n<meta property=\"og:url\" content=\"https:\/\/www.dinamicagenerale.cn\/pl\/serwis-i-wsparcie\/\" \/>\n<meta property=\"og:site_name\" content=\"Dinamica Generale\" \/>\n<meta property=\"article:modified_time\" content=\"2025-08-20T09:44:18+00:00\" \/>\n<meta property=\"og:image\" content=\"https:\/\/www.dinamicagenerale.cn\/wp-content\/uploads\/2025\/01\/service-support-teamviewer.png\" \/>\n\t<meta property=\"og:image:width\" content=\"262\" \/>\n\t<meta property=\"og:image:height\" content=\"65\" \/>\n\t<meta property=\"og:image:type\" content=\"image\/png\" \/>\n<meta name=\"twitter:card\" content=\"summary_large_image\" \/>\n<meta name=\"twitter:label1\" content=\"Szacowany czas czytania\" \/>\n\t<meta name=\"twitter:data1\" content=\"2 minuty\" \/>\n<script type=\"application\/ld+json\" class=\"yoast-schema-graph\">{\"@context\":\"https:\/\/schema.org\",\"@graph\":[{\"@type\":\"WebPage\",\"@id\":\"https:\/\/www.dinamicagenerale.cn\/pl\/serwis-i-wsparcie\/\",\"url\":\"https:\/\/www.dinamicagenerale.cn\/pl\/serwis-i-wsparcie\/\",\"name\":\"Serwis i wsparcie - Dinamica Generale\",\"isPartOf\":{\"@id\":\"https:\/\/www.dinamicagenerale.cn\/pl\/#website\"},\"primaryImageOfPage\":{\"@id\":\"https:\/\/www.dinamicagenerale.cn\/pl\/serwis-i-wsparcie\/#primaryimage\"},\"image\":{\"@id\":\"https:\/\/www.dinamicagenerale.cn\/pl\/serwis-i-wsparcie\/#primaryimage\"},\"thumbnailUrl\":\"https:\/\/www.dinamicagenerale.cn\/wp-content\/uploads\/2025\/11\/service-support-dinamica-generale.png\",\"datePublished\":\"2025-01-15T14:21:30+00:00\",\"dateModified\":\"2025-08-20T09:44:18+00:00\",\"breadcrumb\":{\"@id\":\"https:\/\/www.dinamicagenerale.cn\/pl\/serwis-i-wsparcie\/#breadcrumb\"},\"inLanguage\":\"pl-PL\",\"potentialAction\":[{\"@type\":\"ReadAction\",\"target\":[\"https:\/\/www.dinamicagenerale.cn\/pl\/serwis-i-wsparcie\/\"]}]},{\"@type\":\"ImageObject\",\"inLanguage\":\"pl-PL\",\"@id\":\"https:\/\/www.dinamicagenerale.cn\/pl\/serwis-i-wsparcie\/#primaryimage\",\"url\":\"https:\/\/www.dinamicagenerale.cn\/wp-content\/uploads\/2025\/11\/service-support-dinamica-generale.png\",\"contentUrl\":\"https:\/\/www.dinamicagenerale.cn\/wp-content\/uploads\/2025\/11\/service-support-dinamica-generale.png\",\"width\":2362,\"height\":1217},{\"@type\":\"BreadcrumbList\",\"@id\":\"https:\/\/www.dinamicagenerale.cn\/pl\/serwis-i-wsparcie\/#breadcrumb\",\"itemListElement\":[{\"@type\":\"ListItem\",\"position\":1,\"name\":\"Home\",\"item\":\"https:\/\/www.dinamicagenerale.cn\/pl\/strona-glowna\/\"},{\"@type\":\"ListItem\",\"position\":2,\"name\":\"Serwis i wsparcie\"}]},{\"@type\":\"WebSite\",\"@id\":\"https:\/\/www.dinamicagenerale.cn\/pl\/#website\",\"url\":\"https:\/\/www.dinamicagenerale.cn\/pl\/\",\"name\":\"Dinamica Generale\",\"description\":\"\",\"potentialAction\":[{\"@type\":\"SearchAction\",\"target\":{\"@type\":\"EntryPoint\",\"urlTemplate\":\"https:\/\/www.dinamicagenerale.cn\/pl\/?s={search_term_string}\"},\"query-input\":{\"@type\":\"PropertyValueSpecification\",\"valueRequired\":true,\"valueName\":\"search_term_string\"}}],\"inLanguage\":\"pl-PL\"}]}<\/script>\n<!-- \/ Yoast SEO plugin. -->","yoast_head_json":{"title":"Serwis i wsparcie - Dinamica Generale","robots":{"index":"index","follow":"follow","max-snippet":"max-snippet:-1","max-image-preview":"max-image-preview:large","max-video-preview":"max-video-preview:-1"},"canonical":"https:\/\/www.dinamicagenerale.cn\/pl\/serwis-i-wsparcie\/","og_locale":"pl_PL","og_type":"article","og_title":"Serwis i wsparcie - Dinamica Generale","og_description":"Mo\u017cesz liczy\u0107 na zesp\u00f3\u0142 wsparcia Dinamica Generale, aby uzyska\u0107 pomoc, gdy jej najbardziej potrzebujesz. Zapewniamy wsparcie naszym klientom, kt\u00f3rzy potrzebuj\u0105 [&hellip;]","og_url":"https:\/\/www.dinamicagenerale.cn\/pl\/serwis-i-wsparcie\/","og_site_name":"Dinamica Generale","article_modified_time":"2025-08-20T09:44:18+00:00","og_image":[{"width":262,"height":65,"url":"https:\/\/www.dinamicagenerale.cn\/wp-content\/uploads\/2025\/01\/service-support-teamviewer.png","type":"image\/png"}],"twitter_card":"summary_large_image","twitter_misc":{"Szacowany czas czytania":"2 minuty"},"schema":{"@context":"https:\/\/schema.org","@graph":[{"@type":"WebPage","@id":"https:\/\/www.dinamicagenerale.cn\/pl\/serwis-i-wsparcie\/","url":"https:\/\/www.dinamicagenerale.cn\/pl\/serwis-i-wsparcie\/","name":"Serwis i wsparcie - Dinamica Generale","isPartOf":{"@id":"https:\/\/www.dinamicagenerale.cn\/pl\/#website"},"primaryImageOfPage":{"@id":"https:\/\/www.dinamicagenerale.cn\/pl\/serwis-i-wsparcie\/#primaryimage"},"image":{"@id":"https:\/\/www.dinamicagenerale.cn\/pl\/serwis-i-wsparcie\/#primaryimage"},"thumbnailUrl":"https:\/\/www.dinamicagenerale.cn\/wp-content\/uploads\/2025\/11\/service-support-dinamica-generale.png","datePublished":"2025-01-15T14:21:30+00:00","dateModified":"2025-08-20T09:44:18+00:00","breadcrumb":{"@id":"https:\/\/www.dinamicagenerale.cn\/pl\/serwis-i-wsparcie\/#breadcrumb"},"inLanguage":"pl-PL","potentialAction":[{"@type":"ReadAction","target":["https:\/\/www.dinamicagenerale.cn\/pl\/serwis-i-wsparcie\/"]}]},{"@type":"ImageObject","inLanguage":"pl-PL","@id":"https:\/\/www.dinamicagenerale.cn\/pl\/serwis-i-wsparcie\/#primaryimage","url":"https:\/\/www.dinamicagenerale.cn\/wp-content\/uploads\/2025\/11\/service-support-dinamica-generale.png","contentUrl":"https:\/\/www.dinamicagenerale.cn\/wp-content\/uploads\/2025\/11\/service-support-dinamica-generale.png","width":2362,"height":1217},{"@type":"BreadcrumbList","@id":"https:\/\/www.dinamicagenerale.cn\/pl\/serwis-i-wsparcie\/#breadcrumb","itemListElement":[{"@type":"ListItem","position":1,"name":"Home","item":"https:\/\/www.dinamicagenerale.cn\/pl\/strona-glowna\/"},{"@type":"ListItem","position":2,"name":"Serwis i wsparcie"}]},{"@type":"WebSite","@id":"https:\/\/www.dinamicagenerale.cn\/pl\/#website","url":"https:\/\/www.dinamicagenerale.cn\/pl\/","name":"Dinamica Generale","description":"","potentialAction":[{"@type":"SearchAction","target":{"@type":"EntryPoint","urlTemplate":"https:\/\/www.dinamicagenerale.cn\/pl\/?s={search_term_string}"},"query-input":{"@type":"PropertyValueSpecification","valueRequired":true,"valueName":"search_term_string"}}],"inLanguage":"pl-PL"}]}},"_links":{"self":[{"href":"https:\/\/www.dinamicagenerale.cn\/pl\/wp-json\/wp\/v2\/pages\/22646","targetHints":{"allow":["GET"]}}],"collection":[{"href":"https:\/\/www.dinamicagenerale.cn\/pl\/wp-json\/wp\/v2\/pages"}],"about":[{"href":"https:\/\/www.dinamicagenerale.cn\/pl\/wp-json\/wp\/v2\/types\/page"}],"author":[{"embeddable":true,"href":"https:\/\/www.dinamicagenerale.cn\/pl\/wp-json\/wp\/v2\/users\/5"}],"replies":[{"embeddable":true,"href":"https:\/\/www.dinamicagenerale.cn\/pl\/wp-json\/wp\/v2\/comments?post=22646"}],"version-history":[{"count":1,"href":"https:\/\/www.dinamicagenerale.cn\/pl\/wp-json\/wp\/v2\/pages\/22646\/revisions"}],"predecessor-version":[{"id":31869,"href":"https:\/\/www.dinamicagenerale.cn\/pl\/wp-json\/wp\/v2\/pages\/22646\/revisions\/31869"}],"wp:featuredmedia":[{"embeddable":true,"href":"https:\/\/www.dinamicagenerale.cn\/pl\/wp-json\/wp\/v2\/media\/34159"}],"wp:attachment":[{"href":"https:\/\/www.dinamicagenerale.cn\/pl\/wp-json\/wp\/v2\/media?parent=22646"}],"curies":[{"name":"wp","href":"https:\/\/api.w.org\/{rel}","templated":true}]}}