{"id":22645,"date":"2025-01-10T15:59:17","date_gmt":"2025-01-10T14:59:17","guid":{"rendered":"https:\/\/www.dinamicagenerale.com\/certyfikaty-jakosci\/"},"modified":"2025-10-03T17:24:20","modified_gmt":"2025-10-03T15:24:20","slug":"certyfikaty-jakosci","status":"publish","type":"page","link":"https:\/\/www.dinamicagenerale.cn\/pl\/o\/certyfikaty-jakosci\/","title":{"rendered":"Certyfikaty jako\u015bci"},"content":{"rendered":"<h2><span style=\"color: #ff6600;\">Certyfikaty jako\u015bci<\/span><\/h2>\n<p>W Dinamica Generale <strong>jako\u015b\u0107<\/strong> jest g\u0142\u0119boko zakorzeniona w ka\u017cdym aspekcie naszej codziennej dzia\u0142alno\u015bci. Od <strong>projektu po produkcj\u0119<\/strong>, ka\u017cdy produkt jest tworzony tak, aby spe\u0142nia\u0142 <strong>rygorystyczne standardy jako\u015bci<\/strong> i zapewnia\u0142 <strong>wyj\u0105tkow\u0105 wydajno\u015b\u0107<\/strong>. <\/p>\n<p>Nasze d\u0105\u017cenie do doskona\u0142o\u015bci opiera si\u0119 na <strong>globalnej certyfikacji<\/strong> zgodno\u015bci z <strong>norm\u0105 jako\u015bci ISO 9001<\/strong>. Z biegiem lat rozszerzyli\u015bmy nasze certyfikaty o <strong>ISO 13485<\/strong> dla urz\u0105dze\u0144 medycznych. <\/p>\n<p>Pobierz kopie naszych <strong>certyfikat\u00f3w<\/strong> poni\u017cej, aby dowiedzie\u0107 si\u0119 wi\u0119cej o naszym zaanga\u017cowaniu w <strong>jako\u015b\u0107<\/strong> i zgodno\u015b\u0107 z przepisami.<\/p>\n<p><a href=\"https:\/\/www.dinamicagenerale.cn\/wp-content\/uploads\/2025\/01\/Certified_9001_ENG-ITA_extsigned_dinamica-generale.pdf\">ISO 9001<\/a><\/p>\n<p><a href=\"https:\/\/www.dinamicagenerale.cn\/wp-content\/uploads\/2025\/01\/Certified_13485_ENG-ITA_extsigned_dinamica-generale.pdf\">ISO 13485<\/a><\/p>\n<p>&nbsp;<\/p>\n<h2><span style=\"color: #ff6600;\">Certyfikaty zr\u00f3wnowa\u017conego rozwoju  <\/span><\/h2>\n<p><strong>Zr\u00f3wnowa\u017cony rozw\u00f3j<\/strong> jest podstawow\u0105 warto\u015bci\u0105, kt\u00f3ra nap\u0119dza nasze dzia\u0142ania i kultur\u0119 korporacyjn\u0105. Jeste\u015bmy zaanga\u017cowani w promowanie <strong>odpowiedzialno\u015bci \u015brodowiskowej<\/strong>, zapewnianie <strong>bezpiecze\u0144stwa w miejscu pracy<\/strong> i wspieranie <strong>r\u00f3wno\u015bci p\u0142ci<\/strong> jako integralnych cz\u0119\u015bci naszych praktyk biznesowych. <\/p>\n<p>Nasze zaanga\u017cowanie w zr\u00f3wnowa\u017cony rozw\u00f3j znajduje odzwierciedlenie w naszych <strong>certyfikatach<\/strong>, w tym <strong>ISO 14001<\/strong> w zakresie zarz\u0105dzania \u015brodowiskowego, <strong>ISO 45001<\/strong> w zakresie bezpiecze\u0144stwa i higieny pracy oraz <strong>UNI PdR 125:2022<\/strong>, kt\u00f3ry docenia nasze wysi\u0142ki na rzecz osi\u0105gni\u0119cia <strong>r\u00f3wno\u015bci p\u0142ci<\/strong>.<\/p>\n<p>Certyfikaty te \u015bwiadcz\u0105 o naszym niezachwianym zaanga\u017cowaniu w tworzenie zr\u00f3wnowa\u017conej i integracyjnej przysz\u0142o\u015bci, zar\u00f3wno w naszej organizacji, jak i w spo\u0142eczno\u015bciach, kt\u00f3rym s\u0142u\u017cymy.<\/p>\n<p><a href=\"https:\/\/www.dinamicagenerale.cn\/wp-content\/uploads\/2025\/01\/Certificato_Dinamica_14001-scad.2027-.pdf\">ISO 14001<\/a><\/p>\n<p><a href=\"https:\/\/www.dinamicagenerale.cn\/wp-content\/uploads\/2025\/01\/Certificato_Dinamica_45001-scad.2027.pdf\">ISO 45001<\/a><\/p>\n<p><a href=\"https:\/\/www.dinamicagenerale.cn\/wp-content\/uploads\/2025\/01\/Dinamica-Generale_gender-equality.pdf\">UNI PdR 125\/2022<\/a><\/p>\n<p>&nbsp;<\/p>\n<h2><span style=\"color: #ff6600;\">Raport zr\u00f3wnowa\u017conego rozwoju  <\/span><\/h2>\n<p>Nasz <strong>Raport Zr\u00f3wnowa\u017conego<\/strong> Rozwoju prezentuje nasze zaanga\u017cowanie w <strong>odpowiedzialny<\/strong> i <strong>przejrzysty rozw\u00f3j<\/strong>. Przedstawia on wysi\u0142ki na rzecz zmniejszenia <strong>wp\u0142ywu na \u015brodowisko<\/strong>, promowania <strong>dobrobytu spo\u0142ecznego<\/strong> i zapewnienia <strong>etycznego zarz\u0105dzania<\/strong>. Zawieraj\u0105c kluczowe dane, cele i przysz\u0142e projekty, raport podkre\u015bla, \u017ce zr\u00f3wnowa\u017cony rozw\u00f3j jest kluczowym elementem naszej strategii biznesowej. Zapraszamy interesariuszy do zapoznania si\u0119 z naszym wk\u0142adem w bardziej <strong>zr\u00f3wnowa\u017con\u0105 przysz\u0142o\u015b\u0107<\/strong> i do\u0142\u0105czenia do nas w d\u0105\u017ceniu do ci\u0105g\u0142ego doskonalenia.   <\/p>\n<p><a href=\"https:\/\/www.dinamicagenerale.cn\/wp-content\/uploads\/2025\/01\/Dinamica-Generale_Report-sostenibilita-2023.pdf\"><strong>2023:<\/strong> Pobierz nasz raport zr\u00f3wnowa\u017conego rozwoju<\/a><\/p>\n<p><a href=\"https:\/\/www.dinamicagenerale.cn\/wp-content\/uploads\/2025\/09\/Dinamica-Generale_report_2024_20250912_DEF.pdf\"><strong>2024:<\/strong> Pobierz nasz raport zr\u00f3wnowa\u017conego rozwoju<\/a><\/p>\n<p>&nbsp;<\/p>\n<h2><span style=\"color: #ff6600;\">Analiza \u015bladu w\u0119glowego<\/span><\/h2>\n<p>Kieruj\u0105c si\u0119 naszym zaanga\u017cowaniem w zr\u00f3wnowa\u017cony rozw\u00f3j, aktywnie koncentrujemy si\u0119 na zmniejszaniu naszego wp\u0142ywu na \u015brodowisko poprzez kompleksow\u0105 <strong>analiz\u0119 \u015bladu w\u0119glowego<\/strong>. Takie podej\u015bcie pozwala nam mierzy\u0107, monitorowa\u0107 i minimalizowa\u0107 emisj\u0119 gaz\u00f3w cieplarnianych w ca\u0142ej naszej dzia\u0142alno\u015bci. <\/p>\n<p>Poprzez priorytetowe traktowanie <strong>zarz\u0105dzania \u015bladem w\u0119glowym<\/strong>, chcemy przyczyni\u0107 si\u0119 do bardziej zr\u00f3wnowa\u017conej przysz\u0142o\u015bci, dostosowuj\u0105c si\u0119 do globalnych wysi\u0142k\u00f3w na rzecz walki ze zmianami klimatycznymi i promowania odpowiedzialno\u015bci za \u015brodowisko.<\/p>\n<p><strong>2024: <\/strong><a href=\"https:\/\/www.dinamicagenerale.cn\/wp-content\/uploads\/2025\/01\/CarbonFootprintOrganizzazioneDinamicaGeneralerev00-35235-35236.pdf\">Pobierz nasz\u0105 analiz\u0119 \u015bladu w\u0119glowego<\/a><\/p>\n<p><strong>2025: <\/strong><a href=\"https:\/\/www.dinamicagenerale.cn\/wp-content\/uploads\/2025\/06\/Carbon-Footprint-Organizzazione-Dinamica-Generale-rev01.pdf\">Pobierz nasz\u0105 analiz\u0119 \u015bladu w\u0119glowego<\/a><\/p>\n<p>&nbsp;<\/p>\n<h2><span style=\"color: #ff6600;\">Kodeks etyczny<\/span><\/h2>\n<p>W \u015bwiecie coraz bardziej skoncentrowanym na zr\u00f3wnowa\u017conym rozwoju, zrozumienie i zmniejszenie wp\u0142ywu na \u015brodowisko jest najwy\u017cszym priorytetem. Nasza <strong>analiza \u015bladu w\u0119glowego<\/strong> s\u0142u\u017cy jako kamie\u0144 w\u0119gielny naszych wysi\u0142k\u00f3w, zapewniaj\u0105c jasny pomiar emisji gaz\u00f3w cieplarnianych i ukierunkowuj\u0105c strategie poprawy. <\/p>\n<p>Zobowi\u0105zanie to odzwierciedla nasze zaanga\u017cowanie w prowadzenie dzia\u0142alno\u015bci w spos\u00f3b <strong>odpowiedzialny i przejrzysty<\/strong>, dostosowuj\u0105c nasze dzia\u0142ania do globalnego celu, jakim jest zdrowsza planeta. Zapraszamy do zapoznania si\u0119 z tym, jak mierzymy, zarz\u0105dzamy i zmniejszamy nasz \u015blad w\u0119glowy w ramach naszej podr\u00f3\u017cy ku zr\u00f3wnowa\u017conej przysz\u0142o\u015bci. <\/p>\n<p><a href=\"https:\/\/www.dinamicagenerale.cn\/wp-content\/uploads\/2025\/01\/CodiceEticoWebrev00-35283.pdf\">Pobierz nasz kodeks etyczny<\/a><\/p>\n<p>&nbsp;<\/p>\n<h2><span style=\"color: #ff6600;\">Polityka firmy<\/span><\/h2>\n<p><strong>Polityka<\/strong> naszej firmy odzwierciedla zasady <strong>uczciwo\u015bci<\/strong>, <strong>zr\u00f3wnowa\u017conego rozwoju<\/strong> i <strong>doskona\u0142o\u015bci<\/strong>, kt\u00f3re kieruj\u0105 naszymi dzia\u0142aniami. Zapewnia przejrzysto\u015b\u0107, promuje <strong>odpowiedzialno\u015b\u0107 za \u015brodowisko<\/strong> i stawia na pierwszym miejscu dobro wszystkich interesariuszy. Dowiedz si\u0119, w jaki spos\u00f3b nasza polityka nap\u0119dza ci\u0105g\u0142e doskonalenie i wsp\u00f3lny sukces.  <\/p>\n<p><strong>Rev.14 &#8211; ITA: <\/strong><a href=\"https:\/\/www.dinamicagenerale.cn\/wp-content\/uploads\/2025\/10\/Politica-Integrata-Aziendale_rev14_ITA_Pubblico-1.pdf\">Pobierz polityk\u0119 firmy<\/a><\/p>\n<p><strong>Rev.11 &#8211; ITA:<\/strong> <a href=\"https:\/\/www.dinamicagenerale.cn\/wp-content\/uploads\/2025\/07\/politica-rev11ENGweb-32404-1.pdf\">Pobierz polityk\u0119 firmy<\/a><\/p>\n<p><strong>Rev.11 &#8211; ENG:<\/strong> <a href=\"https:\/\/www.dinamicagenerale.cn\/wp-content\/uploads\/2025\/02\/politica-rev11ENGweb-32404-1.pdf\">Pobierz polityk\u0119 firmy<\/a><\/p>\n<p><a href=\"https:\/\/www.dinamicagenerale.cn\/wp-content\/uploads\/2025\/01\/politica-rev13ENGweb-35224.pdf\">Pobierz nasz\u0105 zintegrowan\u0105 polityk\u0119 firmy<\/a><\/p>\n<p><a href=\"https:\/\/www.dinamicagenerale.cn\/wp-content\/uploads\/2025\/02\/politica-rev11ENGweb-32404.pdf\">Pobierz pierwsze strony dotycz\u0105ce ochrony \u015brodowiska<\/a><\/p>\n<p><a href=\"https:\/\/www.dinamicagenerale.cn\/wp-content\/uploads\/2025\/02\/politicaConflictMineralsENGRev00Draft-5059.pdf\">Pobierz polityk\u0119 dotycz\u0105c\u0105 minera\u0142\u00f3w konfliktu<\/a><\/p>\n<p><a href=\"https:\/\/www.dinamicagenerale.cn\/wp-content\/uploads\/2025\/02\/Mod508RevA-CodicediCondottafornitoriENG-35234-DEF.pdf\">Pobierz kodeks post\u0119powania dostawcy  <\/a><\/p>\n<p><a href=\"https:\/\/www.dinamicagenerale.cn\/wp-content\/uploads\/2025\/02\/politicaresponsabilitsociale-rev02ENG-35231.pdf\">Pobierz polityk\u0119 odpowiedzialno\u015bci spo\u0142ecznej<\/a><\/p>\n<p><a href=\"https:\/\/www.dinamicagenerale.cn\/wp-content\/uploads\/2025\/02\/PoliticaperlaParitdiGenererev01ENG-35230.pdf\">Pobierz polityk\u0119 r\u00f3wno\u015bci p\u0142ci<\/a><\/p>\n","protected":false},"excerpt":{"rendered":"<p>Certyfikaty jako\u015bci W Dinamica Generale jako\u015b\u0107 jest g\u0142\u0119boko zakorzeniona w ka\u017cdym aspekcie naszej codziennej dzia\u0142alno\u015bci. Od projektu po produkcj\u0119, ka\u017cdy [&hellip;]<\/p>\n","protected":false},"author":2,"featured_media":0,"parent":22649,"menu_order":0,"comment_status":"closed","ping_status":"closed","template":"","meta":{"footnotes":""},"class_list":["post-22645","page","type-page","status-publish","hentry"],"yoast_head":"<!-- This site is optimized with the Yoast SEO plugin v26.9 - https:\/\/yoast.com\/product\/yoast-seo-wordpress\/ -->\n<title>Certyfikaty jako\u015bci - Dinamica Generale<\/title>\n<meta name=\"robots\" content=\"index, follow, max-snippet:-1, max-image-preview:large, max-video-preview:-1\" \/>\n<link rel=\"canonical\" href=\"https:\/\/www.dinamicagenerale.cn\/pl\/o\/certyfikaty-jakosci\/\" \/>\n<meta property=\"og:locale\" content=\"pl_PL\" \/>\n<meta property=\"og:type\" content=\"article\" \/>\n<meta property=\"og:title\" content=\"Certyfikaty jako\u015bci - Dinamica Generale\" \/>\n<meta property=\"og:description\" content=\"Certyfikaty jako\u015bci W Dinamica Generale jako\u015b\u0107 jest g\u0142\u0119boko zakorzeniona w ka\u017cdym aspekcie naszej codziennej dzia\u0142alno\u015bci. Od projektu po produkcj\u0119, ka\u017cdy [&hellip;]\" \/>\n<meta property=\"og:url\" content=\"https:\/\/www.dinamicagenerale.cn\/pl\/o\/certyfikaty-jakosci\/\" \/>\n<meta property=\"og:site_name\" content=\"Dinamica Generale\" \/>\n<meta property=\"article:modified_time\" content=\"2025-10-03T15:24:20+00:00\" \/>\n<meta name=\"twitter:card\" content=\"summary_large_image\" \/>\n<meta name=\"twitter:label1\" content=\"Szacowany czas czytania\" \/>\n\t<meta name=\"twitter:data1\" content=\"3 minuty\" \/>\n<script type=\"application\/ld+json\" class=\"yoast-schema-graph\">{\"@context\":\"https:\/\/schema.org\",\"@graph\":[{\"@type\":\"WebPage\",\"@id\":\"https:\/\/www.dinamicagenerale.cn\/pl\/o\/certyfikaty-jakosci\/\",\"url\":\"https:\/\/www.dinamicagenerale.cn\/pl\/o\/certyfikaty-jakosci\/\",\"name\":\"Certyfikaty jako\u015bci - Dinamica Generale\",\"isPartOf\":{\"@id\":\"https:\/\/www.dinamicagenerale.cn\/pl\/#website\"},\"datePublished\":\"2025-01-10T14:59:17+00:00\",\"dateModified\":\"2025-10-03T15:24:20+00:00\",\"breadcrumb\":{\"@id\":\"https:\/\/www.dinamicagenerale.cn\/pl\/o\/certyfikaty-jakosci\/#breadcrumb\"},\"inLanguage\":\"pl-PL\",\"potentialAction\":[{\"@type\":\"ReadAction\",\"target\":[\"https:\/\/www.dinamicagenerale.cn\/pl\/o\/certyfikaty-jakosci\/\"]}]},{\"@type\":\"BreadcrumbList\",\"@id\":\"https:\/\/www.dinamicagenerale.cn\/pl\/o\/certyfikaty-jakosci\/#breadcrumb\",\"itemListElement\":[{\"@type\":\"ListItem\",\"position\":1,\"name\":\"Home\",\"item\":\"https:\/\/www.dinamicagenerale.cn\/pl\/strona-glowna\/\"},{\"@type\":\"ListItem\",\"position\":2,\"name\":\"O\",\"item\":\"https:\/\/www.dinamicagenerale.cn\/pl\/o\/\"},{\"@type\":\"ListItem\",\"position\":3,\"name\":\"Certyfikaty jako\u015bci\"}]},{\"@type\":\"WebSite\",\"@id\":\"https:\/\/www.dinamicagenerale.cn\/pl\/#website\",\"url\":\"https:\/\/www.dinamicagenerale.cn\/pl\/\",\"name\":\"Dinamica Generale\",\"description\":\"\",\"potentialAction\":[{\"@type\":\"SearchAction\",\"target\":{\"@type\":\"EntryPoint\",\"urlTemplate\":\"https:\/\/www.dinamicagenerale.cn\/pl\/?s={search_term_string}\"},\"query-input\":{\"@type\":\"PropertyValueSpecification\",\"valueRequired\":true,\"valueName\":\"search_term_string\"}}],\"inLanguage\":\"pl-PL\"}]}<\/script>\n<!-- \/ Yoast SEO plugin. -->","yoast_head_json":{"title":"Certyfikaty jako\u015bci - Dinamica Generale","robots":{"index":"index","follow":"follow","max-snippet":"max-snippet:-1","max-image-preview":"max-image-preview:large","max-video-preview":"max-video-preview:-1"},"canonical":"https:\/\/www.dinamicagenerale.cn\/pl\/o\/certyfikaty-jakosci\/","og_locale":"pl_PL","og_type":"article","og_title":"Certyfikaty jako\u015bci - Dinamica Generale","og_description":"Certyfikaty jako\u015bci W Dinamica Generale jako\u015b\u0107 jest g\u0142\u0119boko zakorzeniona w ka\u017cdym aspekcie naszej codziennej dzia\u0142alno\u015bci. Od projektu po produkcj\u0119, ka\u017cdy [&hellip;]","og_url":"https:\/\/www.dinamicagenerale.cn\/pl\/o\/certyfikaty-jakosci\/","og_site_name":"Dinamica Generale","article_modified_time":"2025-10-03T15:24:20+00:00","twitter_card":"summary_large_image","twitter_misc":{"Szacowany czas czytania":"3 minuty"},"schema":{"@context":"https:\/\/schema.org","@graph":[{"@type":"WebPage","@id":"https:\/\/www.dinamicagenerale.cn\/pl\/o\/certyfikaty-jakosci\/","url":"https:\/\/www.dinamicagenerale.cn\/pl\/o\/certyfikaty-jakosci\/","name":"Certyfikaty jako\u015bci - Dinamica Generale","isPartOf":{"@id":"https:\/\/www.dinamicagenerale.cn\/pl\/#website"},"datePublished":"2025-01-10T14:59:17+00:00","dateModified":"2025-10-03T15:24:20+00:00","breadcrumb":{"@id":"https:\/\/www.dinamicagenerale.cn\/pl\/o\/certyfikaty-jakosci\/#breadcrumb"},"inLanguage":"pl-PL","potentialAction":[{"@type":"ReadAction","target":["https:\/\/www.dinamicagenerale.cn\/pl\/o\/certyfikaty-jakosci\/"]}]},{"@type":"BreadcrumbList","@id":"https:\/\/www.dinamicagenerale.cn\/pl\/o\/certyfikaty-jakosci\/#breadcrumb","itemListElement":[{"@type":"ListItem","position":1,"name":"Home","item":"https:\/\/www.dinamicagenerale.cn\/pl\/strona-glowna\/"},{"@type":"ListItem","position":2,"name":"O","item":"https:\/\/www.dinamicagenerale.cn\/pl\/o\/"},{"@type":"ListItem","position":3,"name":"Certyfikaty jako\u015bci"}]},{"@type":"WebSite","@id":"https:\/\/www.dinamicagenerale.cn\/pl\/#website","url":"https:\/\/www.dinamicagenerale.cn\/pl\/","name":"Dinamica Generale","description":"","potentialAction":[{"@type":"SearchAction","target":{"@type":"EntryPoint","urlTemplate":"https:\/\/www.dinamicagenerale.cn\/pl\/?s={search_term_string}"},"query-input":{"@type":"PropertyValueSpecification","valueRequired":true,"valueName":"search_term_string"}}],"inLanguage":"pl-PL"}]}},"_links":{"self":[{"href":"https:\/\/www.dinamicagenerale.cn\/pl\/wp-json\/wp\/v2\/pages\/22645","targetHints":{"allow":["GET"]}}],"collection":[{"href":"https:\/\/www.dinamicagenerale.cn\/pl\/wp-json\/wp\/v2\/pages"}],"about":[{"href":"https:\/\/www.dinamicagenerale.cn\/pl\/wp-json\/wp\/v2\/types\/page"}],"author":[{"embeddable":true,"href":"https:\/\/www.dinamicagenerale.cn\/pl\/wp-json\/wp\/v2\/users\/2"}],"replies":[{"embeddable":true,"href":"https:\/\/www.dinamicagenerale.cn\/pl\/wp-json\/wp\/v2\/comments?post=22645"}],"version-history":[{"count":5,"href":"https:\/\/www.dinamicagenerale.cn\/pl\/wp-json\/wp\/v2\/pages\/22645\/revisions"}],"predecessor-version":[{"id":33713,"href":"https:\/\/www.dinamicagenerale.cn\/pl\/wp-json\/wp\/v2\/pages\/22645\/revisions\/33713"}],"up":[{"embeddable":true,"href":"https:\/\/www.dinamicagenerale.cn\/pl\/wp-json\/wp\/v2\/pages\/22649"}],"wp:attachment":[{"href":"https:\/\/www.dinamicagenerale.cn\/pl\/wp-json\/wp\/v2\/media?parent=22645"}],"curies":[{"name":"wp","href":"https:\/\/api.w.org\/{rel}","templated":true}]}}