{"id":22637,"date":"2024-04-08T14:26:08","date_gmt":"2024-04-08T12:26:08","guid":{"rendered":"https:\/\/www.dinamicagenerale.com\/strona-glowna\/"},"modified":"2024-04-08T14:26:08","modified_gmt":"2024-04-08T12:26:08","slug":"strona-glowna","status":"publish","type":"page","link":"https:\/\/www.dinamicagenerale.cn\/pl\/","title":{"rendered":"Strona g\u0142\u00f3wna"},"content":{"rendered":"","protected":false},"excerpt":{"rendered":"","protected":false},"author":1,"featured_media":29359,"parent":0,"menu_order":10,"comment_status":"closed","ping_status":"closed","template":"","meta":{"footnotes":""},"class_list":["post-22637","page","type-page","status-publish","has-post-thumbnail","hentry"],"yoast_head":"<!-- This site is optimized with the Yoast SEO plugin v26.9 - https:\/\/yoast.com\/product\/yoast-seo-wordpress\/ -->\n<title>Dinamica Generale. Innowacyjne technologie dla rolnictwa precyzyjnego<\/title>\n<meta name=\"description\" content=\"Dinamica Generale. Rewolucja w rolnictwie przysz\u0142o\u015bci dzi\u0119ki innowacyjnym technologiom dla rolnictwa precyzyjnego. Odkryj nasze rozwi\u0105zania.\" \/>\n<meta name=\"robots\" content=\"index, follow, max-snippet:-1, max-image-preview:large, max-video-preview:-1\" \/>\n<link rel=\"canonical\" href=\"https:\/\/www.dinamicagenerale.cn\/pl\/\" \/>\n<meta property=\"og:locale\" content=\"pl_PL\" \/>\n<meta property=\"og:type\" content=\"article\" \/>\n<meta property=\"og:title\" content=\"Dinamica Generale. Innowacyjne technologie dla rolnictwa precyzyjnego\" \/>\n<meta property=\"og:description\" content=\"Dinamica Generale. Rewolucja w rolnictwie przysz\u0142o\u015bci dzi\u0119ki innowacyjnym technologiom dla rolnictwa precyzyjnego. Odkryj nasze rozwi\u0105zania.\" \/>\n<meta property=\"og:url\" content=\"https:\/\/www.dinamicagenerale.cn\/pl\/\" \/>\n<meta property=\"og:site_name\" content=\"Dinamica Generale\" \/>\n<meta property=\"og:image\" content=\"https:\/\/www.dinamicagenerale.cn\/wp-content\/uploads\/2025\/05\/dinamica-generale.jpeg\" \/>\n\t<meta property=\"og:image:width\" content=\"1126\" \/>\n\t<meta property=\"og:image:height\" content=\"750\" \/>\n\t<meta property=\"og:image:type\" content=\"image\/jpeg\" \/>\n<meta name=\"twitter:card\" content=\"summary_large_image\" \/>\n<script type=\"application\/ld+json\" class=\"yoast-schema-graph\">{\"@context\":\"https:\/\/schema.org\",\"@graph\":[{\"@type\":\"WebPage\",\"@id\":\"https:\/\/www.dinamicagenerale.cn\/pl\/\",\"url\":\"https:\/\/www.dinamicagenerale.cn\/pl\/\",\"name\":\"Dinamica Generale. Innowacyjne technologie dla rolnictwa precyzyjnego\",\"isPartOf\":{\"@id\":\"https:\/\/www.dinamicagenerale.cn\/pl\/#website\"},\"primaryImageOfPage\":{\"@id\":\"https:\/\/www.dinamicagenerale.cn\/pl\/#primaryimage\"},\"image\":{\"@id\":\"https:\/\/www.dinamicagenerale.cn\/pl\/#primaryimage\"},\"thumbnailUrl\":\"https:\/\/www.dinamicagenerale.cn\/wp-content\/uploads\/2024\/10\/dinamica-generale_italy.jpg\",\"datePublished\":\"2024-04-08T12:26:08+00:00\",\"description\":\"Dinamica Generale. Rewolucja w rolnictwie przysz\u0142o\u015bci dzi\u0119ki innowacyjnym technologiom dla rolnictwa precyzyjnego. Odkryj nasze rozwi\u0105zania.\",\"breadcrumb\":{\"@id\":\"https:\/\/www.dinamicagenerale.cn\/pl\/#breadcrumb\"},\"inLanguage\":\"pl-PL\",\"potentialAction\":[{\"@type\":\"ReadAction\",\"target\":[\"https:\/\/www.dinamicagenerale.cn\/pl\/\"]}]},{\"@type\":\"ImageObject\",\"inLanguage\":\"pl-PL\",\"@id\":\"https:\/\/www.dinamicagenerale.cn\/pl\/#primaryimage\",\"url\":\"https:\/\/www.dinamicagenerale.cn\/wp-content\/uploads\/2024\/10\/dinamica-generale_italy.jpg\",\"contentUrl\":\"https:\/\/www.dinamicagenerale.cn\/wp-content\/uploads\/2024\/10\/dinamica-generale_italy.jpg\",\"width\":1920,\"height\":989},{\"@type\":\"BreadcrumbList\",\"@id\":\"https:\/\/www.dinamicagenerale.cn\/pl\/#breadcrumb\",\"itemListElement\":[{\"@type\":\"ListItem\",\"position\":1,\"name\":\"Home\",\"item\":\"https:\/\/www.dinamicagenerale.cn\/pl\/strona-glowna\/\"},{\"@type\":\"ListItem\",\"position\":2,\"name\":\"Strona g\u0142\u00f3wna\"}]},{\"@type\":\"WebSite\",\"@id\":\"https:\/\/www.dinamicagenerale.cn\/pl\/#website\",\"url\":\"https:\/\/www.dinamicagenerale.cn\/pl\/\",\"name\":\"Dinamica Generale\",\"description\":\"\",\"potentialAction\":[{\"@type\":\"SearchAction\",\"target\":{\"@type\":\"EntryPoint\",\"urlTemplate\":\"https:\/\/www.dinamicagenerale.cn\/pl\/?s={search_term_string}\"},\"query-input\":{\"@type\":\"PropertyValueSpecification\",\"valueRequired\":true,\"valueName\":\"search_term_string\"}}],\"inLanguage\":\"pl-PL\"}]}<\/script>\n<!-- \/ Yoast SEO plugin. -->","yoast_head_json":{"title":"Dinamica Generale. Innowacyjne technologie dla rolnictwa precyzyjnego","description":"Dinamica Generale. Rewolucja w rolnictwie przysz\u0142o\u015bci dzi\u0119ki innowacyjnym technologiom dla rolnictwa precyzyjnego. Odkryj nasze rozwi\u0105zania.","robots":{"index":"index","follow":"follow","max-snippet":"max-snippet:-1","max-image-preview":"max-image-preview:large","max-video-preview":"max-video-preview:-1"},"canonical":"https:\/\/www.dinamicagenerale.cn\/pl\/","og_locale":"pl_PL","og_type":"article","og_title":"Dinamica Generale. Innowacyjne technologie dla rolnictwa precyzyjnego","og_description":"Dinamica Generale. Rewolucja w rolnictwie przysz\u0142o\u015bci dzi\u0119ki innowacyjnym technologiom dla rolnictwa precyzyjnego. Odkryj nasze rozwi\u0105zania.","og_url":"https:\/\/www.dinamicagenerale.cn\/pl\/","og_site_name":"Dinamica Generale","og_image":[{"width":1126,"height":750,"url":"https:\/\/www.dinamicagenerale.cn\/wp-content\/uploads\/2025\/05\/dinamica-generale.jpeg","type":"image\/jpeg"}],"twitter_card":"summary_large_image","schema":{"@context":"https:\/\/schema.org","@graph":[{"@type":"WebPage","@id":"https:\/\/www.dinamicagenerale.cn\/pl\/","url":"https:\/\/www.dinamicagenerale.cn\/pl\/","name":"Dinamica Generale. Innowacyjne technologie dla rolnictwa precyzyjnego","isPartOf":{"@id":"https:\/\/www.dinamicagenerale.cn\/pl\/#website"},"primaryImageOfPage":{"@id":"https:\/\/www.dinamicagenerale.cn\/pl\/#primaryimage"},"image":{"@id":"https:\/\/www.dinamicagenerale.cn\/pl\/#primaryimage"},"thumbnailUrl":"https:\/\/www.dinamicagenerale.cn\/wp-content\/uploads\/2024\/10\/dinamica-generale_italy.jpg","datePublished":"2024-04-08T12:26:08+00:00","description":"Dinamica Generale. Rewolucja w rolnictwie przysz\u0142o\u015bci dzi\u0119ki innowacyjnym technologiom dla rolnictwa precyzyjnego. Odkryj nasze rozwi\u0105zania.","breadcrumb":{"@id":"https:\/\/www.dinamicagenerale.cn\/pl\/#breadcrumb"},"inLanguage":"pl-PL","potentialAction":[{"@type":"ReadAction","target":["https:\/\/www.dinamicagenerale.cn\/pl\/"]}]},{"@type":"ImageObject","inLanguage":"pl-PL","@id":"https:\/\/www.dinamicagenerale.cn\/pl\/#primaryimage","url":"https:\/\/www.dinamicagenerale.cn\/wp-content\/uploads\/2024\/10\/dinamica-generale_italy.jpg","contentUrl":"https:\/\/www.dinamicagenerale.cn\/wp-content\/uploads\/2024\/10\/dinamica-generale_italy.jpg","width":1920,"height":989},{"@type":"BreadcrumbList","@id":"https:\/\/www.dinamicagenerale.cn\/pl\/#breadcrumb","itemListElement":[{"@type":"ListItem","position":1,"name":"Home","item":"https:\/\/www.dinamicagenerale.cn\/pl\/strona-glowna\/"},{"@type":"ListItem","position":2,"name":"Strona g\u0142\u00f3wna"}]},{"@type":"WebSite","@id":"https:\/\/www.dinamicagenerale.cn\/pl\/#website","url":"https:\/\/www.dinamicagenerale.cn\/pl\/","name":"Dinamica Generale","description":"","potentialAction":[{"@type":"SearchAction","target":{"@type":"EntryPoint","urlTemplate":"https:\/\/www.dinamicagenerale.cn\/pl\/?s={search_term_string}"},"query-input":{"@type":"PropertyValueSpecification","valueRequired":true,"valueName":"search_term_string"}}],"inLanguage":"pl-PL"}]}},"_links":{"self":[{"href":"https:\/\/www.dinamicagenerale.cn\/pl\/wp-json\/wp\/v2\/pages\/22637","targetHints":{"allow":["GET"]}}],"collection":[{"href":"https:\/\/www.dinamicagenerale.cn\/pl\/wp-json\/wp\/v2\/pages"}],"about":[{"href":"https:\/\/www.dinamicagenerale.cn\/pl\/wp-json\/wp\/v2\/types\/page"}],"author":[{"embeddable":true,"href":"https:\/\/www.dinamicagenerale.cn\/pl\/wp-json\/wp\/v2\/users\/1"}],"replies":[{"embeddable":true,"href":"https:\/\/www.dinamicagenerale.cn\/pl\/wp-json\/wp\/v2\/comments?post=22637"}],"version-history":[{"count":0,"href":"https:\/\/www.dinamicagenerale.cn\/pl\/wp-json\/wp\/v2\/pages\/22637\/revisions"}],"wp:featuredmedia":[{"embeddable":true,"href":"https:\/\/www.dinamicagenerale.cn\/pl\/wp-json\/wp\/v2\/media\/29359"}],"wp:attachment":[{"href":"https:\/\/www.dinamicagenerale.cn\/pl\/wp-json\/wp\/v2\/media?parent=22637"}],"curies":[{"name":"wp","href":"https:\/\/api.w.org\/{rel}","templated":true}]}}