{"id":22634,"date":"2024-12-30T12:41:00","date_gmt":"2024-12-30T11:41:00","guid":{"rendered":"https:\/\/www.dinamicagenerale.com\/medyczny\/"},"modified":"2024-12-30T12:41:00","modified_gmt":"2024-12-30T11:41:00","slug":"medyczny","status":"publish","type":"page","link":"https:\/\/www.dinamicagenerale.cn\/pl\/medyczny\/","title":{"rendered":"Medyczny"},"content":{"rendered":"<p>zmodyfikuj produkt MEDICAL, aby spopularyzowa\u0107 t\u0119 stron\u0119<\/p>\n<p>https:\/\/www.dinamicagenerale.cn\/wp-admin\/post.php?post=7484&#038;action=edit&#038;lang=en<\/p>\n","protected":false},"excerpt":{"rendered":"<p>zmodyfikuj produkt MEDICAL, aby spopularyzowa\u0107 t\u0119 stron\u0119 https:\/\/www.dinamicagenerale.cn\/wp-admin\/post.php?post=7484&#038;action=edit&#038;lang=en<\/p>\n","protected":false},"author":2,"featured_media":22126,"parent":0,"menu_order":0,"comment_status":"closed","ping_status":"closed","template":"template-medical.php","meta":{"footnotes":""},"class_list":["post-22634","page","type-page","status-publish","has-post-thumbnail","hentry"],"yoast_head":"<!-- This site is optimized with the Yoast SEO plugin v26.9 - https:\/\/yoast.com\/product\/yoast-seo-wordpress\/ -->\n<title>Medyczny - Dinamica Generale<\/title>\n<meta name=\"robots\" content=\"index, follow, max-snippet:-1, max-image-preview:large, max-video-preview:-1\" \/>\n<link rel=\"canonical\" href=\"https:\/\/www.dinamicagenerale.cn\/pl\/medyczny\/\" \/>\n<meta property=\"og:locale\" content=\"pl_PL\" \/>\n<meta property=\"og:type\" content=\"article\" \/>\n<meta property=\"og:title\" content=\"Medyczny - Dinamica Generale\" \/>\n<meta property=\"og:description\" content=\"zmodyfikuj produkt MEDICAL, aby spopularyzowa\u0107 t\u0119 stron\u0119 https:\/\/www.dinamicagenerale.cn\/wp-admin\/post.php?post=7484&#038;action=edit&#038;lang=en\" \/>\n<meta property=\"og:url\" content=\"https:\/\/www.dinamicagenerale.cn\/pl\/medyczny\/\" \/>\n<meta property=\"og:site_name\" content=\"Dinamica Generale\" \/>\n<meta name=\"twitter:card\" content=\"summary_large_image\" \/>\n<script type=\"application\/ld+json\" class=\"yoast-schema-graph\">{\"@context\":\"https:\/\/schema.org\",\"@graph\":[{\"@type\":\"WebPage\",\"@id\":\"https:\/\/www.dinamicagenerale.cn\/pl\/medyczny\/\",\"url\":\"https:\/\/www.dinamicagenerale.cn\/pl\/medyczny\/\",\"name\":\"Medyczny - Dinamica Generale\",\"isPartOf\":{\"@id\":\"https:\/\/www.dinamicagenerale.cn\/pl\/#website\"},\"primaryImageOfPage\":{\"@id\":\"https:\/\/www.dinamicagenerale.cn\/pl\/medyczny\/#primaryimage\"},\"image\":{\"@id\":\"https:\/\/www.dinamicagenerale.cn\/pl\/medyczny\/#primaryimage\"},\"thumbnailUrl\":\"https:\/\/www.dinamicagenerale.cn\/wp-content\/uploads\/2025\/01\/dinamica-generale-medical-division-solution-for-the-bio-medical-sector.png\",\"datePublished\":\"2024-12-30T11:41:00+00:00\",\"breadcrumb\":{\"@id\":\"https:\/\/www.dinamicagenerale.cn\/pl\/medyczny\/#breadcrumb\"},\"inLanguage\":\"pl-PL\",\"potentialAction\":[{\"@type\":\"ReadAction\",\"target\":[\"https:\/\/www.dinamicagenerale.cn\/pl\/medyczny\/\"]}]},{\"@type\":\"ImageObject\",\"inLanguage\":\"pl-PL\",\"@id\":\"https:\/\/www.dinamicagenerale.cn\/pl\/medyczny\/#primaryimage\",\"url\":\"https:\/\/www.dinamicagenerale.cn\/wp-content\/uploads\/2025\/01\/dinamica-generale-medical-division-solution-for-the-bio-medical-sector.png\",\"contentUrl\":\"https:\/\/www.dinamicagenerale.cn\/wp-content\/uploads\/2025\/01\/dinamica-generale-medical-division-solution-for-the-bio-medical-sector.png\",\"width\":1920,\"height\":727,\"caption\":\"Dinamica Generale: Medical Division - Solution for the Bio Medical Sector\"},{\"@type\":\"BreadcrumbList\",\"@id\":\"https:\/\/www.dinamicagenerale.cn\/pl\/medyczny\/#breadcrumb\",\"itemListElement\":[{\"@type\":\"ListItem\",\"position\":1,\"name\":\"Home\",\"item\":\"https:\/\/www.dinamicagenerale.cn\/pl\/strona-glowna\/\"},{\"@type\":\"ListItem\",\"position\":2,\"name\":\"Medyczny\"}]},{\"@type\":\"WebSite\",\"@id\":\"https:\/\/www.dinamicagenerale.cn\/pl\/#website\",\"url\":\"https:\/\/www.dinamicagenerale.cn\/pl\/\",\"name\":\"Dinamica Generale\",\"description\":\"\",\"potentialAction\":[{\"@type\":\"SearchAction\",\"target\":{\"@type\":\"EntryPoint\",\"urlTemplate\":\"https:\/\/www.dinamicagenerale.cn\/pl\/?s={search_term_string}\"},\"query-input\":{\"@type\":\"PropertyValueSpecification\",\"valueRequired\":true,\"valueName\":\"search_term_string\"}}],\"inLanguage\":\"pl-PL\"}]}<\/script>\n<!-- \/ Yoast SEO plugin. -->","yoast_head_json":{"title":"Medyczny - Dinamica Generale","robots":{"index":"index","follow":"follow","max-snippet":"max-snippet:-1","max-image-preview":"max-image-preview:large","max-video-preview":"max-video-preview:-1"},"canonical":"https:\/\/www.dinamicagenerale.cn\/pl\/medyczny\/","og_locale":"pl_PL","og_type":"article","og_title":"Medyczny - Dinamica Generale","og_description":"zmodyfikuj produkt MEDICAL, aby spopularyzowa\u0107 t\u0119 stron\u0119 https:\/\/www.dinamicagenerale.cn\/wp-admin\/post.php?post=7484&#038;action=edit&#038;lang=en","og_url":"https:\/\/www.dinamicagenerale.cn\/pl\/medyczny\/","og_site_name":"Dinamica Generale","twitter_card":"summary_large_image","schema":{"@context":"https:\/\/schema.org","@graph":[{"@type":"WebPage","@id":"https:\/\/www.dinamicagenerale.cn\/pl\/medyczny\/","url":"https:\/\/www.dinamicagenerale.cn\/pl\/medyczny\/","name":"Medyczny - Dinamica Generale","isPartOf":{"@id":"https:\/\/www.dinamicagenerale.cn\/pl\/#website"},"primaryImageOfPage":{"@id":"https:\/\/www.dinamicagenerale.cn\/pl\/medyczny\/#primaryimage"},"image":{"@id":"https:\/\/www.dinamicagenerale.cn\/pl\/medyczny\/#primaryimage"},"thumbnailUrl":"https:\/\/www.dinamicagenerale.cn\/wp-content\/uploads\/2025\/01\/dinamica-generale-medical-division-solution-for-the-bio-medical-sector.png","datePublished":"2024-12-30T11:41:00+00:00","breadcrumb":{"@id":"https:\/\/www.dinamicagenerale.cn\/pl\/medyczny\/#breadcrumb"},"inLanguage":"pl-PL","potentialAction":[{"@type":"ReadAction","target":["https:\/\/www.dinamicagenerale.cn\/pl\/medyczny\/"]}]},{"@type":"ImageObject","inLanguage":"pl-PL","@id":"https:\/\/www.dinamicagenerale.cn\/pl\/medyczny\/#primaryimage","url":"https:\/\/www.dinamicagenerale.cn\/wp-content\/uploads\/2025\/01\/dinamica-generale-medical-division-solution-for-the-bio-medical-sector.png","contentUrl":"https:\/\/www.dinamicagenerale.cn\/wp-content\/uploads\/2025\/01\/dinamica-generale-medical-division-solution-for-the-bio-medical-sector.png","width":1920,"height":727,"caption":"Dinamica Generale: Medical Division - Solution for the Bio Medical Sector"},{"@type":"BreadcrumbList","@id":"https:\/\/www.dinamicagenerale.cn\/pl\/medyczny\/#breadcrumb","itemListElement":[{"@type":"ListItem","position":1,"name":"Home","item":"https:\/\/www.dinamicagenerale.cn\/pl\/strona-glowna\/"},{"@type":"ListItem","position":2,"name":"Medyczny"}]},{"@type":"WebSite","@id":"https:\/\/www.dinamicagenerale.cn\/pl\/#website","url":"https:\/\/www.dinamicagenerale.cn\/pl\/","name":"Dinamica Generale","description":"","potentialAction":[{"@type":"SearchAction","target":{"@type":"EntryPoint","urlTemplate":"https:\/\/www.dinamicagenerale.cn\/pl\/?s={search_term_string}"},"query-input":{"@type":"PropertyValueSpecification","valueRequired":true,"valueName":"search_term_string"}}],"inLanguage":"pl-PL"}]}},"_links":{"self":[{"href":"https:\/\/www.dinamicagenerale.cn\/pl\/wp-json\/wp\/v2\/pages\/22634","targetHints":{"allow":["GET"]}}],"collection":[{"href":"https:\/\/www.dinamicagenerale.cn\/pl\/wp-json\/wp\/v2\/pages"}],"about":[{"href":"https:\/\/www.dinamicagenerale.cn\/pl\/wp-json\/wp\/v2\/types\/page"}],"author":[{"embeddable":true,"href":"https:\/\/www.dinamicagenerale.cn\/pl\/wp-json\/wp\/v2\/users\/2"}],"replies":[{"embeddable":true,"href":"https:\/\/www.dinamicagenerale.cn\/pl\/wp-json\/wp\/v2\/comments?post=22634"}],"version-history":[{"count":0,"href":"https:\/\/www.dinamicagenerale.cn\/pl\/wp-json\/wp\/v2\/pages\/22634\/revisions"}],"wp:featuredmedia":[{"embeddable":true,"href":"https:\/\/www.dinamicagenerale.cn\/pl\/wp-json\/wp\/v2\/media\/22126"}],"wp:attachment":[{"href":"https:\/\/www.dinamicagenerale.cn\/pl\/wp-json\/wp\/v2\/media?parent=22634"}],"curies":[{"name":"wp","href":"https:\/\/api.w.org\/{rel}","templated":true}]}}