{"id":12078,"date":"2025-02-04T10:55:03","date_gmt":"2025-02-04T09:55:03","guid":{"rendered":"https:\/\/www.dinamicagenerale.com\/risorse\/"},"modified":"2025-04-08T12:55:27","modified_gmt":"2025-04-08T10:55:27","slug":"risorse","status":"publish","type":"page","link":"https:\/\/www.dinamicagenerale.cn\/it\/risorse\/","title":{"rendered":"Risorse"},"content":{"rendered":"<h1><span style=\"color: #003366;\">Tecnologia di alimentazione di precisione<\/span><\/h1>\n<p>Migliora l&#8217;alimentazione del bestiame grazie a tecnologie avanzate. Scopri come \u00e8 possibile ottimizzare la gestione dei mangimi per migliorare la produttivit\u00e0 e la sostenibilit\u00e0.<\/p>\n<p><strong><span style=\"color: #ff6600;\">Blog<\/span><\/strong>: <a href=\"https:\/\/www.dinamicagenerale.cn\/it\/caso-di-studio\/blog-ottimizza-la-tua-azienda-lattiero-casearia-con-un-software-di-gestione-dei-mangimi\/\" target=\"_blank\" rel=\"noopener\">Ottimizza la tua azienda lattiero-casearia con un software di gestione dell&#8217;alimentazione<\/a><\/p>\n<p><a href=\"https:\/\/www.dinamicagenerale.cn\/it\/caso-di-studio\/blog-taglia-i-costi-e-aumenta-lefficienza-con-il-software-di-gestione-dei-mangimi\/\" target=\"_blank\" rel=\"noopener\"><strong><span style=\"color: #ff6600;\">Blog<\/span><\/strong>: Taglia i costi e aumenta l&#8217;efficienza con il software di gestione dell&#8217;alimentazione<\/a><\/p>\n<p><a href=\"https:\/\/www.dinamicagenerale.cn\/it\/caso-di-studio\/blog-come-la-tecnologia-sta-trasformando-il-mondo-dellallevamento-di-bestiame-da-latte\/\" target=\"_blank\" rel=\"noopener\"><span style=\"color: #ff6600;\"><strong>Blog<\/strong><\/span>: Come la tecnologia sta trasformando il mondo dell&#8217;allevamento di bestiame da latte<\/a><\/p>\n<p><a href=\"https:\/\/www.dinamicagenerale.cn\/it\/caso-di-studio\/infografica-digitalizza-la-tua-azienda-lattiero-casearia-con-il-software-di-gestione-dei-mangimi\/\" target=\"_blank\" rel=\"noopener\"><span style=\"color: #ff6600;\"><strong>Infografica<\/strong><\/span>: Digitalizza la tua azienda lattiero-casearia con il software di gestione dell&#8217;alimentazione<\/a><\/p>\n<p><a href=\"https:\/\/www.dinamicagenerale.cn\/video\/dtm-spot\/\"><span style=\"color: #ff6600;\"><strong>Video<\/strong><\/span>: <\/a><a href=\"https:\/\/www.dinamicagenerale.cn\/video\/dtm-spot\/\">DTM<\/a><a href=\"https:\/\/www.dinamicagenerale.cn\/it\/video\/dtm-gestore-giornaliero-del-tmr\/\" target=\"_blank\" rel=\"noopener\"> &#8211; Software di gestione dell&#8217;alimentazione\u00a0<\/a><\/p>\n<p><a href=\"https:\/\/www.dinamicagenerale.cn\/it\/caso-di-studio\/blog-rispondi-alle-tue-domande-sul-software-di-gestione-dei-mangimi\/\" target=\"_blank\" rel=\"noopener\"><span style=\"color: #ff6600;\"><strong>Blog<\/strong><\/span>: Rispondo alle tue domande sul software di gestione dell&#8217;alimentazione<\/a><\/p>\n<p><a href=\"https:\/\/www.dinamicagenerale.cn\/it\/caso-di-studio\/blog-le-5-caratteristiche-principali-da-ricercare-in-un-software-per-la-gestione-dei-mangimi\/\" target=\"_blank\" rel=\"noopener\"><span style=\"color: #ff6600;\"><strong>Blog<\/strong><\/span>: Le 5 caratteristiche principali da ricercare in un software per la gestione dell&#8217;alimentazione<\/a><\/p>\n<p class=\"text-center\" style=\"text-align: left;\"><a href=\"https:\/\/www.dinamicagenerale.cn\/it\/video\/video-un-miscelatore-intelligente-con-software-integrato\/\" target=\"_blank\" rel=\"noopener\"><span style=\"color: #ff6600;\"><strong>Video<\/strong><\/span>: Un miscelatore intelligente con software integrato<\/a><\/p>\n<p><a href=\"https:\/\/www.dinamicagenerale.cn\/case-study\/infographic-how-software-streamlines-your-dairy-farm-operations\/\" target=\"_blank\" rel=\"noopener\"><strong><span style=\"color: #ff6600;\">Infografica<\/span><\/strong>: Come il software semplifica le operazioni dell&#8217;azienda lattiero-casearia<\/a><\/p>\n<p><a href=\"https:\/\/www.dinamicagenerale.cn\/it\/caso-di-studio\/blog-agrinir-analisi-nir-in-loco-per-aumentare-la-produttivita\/\" target=\"_blank\" rel=\"noopener\"><span style=\"color: #ff6600;\"><strong>Blog<\/strong><\/span>: AGRINIR. Analisi NIR in loco per Aumentare la Produttivit\u00e0<\/a><\/p>\n<p><a href=\"https:\/\/www.dinamicagenerale.cn\/it\/caso-di-studio\/blog-i-vantaggi-dellanalisi-nir-in-tempo-reale-evonir-on-tank-per-un-allevamento-piu-efficiente-e-sostenibile\/\" target=\"_blank\" rel=\"noopener\"><strong><span style=\"color: #ff6600;\">Blog<\/span><\/strong>: I vantaggi dell\u2019analisi NIR in tempo reale. EVONIR on tank per un allevamento pi\u00f9 efficiente e sostenibile<\/a><\/p>\n<h1><span style=\"color: #003366;\">Soluzioni per l&#8217;agricoltura di precisione<\/span><\/h1>\n<p>Migliora la produzione delle colture grazie alla tecnologia avanzata. Scopri come gli agricoltori specializzati utilizzano soluzioni di precisione per aumentare la resa e ridurre gli sprechi.<\/p>\n<p><a href=\"https:\/\/www.dinamicagenerale.cn\/it\/caso-di-studio\/blog-analizzatori-nir-su-mietitrebbia-ottimizzare-luso-dellazoto\/\" target=\"_blank\" rel=\"noopener\"><span style=\"color: #ff6600;\"><strong>Blog: <\/strong><\/span>Analizzatori NIR su Mietitrebbia. Ottimizzare l&#8217;uso dell&#8217;azoto<\/a><\/p>\n<p><a href=\"https:\/\/www.dinamicagenerale.cn\/it\/evonir-per-il-trasporto-di-liquami-e-digestato\/\" target=\"_blank\" rel=\"noopener\"><strong><span style=\"color: #ff6600;\">Blog<\/span><\/strong>: EVONIR per il trasporto di liquami e digestato<\/a><\/p>\n","protected":false},"excerpt":{"rendered":"<p>Tecnologia di alimentazione di precisione Migliora l&#8217;alimentazione del bestiame grazie a tecnologie avanzate. Scopri come \u00e8 possibile ottimizzare la gestione [&hellip;]<\/p>\n","protected":false},"author":5,"featured_media":34149,"parent":0,"menu_order":0,"comment_status":"closed","ping_status":"closed","template":"archive-resource.php","meta":{"footnotes":""},"class_list":["post-12078","page","type-page","status-publish","has-post-thumbnail","hentry"],"yoast_head":"<!-- This site is optimized with the Yoast SEO plugin v26.9 - https:\/\/yoast.com\/product\/yoast-seo-wordpress\/ -->\n<title>Risorse - Dinamica Generale<\/title>\n<meta name=\"robots\" content=\"index, follow, max-snippet:-1, max-image-preview:large, max-video-preview:-1\" \/>\n<link rel=\"canonical\" href=\"https:\/\/www.dinamicagenerale.cn\/it\/risorse\/\" \/>\n<meta property=\"og:locale\" content=\"it_IT\" \/>\n<meta property=\"og:type\" content=\"article\" \/>\n<meta property=\"og:title\" content=\"Risorse - Dinamica Generale\" \/>\n<meta property=\"og:description\" content=\"Tecnologia di alimentazione di precisione Migliora l&#8217;alimentazione del bestiame grazie a tecnologie avanzate. Scopri come \u00e8 possibile ottimizzare la gestione [&hellip;]\" \/>\n<meta property=\"og:url\" content=\"https:\/\/www.dinamicagenerale.cn\/it\/risorse\/\" \/>\n<meta property=\"og:site_name\" content=\"Dinamica Generale\" \/>\n<meta property=\"article:modified_time\" content=\"2025-04-08T10:55:27+00:00\" \/>\n<meta name=\"twitter:card\" content=\"summary_large_image\" \/>\n<meta name=\"twitter:label1\" content=\"Tempo di lettura stimato\" \/>\n\t<meta name=\"twitter:data1\" content=\"1 minuto\" \/>\n<script type=\"application\/ld+json\" class=\"yoast-schema-graph\">{\"@context\":\"https:\/\/schema.org\",\"@graph\":[{\"@type\":\"WebPage\",\"@id\":\"https:\/\/www.dinamicagenerale.cn\/it\/risorse\/\",\"url\":\"https:\/\/www.dinamicagenerale.cn\/it\/risorse\/\",\"name\":\"Risorse - Dinamica Generale\",\"isPartOf\":{\"@id\":\"https:\/\/www.dinamicagenerale.cn\/it\/#website\"},\"primaryImageOfPage\":{\"@id\":\"https:\/\/www.dinamicagenerale.cn\/it\/risorse\/#primaryimage\"},\"image\":{\"@id\":\"https:\/\/www.dinamicagenerale.cn\/it\/risorse\/#primaryimage\"},\"thumbnailUrl\":\"https:\/\/www.dinamicagenerale.cn\/wp-content\/uploads\/2025\/11\/Resources-dinamica-generale.png\",\"datePublished\":\"2025-02-04T09:55:03+00:00\",\"dateModified\":\"2025-04-08T10:55:27+00:00\",\"breadcrumb\":{\"@id\":\"https:\/\/www.dinamicagenerale.cn\/it\/risorse\/#breadcrumb\"},\"inLanguage\":\"it-IT\",\"potentialAction\":[{\"@type\":\"ReadAction\",\"target\":[\"https:\/\/www.dinamicagenerale.cn\/it\/risorse\/\"]}]},{\"@type\":\"ImageObject\",\"inLanguage\":\"it-IT\",\"@id\":\"https:\/\/www.dinamicagenerale.cn\/it\/risorse\/#primaryimage\",\"url\":\"https:\/\/www.dinamicagenerale.cn\/wp-content\/uploads\/2025\/11\/Resources-dinamica-generale.png\",\"contentUrl\":\"https:\/\/www.dinamicagenerale.cn\/wp-content\/uploads\/2025\/11\/Resources-dinamica-generale.png\",\"width\":2362,\"height\":1217},{\"@type\":\"BreadcrumbList\",\"@id\":\"https:\/\/www.dinamicagenerale.cn\/it\/risorse\/#breadcrumb\",\"itemListElement\":[{\"@type\":\"ListItem\",\"position\":1,\"name\":\"Home\",\"item\":\"https:\/\/www.dinamicagenerale.cn\/it\/\"},{\"@type\":\"ListItem\",\"position\":2,\"name\":\"Risorse\"}]},{\"@type\":\"WebSite\",\"@id\":\"https:\/\/www.dinamicagenerale.cn\/it\/#website\",\"url\":\"https:\/\/www.dinamicagenerale.cn\/it\/\",\"name\":\"Dinamica Generale\",\"description\":\"\",\"potentialAction\":[{\"@type\":\"SearchAction\",\"target\":{\"@type\":\"EntryPoint\",\"urlTemplate\":\"https:\/\/www.dinamicagenerale.cn\/it\/?s={search_term_string}\"},\"query-input\":{\"@type\":\"PropertyValueSpecification\",\"valueRequired\":true,\"valueName\":\"search_term_string\"}}],\"inLanguage\":\"it-IT\"}]}<\/script>\n<!-- \/ Yoast SEO plugin. -->","yoast_head_json":{"title":"Risorse - Dinamica Generale","robots":{"index":"index","follow":"follow","max-snippet":"max-snippet:-1","max-image-preview":"max-image-preview:large","max-video-preview":"max-video-preview:-1"},"canonical":"https:\/\/www.dinamicagenerale.cn\/it\/risorse\/","og_locale":"it_IT","og_type":"article","og_title":"Risorse - Dinamica Generale","og_description":"Tecnologia di alimentazione di precisione Migliora l&#8217;alimentazione del bestiame grazie a tecnologie avanzate. Scopri come \u00e8 possibile ottimizzare la gestione [&hellip;]","og_url":"https:\/\/www.dinamicagenerale.cn\/it\/risorse\/","og_site_name":"Dinamica Generale","article_modified_time":"2025-04-08T10:55:27+00:00","twitter_card":"summary_large_image","twitter_misc":{"Tempo di lettura stimato":"1 minuto"},"schema":{"@context":"https:\/\/schema.org","@graph":[{"@type":"WebPage","@id":"https:\/\/www.dinamicagenerale.cn\/it\/risorse\/","url":"https:\/\/www.dinamicagenerale.cn\/it\/risorse\/","name":"Risorse - Dinamica Generale","isPartOf":{"@id":"https:\/\/www.dinamicagenerale.cn\/it\/#website"},"primaryImageOfPage":{"@id":"https:\/\/www.dinamicagenerale.cn\/it\/risorse\/#primaryimage"},"image":{"@id":"https:\/\/www.dinamicagenerale.cn\/it\/risorse\/#primaryimage"},"thumbnailUrl":"https:\/\/www.dinamicagenerale.cn\/wp-content\/uploads\/2025\/11\/Resources-dinamica-generale.png","datePublished":"2025-02-04T09:55:03+00:00","dateModified":"2025-04-08T10:55:27+00:00","breadcrumb":{"@id":"https:\/\/www.dinamicagenerale.cn\/it\/risorse\/#breadcrumb"},"inLanguage":"it-IT","potentialAction":[{"@type":"ReadAction","target":["https:\/\/www.dinamicagenerale.cn\/it\/risorse\/"]}]},{"@type":"ImageObject","inLanguage":"it-IT","@id":"https:\/\/www.dinamicagenerale.cn\/it\/risorse\/#primaryimage","url":"https:\/\/www.dinamicagenerale.cn\/wp-content\/uploads\/2025\/11\/Resources-dinamica-generale.png","contentUrl":"https:\/\/www.dinamicagenerale.cn\/wp-content\/uploads\/2025\/11\/Resources-dinamica-generale.png","width":2362,"height":1217},{"@type":"BreadcrumbList","@id":"https:\/\/www.dinamicagenerale.cn\/it\/risorse\/#breadcrumb","itemListElement":[{"@type":"ListItem","position":1,"name":"Home","item":"https:\/\/www.dinamicagenerale.cn\/it\/"},{"@type":"ListItem","position":2,"name":"Risorse"}]},{"@type":"WebSite","@id":"https:\/\/www.dinamicagenerale.cn\/it\/#website","url":"https:\/\/www.dinamicagenerale.cn\/it\/","name":"Dinamica Generale","description":"","potentialAction":[{"@type":"SearchAction","target":{"@type":"EntryPoint","urlTemplate":"https:\/\/www.dinamicagenerale.cn\/it\/?s={search_term_string}"},"query-input":{"@type":"PropertyValueSpecification","valueRequired":true,"valueName":"search_term_string"}}],"inLanguage":"it-IT"}]}},"_links":{"self":[{"href":"https:\/\/www.dinamicagenerale.cn\/it\/wp-json\/wp\/v2\/pages\/12078","targetHints":{"allow":["GET"]}}],"collection":[{"href":"https:\/\/www.dinamicagenerale.cn\/it\/wp-json\/wp\/v2\/pages"}],"about":[{"href":"https:\/\/www.dinamicagenerale.cn\/it\/wp-json\/wp\/v2\/types\/page"}],"author":[{"embeddable":true,"href":"https:\/\/www.dinamicagenerale.cn\/it\/wp-json\/wp\/v2\/users\/5"}],"replies":[{"embeddable":true,"href":"https:\/\/www.dinamicagenerale.cn\/it\/wp-json\/wp\/v2\/comments?post=12078"}],"version-history":[{"count":14,"href":"https:\/\/www.dinamicagenerale.cn\/it\/wp-json\/wp\/v2\/pages\/12078\/revisions"}],"predecessor-version":[{"id":19872,"href":"https:\/\/www.dinamicagenerale.cn\/it\/wp-json\/wp\/v2\/pages\/12078\/revisions\/19872"}],"wp:featuredmedia":[{"embeddable":true,"href":"https:\/\/www.dinamicagenerale.cn\/it\/wp-json\/wp\/v2\/media\/34149"}],"wp:attachment":[{"href":"https:\/\/www.dinamicagenerale.cn\/it\/wp-json\/wp\/v2\/media?parent=12078"}],"curies":[{"name":"wp","href":"https:\/\/api.w.org\/{rel}","templated":true}]}}