{"id":41347,"date":"2026-02-06T11:15:45","date_gmt":"2026-02-06T10:15:45","guid":{"rendered":"https:\/\/www.dinamicagenerale.com\/insights\/mises-a-jour\/"},"modified":"2026-02-06T11:15:45","modified_gmt":"2026-02-06T10:15:45","slug":"mises-a-jour","status":"publish","type":"page","link":"https:\/\/www.dinamicagenerale.cn\/fr\/insights\/mises-a-jour\/","title":{"rendered":"Mises \u00e0 jour"},"content":{"rendered":"<p>Suivez les derni\u00e8res am\u00e9liorations, versions et annonces importantes.<\/p>\n","protected":false},"excerpt":{"rendered":"<p>Suivez les derni\u00e8res am\u00e9liorations, versions et annonces importantes.<\/p>\n","protected":false},"author":2,"featured_media":0,"parent":41303,"menu_order":30,"comment_status":"closed","ping_status":"closed","template":"archive-update.php","meta":{"footnotes":""},"class_list":["post-41347","page","type-page","status-publish","hentry"],"yoast_head":"<!-- This site is optimized with the Yoast SEO plugin v26.9 - https:\/\/yoast.com\/product\/yoast-seo-wordpress\/ -->\n<title>Mises \u00e0 jour - Dinamica Generale<\/title>\n<meta name=\"robots\" content=\"index, follow, max-snippet:-1, max-image-preview:large, max-video-preview:-1\" \/>\n<link rel=\"canonical\" href=\"https:\/\/www.dinamicagenerale.cn\/fr\/insights\/mises-a-jour\/\" \/>\n<meta property=\"og:locale\" content=\"fr_FR\" \/>\n<meta property=\"og:type\" content=\"article\" \/>\n<meta property=\"og:title\" content=\"Mises \u00e0 jour - Dinamica Generale\" \/>\n<meta property=\"og:description\" content=\"Suivez les derni\u00e8res am\u00e9liorations, versions et annonces importantes.\" \/>\n<meta property=\"og:url\" content=\"https:\/\/www.dinamicagenerale.cn\/fr\/insights\/mises-a-jour\/\" \/>\n<meta property=\"og:site_name\" content=\"Dinamica Generale\" \/>\n<meta name=\"twitter:card\" content=\"summary_large_image\" \/>\n<script type=\"application\/ld+json\" class=\"yoast-schema-graph\">{\"@context\":\"https:\/\/schema.org\",\"@graph\":[{\"@type\":\"WebPage\",\"@id\":\"https:\/\/www.dinamicagenerale.cn\/fr\/insights\/mises-a-jour\/\",\"url\":\"https:\/\/www.dinamicagenerale.cn\/fr\/insights\/mises-a-jour\/\",\"name\":\"Mises \u00e0 jour - Dinamica Generale\",\"isPartOf\":{\"@id\":\"https:\/\/www.dinamicagenerale.cn\/fr\/#website\"},\"datePublished\":\"2026-02-06T10:15:45+00:00\",\"breadcrumb\":{\"@id\":\"https:\/\/www.dinamicagenerale.cn\/fr\/insights\/mises-a-jour\/#breadcrumb\"},\"inLanguage\":\"fr-FR\",\"potentialAction\":[{\"@type\":\"ReadAction\",\"target\":[\"https:\/\/www.dinamicagenerale.cn\/fr\/insights\/mises-a-jour\/\"]}]},{\"@type\":\"BreadcrumbList\",\"@id\":\"https:\/\/www.dinamicagenerale.cn\/fr\/insights\/mises-a-jour\/#breadcrumb\",\"itemListElement\":[{\"@type\":\"ListItem\",\"position\":1,\"name\":\"Home\",\"item\":\"https:\/\/www.dinamicagenerale.cn\/fr\/\"},{\"@type\":\"ListItem\",\"position\":2,\"name\":\"Perspectives\",\"item\":\"https:\/\/www.dinamicagenerale.cn\/fr\/insights\/\"},{\"@type\":\"ListItem\",\"position\":3,\"name\":\"Mises \u00e0 jour\"}]},{\"@type\":\"WebSite\",\"@id\":\"https:\/\/www.dinamicagenerale.cn\/fr\/#website\",\"url\":\"https:\/\/www.dinamicagenerale.cn\/fr\/\",\"name\":\"Dinamica Generale\",\"description\":\"\",\"potentialAction\":[{\"@type\":\"SearchAction\",\"target\":{\"@type\":\"EntryPoint\",\"urlTemplate\":\"https:\/\/www.dinamicagenerale.cn\/fr\/?s={search_term_string}\"},\"query-input\":{\"@type\":\"PropertyValueSpecification\",\"valueRequired\":true,\"valueName\":\"search_term_string\"}}],\"inLanguage\":\"fr-FR\"}]}<\/script>\n<!-- \/ Yoast SEO plugin. -->","yoast_head_json":{"title":"Mises \u00e0 jour - Dinamica Generale","robots":{"index":"index","follow":"follow","max-snippet":"max-snippet:-1","max-image-preview":"max-image-preview:large","max-video-preview":"max-video-preview:-1"},"canonical":"https:\/\/www.dinamicagenerale.cn\/fr\/insights\/mises-a-jour\/","og_locale":"fr_FR","og_type":"article","og_title":"Mises \u00e0 jour - Dinamica Generale","og_description":"Suivez les derni\u00e8res am\u00e9liorations, versions et annonces importantes.","og_url":"https:\/\/www.dinamicagenerale.cn\/fr\/insights\/mises-a-jour\/","og_site_name":"Dinamica Generale","twitter_card":"summary_large_image","schema":{"@context":"https:\/\/schema.org","@graph":[{"@type":"WebPage","@id":"https:\/\/www.dinamicagenerale.cn\/fr\/insights\/mises-a-jour\/","url":"https:\/\/www.dinamicagenerale.cn\/fr\/insights\/mises-a-jour\/","name":"Mises \u00e0 jour - Dinamica Generale","isPartOf":{"@id":"https:\/\/www.dinamicagenerale.cn\/fr\/#website"},"datePublished":"2026-02-06T10:15:45+00:00","breadcrumb":{"@id":"https:\/\/www.dinamicagenerale.cn\/fr\/insights\/mises-a-jour\/#breadcrumb"},"inLanguage":"fr-FR","potentialAction":[{"@type":"ReadAction","target":["https:\/\/www.dinamicagenerale.cn\/fr\/insights\/mises-a-jour\/"]}]},{"@type":"BreadcrumbList","@id":"https:\/\/www.dinamicagenerale.cn\/fr\/insights\/mises-a-jour\/#breadcrumb","itemListElement":[{"@type":"ListItem","position":1,"name":"Home","item":"https:\/\/www.dinamicagenerale.cn\/fr\/"},{"@type":"ListItem","position":2,"name":"Perspectives","item":"https:\/\/www.dinamicagenerale.cn\/fr\/insights\/"},{"@type":"ListItem","position":3,"name":"Mises \u00e0 jour"}]},{"@type":"WebSite","@id":"https:\/\/www.dinamicagenerale.cn\/fr\/#website","url":"https:\/\/www.dinamicagenerale.cn\/fr\/","name":"Dinamica Generale","description":"","potentialAction":[{"@type":"SearchAction","target":{"@type":"EntryPoint","urlTemplate":"https:\/\/www.dinamicagenerale.cn\/fr\/?s={search_term_string}"},"query-input":{"@type":"PropertyValueSpecification","valueRequired":true,"valueName":"search_term_string"}}],"inLanguage":"fr-FR"}]}},"_links":{"self":[{"href":"https:\/\/www.dinamicagenerale.cn\/fr\/wp-json\/wp\/v2\/pages\/41347","targetHints":{"allow":["GET"]}}],"collection":[{"href":"https:\/\/www.dinamicagenerale.cn\/fr\/wp-json\/wp\/v2\/pages"}],"about":[{"href":"https:\/\/www.dinamicagenerale.cn\/fr\/wp-json\/wp\/v2\/types\/page"}],"author":[{"embeddable":true,"href":"https:\/\/www.dinamicagenerale.cn\/fr\/wp-json\/wp\/v2\/users\/2"}],"replies":[{"embeddable":true,"href":"https:\/\/www.dinamicagenerale.cn\/fr\/wp-json\/wp\/v2\/comments?post=41347"}],"version-history":[{"count":0,"href":"https:\/\/www.dinamicagenerale.cn\/fr\/wp-json\/wp\/v2\/pages\/41347\/revisions"}],"up":[{"embeddable":true,"href":"https:\/\/www.dinamicagenerale.cn\/fr\/wp-json\/wp\/v2\/pages\/41303"}],"wp:attachment":[{"href":"https:\/\/www.dinamicagenerale.cn\/fr\/wp-json\/wp\/v2\/media?parent=41347"}],"curies":[{"name":"wp","href":"https:\/\/api.w.org\/{rel}","templated":true}]}}