{"id":13404,"date":"2024-04-08T14:21:13","date_gmt":"2024-04-08T12:21:13","guid":{"rendered":"https:\/\/www.dinamicagenerale.com\/a-propos-de\/"},"modified":"2026-01-14T11:17:54","modified_gmt":"2026-01-14T10:17:54","slug":"entreprise","status":"publish","type":"page","link":"https:\/\/www.dinamicagenerale.cn\/fr\/entreprise\/","title":{"rendered":"Entreprise"},"content":{"rendered":"<h1>Entreprise<\/h1>\n<blockquote><p>L&rsquo;innovation au service de l&rsquo;avenir<\/p><\/blockquote>\n<p>&nbsp;<\/p>\n<p>Dinamica Generale S.p.A. est un leader mondial dans le d\u00e9veloppement de solutions innovantes qui <strong>r\u00e9duisent les co\u00fbts<\/strong> et <strong>minimisent l&rsquo;impact sur l&rsquo;environnement<\/strong>, en combinant technologie de pointe et durabilit\u00e9.<br \/>\nNotre expertise r\u00e9side dans la conception et la production de <strong>syst\u00e8mes de pesage<\/strong>, de <strong>capteurs <\/strong> <strong>NIR<\/strong> (Near Infrared) et de <strong>logiciels de<\/strong> pointe pour l&rsquo;<strong>agriculture de pr\u00e9cision<\/strong> et l&rsquo;<strong>industrie m\u00e9dicale<\/strong>.<\/p>\n<p>Nous investissons <strong>plus de 10 %<\/strong> de notre chiffre d&rsquo;affaires annuel dans la recherche et le d\u00e9veloppement, ce qui nous permet d&rsquo;innover en permanence. <strong>Depuis 1990<\/strong>, nous mettons notre passion et notre expertise au service de la cr\u00e9ation d&rsquo;avanc\u00e9es technologiques qui aident nos clients \u00e0 optimiser leurs ressources, \u00e0 am\u00e9liorer l&rsquo;efficacit\u00e9 de leur travail et \u00e0 relever les d\u00e9fis de demain.<\/p>\n<p>D\u00e9couvrez comment Dinamica Generale S.p.A. peut soutenir votre entreprise gr\u00e2ce \u00e0 des solutions de pointe et \u00e0 un engagement ind\u00e9fectible en faveur de l&rsquo;environnement.<\/p>\n<p>&nbsp;<\/p>\n","protected":false},"excerpt":{"rendered":"<p>Entreprise L&rsquo;innovation au service de l&rsquo;avenir &nbsp; Dinamica Generale S.p.A. est un leader mondial dans le d\u00e9veloppement de solutions innovantes [&hellip;]<\/p>\n","protected":false},"author":1,"featured_media":13416,"parent":0,"menu_order":40,"comment_status":"closed","ping_status":"closed","template":"template-about.php","meta":{"footnotes":""},"class_list":["post-13404","page","type-page","status-publish","has-post-thumbnail","hentry"],"yoast_head":"<!-- This site is optimized with the Yoast SEO plugin v26.9 - https:\/\/yoast.com\/product\/yoast-seo-wordpress\/ -->\n<title>Entreprise - Dinamica Generale<\/title>\n<meta name=\"robots\" content=\"index, follow, max-snippet:-1, max-image-preview:large, max-video-preview:-1\" \/>\n<link rel=\"canonical\" href=\"https:\/\/www.dinamicagenerale.cn\/fr\/entreprise\/\" \/>\n<meta property=\"og:locale\" content=\"fr_FR\" \/>\n<meta property=\"og:type\" content=\"article\" \/>\n<meta property=\"og:title\" content=\"Entreprise - Dinamica Generale\" \/>\n<meta property=\"og:description\" content=\"Entreprise L&rsquo;innovation au service de l&rsquo;avenir &nbsp; Dinamica Generale S.p.A. est un leader mondial dans le d\u00e9veloppement de solutions innovantes [&hellip;]\" \/>\n<meta property=\"og:url\" content=\"https:\/\/www.dinamicagenerale.cn\/fr\/entreprise\/\" \/>\n<meta property=\"og:site_name\" content=\"Dinamica Generale\" \/>\n<meta property=\"article:modified_time\" content=\"2026-01-14T10:17:54+00:00\" \/>\n<meta property=\"og:image\" content=\"https:\/\/www.dinamicagenerale.cn\/wp-content\/uploads\/2025\/01\/about-us-dinamica-generale-1.png\" \/>\n\t<meta property=\"og:image:width\" content=\"800\" \/>\n\t<meta property=\"og:image:height\" content=\"800\" \/>\n\t<meta property=\"og:image:type\" content=\"image\/png\" \/>\n<meta name=\"twitter:card\" content=\"summary_large_image\" \/>\n<meta name=\"twitter:label1\" content=\"Dur\u00e9e de lecture estim\u00e9e\" \/>\n\t<meta name=\"twitter:data1\" content=\"9 minutes\" \/>\n<script type=\"application\/ld+json\" class=\"yoast-schema-graph\">{\"@context\":\"https:\/\/schema.org\",\"@graph\":[{\"@type\":\"WebPage\",\"@id\":\"https:\/\/www.dinamicagenerale.cn\/fr\/entreprise\/\",\"url\":\"https:\/\/www.dinamicagenerale.cn\/fr\/entreprise\/\",\"name\":\"Entreprise - Dinamica Generale\",\"isPartOf\":{\"@id\":\"https:\/\/www.dinamicagenerale.cn\/fr\/#website\"},\"primaryImageOfPage\":{\"@id\":\"https:\/\/www.dinamicagenerale.cn\/fr\/entreprise\/#primaryimage\"},\"image\":{\"@id\":\"https:\/\/www.dinamicagenerale.cn\/fr\/entreprise\/#primaryimage\"},\"thumbnailUrl\":\"https:\/\/www.dinamicagenerale.cn\/wp-content\/uploads\/2025\/01\/about-us-dinamica-generale-1.png\",\"datePublished\":\"2024-04-08T12:21:13+00:00\",\"dateModified\":\"2026-01-14T10:17:54+00:00\",\"breadcrumb\":{\"@id\":\"https:\/\/www.dinamicagenerale.cn\/fr\/entreprise\/#breadcrumb\"},\"inLanguage\":\"fr-FR\",\"potentialAction\":[{\"@type\":\"ReadAction\",\"target\":[\"https:\/\/www.dinamicagenerale.cn\/fr\/entreprise\/\"]}]},{\"@type\":\"ImageObject\",\"inLanguage\":\"fr-FR\",\"@id\":\"https:\/\/www.dinamicagenerale.cn\/fr\/entreprise\/#primaryimage\",\"url\":\"https:\/\/www.dinamicagenerale.cn\/wp-content\/uploads\/2025\/01\/about-us-dinamica-generale-1.png\",\"contentUrl\":\"https:\/\/www.dinamicagenerale.cn\/wp-content\/uploads\/2025\/01\/about-us-dinamica-generale-1.png\",\"width\":800,\"height\":800},{\"@type\":\"BreadcrumbList\",\"@id\":\"https:\/\/www.dinamicagenerale.cn\/fr\/entreprise\/#breadcrumb\",\"itemListElement\":[{\"@type\":\"ListItem\",\"position\":1,\"name\":\"Home\",\"item\":\"https:\/\/www.dinamicagenerale.cn\/fr\/\"},{\"@type\":\"ListItem\",\"position\":2,\"name\":\"Entreprise\"}]},{\"@type\":\"WebSite\",\"@id\":\"https:\/\/www.dinamicagenerale.cn\/fr\/#website\",\"url\":\"https:\/\/www.dinamicagenerale.cn\/fr\/\",\"name\":\"Dinamica Generale\",\"description\":\"\",\"potentialAction\":[{\"@type\":\"SearchAction\",\"target\":{\"@type\":\"EntryPoint\",\"urlTemplate\":\"https:\/\/www.dinamicagenerale.cn\/fr\/?s={search_term_string}\"},\"query-input\":{\"@type\":\"PropertyValueSpecification\",\"valueRequired\":true,\"valueName\":\"search_term_string\"}}],\"inLanguage\":\"fr-FR\"}]}<\/script>\n<!-- \/ Yoast SEO plugin. -->","yoast_head_json":{"title":"Entreprise - Dinamica Generale","robots":{"index":"index","follow":"follow","max-snippet":"max-snippet:-1","max-image-preview":"max-image-preview:large","max-video-preview":"max-video-preview:-1"},"canonical":"https:\/\/www.dinamicagenerale.cn\/fr\/entreprise\/","og_locale":"fr_FR","og_type":"article","og_title":"Entreprise - Dinamica Generale","og_description":"Entreprise L&rsquo;innovation au service de l&rsquo;avenir &nbsp; Dinamica Generale S.p.A. est un leader mondial dans le d\u00e9veloppement de solutions innovantes [&hellip;]","og_url":"https:\/\/www.dinamicagenerale.cn\/fr\/entreprise\/","og_site_name":"Dinamica Generale","article_modified_time":"2026-01-14T10:17:54+00:00","og_image":[{"width":800,"height":800,"url":"https:\/\/www.dinamicagenerale.cn\/wp-content\/uploads\/2025\/01\/about-us-dinamica-generale-1.png","type":"image\/png"}],"twitter_card":"summary_large_image","twitter_misc":{"Dur\u00e9e de lecture estim\u00e9e":"9 minutes"},"schema":{"@context":"https:\/\/schema.org","@graph":[{"@type":"WebPage","@id":"https:\/\/www.dinamicagenerale.cn\/fr\/entreprise\/","url":"https:\/\/www.dinamicagenerale.cn\/fr\/entreprise\/","name":"Entreprise - Dinamica Generale","isPartOf":{"@id":"https:\/\/www.dinamicagenerale.cn\/fr\/#website"},"primaryImageOfPage":{"@id":"https:\/\/www.dinamicagenerale.cn\/fr\/entreprise\/#primaryimage"},"image":{"@id":"https:\/\/www.dinamicagenerale.cn\/fr\/entreprise\/#primaryimage"},"thumbnailUrl":"https:\/\/www.dinamicagenerale.cn\/wp-content\/uploads\/2025\/01\/about-us-dinamica-generale-1.png","datePublished":"2024-04-08T12:21:13+00:00","dateModified":"2026-01-14T10:17:54+00:00","breadcrumb":{"@id":"https:\/\/www.dinamicagenerale.cn\/fr\/entreprise\/#breadcrumb"},"inLanguage":"fr-FR","potentialAction":[{"@type":"ReadAction","target":["https:\/\/www.dinamicagenerale.cn\/fr\/entreprise\/"]}]},{"@type":"ImageObject","inLanguage":"fr-FR","@id":"https:\/\/www.dinamicagenerale.cn\/fr\/entreprise\/#primaryimage","url":"https:\/\/www.dinamicagenerale.cn\/wp-content\/uploads\/2025\/01\/about-us-dinamica-generale-1.png","contentUrl":"https:\/\/www.dinamicagenerale.cn\/wp-content\/uploads\/2025\/01\/about-us-dinamica-generale-1.png","width":800,"height":800},{"@type":"BreadcrumbList","@id":"https:\/\/www.dinamicagenerale.cn\/fr\/entreprise\/#breadcrumb","itemListElement":[{"@type":"ListItem","position":1,"name":"Home","item":"https:\/\/www.dinamicagenerale.cn\/fr\/"},{"@type":"ListItem","position":2,"name":"Entreprise"}]},{"@type":"WebSite","@id":"https:\/\/www.dinamicagenerale.cn\/fr\/#website","url":"https:\/\/www.dinamicagenerale.cn\/fr\/","name":"Dinamica Generale","description":"","potentialAction":[{"@type":"SearchAction","target":{"@type":"EntryPoint","urlTemplate":"https:\/\/www.dinamicagenerale.cn\/fr\/?s={search_term_string}"},"query-input":{"@type":"PropertyValueSpecification","valueRequired":true,"valueName":"search_term_string"}}],"inLanguage":"fr-FR"}]}},"_links":{"self":[{"href":"https:\/\/www.dinamicagenerale.cn\/fr\/wp-json\/wp\/v2\/pages\/13404","targetHints":{"allow":["GET"]}}],"collection":[{"href":"https:\/\/www.dinamicagenerale.cn\/fr\/wp-json\/wp\/v2\/pages"}],"about":[{"href":"https:\/\/www.dinamicagenerale.cn\/fr\/wp-json\/wp\/v2\/types\/page"}],"author":[{"embeddable":true,"href":"https:\/\/www.dinamicagenerale.cn\/fr\/wp-json\/wp\/v2\/users\/1"}],"replies":[{"embeddable":true,"href":"https:\/\/www.dinamicagenerale.cn\/fr\/wp-json\/wp\/v2\/comments?post=13404"}],"version-history":[{"count":2,"href":"https:\/\/www.dinamicagenerale.cn\/fr\/wp-json\/wp\/v2\/pages\/13404\/revisions"}],"predecessor-version":[{"id":19517,"href":"https:\/\/www.dinamicagenerale.cn\/fr\/wp-json\/wp\/v2\/pages\/13404\/revisions\/19517"}],"wp:featuredmedia":[{"embeddable":true,"href":"https:\/\/www.dinamicagenerale.cn\/fr\/wp-json\/wp\/v2\/media\/13416"}],"wp:attachment":[{"href":"https:\/\/www.dinamicagenerale.cn\/fr\/wp-json\/wp\/v2\/media?parent=13404"}],"curies":[{"name":"wp","href":"https:\/\/api.w.org\/{rel}","templated":true}]}}