{"id":13328,"date":"2025-02-04T10:55:03","date_gmt":"2025-02-04T09:55:03","guid":{"rendered":"https:\/\/www.dinamicagenerale.com\/ressources\/"},"modified":"2025-04-08T17:17:40","modified_gmt":"2025-04-08T15:17:40","slug":"ressources","status":"publish","type":"page","link":"https:\/\/www.dinamicagenerale.cn\/fr\/ressources\/","title":{"rendered":"Ressources"},"content":{"rendered":"<h1><span style=\"color: #003366;\">Technologie d&rsquo;alimentation de pr\u00e9cision<\/span><\/h1>\n<p>Am\u00e9liorez l&rsquo;alimentation du b\u00e9tail gr\u00e2ce \u00e0 des technologies de pointe. D\u00e9couvrez comment il est possible d&rsquo;optimiser la gestion des aliments pour animaux afin d&rsquo;am\u00e9liorer la productivit\u00e9 et la durabilit\u00e9.<\/p>\n<p><strong><span style=\"color: #ff6600;\">Blog<\/span><\/strong>: <a href=\"https:\/\/www.dinamicagenerale.cn\/fr\/%C3%A9tude-de-cas\/blog-optimisez-votre-exploitation-laitiere-grace-a-un-logiciel-de-gestion-des-aliments-pour-animaux\/\" target=\"_blank\" rel=\"noopener\">Optimisez votre exploitation laiti\u00e8re gr\u00e2ce au logiciel de gestion des aliments pour animaux<\/a><\/p>\n<p><a href=\"https:\/\/www.dinamicagenerale.cn\/fr\/%C3%A9tude-de-cas\/blog-reduisez-vos-couts-et-augmentez-votre-efficacite-grace-au-logiciel-de-gestion-des-aliments-pour-animaux\/\" target=\"_blank\" rel=\"noopener\"><strong><span style=\"color: #ff6600;\">Blog<\/span><\/strong>: R\u00e9duisez vos co\u00fbts et augmentez votre efficacit\u00e9 gr\u00e2ce au logiciel de gestion des aliments pour animaux<\/a><\/p>\n<p><a href=\"https:\/\/www.dinamicagenerale.cn\/fr\/%C3%A9tude-de-cas\/blog-comment-la-technologie-transforme-le-monde-de-lelevage-laitier\/\" target=\"_blank\" rel=\"noopener\"><span style=\"color: #ff6600;\"><strong>Blog<\/strong><\/span>: Comment la technologie transforme le monde de l&rsquo;\u00e9levage laitier<\/a><\/p>\n<p><a href=\"https:\/\/www.dinamicagenerale.cn\/fr\/%C3%A9tude-de-cas\/infographie-numerisez-votre-exploitation-laitiere-avec-un-logiciel-de-gestion-des-aliments-pour-animaux\/\" target=\"_blank\" rel=\"noopener\"><span style=\"color: #ff6600;\"><strong>Infographie<\/strong><\/span>: Num\u00e9risez votre exploitation laiti\u00e8re avec un logiciel de gestion des aliments pour animaux<\/a><\/p>\n<p><a href=\"https:\/\/www.dinamicagenerale.cn\/fr\/video\/dtm-gestionnaire-quotidien-des-tmr\/\" target=\"_blank\" rel=\"noopener\"><span style=\"color: #ff6600;\"><strong>Vid\u00e9o<\/strong><\/span>: Logiciel de gestion des aliments pour animaux DTM<\/a><\/p>\n<p><a href=\"https:\/\/www.dinamicagenerale.cn\/fr\/%C3%A9tude-de-cas\/blog-repondre-a-vos-questions-sur-les-logiciels-de-gestion-des-aliments-pour-animaux\/\" target=\"_blank\" rel=\"noopener\"><span style=\"color: #ff6600;\"><strong>Blog<\/strong><\/span>: R\u00e9ponses \u00e0 vos questions sur les logiciels de gestion des aliments pour animaux<\/a><\/p>\n<p><a href=\"https:\/\/www.dinamicagenerale.cn\/fr\/%C3%A9tude-de-cas\/blog-les-5-principales-caracteristiques-a-rechercher-dans-un-logiciel-de-gestion-des-aliments-pour-animaux\/\" target=\"_blank\" rel=\"noopener\"><span style=\"color: #ff6600;\"><strong>Blog<\/strong><\/span>: Les 5 principales caract\u00e9ristiques \u00e0 rechercher dans un logiciel de gestion des aliments pour animaux<\/a><\/p>\n<p class=\"text-center\" style=\"text-align: left;\"><a href=\"https:\/\/www.dinamicagenerale.cn\/fr\/video\/video-un-melangeur-daliments-intelligent-avec-logiciel-integre\/\" target=\"_blank\" rel=\"noopener\"><span style=\"color: #ff6600;\"><strong>Vid\u00e9o<\/strong><\/span>: Un m\u00e9langeur d&rsquo;aliments intelligent avec logiciel int\u00e9gr\u00e9<\/a><\/p>\n<p><a href=\"https:\/\/www.dinamicagenerale.cn\/fr\/%C3%A9tude-de-cas\/infographie-comment-les-logiciels-rationalisent-les-activites-de-votre-exploitation-laitiere\/\" target=\"_blank\" rel=\"noopener\"><strong><span style=\"color: #ff6600;\">Infographie<\/span><\/strong>: Comment les logiciels rationalisent les activit\u00e9s de votre exploitation laiti\u00e8re<\/a><\/p>\n<p><a href=\"https:\/\/www.dinamicagenerale.cn\/fr\/%C3%A9tude-de-cas\/blog-agrinir-lanalyse-nir-sur-site-pour-une-productivite-accrue\/\" target=\"_blank\" rel=\"noopener\"><span style=\"color: #ff6600;\"><strong>Blog<\/strong><\/span>: AGRINIR. L\u2019Analyse NIR sur site pour une Productivit\u00e9 Accrue<\/a><\/p>\n<p><a href=\"https:\/\/www.dinamicagenerale.cn\/fr\/%C3%A9tude-de-cas\/blog-innovation-dans-lalimentation-de-precision-pour-une-agriculture-plus-efficace-et-durable\/\" target=\"_blank\" rel=\"noopener\"><strong><span style=\"color: #ff6600;\">Blog<\/span><\/strong>: Les avantages de l\u2019analyse NIR en temps r\u00e9el. EVONIR sur le r\u00e9servoir pour une agriculture plus efficace et durable<\/a><\/p>\n<h1><span style=\"color: #003366;\">Solutions pour l&rsquo;agriculture de pr\u00e9cision<\/span><\/h1>\n<p>Am\u00e9liorez la production v\u00e9g\u00e9tale gr\u00e2ce \u00e0 une technologie de pointe. D\u00e9couvrez comment les agriculteurs sp\u00e9cialis\u00e9s utilisent des solutions de pr\u00e9cision pour augmenter les rendements tout en r\u00e9duisant les d\u00e9chets.<\/p>\n<p><a href=\"https:\/\/www.dinamicagenerale.cn\/fr\/%C3%A9tude-de-cas\/blog-analyseurs-nir-sur-moissonneuse-batteuse-optimiser-lutilisation-de-lazote\/\" target=\"_blank\" rel=\"noopener\"><span style=\"color: #ff6600;\"><strong>Blog: <\/strong><\/span>Analyseurs NIR sur Moissonneuse-batteuse. Optimiser l\u2019utilisation de l\u2019Azote<\/a><\/p>\n<p><a href=\"https:\/\/www.dinamicagenerale.cn\/fr\/%C3%A9tude-de-cas\/blog-evonir-pour-le-transport-des-boues-et-des-digestats\/\" target=\"_blank\" rel=\"noopener\"><strong><span style=\"color: #ff6600;\">Blog<\/span><\/strong>: EVONIR pour le transport des boues et des digestats<\/a><\/p>\n","protected":false},"excerpt":{"rendered":"<p>Technologie d&rsquo;alimentation de pr\u00e9cision Am\u00e9liorez l&rsquo;alimentation du b\u00e9tail gr\u00e2ce \u00e0 des technologies de pointe. D\u00e9couvrez comment il est possible d&rsquo;optimiser [&hellip;]<\/p>\n","protected":false},"author":5,"featured_media":34147,"parent":0,"menu_order":0,"comment_status":"closed","ping_status":"closed","template":"archive-resource.php","meta":{"footnotes":""},"class_list":["post-13328","page","type-page","status-publish","has-post-thumbnail","hentry"],"yoast_head":"<!-- This site is optimized with the Yoast SEO plugin v26.9 - https:\/\/yoast.com\/product\/yoast-seo-wordpress\/ -->\n<title>Ressources - Dinamica Generale<\/title>\n<meta name=\"robots\" content=\"index, follow, max-snippet:-1, max-image-preview:large, max-video-preview:-1\" \/>\n<link rel=\"canonical\" href=\"https:\/\/www.dinamicagenerale.cn\/fr\/ressources\/\" \/>\n<meta property=\"og:locale\" content=\"fr_FR\" \/>\n<meta property=\"og:type\" content=\"article\" \/>\n<meta property=\"og:title\" content=\"Ressources - Dinamica Generale\" \/>\n<meta property=\"og:description\" content=\"Technologie d&rsquo;alimentation de pr\u00e9cision Am\u00e9liorez l&rsquo;alimentation du b\u00e9tail gr\u00e2ce \u00e0 des technologies de pointe. D\u00e9couvrez comment il est possible d&rsquo;optimiser [&hellip;]\" \/>\n<meta property=\"og:url\" content=\"https:\/\/www.dinamicagenerale.cn\/fr\/ressources\/\" \/>\n<meta property=\"og:site_name\" content=\"Dinamica Generale\" \/>\n<meta property=\"article:modified_time\" content=\"2025-04-08T15:17:40+00:00\" \/>\n<meta name=\"twitter:card\" content=\"summary_large_image\" \/>\n<meta name=\"twitter:label1\" content=\"Dur\u00e9e de lecture estim\u00e9e\" \/>\n\t<meta name=\"twitter:data1\" content=\"2 minutes\" \/>\n<script type=\"application\/ld+json\" class=\"yoast-schema-graph\">{\"@context\":\"https:\/\/schema.org\",\"@graph\":[{\"@type\":\"WebPage\",\"@id\":\"https:\/\/www.dinamicagenerale.cn\/fr\/ressources\/\",\"url\":\"https:\/\/www.dinamicagenerale.cn\/fr\/ressources\/\",\"name\":\"Ressources - Dinamica Generale\",\"isPartOf\":{\"@id\":\"https:\/\/www.dinamicagenerale.cn\/fr\/#website\"},\"primaryImageOfPage\":{\"@id\":\"https:\/\/www.dinamicagenerale.cn\/fr\/ressources\/#primaryimage\"},\"image\":{\"@id\":\"https:\/\/www.dinamicagenerale.cn\/fr\/ressources\/#primaryimage\"},\"thumbnailUrl\":\"https:\/\/www.dinamicagenerale.cn\/wp-content\/uploads\/2025\/11\/Resources-dinamica-generale.png\",\"datePublished\":\"2025-02-04T09:55:03+00:00\",\"dateModified\":\"2025-04-08T15:17:40+00:00\",\"breadcrumb\":{\"@id\":\"https:\/\/www.dinamicagenerale.cn\/fr\/ressources\/#breadcrumb\"},\"inLanguage\":\"fr-FR\",\"potentialAction\":[{\"@type\":\"ReadAction\",\"target\":[\"https:\/\/www.dinamicagenerale.cn\/fr\/ressources\/\"]}]},{\"@type\":\"ImageObject\",\"inLanguage\":\"fr-FR\",\"@id\":\"https:\/\/www.dinamicagenerale.cn\/fr\/ressources\/#primaryimage\",\"url\":\"https:\/\/www.dinamicagenerale.cn\/wp-content\/uploads\/2025\/11\/Resources-dinamica-generale.png\",\"contentUrl\":\"https:\/\/www.dinamicagenerale.cn\/wp-content\/uploads\/2025\/11\/Resources-dinamica-generale.png\",\"width\":2362,\"height\":1217},{\"@type\":\"BreadcrumbList\",\"@id\":\"https:\/\/www.dinamicagenerale.cn\/fr\/ressources\/#breadcrumb\",\"itemListElement\":[{\"@type\":\"ListItem\",\"position\":1,\"name\":\"Home\",\"item\":\"https:\/\/www.dinamicagenerale.cn\/fr\/\"},{\"@type\":\"ListItem\",\"position\":2,\"name\":\"Ressources\"}]},{\"@type\":\"WebSite\",\"@id\":\"https:\/\/www.dinamicagenerale.cn\/fr\/#website\",\"url\":\"https:\/\/www.dinamicagenerale.cn\/fr\/\",\"name\":\"Dinamica Generale\",\"description\":\"\",\"potentialAction\":[{\"@type\":\"SearchAction\",\"target\":{\"@type\":\"EntryPoint\",\"urlTemplate\":\"https:\/\/www.dinamicagenerale.cn\/fr\/?s={search_term_string}\"},\"query-input\":{\"@type\":\"PropertyValueSpecification\",\"valueRequired\":true,\"valueName\":\"search_term_string\"}}],\"inLanguage\":\"fr-FR\"}]}<\/script>\n<!-- \/ Yoast SEO plugin. -->","yoast_head_json":{"title":"Ressources - Dinamica Generale","robots":{"index":"index","follow":"follow","max-snippet":"max-snippet:-1","max-image-preview":"max-image-preview:large","max-video-preview":"max-video-preview:-1"},"canonical":"https:\/\/www.dinamicagenerale.cn\/fr\/ressources\/","og_locale":"fr_FR","og_type":"article","og_title":"Ressources - Dinamica Generale","og_description":"Technologie d&rsquo;alimentation de pr\u00e9cision Am\u00e9liorez l&rsquo;alimentation du b\u00e9tail gr\u00e2ce \u00e0 des technologies de pointe. D\u00e9couvrez comment il est possible d&rsquo;optimiser [&hellip;]","og_url":"https:\/\/www.dinamicagenerale.cn\/fr\/ressources\/","og_site_name":"Dinamica Generale","article_modified_time":"2025-04-08T15:17:40+00:00","twitter_card":"summary_large_image","twitter_misc":{"Dur\u00e9e de lecture estim\u00e9e":"2 minutes"},"schema":{"@context":"https:\/\/schema.org","@graph":[{"@type":"WebPage","@id":"https:\/\/www.dinamicagenerale.cn\/fr\/ressources\/","url":"https:\/\/www.dinamicagenerale.cn\/fr\/ressources\/","name":"Ressources - Dinamica Generale","isPartOf":{"@id":"https:\/\/www.dinamicagenerale.cn\/fr\/#website"},"primaryImageOfPage":{"@id":"https:\/\/www.dinamicagenerale.cn\/fr\/ressources\/#primaryimage"},"image":{"@id":"https:\/\/www.dinamicagenerale.cn\/fr\/ressources\/#primaryimage"},"thumbnailUrl":"https:\/\/www.dinamicagenerale.cn\/wp-content\/uploads\/2025\/11\/Resources-dinamica-generale.png","datePublished":"2025-02-04T09:55:03+00:00","dateModified":"2025-04-08T15:17:40+00:00","breadcrumb":{"@id":"https:\/\/www.dinamicagenerale.cn\/fr\/ressources\/#breadcrumb"},"inLanguage":"fr-FR","potentialAction":[{"@type":"ReadAction","target":["https:\/\/www.dinamicagenerale.cn\/fr\/ressources\/"]}]},{"@type":"ImageObject","inLanguage":"fr-FR","@id":"https:\/\/www.dinamicagenerale.cn\/fr\/ressources\/#primaryimage","url":"https:\/\/www.dinamicagenerale.cn\/wp-content\/uploads\/2025\/11\/Resources-dinamica-generale.png","contentUrl":"https:\/\/www.dinamicagenerale.cn\/wp-content\/uploads\/2025\/11\/Resources-dinamica-generale.png","width":2362,"height":1217},{"@type":"BreadcrumbList","@id":"https:\/\/www.dinamicagenerale.cn\/fr\/ressources\/#breadcrumb","itemListElement":[{"@type":"ListItem","position":1,"name":"Home","item":"https:\/\/www.dinamicagenerale.cn\/fr\/"},{"@type":"ListItem","position":2,"name":"Ressources"}]},{"@type":"WebSite","@id":"https:\/\/www.dinamicagenerale.cn\/fr\/#website","url":"https:\/\/www.dinamicagenerale.cn\/fr\/","name":"Dinamica Generale","description":"","potentialAction":[{"@type":"SearchAction","target":{"@type":"EntryPoint","urlTemplate":"https:\/\/www.dinamicagenerale.cn\/fr\/?s={search_term_string}"},"query-input":{"@type":"PropertyValueSpecification","valueRequired":true,"valueName":"search_term_string"}}],"inLanguage":"fr-FR"}]}},"_links":{"self":[{"href":"https:\/\/www.dinamicagenerale.cn\/fr\/wp-json\/wp\/v2\/pages\/13328","targetHints":{"allow":["GET"]}}],"collection":[{"href":"https:\/\/www.dinamicagenerale.cn\/fr\/wp-json\/wp\/v2\/pages"}],"about":[{"href":"https:\/\/www.dinamicagenerale.cn\/fr\/wp-json\/wp\/v2\/types\/page"}],"author":[{"embeddable":true,"href":"https:\/\/www.dinamicagenerale.cn\/fr\/wp-json\/wp\/v2\/users\/5"}],"replies":[{"embeddable":true,"href":"https:\/\/www.dinamicagenerale.cn\/fr\/wp-json\/wp\/v2\/comments?post=13328"}],"version-history":[{"count":3,"href":"https:\/\/www.dinamicagenerale.cn\/fr\/wp-json\/wp\/v2\/pages\/13328\/revisions"}],"predecessor-version":[{"id":19877,"href":"https:\/\/www.dinamicagenerale.cn\/fr\/wp-json\/wp\/v2\/pages\/13328\/revisions\/19877"}],"wp:featuredmedia":[{"embeddable":true,"href":"https:\/\/www.dinamicagenerale.cn\/fr\/wp-json\/wp\/v2\/media\/34147"}],"wp:attachment":[{"href":"https:\/\/www.dinamicagenerale.cn\/fr\/wp-json\/wp\/v2\/media?parent=13328"}],"curies":[{"name":"wp","href":"https:\/\/api.w.org\/{rel}","templated":true}]}}