{"id":13324,"date":"2025-01-10T15:59:17","date_gmt":"2025-01-10T14:59:17","guid":{"rendered":"https:\/\/www.dinamicagenerale.com\/certifications-de-qualite\/"},"modified":"2025-10-03T17:23:10","modified_gmt":"2025-10-03T15:23:10","slug":"certifications-de-qualite","status":"publish","type":"page","link":"https:\/\/www.dinamicagenerale.cn\/fr\/entreprise\/certifications-de-qualite\/","title":{"rendered":"Certifications de qualit\u00e9"},"content":{"rendered":"<h2><span style=\"color: #ff6600;\">Certifications de qualit\u00e9<\/span><\/h2>\n<p>Chez Dinamica Generale, la <strong>qualit\u00e9<\/strong> est profond\u00e9ment ancr\u00e9e dans chaque aspect de nos activit\u00e9s quotidiennes. De la <strong>conception \u00e0 la fabrication<\/strong>, chaque produit est con\u00e7u pour r\u00e9pondre \u00e0 des <strong>normes de qualit\u00e9 rigoureuses<\/strong> et offrir des <strong>performances exceptionnelles<\/strong>. <\/p>\n<p>Notre engagement en faveur de l&rsquo;excellence repose sur la <strong>certification mondiale<\/strong> de la <strong>norme de qualit\u00e9 ISO 9001<\/strong>. Au fil des ans, nous avons \u00e9tendu nos certifications \u00e0 la <strong>norme ISO 13485<\/strong> pour les dispositifs m\u00e9dicaux. <\/p>\n<p>T\u00e9l\u00e9chargez les copies de nos <strong>certifications<\/strong> ci-dessous pour en savoir plus sur notre engagement en mati\u00e8re de <strong>qualit\u00e9<\/strong> et de conformit\u00e9.<\/p>\n<p><a href=\"https:\/\/www.dinamicagenerale.cn\/wp-content\/uploads\/2025\/01\/Certified_9001_ENG-ITA_extsigned_dinamica-generale.pdf\">ISO 9001<\/a><\/p>\n<p><a href=\"https:\/\/www.dinamicagenerale.cn\/wp-content\/uploads\/2025\/01\/Certified_13485_ENG-ITA_extsigned_dinamica-generale.pdf\">ISO 13485<\/a><\/p>\n<p>&nbsp;<\/p>\n<h2><span style=\"color: #ff6600;\">Certifications de durabilit\u00e9  <\/span><\/h2>\n<p>Le <strong>d\u00e9veloppement durable<\/strong> est une valeur fondamentale qui guide nos activit\u00e9s et notre culture d&rsquo;entreprise. Nous nous engageons \u00e0 promouvoir la <strong>responsabilit\u00e9 environnementale<\/strong>, \u00e0 assurer la <strong>s\u00e9curit\u00e9 sur le lieu de travail<\/strong> et \u00e0 favoriser l&rsquo;<strong>\u00e9galit\u00e9 entre les hommes et les femmes<\/strong> en tant que partie int\u00e9grante de nos pratiques commerciales. <\/p>\n<p>Notre engagement en faveur du d\u00e9veloppement durable se refl\u00e8te dans nos <strong>certifications<\/strong>, notamment <strong>ISO 14001<\/strong> pour la gestion de l&rsquo;environnement, <strong>ISO 45001<\/strong> pour la sant\u00e9 et la s\u00e9curit\u00e9 au travail et <strong>UNI PdR 125:2022<\/strong>, qui reconna\u00eet nos efforts en faveur de l&rsquo;<strong>\u00e9galit\u00e9 entre les hommes et les femmes<\/strong>.<\/p>\n<p>Ces certifications t\u00e9moignent de notre engagement in\u00e9branlable \u00e0 cr\u00e9er un avenir durable et inclusif, tant au sein de notre organisation que dans les communaut\u00e9s que nous servons.<\/p>\n<p><a href=\"https:\/\/www.dinamicagenerale.cn\/wp-content\/uploads\/2025\/01\/Certificato_Dinamica_14001-scad.2027-.pdf\">ISO 14001<\/a><\/p>\n<p><a href=\"https:\/\/www.dinamicagenerale.cn\/wp-content\/uploads\/2025\/01\/Certificato_Dinamica_45001-scad.2027.pdf\">ISO 45001<\/a><\/p>\n<p><a href=\"https:\/\/www.dinamicagenerale.cn\/wp-content\/uploads\/2025\/01\/Dinamica-Generale_gender-equality.pdf\">UNI PdR 125\/2022<\/a><\/p>\n<p>&nbsp;<\/p>\n<h2><span style=\"color: #ff6600;\">Rapport sur le d\u00e9veloppement durable  <\/span><\/h2>\n<p>Notre <strong>rapport sur le d\u00e9veloppement durable<\/strong> illustre notre engagement en faveur d&rsquo;un <strong>d\u00e9veloppement<\/strong> <strong>responsable<\/strong> et <strong>transparent<\/strong>. Il d\u00e9crit les efforts d\u00e9ploy\u00e9s pour r\u00e9duire l&rsquo;<strong>impact sur l&rsquo;environnement<\/strong>, promouvoir le <strong>bien-\u00eatre social<\/strong> et garantir une <strong>gouvernance \u00e9thique<\/strong>. Avec des donn\u00e9es cl\u00e9s, des objectifs et des projets futurs, le rapport souligne que le d\u00e9veloppement durable est au c\u0153ur de notre strat\u00e9gie d&rsquo;entreprise. Nous invitons les parties prenantes \u00e0 explorer notre contribution \u00e0 un <strong>avenir<\/strong> plus <strong>durable<\/strong> et \u00e0 se joindre \u00e0 nous dans une d\u00e9marche d&rsquo;am\u00e9lioration continue.   <\/p>\n<p><a href=\"https:\/\/www.dinamicagenerale.cn\/wp-content\/uploads\/2025\/01\/Dinamica-Generale_Report-sostenibilita-2023.pdf\"><strong>2023 :<\/strong> T\u00e9l\u00e9chargez notre rapport sur le d\u00e9veloppement durable<\/a><\/p>\n<p><a href=\"https:\/\/www.dinamicagenerale.cn\/wp-content\/uploads\/2025\/09\/Dinamica-Generale_report_2024_20250912_DEF.pdf\"><strong>2024 :<\/strong> T\u00e9l\u00e9chargez notre rapport sur le d\u00e9veloppement durable<\/a><\/p>\n<p>&nbsp;<\/p>\n<h2><span style=\"color: #ff6600;\">Analyse de l&#8217;empreinte carbone<\/span><\/h2>\n<p>Dans le cadre de notre engagement en faveur du d\u00e9veloppement durable, nous nous effor\u00e7ons de r\u00e9duire notre impact sur l&rsquo;environnement en proc\u00e9dant <strong>\u00e0 une analyse<\/strong> compl\u00e8te <strong>de notre empreinte carbone<\/strong>. Cette approche nous permet de mesurer, de contr\u00f4ler et de minimiser les \u00e9missions de gaz \u00e0 effet de serre dans l&rsquo;ensemble de nos activit\u00e9s. <\/p>\n<p>En donnant la priorit\u00e9 \u00e0 la <strong>gestion de l&#8217;empreinte carbone<\/strong>, nous voulons contribuer \u00e0 un avenir plus durable, en nous alignant sur les efforts mondiaux de lutte contre le changement climatique et de promotion de la responsabilit\u00e9 environnementale.<\/p>\n<p><strong>2024 : <\/strong><a href=\"https:\/\/www.dinamicagenerale.cn\/wp-content\/uploads\/2025\/01\/CarbonFootprintOrganizzazioneDinamicaGeneralerev00-35235-35236.pdf\">T\u00e9l\u00e9chargez notre analyse de l&#8217;empreinte carbone<\/a><\/p>\n<p><strong>2025 : <\/strong><a href=\"https:\/\/www.dinamicagenerale.cn\/wp-content\/uploads\/2025\/06\/Carbon-Footprint-Organizzazione-Dinamica-Generale-rev01.pdf\">T\u00e9l\u00e9chargez notre analyse de l&#8217;empreinte carbone<\/a><\/p>\n<p>&nbsp;<\/p>\n<h2><span style=\"color: #ff6600;\">Code \u00e9thique<\/span><\/h2>\n<p>Dans un monde de plus en plus ax\u00e9 sur le d\u00e9veloppement durable, la compr\u00e9hension et la r\u00e9duction de l&rsquo;impact environnemental constituent une priorit\u00e9 absolue. Notre <strong>analyse de l&#8217;empreinte carbone<\/strong> est la pierre angulaire de nos efforts, car elle fournit une mesure claire des \u00e9missions de gaz \u00e0 effet de serre et oriente les strat\u00e9gies d&rsquo;am\u00e9lioration. <\/p>\n<p>Cet engagement refl\u00e8te notre volont\u00e9 d&rsquo;agir de mani\u00e8re <strong>responsable et transparente<\/strong>, en alignant nos actions sur l&rsquo;objectif global d&rsquo;une plan\u00e8te plus saine. Nous vous invitons \u00e0 d\u00e9couvrir comment nous mesurons, g\u00e9rons et r\u00e9duisons notre empreinte carbone dans le cadre de notre voyage vers un avenir durable. <\/p>\n<p><a href=\"https:\/\/www.dinamicagenerale.cn\/wp-content\/uploads\/2025\/01\/CodiceEticoWebrev00-35283.pdf\">T\u00e9l\u00e9chargez notre code \u00e9thique<\/a><\/p>\n<p>&nbsp;<\/p>\n<h2><span style=\"color: #ff6600;\">Politique de l&rsquo;entreprise<\/span><\/h2>\n<p>Notre <strong>politique d&rsquo;entreprise<\/strong> refl\u00e8te les principes d&rsquo;<strong>int\u00e9grit\u00e9<\/strong>, de <strong>durabilit\u00e9<\/strong> et d&rsquo;<strong>excellence<\/strong> qui guident nos actions. Elle garantit la transparence, promeut la <strong>responsabilit\u00e9 environnementale<\/strong> et donne la priorit\u00e9 au bien-\u00eatre de toutes les parties prenantes. D\u00e9couvrez comment notre politique favorise l&rsquo;am\u00e9lioration continue et le succ\u00e8s partag\u00e9.  <\/p>\n<p><strong>Rev.14 &#8211; ITA : <\/strong><a href=\"https:\/\/www.dinamicagenerale.cn\/wp-content\/uploads\/2025\/10\/Politica-Integrata-Aziendale_rev14_ITA_Pubblico-1.pdf\">T\u00e9l\u00e9chargez la politique de l&rsquo;entreprise<\/a><\/p>\n<p><strong>Rev.11 &#8211; ITA :<\/strong> <a href=\"https:\/\/www.dinamicagenerale.cn\/wp-content\/uploads\/2025\/07\/politica-rev11ENGweb-32404-1.pdf\">T\u00e9l\u00e9chargez la politique de l&rsquo;entreprise<\/a><\/p>\n<p><strong>Rev.11 &#8211; ENG :<\/strong> <a href=\"https:\/\/www.dinamicagenerale.cn\/wp-content\/uploads\/2025\/02\/politica-rev11ENGweb-32404-1.pdf\">T\u00e9l\u00e9chargez la politique de l&rsquo;entreprise<\/a><\/p>\n<p><a href=\"https:\/\/www.dinamicagenerale.cn\/wp-content\/uploads\/2025\/01\/politica-rev13ENGweb-35224.pdf\">T\u00e9l\u00e9chargez notre politique d&rsquo;entreprise int\u00e9gr\u00e9e<\/a><\/p>\n<p><a href=\"https:\/\/www.dinamicagenerale.cn\/wp-content\/uploads\/2025\/02\/politica-rev11ENGweb-32404.pdf\">T\u00e9l\u00e9charger les fiches sur la protection de l&rsquo;environnement<\/a><\/p>\n<p><a href=\"https:\/\/www.dinamicagenerale.cn\/wp-content\/uploads\/2025\/02\/politicaConflictMineralsENGRev00Draft-5059.pdf\">T\u00e9l\u00e9charger la politique relative aux minerais de conflit<\/a><\/p>\n<p><a href=\"https:\/\/www.dinamicagenerale.cn\/wp-content\/uploads\/2025\/02\/Mod508RevA-CodicediCondottafornitoriENG-35234-DEF.pdf\">T\u00e9l\u00e9chargez le code de conduite des fournisseurs  <\/a><\/p>\n<p><a href=\"https:\/\/www.dinamicagenerale.cn\/wp-content\/uploads\/2025\/02\/politicaresponsabilitsociale-rev02ENG-35231.pdf\">T\u00e9l\u00e9chargez la politique de responsabilit\u00e9 sociale<\/a><\/p>\n<p><a href=\"https:\/\/www.dinamicagenerale.cn\/wp-content\/uploads\/2025\/02\/PoliticaperlaParitdiGenererev01ENG-35230.pdf\">T\u00e9l\u00e9chargez la politique d&rsquo;\u00e9galit\u00e9 entre les femmes et les hommes<\/a><\/p>\n","protected":false},"excerpt":{"rendered":"<p>Certifications de qualit\u00e9 Chez Dinamica Generale, la qualit\u00e9 est profond\u00e9ment ancr\u00e9e dans chaque aspect de nos activit\u00e9s quotidiennes. De la [&hellip;]<\/p>\n","protected":false},"author":2,"featured_media":0,"parent":13404,"menu_order":0,"comment_status":"closed","ping_status":"closed","template":"","meta":{"footnotes":""},"class_list":["post-13324","page","type-page","status-publish","hentry"],"yoast_head":"<!-- This site is optimized with the Yoast SEO plugin v26.9 - https:\/\/yoast.com\/product\/yoast-seo-wordpress\/ -->\n<title>Certifications de qualit\u00e9 - Dinamica Generale<\/title>\n<meta name=\"robots\" content=\"index, follow, max-snippet:-1, max-image-preview:large, max-video-preview:-1\" \/>\n<link rel=\"canonical\" href=\"https:\/\/www.dinamicagenerale.cn\/fr\/entreprise\/certifications-de-qualite\/\" \/>\n<meta property=\"og:locale\" content=\"fr_FR\" \/>\n<meta property=\"og:type\" content=\"article\" \/>\n<meta property=\"og:title\" content=\"Certifications de qualit\u00e9 - Dinamica Generale\" \/>\n<meta property=\"og:description\" content=\"Certifications de qualit\u00e9 Chez Dinamica Generale, la qualit\u00e9 est profond\u00e9ment ancr\u00e9e dans chaque aspect de nos activit\u00e9s quotidiennes. De la [&hellip;]\" \/>\n<meta property=\"og:url\" content=\"https:\/\/www.dinamicagenerale.cn\/fr\/entreprise\/certifications-de-qualite\/\" \/>\n<meta property=\"og:site_name\" content=\"Dinamica Generale\" \/>\n<meta property=\"article:modified_time\" content=\"2025-10-03T15:23:10+00:00\" \/>\n<meta name=\"twitter:card\" content=\"summary_large_image\" \/>\n<meta name=\"twitter:label1\" content=\"Dur\u00e9e de lecture estim\u00e9e\" \/>\n\t<meta name=\"twitter:data1\" content=\"4 minutes\" \/>\n<script type=\"application\/ld+json\" class=\"yoast-schema-graph\">{\"@context\":\"https:\/\/schema.org\",\"@graph\":[{\"@type\":\"WebPage\",\"@id\":\"https:\/\/www.dinamicagenerale.cn\/fr\/entreprise\/certifications-de-qualite\/\",\"url\":\"https:\/\/www.dinamicagenerale.cn\/fr\/entreprise\/certifications-de-qualite\/\",\"name\":\"Certifications de qualit\u00e9 - Dinamica Generale\",\"isPartOf\":{\"@id\":\"https:\/\/www.dinamicagenerale.cn\/fr\/#website\"},\"datePublished\":\"2025-01-10T14:59:17+00:00\",\"dateModified\":\"2025-10-03T15:23:10+00:00\",\"breadcrumb\":{\"@id\":\"https:\/\/www.dinamicagenerale.cn\/fr\/entreprise\/certifications-de-qualite\/#breadcrumb\"},\"inLanguage\":\"fr-FR\",\"potentialAction\":[{\"@type\":\"ReadAction\",\"target\":[\"https:\/\/www.dinamicagenerale.cn\/fr\/entreprise\/certifications-de-qualite\/\"]}]},{\"@type\":\"BreadcrumbList\",\"@id\":\"https:\/\/www.dinamicagenerale.cn\/fr\/entreprise\/certifications-de-qualite\/#breadcrumb\",\"itemListElement\":[{\"@type\":\"ListItem\",\"position\":1,\"name\":\"Home\",\"item\":\"https:\/\/www.dinamicagenerale.cn\/fr\/\"},{\"@type\":\"ListItem\",\"position\":2,\"name\":\"Entreprise\",\"item\":\"https:\/\/www.dinamicagenerale.cn\/fr\/entreprise\/\"},{\"@type\":\"ListItem\",\"position\":3,\"name\":\"Certifications de qualit\u00e9\"}]},{\"@type\":\"WebSite\",\"@id\":\"https:\/\/www.dinamicagenerale.cn\/fr\/#website\",\"url\":\"https:\/\/www.dinamicagenerale.cn\/fr\/\",\"name\":\"Dinamica Generale\",\"description\":\"\",\"potentialAction\":[{\"@type\":\"SearchAction\",\"target\":{\"@type\":\"EntryPoint\",\"urlTemplate\":\"https:\/\/www.dinamicagenerale.cn\/fr\/?s={search_term_string}\"},\"query-input\":{\"@type\":\"PropertyValueSpecification\",\"valueRequired\":true,\"valueName\":\"search_term_string\"}}],\"inLanguage\":\"fr-FR\"}]}<\/script>\n<!-- \/ Yoast SEO plugin. -->","yoast_head_json":{"title":"Certifications de qualit\u00e9 - Dinamica Generale","robots":{"index":"index","follow":"follow","max-snippet":"max-snippet:-1","max-image-preview":"max-image-preview:large","max-video-preview":"max-video-preview:-1"},"canonical":"https:\/\/www.dinamicagenerale.cn\/fr\/entreprise\/certifications-de-qualite\/","og_locale":"fr_FR","og_type":"article","og_title":"Certifications de qualit\u00e9 - Dinamica Generale","og_description":"Certifications de qualit\u00e9 Chez Dinamica Generale, la qualit\u00e9 est profond\u00e9ment ancr\u00e9e dans chaque aspect de nos activit\u00e9s quotidiennes. De la [&hellip;]","og_url":"https:\/\/www.dinamicagenerale.cn\/fr\/entreprise\/certifications-de-qualite\/","og_site_name":"Dinamica Generale","article_modified_time":"2025-10-03T15:23:10+00:00","twitter_card":"summary_large_image","twitter_misc":{"Dur\u00e9e de lecture estim\u00e9e":"4 minutes"},"schema":{"@context":"https:\/\/schema.org","@graph":[{"@type":"WebPage","@id":"https:\/\/www.dinamicagenerale.cn\/fr\/entreprise\/certifications-de-qualite\/","url":"https:\/\/www.dinamicagenerale.cn\/fr\/entreprise\/certifications-de-qualite\/","name":"Certifications de qualit\u00e9 - Dinamica Generale","isPartOf":{"@id":"https:\/\/www.dinamicagenerale.cn\/fr\/#website"},"datePublished":"2025-01-10T14:59:17+00:00","dateModified":"2025-10-03T15:23:10+00:00","breadcrumb":{"@id":"https:\/\/www.dinamicagenerale.cn\/fr\/entreprise\/certifications-de-qualite\/#breadcrumb"},"inLanguage":"fr-FR","potentialAction":[{"@type":"ReadAction","target":["https:\/\/www.dinamicagenerale.cn\/fr\/entreprise\/certifications-de-qualite\/"]}]},{"@type":"BreadcrumbList","@id":"https:\/\/www.dinamicagenerale.cn\/fr\/entreprise\/certifications-de-qualite\/#breadcrumb","itemListElement":[{"@type":"ListItem","position":1,"name":"Home","item":"https:\/\/www.dinamicagenerale.cn\/fr\/"},{"@type":"ListItem","position":2,"name":"Entreprise","item":"https:\/\/www.dinamicagenerale.cn\/fr\/entreprise\/"},{"@type":"ListItem","position":3,"name":"Certifications de qualit\u00e9"}]},{"@type":"WebSite","@id":"https:\/\/www.dinamicagenerale.cn\/fr\/#website","url":"https:\/\/www.dinamicagenerale.cn\/fr\/","name":"Dinamica Generale","description":"","potentialAction":[{"@type":"SearchAction","target":{"@type":"EntryPoint","urlTemplate":"https:\/\/www.dinamicagenerale.cn\/fr\/?s={search_term_string}"},"query-input":{"@type":"PropertyValueSpecification","valueRequired":true,"valueName":"search_term_string"}}],"inLanguage":"fr-FR"}]}},"_links":{"self":[{"href":"https:\/\/www.dinamicagenerale.cn\/fr\/wp-json\/wp\/v2\/pages\/13324","targetHints":{"allow":["GET"]}}],"collection":[{"href":"https:\/\/www.dinamicagenerale.cn\/fr\/wp-json\/wp\/v2\/pages"}],"about":[{"href":"https:\/\/www.dinamicagenerale.cn\/fr\/wp-json\/wp\/v2\/types\/page"}],"author":[{"embeddable":true,"href":"https:\/\/www.dinamicagenerale.cn\/fr\/wp-json\/wp\/v2\/users\/2"}],"replies":[{"embeddable":true,"href":"https:\/\/www.dinamicagenerale.cn\/fr\/wp-json\/wp\/v2\/comments?post=13324"}],"version-history":[{"count":5,"href":"https:\/\/www.dinamicagenerale.cn\/fr\/wp-json\/wp\/v2\/pages\/13324\/revisions"}],"predecessor-version":[{"id":33710,"href":"https:\/\/www.dinamicagenerale.cn\/fr\/wp-json\/wp\/v2\/pages\/13324\/revisions\/33710"}],"up":[{"embeddable":true,"href":"https:\/\/www.dinamicagenerale.cn\/fr\/wp-json\/wp\/v2\/pages\/13404"}],"wp:attachment":[{"href":"https:\/\/www.dinamicagenerale.cn\/fr\/wp-json\/wp\/v2\/media?parent=13324"}],"curies":[{"name":"wp","href":"https:\/\/api.w.org\/{rel}","templated":true}]}}