{"id":13316,"date":"2025-01-15T15:21:30","date_gmt":"2025-01-15T14:21:30","guid":{"rendered":"https:\/\/www.dinamicagenerale.com\/service-et-assistance\/"},"modified":"2025-08-20T11:44:18","modified_gmt":"2025-08-20T09:44:18","slug":"service-et-assistance","status":"publish","type":"page","link":"https:\/\/www.dinamicagenerale.cn\/fr\/service-et-assistance\/","title":{"rendered":"Service et assistance"},"content":{"rendered":"<p>Comptez sur l&rsquo;\u00e9quipe de support de Dinamica Generale pour obtenir de l&rsquo;aide quand vous en avez le plus besoin. Nous fournissons une assistance \u00e0 nos clients qui ont besoin d&rsquo;une aide urgente 24 heures sur 24, 7 jours sur 7. Obtenez les r\u00e9ponses dont vous avez besoin pour que votre \u00e9quipement soit toujours pr\u00eat \u00e0 fonctionner. Vous b\u00e9n\u00e9ficiez d&rsquo;une approche professionnelle et coh\u00e9rente gr\u00e2ce \u00e0 notre r\u00e9seau mondial de partenaires.<\/p>\n<p>La satisfaction des clients et le maintien d&rsquo;un niveau de service irr\u00e9prochable sont la meilleure recette pour fid\u00e9liser les clients.<br \/>\nVous pouvez compter sur nos ing\u00e9nieurs hautement qualifi\u00e9s et notre \u00e9quipe d&rsquo;assistance d\u00e9vou\u00e9e pour d\u00e9passer vos attentes.<\/p>\n<h2>POUR L&rsquo;ASSISTANCE AUX ETATS-UNIS ET AU CANADA<\/h2>\n<p>Assistance technique 24\/7 : 301 &#8211; 791 &#8211; 1068<br \/>\nAssistance technique via notre syst\u00e8me de billetterie <a href=\"https:\/\/osticket.dinamicagenerale.com\/\">https:\/\/osticket.dinamicagenerale.com<\/a><br \/>\nou par courriel : uscanada-help@dinamicagenerale.us <\/p>\n<h2>POUR L&rsquo;ASSISTANCE AUX PAYS DE LA CEI<\/h2>\n<p>Support technique 24\/7 : +38 063 127 82 99<br \/>\nAssistance par courrier \u00e9lectronique : michaels@dinamicagenerale.com<\/p>\n<h2>POUR L&rsquo;ASSISTANCE A LA CHINE<\/h2>\n<p>Assistance technique 24\/7 pour les syst\u00e8mes de pesage et les logiciels DTM : +86 176 2124 8575<br \/>\nAssistance technique 24\/7 pour les analyseurs NIR et autres logiciels : +86 136 8434 5715<\/p>\n<h2>POUR L&rsquo;ASSISTANCE INTERNATIONALE<\/h2>\n<p>Assistance technique via notre syst\u00e8me de billetterie <a href=\"https:\/\/osticket.dinamicagenerale.com\">https:\/\/osticket.dinamicagenerale.com<\/a> ou par courriel : help@dinamicagenerale.com <\/p>\n<p><strong>Le syst\u00e8me de billetterie est disponible du lundi au dimanche.<\/strong><br \/>\n<strong>Du lundi au vendredi de 08h00 \u00e0 18h00 (CET<\/strong>)<br \/>\nSoutien g\u00e9n\u00e9ral et assistance technique pour les probl\u00e8mes complexes li\u00e9s aux nouveaux projets en cours de d\u00e9veloppement.<br \/>\nL&rsquo;assistance est disponible en anglais, fran\u00e7ais, italien, allemand, espagnol et russe.<br \/>\n<strong>Du lundi au vendredi de 08h00 \u00e0 18h00 (CET) <\/strong>Assistance g\u00e9n\u00e9rale.<br \/>\nL&rsquo;assistance est disponible en anglais. Pour r\u00e9pondre aux diff\u00e9rents besoins du march\u00e9, nous utilisons des syst\u00e8mes de traduction automatique. <\/p>\n<p><strong>Ligne d&rsquo;assistance 24\/7 pour les pannes critiques : +39 346 96 55 640<\/strong><\/p>\n<p>Support \u00e0 distance<br \/>\n<strong>Comment obtenir l&rsquo;assistance la plus rapide<\/strong><br \/>\nNous aimons r\u00e9soudre votre probl\u00e8me rapidement. Nous pouvons le faire encore plus rapidement si nous ne devons pas nous rendre sur place. Gr\u00e2ce \u00e0 Team Viewer, notre \u00e9quipe peut vous fournir une assistance rapide par le biais du support \u00e0 distance. Ces services nous permettent d&rsquo;acc\u00e9der \u00e0 l&rsquo;\u00e9cran de votre PC.   <\/p>\n<p>Cliquez simplement sur le logo Team Viewer et suivez les instructions.  <a href=\"https:\/\/srv.dinamicagenerale.com\/dgqs.exe\" rel=\"noopener\"><img loading=\"lazy\" decoding=\"async\" class=\"size-full wp-image-7311 alignnone\" src=\"https:\/\/www.dinamicagenerale.cn\/wp-content\/uploads\/2025\/01\/service-support-teamviewer.png\" alt=\"\" width=\"262\" height=\"65\"><\/a><\/p>\n","protected":false},"excerpt":{"rendered":"<p>Comptez sur l&rsquo;\u00e9quipe de support de Dinamica Generale pour obtenir de l&rsquo;aide quand vous en avez le plus besoin. Nous [&hellip;]<\/p>\n","protected":false},"author":5,"featured_media":34156,"parent":0,"menu_order":0,"comment_status":"closed","ping_status":"closed","template":"","meta":{"footnotes":""},"class_list":["post-13316","page","type-page","status-publish","has-post-thumbnail","hentry"],"yoast_head":"<!-- This site is optimized with the Yoast SEO plugin v26.9 - https:\/\/yoast.com\/product\/yoast-seo-wordpress\/ -->\n<title>Service et assistance - Dinamica Generale<\/title>\n<meta name=\"robots\" content=\"index, follow, max-snippet:-1, max-image-preview:large, max-video-preview:-1\" \/>\n<link rel=\"canonical\" href=\"https:\/\/www.dinamicagenerale.cn\/fr\/service-et-assistance\/\" \/>\n<meta property=\"og:locale\" content=\"fr_FR\" \/>\n<meta property=\"og:type\" content=\"article\" \/>\n<meta property=\"og:title\" content=\"Service et assistance - Dinamica Generale\" \/>\n<meta property=\"og:description\" content=\"Comptez sur l&rsquo;\u00e9quipe de support de Dinamica Generale pour obtenir de l&rsquo;aide quand vous en avez le plus besoin. Nous [&hellip;]\" \/>\n<meta property=\"og:url\" content=\"https:\/\/www.dinamicagenerale.cn\/fr\/service-et-assistance\/\" \/>\n<meta property=\"og:site_name\" content=\"Dinamica Generale\" \/>\n<meta property=\"article:modified_time\" content=\"2025-08-20T09:44:18+00:00\" \/>\n<meta property=\"og:image\" content=\"https:\/\/www.dinamicagenerale.cn\/wp-content\/uploads\/2025\/01\/service-support-teamviewer.png\" \/>\n\t<meta property=\"og:image:width\" content=\"262\" \/>\n\t<meta property=\"og:image:height\" content=\"65\" \/>\n\t<meta property=\"og:image:type\" content=\"image\/png\" \/>\n<meta name=\"twitter:card\" content=\"summary_large_image\" \/>\n<meta name=\"twitter:label1\" content=\"Dur\u00e9e de lecture estim\u00e9e\" \/>\n\t<meta name=\"twitter:data1\" content=\"2 minutes\" \/>\n<script type=\"application\/ld+json\" class=\"yoast-schema-graph\">{\"@context\":\"https:\/\/schema.org\",\"@graph\":[{\"@type\":\"WebPage\",\"@id\":\"https:\/\/www.dinamicagenerale.cn\/fr\/service-et-assistance\/\",\"url\":\"https:\/\/www.dinamicagenerale.cn\/fr\/service-et-assistance\/\",\"name\":\"Service et assistance - Dinamica Generale\",\"isPartOf\":{\"@id\":\"https:\/\/www.dinamicagenerale.cn\/fr\/#website\"},\"primaryImageOfPage\":{\"@id\":\"https:\/\/www.dinamicagenerale.cn\/fr\/service-et-assistance\/#primaryimage\"},\"image\":{\"@id\":\"https:\/\/www.dinamicagenerale.cn\/fr\/service-et-assistance\/#primaryimage\"},\"thumbnailUrl\":\"https:\/\/www.dinamicagenerale.cn\/wp-content\/uploads\/2025\/11\/service-support-dinamica-generale.png\",\"datePublished\":\"2025-01-15T14:21:30+00:00\",\"dateModified\":\"2025-08-20T09:44:18+00:00\",\"breadcrumb\":{\"@id\":\"https:\/\/www.dinamicagenerale.cn\/fr\/service-et-assistance\/#breadcrumb\"},\"inLanguage\":\"fr-FR\",\"potentialAction\":[{\"@type\":\"ReadAction\",\"target\":[\"https:\/\/www.dinamicagenerale.cn\/fr\/service-et-assistance\/\"]}]},{\"@type\":\"ImageObject\",\"inLanguage\":\"fr-FR\",\"@id\":\"https:\/\/www.dinamicagenerale.cn\/fr\/service-et-assistance\/#primaryimage\",\"url\":\"https:\/\/www.dinamicagenerale.cn\/wp-content\/uploads\/2025\/11\/service-support-dinamica-generale.png\",\"contentUrl\":\"https:\/\/www.dinamicagenerale.cn\/wp-content\/uploads\/2025\/11\/service-support-dinamica-generale.png\",\"width\":2362,\"height\":1217},{\"@type\":\"BreadcrumbList\",\"@id\":\"https:\/\/www.dinamicagenerale.cn\/fr\/service-et-assistance\/#breadcrumb\",\"itemListElement\":[{\"@type\":\"ListItem\",\"position\":1,\"name\":\"Home\",\"item\":\"https:\/\/www.dinamicagenerale.cn\/fr\/\"},{\"@type\":\"ListItem\",\"position\":2,\"name\":\"Service et assistance\"}]},{\"@type\":\"WebSite\",\"@id\":\"https:\/\/www.dinamicagenerale.cn\/fr\/#website\",\"url\":\"https:\/\/www.dinamicagenerale.cn\/fr\/\",\"name\":\"Dinamica Generale\",\"description\":\"\",\"potentialAction\":[{\"@type\":\"SearchAction\",\"target\":{\"@type\":\"EntryPoint\",\"urlTemplate\":\"https:\/\/www.dinamicagenerale.cn\/fr\/?s={search_term_string}\"},\"query-input\":{\"@type\":\"PropertyValueSpecification\",\"valueRequired\":true,\"valueName\":\"search_term_string\"}}],\"inLanguage\":\"fr-FR\"}]}<\/script>\n<!-- \/ Yoast SEO plugin. -->","yoast_head_json":{"title":"Service et assistance - Dinamica Generale","robots":{"index":"index","follow":"follow","max-snippet":"max-snippet:-1","max-image-preview":"max-image-preview:large","max-video-preview":"max-video-preview:-1"},"canonical":"https:\/\/www.dinamicagenerale.cn\/fr\/service-et-assistance\/","og_locale":"fr_FR","og_type":"article","og_title":"Service et assistance - Dinamica Generale","og_description":"Comptez sur l&rsquo;\u00e9quipe de support de Dinamica Generale pour obtenir de l&rsquo;aide quand vous en avez le plus besoin. Nous [&hellip;]","og_url":"https:\/\/www.dinamicagenerale.cn\/fr\/service-et-assistance\/","og_site_name":"Dinamica Generale","article_modified_time":"2025-08-20T09:44:18+00:00","og_image":[{"width":262,"height":65,"url":"https:\/\/www.dinamicagenerale.cn\/wp-content\/uploads\/2025\/01\/service-support-teamviewer.png","type":"image\/png"}],"twitter_card":"summary_large_image","twitter_misc":{"Dur\u00e9e de lecture estim\u00e9e":"2 minutes"},"schema":{"@context":"https:\/\/schema.org","@graph":[{"@type":"WebPage","@id":"https:\/\/www.dinamicagenerale.cn\/fr\/service-et-assistance\/","url":"https:\/\/www.dinamicagenerale.cn\/fr\/service-et-assistance\/","name":"Service et assistance - Dinamica Generale","isPartOf":{"@id":"https:\/\/www.dinamicagenerale.cn\/fr\/#website"},"primaryImageOfPage":{"@id":"https:\/\/www.dinamicagenerale.cn\/fr\/service-et-assistance\/#primaryimage"},"image":{"@id":"https:\/\/www.dinamicagenerale.cn\/fr\/service-et-assistance\/#primaryimage"},"thumbnailUrl":"https:\/\/www.dinamicagenerale.cn\/wp-content\/uploads\/2025\/11\/service-support-dinamica-generale.png","datePublished":"2025-01-15T14:21:30+00:00","dateModified":"2025-08-20T09:44:18+00:00","breadcrumb":{"@id":"https:\/\/www.dinamicagenerale.cn\/fr\/service-et-assistance\/#breadcrumb"},"inLanguage":"fr-FR","potentialAction":[{"@type":"ReadAction","target":["https:\/\/www.dinamicagenerale.cn\/fr\/service-et-assistance\/"]}]},{"@type":"ImageObject","inLanguage":"fr-FR","@id":"https:\/\/www.dinamicagenerale.cn\/fr\/service-et-assistance\/#primaryimage","url":"https:\/\/www.dinamicagenerale.cn\/wp-content\/uploads\/2025\/11\/service-support-dinamica-generale.png","contentUrl":"https:\/\/www.dinamicagenerale.cn\/wp-content\/uploads\/2025\/11\/service-support-dinamica-generale.png","width":2362,"height":1217},{"@type":"BreadcrumbList","@id":"https:\/\/www.dinamicagenerale.cn\/fr\/service-et-assistance\/#breadcrumb","itemListElement":[{"@type":"ListItem","position":1,"name":"Home","item":"https:\/\/www.dinamicagenerale.cn\/fr\/"},{"@type":"ListItem","position":2,"name":"Service et assistance"}]},{"@type":"WebSite","@id":"https:\/\/www.dinamicagenerale.cn\/fr\/#website","url":"https:\/\/www.dinamicagenerale.cn\/fr\/","name":"Dinamica Generale","description":"","potentialAction":[{"@type":"SearchAction","target":{"@type":"EntryPoint","urlTemplate":"https:\/\/www.dinamicagenerale.cn\/fr\/?s={search_term_string}"},"query-input":{"@type":"PropertyValueSpecification","valueRequired":true,"valueName":"search_term_string"}}],"inLanguage":"fr-FR"}]}},"_links":{"self":[{"href":"https:\/\/www.dinamicagenerale.cn\/fr\/wp-json\/wp\/v2\/pages\/13316","targetHints":{"allow":["GET"]}}],"collection":[{"href":"https:\/\/www.dinamicagenerale.cn\/fr\/wp-json\/wp\/v2\/pages"}],"about":[{"href":"https:\/\/www.dinamicagenerale.cn\/fr\/wp-json\/wp\/v2\/types\/page"}],"author":[{"embeddable":true,"href":"https:\/\/www.dinamicagenerale.cn\/fr\/wp-json\/wp\/v2\/users\/5"}],"replies":[{"embeddable":true,"href":"https:\/\/www.dinamicagenerale.cn\/fr\/wp-json\/wp\/v2\/comments?post=13316"}],"version-history":[{"count":1,"href":"https:\/\/www.dinamicagenerale.cn\/fr\/wp-json\/wp\/v2\/pages\/13316\/revisions"}],"predecessor-version":[{"id":31872,"href":"https:\/\/www.dinamicagenerale.cn\/fr\/wp-json\/wp\/v2\/pages\/13316\/revisions\/31872"}],"wp:featuredmedia":[{"embeddable":true,"href":"https:\/\/www.dinamicagenerale.cn\/fr\/wp-json\/wp\/v2\/media\/34156"}],"wp:attachment":[{"href":"https:\/\/www.dinamicagenerale.cn\/fr\/wp-json\/wp\/v2\/media?parent=13316"}],"curies":[{"name":"wp","href":"https:\/\/api.w.org\/{rel}","templated":true}]}}