{"id":13326,"date":"2025-01-15T15:21:30","date_gmt":"2025-01-15T14:21:30","guid":{"rendered":"https:\/\/www.dinamicagenerale.com\/servicio-y-asistencia\/"},"modified":"2025-08-20T11:44:18","modified_gmt":"2025-08-20T09:44:18","slug":"servicio-y-asistencia","status":"publish","type":"page","link":"https:\/\/www.dinamicagenerale.cn\/es\/servicio-y-asistencia\/","title":{"rendered":"Servicio y Soporte"},"content":{"rendered":"<p>Cuenta con el equipo de Soporte de Dinamica Generale para obtener asistencia cuando m\u00e1s la necesites. Proporcionamos asistencia a nuestros clientes que necesitan ayuda urgente 24 horas al d\u00eda, 7 d\u00edas a la semana.. Obt\u00e9n las respuestas que necesitas para mantener tu equipo siempre listo para trabajar. Trata con un enfoque profesional y coherente a trav\u00e9s de nuestra red mundial de socios.<\/p>\n<p>Mantener contentos a los clientes y mantener unos niveles de servicio impecables es la mejor receta para repetir el negocio.<br \/>\nPuedes confiar en que nuestros ingenieros altamente cualificados y nuestro equipo de asistencia especializado superar\u00e1n tus expectativas.<\/p>\n<h2>PARA LA ASISTENCIA EN EE.UU. Y CANAD\u00c1<\/h2>\n<p>Soporte t\u00e9cnico 24\/7 : 301 &#8211; 791 &#8211; 1068<br \/>\nAsistencia t\u00e9cnica a trav\u00e9s de nuestro sistema de tickets <a href=\"https:\/\/osticket.dinamicagenerale.com\/\">https:\/\/osticket.dinamicagenerale.com<\/a><br \/>\no por correo electr\u00f3nico: uscanada-help@dinamicagenerale.us <\/p>\n<h2>AYUDA A LOS PA\u00cdSES DE LA CEI<\/h2>\n<p>Soporte t\u00e9cnico 24\/7 : +38 063 127 82 99<br \/>\nAsistencia por correo electr\u00f3nico: michaels@dinamicagenerale.com<\/p>\n<h2>PARA LA AYUDA A CHINA<\/h2>\n<p>Soporte t\u00e9cnico 24\/7 para sistemas de pesaje y software DTM: +86 176 2124 8575<br \/>\nSoporte t\u00e9cnico 24\/7 para analizadores NIR y otro software: +86 136 8434 5715<\/p>\n<h2>PARA LA AYUDA INTERNACIONAL<\/h2>\n<p>Asistencia t\u00e9cnica a trav\u00e9s de nuestro sistema de tickets <a href=\"https:\/\/osticket.dinamicagenerale.com\">https:\/\/osticket.dinamicagenerale.com<\/a> o por correo electr\u00f3nico: help@dinamicagenerale.com <\/p>\n<p><strong>El sistema de venta de entradas est\u00e1 disponible de lunes a domingo<\/strong><br \/>\n<strong>De lunes a viernes de 08.00 a 18.00 (CET)<\/strong><br \/>\nApoyo general y asistencia t\u00e9cnica a cuestiones complejas con nuevos proyectos en desarrollo.<br \/>\nLa asistencia est\u00e1 disponible en ingl\u00e9s, franc\u00e9s, italiano, alem\u00e1n, espa\u00f1ol y ruso.<br \/>\n<strong>De lunes a viernes de 08.00 a 18.00 (CET) <\/strong>Asistencia general.<br \/>\nLa asistencia est\u00e1 disponible en ingl\u00e9s. Para responder a las distintas necesidades del mercado, utilizamos sistemas de traducci\u00f3n autom\u00e1tica. <\/p>\n<p><strong>L\u00ednea directa 24\/7 para asistencia en aver\u00edas cr\u00edticas: +39 346 96 55 640<\/strong><\/p>\n<p>Asistencia remota<br \/>\n<strong>C\u00f3mo conseguir la asistencia m\u00e1s r\u00e1pida<\/strong><br \/>\nNos gusta resolver tu problema r\u00e1pidamente. Podemos hacerlo a\u00fan m\u00e1s r\u00e1pido si no tenemos que visitarte in situ. Gracias a Team Viewer, nuestro equipo puede proporcionarte asistencia r\u00e1pida utilizando el soporte remoto. Estos servicios nos permiten acceder a la pantalla de tu PC.   <\/p>\n<p>Simplemente haz clic en el logotipo de Team Viewer y sigue las instrucciones  <a href=\"https:\/\/srv.dinamicagenerale.com\/dgqs.exe\" rel=\"noopener\"><img loading=\"lazy\" decoding=\"async\" class=\"size-full wp-image-7311 alignnone\" src=\"https:\/\/www.dinamicagenerale.cn\/wp-content\/uploads\/2025\/01\/service-support-teamviewer.png\" alt=\"\" width=\"262\" height=\"65\"><\/a><\/p>\n","protected":false},"excerpt":{"rendered":"<p>Cuenta con el equipo de Soporte de Dinamica Generale para obtener asistencia cuando m\u00e1s la necesites. Proporcionamos asistencia a nuestros [&hellip;]<\/p>\n","protected":false},"author":5,"featured_media":34161,"parent":0,"menu_order":0,"comment_status":"closed","ping_status":"closed","template":"","meta":{"footnotes":""},"class_list":["post-13326","page","type-page","status-publish","has-post-thumbnail","hentry"],"yoast_head":"<!-- This site is optimized with the Yoast SEO plugin v26.9 - https:\/\/yoast.com\/product\/yoast-seo-wordpress\/ -->\n<title>Servicio y Soporte - Dinamica Generale<\/title>\n<meta name=\"robots\" content=\"index, follow, max-snippet:-1, max-image-preview:large, max-video-preview:-1\" \/>\n<link rel=\"canonical\" href=\"https:\/\/www.dinamicagenerale.cn\/es\/servicio-y-asistencia\/\" \/>\n<meta property=\"og:locale\" content=\"es_ES\" \/>\n<meta property=\"og:type\" content=\"article\" \/>\n<meta property=\"og:title\" content=\"Servicio y Soporte - Dinamica Generale\" \/>\n<meta property=\"og:description\" content=\"Cuenta con el equipo de Soporte de Dinamica Generale para obtener asistencia cuando m\u00e1s la necesites. Proporcionamos asistencia a nuestros [&hellip;]\" \/>\n<meta property=\"og:url\" content=\"https:\/\/www.dinamicagenerale.cn\/es\/servicio-y-asistencia\/\" \/>\n<meta property=\"og:site_name\" content=\"Dinamica Generale\" \/>\n<meta property=\"article:modified_time\" content=\"2025-08-20T09:44:18+00:00\" \/>\n<meta property=\"og:image\" content=\"https:\/\/www.dinamicagenerale.cn\/wp-content\/uploads\/2025\/01\/service-support-teamviewer.png\" \/>\n\t<meta property=\"og:image:width\" content=\"262\" \/>\n\t<meta property=\"og:image:height\" content=\"65\" \/>\n\t<meta property=\"og:image:type\" content=\"image\/png\" \/>\n<meta name=\"twitter:card\" content=\"summary_large_image\" \/>\n<meta name=\"twitter:label1\" content=\"Tiempo de lectura\" \/>\n\t<meta name=\"twitter:data1\" content=\"2 minutos\" \/>\n<script type=\"application\/ld+json\" class=\"yoast-schema-graph\">{\"@context\":\"https:\/\/schema.org\",\"@graph\":[{\"@type\":\"WebPage\",\"@id\":\"https:\/\/www.dinamicagenerale.cn\/es\/servicio-y-asistencia\/\",\"url\":\"https:\/\/www.dinamicagenerale.cn\/es\/servicio-y-asistencia\/\",\"name\":\"Servicio y Soporte - Dinamica Generale\",\"isPartOf\":{\"@id\":\"https:\/\/www.dinamicagenerale.cn\/es\/#website\"},\"primaryImageOfPage\":{\"@id\":\"https:\/\/www.dinamicagenerale.cn\/es\/servicio-y-asistencia\/#primaryimage\"},\"image\":{\"@id\":\"https:\/\/www.dinamicagenerale.cn\/es\/servicio-y-asistencia\/#primaryimage\"},\"thumbnailUrl\":\"https:\/\/www.dinamicagenerale.cn\/wp-content\/uploads\/2025\/11\/service-support-dinamica-generale.png\",\"datePublished\":\"2025-01-15T14:21:30+00:00\",\"dateModified\":\"2025-08-20T09:44:18+00:00\",\"breadcrumb\":{\"@id\":\"https:\/\/www.dinamicagenerale.cn\/es\/servicio-y-asistencia\/#breadcrumb\"},\"inLanguage\":\"es\",\"potentialAction\":[{\"@type\":\"ReadAction\",\"target\":[\"https:\/\/www.dinamicagenerale.cn\/es\/servicio-y-asistencia\/\"]}]},{\"@type\":\"ImageObject\",\"inLanguage\":\"es\",\"@id\":\"https:\/\/www.dinamicagenerale.cn\/es\/servicio-y-asistencia\/#primaryimage\",\"url\":\"https:\/\/www.dinamicagenerale.cn\/wp-content\/uploads\/2025\/11\/service-support-dinamica-generale.png\",\"contentUrl\":\"https:\/\/www.dinamicagenerale.cn\/wp-content\/uploads\/2025\/11\/service-support-dinamica-generale.png\",\"width\":2362,\"height\":1217},{\"@type\":\"BreadcrumbList\",\"@id\":\"https:\/\/www.dinamicagenerale.cn\/es\/servicio-y-asistencia\/#breadcrumb\",\"itemListElement\":[{\"@type\":\"ListItem\",\"position\":1,\"name\":\"Home\",\"item\":\"https:\/\/www.dinamicagenerale.cn\/es\/\"},{\"@type\":\"ListItem\",\"position\":2,\"name\":\"Servicio y Soporte\"}]},{\"@type\":\"WebSite\",\"@id\":\"https:\/\/www.dinamicagenerale.cn\/es\/#website\",\"url\":\"https:\/\/www.dinamicagenerale.cn\/es\/\",\"name\":\"Dinamica Generale\",\"description\":\"\",\"potentialAction\":[{\"@type\":\"SearchAction\",\"target\":{\"@type\":\"EntryPoint\",\"urlTemplate\":\"https:\/\/www.dinamicagenerale.cn\/es\/?s={search_term_string}\"},\"query-input\":{\"@type\":\"PropertyValueSpecification\",\"valueRequired\":true,\"valueName\":\"search_term_string\"}}],\"inLanguage\":\"es\"}]}<\/script>\n<!-- \/ Yoast SEO plugin. -->","yoast_head_json":{"title":"Servicio y Soporte - Dinamica Generale","robots":{"index":"index","follow":"follow","max-snippet":"max-snippet:-1","max-image-preview":"max-image-preview:large","max-video-preview":"max-video-preview:-1"},"canonical":"https:\/\/www.dinamicagenerale.cn\/es\/servicio-y-asistencia\/","og_locale":"es_ES","og_type":"article","og_title":"Servicio y Soporte - Dinamica Generale","og_description":"Cuenta con el equipo de Soporte de Dinamica Generale para obtener asistencia cuando m\u00e1s la necesites. Proporcionamos asistencia a nuestros [&hellip;]","og_url":"https:\/\/www.dinamicagenerale.cn\/es\/servicio-y-asistencia\/","og_site_name":"Dinamica Generale","article_modified_time":"2025-08-20T09:44:18+00:00","og_image":[{"width":262,"height":65,"url":"https:\/\/www.dinamicagenerale.cn\/wp-content\/uploads\/2025\/01\/service-support-teamviewer.png","type":"image\/png"}],"twitter_card":"summary_large_image","twitter_misc":{"Tiempo de lectura":"2 minutos"},"schema":{"@context":"https:\/\/schema.org","@graph":[{"@type":"WebPage","@id":"https:\/\/www.dinamicagenerale.cn\/es\/servicio-y-asistencia\/","url":"https:\/\/www.dinamicagenerale.cn\/es\/servicio-y-asistencia\/","name":"Servicio y Soporte - Dinamica Generale","isPartOf":{"@id":"https:\/\/www.dinamicagenerale.cn\/es\/#website"},"primaryImageOfPage":{"@id":"https:\/\/www.dinamicagenerale.cn\/es\/servicio-y-asistencia\/#primaryimage"},"image":{"@id":"https:\/\/www.dinamicagenerale.cn\/es\/servicio-y-asistencia\/#primaryimage"},"thumbnailUrl":"https:\/\/www.dinamicagenerale.cn\/wp-content\/uploads\/2025\/11\/service-support-dinamica-generale.png","datePublished":"2025-01-15T14:21:30+00:00","dateModified":"2025-08-20T09:44:18+00:00","breadcrumb":{"@id":"https:\/\/www.dinamicagenerale.cn\/es\/servicio-y-asistencia\/#breadcrumb"},"inLanguage":"es","potentialAction":[{"@type":"ReadAction","target":["https:\/\/www.dinamicagenerale.cn\/es\/servicio-y-asistencia\/"]}]},{"@type":"ImageObject","inLanguage":"es","@id":"https:\/\/www.dinamicagenerale.cn\/es\/servicio-y-asistencia\/#primaryimage","url":"https:\/\/www.dinamicagenerale.cn\/wp-content\/uploads\/2025\/11\/service-support-dinamica-generale.png","contentUrl":"https:\/\/www.dinamicagenerale.cn\/wp-content\/uploads\/2025\/11\/service-support-dinamica-generale.png","width":2362,"height":1217},{"@type":"BreadcrumbList","@id":"https:\/\/www.dinamicagenerale.cn\/es\/servicio-y-asistencia\/#breadcrumb","itemListElement":[{"@type":"ListItem","position":1,"name":"Home","item":"https:\/\/www.dinamicagenerale.cn\/es\/"},{"@type":"ListItem","position":2,"name":"Servicio y Soporte"}]},{"@type":"WebSite","@id":"https:\/\/www.dinamicagenerale.cn\/es\/#website","url":"https:\/\/www.dinamicagenerale.cn\/es\/","name":"Dinamica Generale","description":"","potentialAction":[{"@type":"SearchAction","target":{"@type":"EntryPoint","urlTemplate":"https:\/\/www.dinamicagenerale.cn\/es\/?s={search_term_string}"},"query-input":{"@type":"PropertyValueSpecification","valueRequired":true,"valueName":"search_term_string"}}],"inLanguage":"es"}]}},"_links":{"self":[{"href":"https:\/\/www.dinamicagenerale.cn\/es\/wp-json\/wp\/v2\/pages\/13326","targetHints":{"allow":["GET"]}}],"collection":[{"href":"https:\/\/www.dinamicagenerale.cn\/es\/wp-json\/wp\/v2\/pages"}],"about":[{"href":"https:\/\/www.dinamicagenerale.cn\/es\/wp-json\/wp\/v2\/types\/page"}],"author":[{"embeddable":true,"href":"https:\/\/www.dinamicagenerale.cn\/es\/wp-json\/wp\/v2\/users\/5"}],"replies":[{"embeddable":true,"href":"https:\/\/www.dinamicagenerale.cn\/es\/wp-json\/wp\/v2\/comments?post=13326"}],"version-history":[{"count":2,"href":"https:\/\/www.dinamicagenerale.cn\/es\/wp-json\/wp\/v2\/pages\/13326\/revisions"}],"predecessor-version":[{"id":31870,"href":"https:\/\/www.dinamicagenerale.cn\/es\/wp-json\/wp\/v2\/pages\/13326\/revisions\/31870"}],"wp:featuredmedia":[{"embeddable":true,"href":"https:\/\/www.dinamicagenerale.cn\/es\/wp-json\/wp\/v2\/media\/34161"}],"wp:attachment":[{"href":"https:\/\/www.dinamicagenerale.cn\/es\/wp-json\/wp\/v2\/media?parent=13326"}],"curies":[{"name":"wp","href":"https:\/\/api.w.org\/{rel}","templated":true}]}}