{"id":13322,"date":"2025-01-10T15:59:17","date_gmt":"2025-01-10T14:59:17","guid":{"rendered":"https:\/\/www.dinamicagenerale.com\/certificaciones-de-calidad\/"},"modified":"2025-10-03T17:25:07","modified_gmt":"2025-10-03T15:25:07","slug":"certificaciones-de-calidad","status":"publish","type":"page","link":"https:\/\/www.dinamicagenerale.cn\/es\/acerca-de\/certificaciones-de-calidad\/","title":{"rendered":"Certificaciones de calidad"},"content":{"rendered":"<h2><span style=\"color: #ff6600;\">Certificaciones de calidad<\/span><\/h2>\n<p>En Dinamica Generale, <strong>la calidad<\/strong> est\u00e1 profundamente arraigada en todos los aspectos de nuestras operaciones diarias. Desde <strong>el dise\u00f1o hasta la fabricaci\u00f3n<\/strong>, cada producto se elabora para cumplir <strong>rigurosas normas de calidad<\/strong> y ofrecer <strong>un rendimiento excepcional<\/strong>. <\/p>\n<p>Nuestro compromiso con la excelencia se basa en la <strong>certificaci\u00f3n global<\/strong> de la <strong>Norma de Calidad ISO 9001<\/strong>. Con los a\u00f1os, hemos ampliado nuestras certificaciones para incluir <strong>la ISO 13485<\/strong> para productos sanitarios. <\/p>\n<p>Descarga copias de nuestras <strong>certificaciones<\/strong> para saber m\u00e1s sobre nuestra dedicaci\u00f3n a la <strong>calidad<\/strong> y el cumplimiento.<\/p>\n<p><a href=\"https:\/\/www.dinamicagenerale.cn\/wp-content\/uploads\/2025\/01\/Certified_9001_ENG-ITA_extsigned_dinamica-generale.pdf\">ISO 9001<\/a><\/p>\n<p><a href=\"https:\/\/www.dinamicagenerale.cn\/wp-content\/uploads\/2025\/01\/Certified_13485_ENG-ITA_extsigned_dinamica-generale.pdf\">ISO 13485<\/a><\/p>\n<p>&nbsp;<\/p>\n<h2><span style=\"color: #ff6600;\">Certificaciones de sostenibilidad  <\/span><\/h2>\n<p><strong>La sostenibilidad<\/strong> es un valor fundamental que impulsa nuestras operaciones y nuestra cultura corporativa. Nos comprometemos a promover <strong>la responsabilidad medioambiental<\/strong>, garantizar <strong>la seguridad en el lugar de trabajo<\/strong> y fomentar <strong>la igualdad de g\u00e9nero<\/strong> como partes integrantes de nuestras pr\u00e1cticas empresariales. <\/p>\n<p>Nuestra dedicaci\u00f3n a la sostenibilidad se refleja en nuestras <strong>certificaciones<\/strong>, como <strong>la ISO 14001<\/strong> de gesti\u00f3n medioambiental, <strong>la ISO 45001<\/strong> de salud y seguridad en el trabajo, y <strong>la UNI PdR 125:2022<\/strong>, que reconoce nuestros esfuerzos por lograr la <strong>igualdad de g\u00e9nero<\/strong>.<\/p>\n<p>Estas certificaciones demuestran nuestro compromiso inquebrantable con la creaci\u00f3n de un futuro sostenible e integrador, tanto dentro de nuestra organizaci\u00f3n como en las comunidades a las que servimos.<\/p>\n<p><a href=\"https:\/\/www.dinamicagenerale.cn\/wp-content\/uploads\/2025\/01\/Certificato_Dinamica_14001-scad.2027-.pdf\">ISO 14001<\/a><\/p>\n<p><a href=\"https:\/\/www.dinamicagenerale.cn\/wp-content\/uploads\/2025\/01\/Certificato_Dinamica_45001-scad.2027.pdf\">ISO 45001<\/a><\/p>\n<p><a href=\"https:\/\/www.dinamicagenerale.cn\/wp-content\/uploads\/2025\/01\/Dinamica-Generale_gender-equality.pdf\">UNI PdR 125\/2022<\/a><\/p>\n<p>&nbsp;<\/p>\n<h2><span style=\"color: #ff6600;\">Informe de sostenibilidad  <\/span><\/h2>\n<p>Nuestro <strong>Informe de Sostenibilidad<\/strong> muestra nuestro compromiso con un <strong>desarrollo<\/strong> <strong>responsable<\/strong> y transparente. Describe los esfuerzos para reducir <strong>el impacto medioambiental<\/strong>, promover <strong>el bienestar social<\/strong> y garantizar <strong>una gobernanza \u00e9tica<\/strong>. Con datos clave, objetivos y proyectos futuros, el informe destaca la sostenibilidad como parte esencial de nuestra estrategia empresarial. Invitamos a las partes interesadas a explorar nuestra contribuci\u00f3n a un <strong>futuro<\/strong> m\u00e1s sostenible y a unirse a nosotros para impulsar la mejora continua.   <\/p>\n<p><a href=\"https:\/\/www.dinamicagenerale.cn\/wp-content\/uploads\/2025\/01\/Dinamica-Generale_Report-sostenibilita-2023.pdf\"><strong>2023:<\/strong> Descarga nuestro informe de sostenibilidad<\/a><\/p>\n<p><a href=\"https:\/\/www.dinamicagenerale.cn\/wp-content\/uploads\/2025\/09\/Dinamica-Generale_report_2024_20250912_DEF.pdf\"><strong>2024:<\/strong> Descarga nuestro informe de sostenibilidad<\/a><\/p>\n<p>&nbsp;<\/p>\n<h2><span style=\"color: #ff6600;\">An\u00e1lisis de la huella de carbono<\/span><\/h2>\n<p>Impulsando nuestro compromiso con la sostenibilidad, nos centramos activamente en reducir nuestro impacto medioambiental mediante <strong>un an\u00e1lisis<\/strong> exhaustivo <strong>de la huella de carbono<\/strong>. Este enfoque nos permite medir, controlar y minimizar las emisiones de gases de efecto invernadero en todas nuestras operaciones. <\/p>\n<p>Al dar prioridad a la <strong>gesti\u00f3n de la huella de carbono<\/strong>, pretendemos contribuir a un futuro m\u00e1s sostenible, aline\u00e1ndonos con los esfuerzos mundiales para combatir el cambio clim\u00e1tico y promover la responsabilidad medioambiental.<\/p>\n<p><strong>2024: <\/strong><a href=\"https:\/\/www.dinamicagenerale.cn\/wp-content\/uploads\/2025\/01\/CarbonFootprintOrganizzazioneDinamicaGeneralerev00-35235-35236.pdf\">Descarga nuestro an\u00e1lisis de la huella de carbono<\/a><\/p>\n<p><strong>2025: <\/strong><a href=\"https:\/\/www.dinamicagenerale.cn\/wp-content\/uploads\/2025\/06\/Carbon-Footprint-Organizzazione-Dinamica-Generale-rev01.pdf\">Descarga nuestro an\u00e1lisis de la huella de carbono<\/a><\/p>\n<p>&nbsp;<\/p>\n<h2><span style=\"color: #ff6600;\">C\u00f3digo \u00e9tico<\/span><\/h2>\n<p>En un mundo cada vez m\u00e1s centrado en la sostenibilidad, comprender y reducir el impacto medioambiental es una prioridad absoluta. Nuestro <strong>an\u00e1lisis de la huella de<\/strong> carbono es la piedra angular de nuestros esfuerzos, ya que proporciona una medici\u00f3n clara de las emisiones de gases de efecto invernadero y orienta las estrategias procesables de mejora. <\/p>\n<p>Este compromiso refleja nuestra dedicaci\u00f3n a operar con <strong>responsabilidad y transparencia<\/strong>, alineando nuestras acciones con el objetivo global de un planeta m\u00e1s sano. Te invitamos a explorar c\u00f3mo medimos, gestionamos y reducimos nuestra huella de carbono como parte de nuestro viaje hacia un futuro sostenible. <\/p>\n<p><a href=\"https:\/\/www.dinamicagenerale.cn\/wp-content\/uploads\/2025\/01\/CodiceEticoWebrev00-35283.pdf\">Descarga nuestro c\u00f3digo \u00e9tico<\/a><\/p>\n<p>&nbsp;<\/p>\n<h2><span style=\"color: #ff6600;\">Pol\u00edtica de empresa<\/span><\/h2>\n<p>Nuestra <strong>Pol\u00edtica de Empresa<\/strong> refleja los principios de <strong>integridad<\/strong>, <strong>sostenibilidad<\/strong> y <strong>excelencia<\/strong> que gu\u00edan nuestras acciones. Garantiza la transparencia, promueve la <strong>responsabilidad medioambiental<\/strong> y da prioridad al bienestar de todas las partes interesadas. Explora c\u00f3mo nuestra pol\u00edtica impulsa la mejora continua y el \u00e9xito compartido.  <\/p>\n<p><strong>Rev.14 &#8211; ITA: <\/strong><a href=\"https:\/\/www.dinamicagenerale.cn\/wp-content\/uploads\/2025\/10\/Politica-Integrata-Aziendale_rev14_ITA_Pubblico-1.pdf\">Descargar la pol\u00edtica de empresa<\/a><\/p>\n<p><strong>Rev.11 &#8211; ITA:<\/strong> <a href=\"https:\/\/www.dinamicagenerale.cn\/wp-content\/uploads\/2025\/07\/politica-rev11ENGweb-32404-1.pdf\">Descargar la pol\u00edtica de empresa<\/a><\/p>\n<p><strong>Rev.11 &#8211; ENG:<\/strong> <a href=\"https:\/\/www.dinamicagenerale.cn\/wp-content\/uploads\/2025\/02\/politica-rev11ENGweb-32404-1.pdf\">Descargar la pol\u00edtica de la empresa<\/a><\/p>\n<p><a href=\"https:\/\/www.dinamicagenerale.cn\/wp-content\/uploads\/2025\/01\/politica-rev13ENGweb-35224.pdf\">Descarga nuestra pol\u00edtica integrada de empresa<\/a><\/p>\n<p><a href=\"https:\/\/www.dinamicagenerale.cn\/wp-content\/uploads\/2025\/02\/politica-rev11ENGweb-32404.pdf\">Descargar los primeros sobre protecci\u00f3n del medio ambiente<\/a><\/p>\n<p><a href=\"https:\/\/www.dinamicagenerale.cn\/wp-content\/uploads\/2025\/02\/politicaConflictMineralsENGRev00Draft-5059.pdf\">Descargar la pol\u00edtica sobre minerales conflictivos<\/a><\/p>\n<p><a href=\"https:\/\/www.dinamicagenerale.cn\/wp-content\/uploads\/2025\/02\/Mod508RevA-CodicediCondottafornitoriENG-35234-DEF.pdf\">Descargar el c\u00f3digo de conducta para proveedores  <\/a><\/p>\n<p><a href=\"https:\/\/www.dinamicagenerale.cn\/wp-content\/uploads\/2025\/02\/politicaresponsabilitsociale-rev02ENG-35231.pdf\">Descargar la pol\u00edtica de responsabilidad social<\/a><\/p>\n<p><a href=\"https:\/\/www.dinamicagenerale.cn\/wp-content\/uploads\/2025\/02\/PoliticaperlaParitdiGenererev01ENG-35230.pdf\">Descargar la pol\u00edtica de igualdad de g\u00e9nero<\/a><\/p>\n","protected":false},"excerpt":{"rendered":"<p>Certificaciones de calidad En Dinamica Generale, la calidad est\u00e1 profundamente arraigada en todos los aspectos de nuestras operaciones diarias. Desde [&hellip;]<\/p>\n","protected":false},"author":2,"featured_media":0,"parent":13338,"menu_order":0,"comment_status":"closed","ping_status":"closed","template":"","meta":{"footnotes":""},"class_list":["post-13322","page","type-page","status-publish","hentry"],"yoast_head":"<!-- This site is optimized with the Yoast SEO plugin v26.9 - https:\/\/yoast.com\/product\/yoast-seo-wordpress\/ -->\n<title>Certificaciones de calidad - Dinamica Generale<\/title>\n<meta name=\"robots\" content=\"index, follow, max-snippet:-1, max-image-preview:large, max-video-preview:-1\" \/>\n<link rel=\"canonical\" href=\"https:\/\/www.dinamicagenerale.cn\/es\/acerca-de\/certificaciones-de-calidad\/\" \/>\n<meta property=\"og:locale\" content=\"es_ES\" \/>\n<meta property=\"og:type\" content=\"article\" \/>\n<meta property=\"og:title\" content=\"Certificaciones de calidad - Dinamica Generale\" \/>\n<meta property=\"og:description\" content=\"Certificaciones de calidad En Dinamica Generale, la calidad est\u00e1 profundamente arraigada en todos los aspectos de nuestras operaciones diarias. Desde [&hellip;]\" \/>\n<meta property=\"og:url\" content=\"https:\/\/www.dinamicagenerale.cn\/es\/acerca-de\/certificaciones-de-calidad\/\" \/>\n<meta property=\"og:site_name\" content=\"Dinamica Generale\" \/>\n<meta property=\"article:modified_time\" content=\"2025-10-03T15:25:07+00:00\" \/>\n<meta name=\"twitter:card\" content=\"summary_large_image\" \/>\n<meta name=\"twitter:label1\" content=\"Tiempo de lectura\" \/>\n\t<meta name=\"twitter:data1\" content=\"3 minutos\" \/>\n<script type=\"application\/ld+json\" class=\"yoast-schema-graph\">{\"@context\":\"https:\/\/schema.org\",\"@graph\":[{\"@type\":\"WebPage\",\"@id\":\"https:\/\/www.dinamicagenerale.cn\/es\/acerca-de\/certificaciones-de-calidad\/\",\"url\":\"https:\/\/www.dinamicagenerale.cn\/es\/acerca-de\/certificaciones-de-calidad\/\",\"name\":\"Certificaciones de calidad - Dinamica Generale\",\"isPartOf\":{\"@id\":\"https:\/\/www.dinamicagenerale.cn\/es\/#website\"},\"datePublished\":\"2025-01-10T14:59:17+00:00\",\"dateModified\":\"2025-10-03T15:25:07+00:00\",\"breadcrumb\":{\"@id\":\"https:\/\/www.dinamicagenerale.cn\/es\/acerca-de\/certificaciones-de-calidad\/#breadcrumb\"},\"inLanguage\":\"es\",\"potentialAction\":[{\"@type\":\"ReadAction\",\"target\":[\"https:\/\/www.dinamicagenerale.cn\/es\/acerca-de\/certificaciones-de-calidad\/\"]}]},{\"@type\":\"BreadcrumbList\",\"@id\":\"https:\/\/www.dinamicagenerale.cn\/es\/acerca-de\/certificaciones-de-calidad\/#breadcrumb\",\"itemListElement\":[{\"@type\":\"ListItem\",\"position\":1,\"name\":\"Home\",\"item\":\"https:\/\/www.dinamicagenerale.cn\/es\/\"},{\"@type\":\"ListItem\",\"position\":2,\"name\":\"Empresa\",\"item\":\"https:\/\/www.dinamicagenerale.cn\/es\/acerca-de\/\"},{\"@type\":\"ListItem\",\"position\":3,\"name\":\"Certificaciones de calidad\"}]},{\"@type\":\"WebSite\",\"@id\":\"https:\/\/www.dinamicagenerale.cn\/es\/#website\",\"url\":\"https:\/\/www.dinamicagenerale.cn\/es\/\",\"name\":\"Dinamica Generale\",\"description\":\"\",\"potentialAction\":[{\"@type\":\"SearchAction\",\"target\":{\"@type\":\"EntryPoint\",\"urlTemplate\":\"https:\/\/www.dinamicagenerale.cn\/es\/?s={search_term_string}\"},\"query-input\":{\"@type\":\"PropertyValueSpecification\",\"valueRequired\":true,\"valueName\":\"search_term_string\"}}],\"inLanguage\":\"es\"}]}<\/script>\n<!-- \/ Yoast SEO plugin. -->","yoast_head_json":{"title":"Certificaciones de calidad - Dinamica Generale","robots":{"index":"index","follow":"follow","max-snippet":"max-snippet:-1","max-image-preview":"max-image-preview:large","max-video-preview":"max-video-preview:-1"},"canonical":"https:\/\/www.dinamicagenerale.cn\/es\/acerca-de\/certificaciones-de-calidad\/","og_locale":"es_ES","og_type":"article","og_title":"Certificaciones de calidad - Dinamica Generale","og_description":"Certificaciones de calidad En Dinamica Generale, la calidad est\u00e1 profundamente arraigada en todos los aspectos de nuestras operaciones diarias. Desde [&hellip;]","og_url":"https:\/\/www.dinamicagenerale.cn\/es\/acerca-de\/certificaciones-de-calidad\/","og_site_name":"Dinamica Generale","article_modified_time":"2025-10-03T15:25:07+00:00","twitter_card":"summary_large_image","twitter_misc":{"Tiempo de lectura":"3 minutos"},"schema":{"@context":"https:\/\/schema.org","@graph":[{"@type":"WebPage","@id":"https:\/\/www.dinamicagenerale.cn\/es\/acerca-de\/certificaciones-de-calidad\/","url":"https:\/\/www.dinamicagenerale.cn\/es\/acerca-de\/certificaciones-de-calidad\/","name":"Certificaciones de calidad - Dinamica Generale","isPartOf":{"@id":"https:\/\/www.dinamicagenerale.cn\/es\/#website"},"datePublished":"2025-01-10T14:59:17+00:00","dateModified":"2025-10-03T15:25:07+00:00","breadcrumb":{"@id":"https:\/\/www.dinamicagenerale.cn\/es\/acerca-de\/certificaciones-de-calidad\/#breadcrumb"},"inLanguage":"es","potentialAction":[{"@type":"ReadAction","target":["https:\/\/www.dinamicagenerale.cn\/es\/acerca-de\/certificaciones-de-calidad\/"]}]},{"@type":"BreadcrumbList","@id":"https:\/\/www.dinamicagenerale.cn\/es\/acerca-de\/certificaciones-de-calidad\/#breadcrumb","itemListElement":[{"@type":"ListItem","position":1,"name":"Home","item":"https:\/\/www.dinamicagenerale.cn\/es\/"},{"@type":"ListItem","position":2,"name":"Empresa","item":"https:\/\/www.dinamicagenerale.cn\/es\/acerca-de\/"},{"@type":"ListItem","position":3,"name":"Certificaciones de calidad"}]},{"@type":"WebSite","@id":"https:\/\/www.dinamicagenerale.cn\/es\/#website","url":"https:\/\/www.dinamicagenerale.cn\/es\/","name":"Dinamica Generale","description":"","potentialAction":[{"@type":"SearchAction","target":{"@type":"EntryPoint","urlTemplate":"https:\/\/www.dinamicagenerale.cn\/es\/?s={search_term_string}"},"query-input":{"@type":"PropertyValueSpecification","valueRequired":true,"valueName":"search_term_string"}}],"inLanguage":"es"}]}},"_links":{"self":[{"href":"https:\/\/www.dinamicagenerale.cn\/es\/wp-json\/wp\/v2\/pages\/13322","targetHints":{"allow":["GET"]}}],"collection":[{"href":"https:\/\/www.dinamicagenerale.cn\/es\/wp-json\/wp\/v2\/pages"}],"about":[{"href":"https:\/\/www.dinamicagenerale.cn\/es\/wp-json\/wp\/v2\/types\/page"}],"author":[{"embeddable":true,"href":"https:\/\/www.dinamicagenerale.cn\/es\/wp-json\/wp\/v2\/users\/2"}],"replies":[{"embeddable":true,"href":"https:\/\/www.dinamicagenerale.cn\/es\/wp-json\/wp\/v2\/comments?post=13322"}],"version-history":[{"count":5,"href":"https:\/\/www.dinamicagenerale.cn\/es\/wp-json\/wp\/v2\/pages\/13322\/revisions"}],"predecessor-version":[{"id":33715,"href":"https:\/\/www.dinamicagenerale.cn\/es\/wp-json\/wp\/v2\/pages\/13322\/revisions\/33715"}],"up":[{"embeddable":true,"href":"https:\/\/www.dinamicagenerale.cn\/es\/wp-json\/wp\/v2\/pages\/13338"}],"wp:attachment":[{"href":"https:\/\/www.dinamicagenerale.cn\/es\/wp-json\/wp\/v2\/media?parent=13322"}],"curies":[{"name":"wp","href":"https:\/\/api.w.org\/{rel}","templated":true}]}}