{"id":13320,"date":"2025-02-04T10:55:03","date_gmt":"2025-02-04T09:55:03","guid":{"rendered":"https:\/\/www.dinamicagenerale.com\/recursos\/"},"modified":"2025-04-08T12:59:36","modified_gmt":"2025-04-08T10:59:36","slug":"recursos","status":"publish","type":"page","link":"https:\/\/www.dinamicagenerale.cn\/es\/recursos\/","title":{"rendered":"Recursos"},"content":{"rendered":"<h1><span style=\"color: #003366;\">Tecnolog\u00eda de alimentaci\u00f3n de precisi\u00f3n<\/span><\/h1>\n<p>Mejora la nutrici\u00f3n del ganado mediante tecnolog\u00edas avanzadas. Descubre c\u00f3mo es posible optimizar la gesti\u00f3n de la alimentaci\u00f3n para mejorar la productividad y la sostenibilidad.<\/p>\n<p><strong><span style=\"color: #ff6600;\">Blog<\/span><\/strong>: <a href=\"https:\/\/www.dinamicagenerale.cn\/es\/estudio-de-caso\/blog-optimiza-tu-granja-lechera-con-un-software-de-gestion-de-piensos\/\" target=\"_blank\" rel=\"noopener\">Optimiza tu granja lechera con un software de gesti\u00f3n de piensos<\/a><\/p>\n<p><a href=\"https:\/\/www.dinamicagenerale.cn\/es\/estudio-de-caso\/blog-reduce-costes-y-aumenta-la-eficacia-con-el-software-de-gestion-de-piensos\/\" target=\"_blank\" rel=\"noopener\"><strong><span style=\"color: #ff6600;\">Blog<\/span><\/strong>: Reduce costes y aumenta la eficacia con el software de gesti\u00f3n de piensos<\/a><\/p>\n<p><a href=\"https:\/\/www.dinamicagenerale.cn\/es\/estudio-de-caso\/blog-como-la-tecnologia-esta-transformando-el-mundo-de-la-ganaderia-lechera\/\" target=\"_blank\" rel=\"noopener\"><span style=\"color: #ff6600;\"><strong>Blog<\/strong><\/span>: C\u00f3mo la tecnolog\u00eda est\u00e1 transformando el mundo de la ganader\u00eda lechera<\/a><\/p>\n<p><a href=\"https:\/\/www.dinamicagenerale.cn\/es\/estudio-de-caso\/infografia-digitaliza-tu-granja-lechera-con-el-software-de-gestion-de-piensos\/\" target=\"_blank\" rel=\"noopener\"><span style=\"color: #ff6600;\"><strong>Infograf\u00eda<\/strong><\/span>: Digitaliza tu granja lechera con el software de gesti\u00f3n de piensos<\/a><\/p>\n<p><a href=\"https:\/\/www.dinamicagenerale.cn\/video\/dtm-spot\/\" target=\"_blank\" rel=\"noopener\"><span style=\"color: #ff6600;\"><strong>V\u00eddeo<\/strong><\/span>: Software de gesti\u00f3n de piensos DTM<\/a><\/p>\n<p><a href=\"https:\/\/www.dinamicagenerale.cn\/es\/estudio-de-caso\/blog-respuestas-a-tus-preguntas-frecuentes-sobre-el-software-de-gestion-de-piensos\/\" target=\"_blank\" rel=\"noopener\"><span style=\"color: #ff6600;\"><strong>Blog<\/strong><\/span>: Respuestas a tus preguntas frecuentes sobre el software de gesti\u00f3n de piensos<\/a><\/p>\n<p><a href=\"https:\/\/www.dinamicagenerale.cn\/es\/estudio-de-caso\/blog-las-5-caracteristicas-principales-que-debes-buscar-en-un-software-de-gestion-de-piensos\/\" target=\"_blank\" rel=\"noopener\"><span style=\"color: #ff6600;\"><strong>Blog<\/strong><\/span>: Las 5 caracter\u00edsticas principales que debes buscar en un software de gesti\u00f3n de piensos<\/a><\/p>\n<p class=\"text-center\" style=\"text-align: left;\"><a href=\"https:\/\/www.dinamicagenerale.cn\/video\/video-a-smart-feed-mixer-with-integrated-software\/\" target=\"_blank\" rel=\"noopener\"><span style=\"color: #ff6600;\"><strong>V\u00eddeo<\/strong><\/span>: Un mezclador de pienso inteligente con software integrado<\/a><\/p>\n<p><a href=\"https:\/\/www.dinamicagenerale.cn\/case-study\/infographic-how-software-streamlines-your-dairy-farm-operations\/\" target=\"_blank\" rel=\"noopener\"><strong><span style=\"color: #ff6600;\">Infograf\u00eda<\/span><\/strong>: C\u00f3mo el software agiliza las operaciones de tu granja lechera<\/a><\/p>\n<p><a href=\"https:\/\/www.dinamicagenerale.cn\/es\/estudio-de-caso\/blog-agrinir-analisis-nir-in-situ-para-aumentar-la-productividad\/\" target=\"_blank\" rel=\"noopener\"><span style=\"color: #ff6600;\"><strong>Blog<\/strong><\/span>: AGRINIR. An\u00e1lisis NIR in situ para Aumentar la Productividad<\/a><\/p>\n<p><a href=\"https:\/\/www.dinamicagenerale.cn\/es\/estudio-de-caso\/blog-las-ventajas-del-analisis-nir-en-tiempo-real-evonir-on-tank-para-una-agricultura-mas-eficiente-y-sostenible\/\" target=\"_blank\" rel=\"noopener\"><span style=\"color: #ff6600;\"><strong>Blog:<\/strong><\/span> Las ventajas del an\u00e1lisis NIR en tiempo real. EVONIR on Tank para una agricultura m\u00e1s eficiente y sostenible<\/a><\/p>\n<h1><span style=\"color: #003366;\">Soluciones de agricultura de precisi\u00f3n<\/span><\/h1>\n<p>Mejora la producci\u00f3n de cultivos mediante tecnolog\u00eda avanzada. Explora c\u00f3mo los agricultores especializados utilizan soluciones de precisi\u00f3n para aumentar el rendimiento y reducir los residuos.<\/p>\n<p><a href=\"https:\/\/www.dinamicagenerale.cn\/es\/estudio-de-caso\/blog-analizadores-nir-en-cosechadoras-optimizar-el-uso-del-nitrogeno\/\" target=\"_blank\" rel=\"noopener\"><span style=\"color: #ff6600;\"><strong>Blog: <\/strong><\/span>Analizadores NIR en Cosechadoras. Optimizar el uso del Nitr\u00f3geno<\/a><\/p>\n<p><a href=\"https:\/\/www.dinamicagenerale.cn\/es\/estudio-de-caso\/blog-evonir-para-el-transporte-de-purines-y-digestato\/\" target=\"_blank\" rel=\"noopener\"><strong><span style=\"color: #ff6600;\">Blog<\/span><\/strong>: EVONIR para el transporte de purines y digestato<\/a><\/p>\n","protected":false},"excerpt":{"rendered":"<p>Tecnolog\u00eda de alimentaci\u00f3n de precisi\u00f3n Mejora la nutrici\u00f3n del ganado mediante tecnolog\u00edas avanzadas. Descubre c\u00f3mo es posible optimizar la gesti\u00f3n [&hellip;]<\/p>\n","protected":false},"author":5,"featured_media":34152,"parent":0,"menu_order":0,"comment_status":"closed","ping_status":"closed","template":"archive-resource.php","meta":{"footnotes":""},"class_list":["post-13320","page","type-page","status-publish","has-post-thumbnail","hentry"],"yoast_head":"<!-- This site is optimized with the Yoast SEO plugin v26.9 - https:\/\/yoast.com\/product\/yoast-seo-wordpress\/ -->\n<title>Recursos - Dinamica Generale<\/title>\n<meta name=\"robots\" content=\"index, follow, max-snippet:-1, max-image-preview:large, max-video-preview:-1\" \/>\n<link rel=\"canonical\" href=\"https:\/\/www.dinamicagenerale.cn\/es\/recursos\/\" \/>\n<meta property=\"og:locale\" content=\"es_ES\" \/>\n<meta property=\"og:type\" content=\"article\" \/>\n<meta property=\"og:title\" content=\"Recursos - Dinamica Generale\" \/>\n<meta property=\"og:description\" content=\"Tecnolog\u00eda de alimentaci\u00f3n de precisi\u00f3n Mejora la nutrici\u00f3n del ganado mediante tecnolog\u00edas avanzadas. Descubre c\u00f3mo es posible optimizar la gesti\u00f3n [&hellip;]\" \/>\n<meta property=\"og:url\" content=\"https:\/\/www.dinamicagenerale.cn\/es\/recursos\/\" \/>\n<meta property=\"og:site_name\" content=\"Dinamica Generale\" \/>\n<meta property=\"article:modified_time\" content=\"2025-04-08T10:59:36+00:00\" \/>\n<meta name=\"twitter:card\" content=\"summary_large_image\" \/>\n<meta name=\"twitter:label1\" content=\"Tiempo de lectura\" \/>\n\t<meta name=\"twitter:data1\" content=\"1 minuto\" \/>\n<script type=\"application\/ld+json\" class=\"yoast-schema-graph\">{\"@context\":\"https:\/\/schema.org\",\"@graph\":[{\"@type\":\"WebPage\",\"@id\":\"https:\/\/www.dinamicagenerale.cn\/es\/recursos\/\",\"url\":\"https:\/\/www.dinamicagenerale.cn\/es\/recursos\/\",\"name\":\"Recursos - Dinamica Generale\",\"isPartOf\":{\"@id\":\"https:\/\/www.dinamicagenerale.cn\/es\/#website\"},\"primaryImageOfPage\":{\"@id\":\"https:\/\/www.dinamicagenerale.cn\/es\/recursos\/#primaryimage\"},\"image\":{\"@id\":\"https:\/\/www.dinamicagenerale.cn\/es\/recursos\/#primaryimage\"},\"thumbnailUrl\":\"https:\/\/www.dinamicagenerale.cn\/wp-content\/uploads\/2025\/11\/Resources-dinamica-generale.png\",\"datePublished\":\"2025-02-04T09:55:03+00:00\",\"dateModified\":\"2025-04-08T10:59:36+00:00\",\"breadcrumb\":{\"@id\":\"https:\/\/www.dinamicagenerale.cn\/es\/recursos\/#breadcrumb\"},\"inLanguage\":\"es\",\"potentialAction\":[{\"@type\":\"ReadAction\",\"target\":[\"https:\/\/www.dinamicagenerale.cn\/es\/recursos\/\"]}]},{\"@type\":\"ImageObject\",\"inLanguage\":\"es\",\"@id\":\"https:\/\/www.dinamicagenerale.cn\/es\/recursos\/#primaryimage\",\"url\":\"https:\/\/www.dinamicagenerale.cn\/wp-content\/uploads\/2025\/11\/Resources-dinamica-generale.png\",\"contentUrl\":\"https:\/\/www.dinamicagenerale.cn\/wp-content\/uploads\/2025\/11\/Resources-dinamica-generale.png\",\"width\":2362,\"height\":1217},{\"@type\":\"BreadcrumbList\",\"@id\":\"https:\/\/www.dinamicagenerale.cn\/es\/recursos\/#breadcrumb\",\"itemListElement\":[{\"@type\":\"ListItem\",\"position\":1,\"name\":\"Home\",\"item\":\"https:\/\/www.dinamicagenerale.cn\/es\/\"},{\"@type\":\"ListItem\",\"position\":2,\"name\":\"Recursos\"}]},{\"@type\":\"WebSite\",\"@id\":\"https:\/\/www.dinamicagenerale.cn\/es\/#website\",\"url\":\"https:\/\/www.dinamicagenerale.cn\/es\/\",\"name\":\"Dinamica Generale\",\"description\":\"\",\"potentialAction\":[{\"@type\":\"SearchAction\",\"target\":{\"@type\":\"EntryPoint\",\"urlTemplate\":\"https:\/\/www.dinamicagenerale.cn\/es\/?s={search_term_string}\"},\"query-input\":{\"@type\":\"PropertyValueSpecification\",\"valueRequired\":true,\"valueName\":\"search_term_string\"}}],\"inLanguage\":\"es\"}]}<\/script>\n<!-- \/ Yoast SEO plugin. -->","yoast_head_json":{"title":"Recursos - Dinamica Generale","robots":{"index":"index","follow":"follow","max-snippet":"max-snippet:-1","max-image-preview":"max-image-preview:large","max-video-preview":"max-video-preview:-1"},"canonical":"https:\/\/www.dinamicagenerale.cn\/es\/recursos\/","og_locale":"es_ES","og_type":"article","og_title":"Recursos - Dinamica Generale","og_description":"Tecnolog\u00eda de alimentaci\u00f3n de precisi\u00f3n Mejora la nutrici\u00f3n del ganado mediante tecnolog\u00edas avanzadas. Descubre c\u00f3mo es posible optimizar la gesti\u00f3n [&hellip;]","og_url":"https:\/\/www.dinamicagenerale.cn\/es\/recursos\/","og_site_name":"Dinamica Generale","article_modified_time":"2025-04-08T10:59:36+00:00","twitter_card":"summary_large_image","twitter_misc":{"Tiempo de lectura":"1 minuto"},"schema":{"@context":"https:\/\/schema.org","@graph":[{"@type":"WebPage","@id":"https:\/\/www.dinamicagenerale.cn\/es\/recursos\/","url":"https:\/\/www.dinamicagenerale.cn\/es\/recursos\/","name":"Recursos - Dinamica Generale","isPartOf":{"@id":"https:\/\/www.dinamicagenerale.cn\/es\/#website"},"primaryImageOfPage":{"@id":"https:\/\/www.dinamicagenerale.cn\/es\/recursos\/#primaryimage"},"image":{"@id":"https:\/\/www.dinamicagenerale.cn\/es\/recursos\/#primaryimage"},"thumbnailUrl":"https:\/\/www.dinamicagenerale.cn\/wp-content\/uploads\/2025\/11\/Resources-dinamica-generale.png","datePublished":"2025-02-04T09:55:03+00:00","dateModified":"2025-04-08T10:59:36+00:00","breadcrumb":{"@id":"https:\/\/www.dinamicagenerale.cn\/es\/recursos\/#breadcrumb"},"inLanguage":"es","potentialAction":[{"@type":"ReadAction","target":["https:\/\/www.dinamicagenerale.cn\/es\/recursos\/"]}]},{"@type":"ImageObject","inLanguage":"es","@id":"https:\/\/www.dinamicagenerale.cn\/es\/recursos\/#primaryimage","url":"https:\/\/www.dinamicagenerale.cn\/wp-content\/uploads\/2025\/11\/Resources-dinamica-generale.png","contentUrl":"https:\/\/www.dinamicagenerale.cn\/wp-content\/uploads\/2025\/11\/Resources-dinamica-generale.png","width":2362,"height":1217},{"@type":"BreadcrumbList","@id":"https:\/\/www.dinamicagenerale.cn\/es\/recursos\/#breadcrumb","itemListElement":[{"@type":"ListItem","position":1,"name":"Home","item":"https:\/\/www.dinamicagenerale.cn\/es\/"},{"@type":"ListItem","position":2,"name":"Recursos"}]},{"@type":"WebSite","@id":"https:\/\/www.dinamicagenerale.cn\/es\/#website","url":"https:\/\/www.dinamicagenerale.cn\/es\/","name":"Dinamica Generale","description":"","potentialAction":[{"@type":"SearchAction","target":{"@type":"EntryPoint","urlTemplate":"https:\/\/www.dinamicagenerale.cn\/es\/?s={search_term_string}"},"query-input":{"@type":"PropertyValueSpecification","valueRequired":true,"valueName":"search_term_string"}}],"inLanguage":"es"}]}},"_links":{"self":[{"href":"https:\/\/www.dinamicagenerale.cn\/es\/wp-json\/wp\/v2\/pages\/13320","targetHints":{"allow":["GET"]}}],"collection":[{"href":"https:\/\/www.dinamicagenerale.cn\/es\/wp-json\/wp\/v2\/pages"}],"about":[{"href":"https:\/\/www.dinamicagenerale.cn\/es\/wp-json\/wp\/v2\/types\/page"}],"author":[{"embeddable":true,"href":"https:\/\/www.dinamicagenerale.cn\/es\/wp-json\/wp\/v2\/users\/5"}],"replies":[{"embeddable":true,"href":"https:\/\/www.dinamicagenerale.cn\/es\/wp-json\/wp\/v2\/comments?post=13320"}],"version-history":[{"count":6,"href":"https:\/\/www.dinamicagenerale.cn\/es\/wp-json\/wp\/v2\/pages\/13320\/revisions"}],"predecessor-version":[{"id":19873,"href":"https:\/\/www.dinamicagenerale.cn\/es\/wp-json\/wp\/v2\/pages\/13320\/revisions\/19873"}],"wp:featuredmedia":[{"embeddable":true,"href":"https:\/\/www.dinamicagenerale.cn\/es\/wp-json\/wp\/v2\/media\/34152"}],"wp:attachment":[{"href":"https:\/\/www.dinamicagenerale.cn\/es\/wp-json\/wp\/v2\/media?parent=13320"}],"curies":[{"name":"wp","href":"https:\/\/api.w.org\/{rel}","templated":true}]}}