{"id":64,"date":"2024-04-08T14:26:08","date_gmt":"2024-04-08T12:26:08","guid":{"rendered":"https:\/\/www.dinamicagenerale.com\/?page_id=64"},"modified":"2025-04-28T17:11:59","modified_gmt":"2025-04-28T15:11:59","slug":"home","status":"publish","type":"page","link":"https:\/\/www.dinamicagenerale.cn\/de\/","title":{"rendered":"Home"},"content":{"rendered":"","protected":false},"excerpt":{"rendered":"","protected":false},"author":1,"featured_media":29357,"parent":0,"menu_order":10,"comment_status":"closed","ping_status":"closed","template":"","meta":{"footnotes":""},"class_list":["post-64","page","type-page","status-publish","has-post-thumbnail","hentry"],"yoast_head":"<!-- This site is optimized with the Yoast SEO plugin v26.9 - https:\/\/yoast.com\/product\/yoast-seo-wordpress\/ -->\n<title>Dinamica Generale. Innovative Technologienf\u00fcr die Pr\u00e4zisionslandwirtschaft<\/title>\n<meta name=\"description\" content=\"Dinamica Generale. Wir revolutionieren die Landwirtschaft der Zukunft mit innovativen Technologien f\u00fcr die Pr\u00e4zisionslandwirtschaft. Entdecken Sie unsere L\u00f6sungen.\" \/>\n<meta name=\"robots\" content=\"index, follow, max-snippet:-1, max-image-preview:large, max-video-preview:-1\" \/>\n<link rel=\"canonical\" href=\"https:\/\/www.dinamicagenerale.cn\/de\/\" \/>\n<meta property=\"og:locale\" content=\"de_DE\" \/>\n<meta property=\"og:type\" content=\"article\" \/>\n<meta property=\"og:title\" content=\"Dinamica Generale. Innovative Technologienf\u00fcr die Pr\u00e4zisionslandwirtschaft\" \/>\n<meta property=\"og:description\" content=\"Dinamica Generale. Wir revolutionieren die Landwirtschaft der Zukunft mit innovativen Technologien f\u00fcr die Pr\u00e4zisionslandwirtschaft. Entdecken Sie unsere L\u00f6sungen.\" \/>\n<meta property=\"og:url\" content=\"https:\/\/www.dinamicagenerale.cn\/de\/\" \/>\n<meta property=\"og:site_name\" content=\"Dinamica Generale\" \/>\n<meta property=\"article:modified_time\" content=\"2025-04-28T15:11:59+00:00\" \/>\n<meta name=\"twitter:card\" content=\"summary_large_image\" \/>\n<script type=\"application\/ld+json\" class=\"yoast-schema-graph\">{\"@context\":\"https:\/\/schema.org\",\"@graph\":[{\"@type\":\"WebPage\",\"@id\":\"https:\/\/www.dinamicagenerale.cn\/de\/\",\"url\":\"https:\/\/www.dinamicagenerale.cn\/de\/\",\"name\":\"Dinamica Generale. Innovative Technologienf\u00fcr die Pr\u00e4zisionslandwirtschaft\",\"isPartOf\":{\"@id\":\"https:\/\/www.dinamicagenerale.cn\/de\/#website\"},\"primaryImageOfPage\":{\"@id\":\"https:\/\/www.dinamicagenerale.cn\/de\/#primaryimage\"},\"image\":{\"@id\":\"https:\/\/www.dinamicagenerale.cn\/de\/#primaryimage\"},\"thumbnailUrl\":\"https:\/\/www.dinamicagenerale.cn\/wp-content\/uploads\/2024\/10\/dinamica-generale_italy.jpg\",\"datePublished\":\"2024-04-08T12:26:08+00:00\",\"dateModified\":\"2025-04-28T15:11:59+00:00\",\"description\":\"Dinamica Generale. Wir revolutionieren die Landwirtschaft der Zukunft mit innovativen Technologien f\u00fcr die Pr\u00e4zisionslandwirtschaft. Entdecken Sie unsere L\u00f6sungen.\",\"breadcrumb\":{\"@id\":\"https:\/\/www.dinamicagenerale.cn\/de\/#breadcrumb\"},\"inLanguage\":\"de\",\"potentialAction\":[{\"@type\":\"ReadAction\",\"target\":[\"https:\/\/www.dinamicagenerale.cn\/de\/\"]}]},{\"@type\":\"ImageObject\",\"inLanguage\":\"de\",\"@id\":\"https:\/\/www.dinamicagenerale.cn\/de\/#primaryimage\",\"url\":\"https:\/\/www.dinamicagenerale.cn\/wp-content\/uploads\/2024\/10\/dinamica-generale_italy.jpg\",\"contentUrl\":\"https:\/\/www.dinamicagenerale.cn\/wp-content\/uploads\/2024\/10\/dinamica-generale_italy.jpg\",\"width\":1920,\"height\":989},{\"@type\":\"BreadcrumbList\",\"@id\":\"https:\/\/www.dinamicagenerale.cn\/de\/#breadcrumb\",\"itemListElement\":[{\"@type\":\"ListItem\",\"position\":1,\"name\":\"Home\",\"item\":\"https:\/\/www.dinamicagenerale.cn\/de\/\"},{\"@type\":\"ListItem\",\"position\":2,\"name\":\"Home\"}]},{\"@type\":\"WebSite\",\"@id\":\"https:\/\/www.dinamicagenerale.cn\/de\/#website\",\"url\":\"https:\/\/www.dinamicagenerale.cn\/de\/\",\"name\":\"Dinamica Generale\",\"description\":\"\",\"potentialAction\":[{\"@type\":\"SearchAction\",\"target\":{\"@type\":\"EntryPoint\",\"urlTemplate\":\"https:\/\/www.dinamicagenerale.cn\/de\/?s={search_term_string}\"},\"query-input\":{\"@type\":\"PropertyValueSpecification\",\"valueRequired\":true,\"valueName\":\"search_term_string\"}}],\"inLanguage\":\"de\"}]}<\/script>\n<!-- \/ Yoast SEO plugin. -->","yoast_head_json":{"title":"Dinamica Generale. Innovative Technologienf\u00fcr die Pr\u00e4zisionslandwirtschaft","description":"Dinamica Generale. Wir revolutionieren die Landwirtschaft der Zukunft mit innovativen Technologien f\u00fcr die Pr\u00e4zisionslandwirtschaft. Entdecken Sie unsere L\u00f6sungen.","robots":{"index":"index","follow":"follow","max-snippet":"max-snippet:-1","max-image-preview":"max-image-preview:large","max-video-preview":"max-video-preview:-1"},"canonical":"https:\/\/www.dinamicagenerale.cn\/de\/","og_locale":"de_DE","og_type":"article","og_title":"Dinamica Generale. Innovative Technologienf\u00fcr die Pr\u00e4zisionslandwirtschaft","og_description":"Dinamica Generale. Wir revolutionieren die Landwirtschaft der Zukunft mit innovativen Technologien f\u00fcr die Pr\u00e4zisionslandwirtschaft. Entdecken Sie unsere L\u00f6sungen.","og_url":"https:\/\/www.dinamicagenerale.cn\/de\/","og_site_name":"Dinamica Generale","article_modified_time":"2025-04-28T15:11:59+00:00","twitter_card":"summary_large_image","schema":{"@context":"https:\/\/schema.org","@graph":[{"@type":"WebPage","@id":"https:\/\/www.dinamicagenerale.cn\/de\/","url":"https:\/\/www.dinamicagenerale.cn\/de\/","name":"Dinamica Generale. Innovative Technologienf\u00fcr die Pr\u00e4zisionslandwirtschaft","isPartOf":{"@id":"https:\/\/www.dinamicagenerale.cn\/de\/#website"},"primaryImageOfPage":{"@id":"https:\/\/www.dinamicagenerale.cn\/de\/#primaryimage"},"image":{"@id":"https:\/\/www.dinamicagenerale.cn\/de\/#primaryimage"},"thumbnailUrl":"https:\/\/www.dinamicagenerale.cn\/wp-content\/uploads\/2024\/10\/dinamica-generale_italy.jpg","datePublished":"2024-04-08T12:26:08+00:00","dateModified":"2025-04-28T15:11:59+00:00","description":"Dinamica Generale. Wir revolutionieren die Landwirtschaft der Zukunft mit innovativen Technologien f\u00fcr die Pr\u00e4zisionslandwirtschaft. Entdecken Sie unsere L\u00f6sungen.","breadcrumb":{"@id":"https:\/\/www.dinamicagenerale.cn\/de\/#breadcrumb"},"inLanguage":"de","potentialAction":[{"@type":"ReadAction","target":["https:\/\/www.dinamicagenerale.cn\/de\/"]}]},{"@type":"ImageObject","inLanguage":"de","@id":"https:\/\/www.dinamicagenerale.cn\/de\/#primaryimage","url":"https:\/\/www.dinamicagenerale.cn\/wp-content\/uploads\/2024\/10\/dinamica-generale_italy.jpg","contentUrl":"https:\/\/www.dinamicagenerale.cn\/wp-content\/uploads\/2024\/10\/dinamica-generale_italy.jpg","width":1920,"height":989},{"@type":"BreadcrumbList","@id":"https:\/\/www.dinamicagenerale.cn\/de\/#breadcrumb","itemListElement":[{"@type":"ListItem","position":1,"name":"Home","item":"https:\/\/www.dinamicagenerale.cn\/de\/"},{"@type":"ListItem","position":2,"name":"Home"}]},{"@type":"WebSite","@id":"https:\/\/www.dinamicagenerale.cn\/de\/#website","url":"https:\/\/www.dinamicagenerale.cn\/de\/","name":"Dinamica Generale","description":"","potentialAction":[{"@type":"SearchAction","target":{"@type":"EntryPoint","urlTemplate":"https:\/\/www.dinamicagenerale.cn\/de\/?s={search_term_string}"},"query-input":{"@type":"PropertyValueSpecification","valueRequired":true,"valueName":"search_term_string"}}],"inLanguage":"de"}]}},"_links":{"self":[{"href":"https:\/\/www.dinamicagenerale.cn\/de\/wp-json\/wp\/v2\/pages\/64","targetHints":{"allow":["GET"]}}],"collection":[{"href":"https:\/\/www.dinamicagenerale.cn\/de\/wp-json\/wp\/v2\/pages"}],"about":[{"href":"https:\/\/www.dinamicagenerale.cn\/de\/wp-json\/wp\/v2\/types\/page"}],"author":[{"embeddable":true,"href":"https:\/\/www.dinamicagenerale.cn\/de\/wp-json\/wp\/v2\/users\/1"}],"replies":[{"embeddable":true,"href":"https:\/\/www.dinamicagenerale.cn\/de\/wp-json\/wp\/v2\/comments?post=64"}],"version-history":[{"count":1,"href":"https:\/\/www.dinamicagenerale.cn\/de\/wp-json\/wp\/v2\/pages\/64\/revisions"}],"predecessor-version":[{"id":65,"href":"https:\/\/www.dinamicagenerale.cn\/de\/wp-json\/wp\/v2\/pages\/64\/revisions\/65"}],"wp:featuredmedia":[{"embeddable":true,"href":"https:\/\/www.dinamicagenerale.cn\/de\/wp-json\/wp\/v2\/media\/29357"}],"wp:attachment":[{"href":"https:\/\/www.dinamicagenerale.cn\/de\/wp-json\/wp\/v2\/media?parent=64"}],"curies":[{"name":"wp","href":"https:\/\/api.w.org\/{rel}","templated":true}]}}