{"id":38311,"date":"2026-02-06T11:15:45","date_gmt":"2026-02-06T10:15:45","guid":{"rendered":"https:\/\/www.dinamicagenerale.com\/?page_id=38311"},"modified":"2026-02-06T11:15:45","modified_gmt":"2026-02-06T10:15:45","slug":"faq","status":"publish","type":"page","link":"https:\/\/www.dinamicagenerale.cn\/de\/insights\/faq\/","title":{"rendered":"FAQ"},"content":{"rendered":"","protected":false},"excerpt":{"rendered":"","protected":false},"author":2,"featured_media":0,"parent":41305,"menu_order":0,"comment_status":"closed","ping_status":"closed","template":"archive-faq.php","meta":{"footnotes":""},"class_list":["post-38311","page","type-page","status-publish","hentry"],"yoast_head":"<!-- This site is optimized with the Yoast SEO plugin v26.9 - https:\/\/yoast.com\/product\/yoast-seo-wordpress\/ -->\n<title>FAQ - Dinamica Generale. Kundenbetreuung<\/title>\n<meta name=\"description\" content=\"FAQ - Dinamica Generale. Klare und praktische Antworten auf die h\u00e4ufigsten Fragen zur Pr\u00e4zisionsf\u00fctterung, Pr\u00e4zisionslandwirtschaft, Daten- und Prozesskontrolle.\" \/>\n<meta name=\"robots\" content=\"index, follow, max-snippet:-1, max-image-preview:large, max-video-preview:-1\" \/>\n<link rel=\"canonical\" href=\"https:\/\/www.dinamicagenerale.cn\/de\/insights\/faq\/\" \/>\n<meta property=\"og:locale\" content=\"de_DE\" \/>\n<meta property=\"og:type\" content=\"article\" \/>\n<meta property=\"og:title\" content=\"FAQ - Dinamica Generale. Kundenbetreuung\" \/>\n<meta property=\"og:description\" content=\"FAQ - Dinamica Generale. Klare und praktische Antworten auf die h\u00e4ufigsten Fragen zur Pr\u00e4zisionsf\u00fctterung, Pr\u00e4zisionslandwirtschaft, Daten- und Prozesskontrolle.\" \/>\n<meta property=\"og:url\" content=\"https:\/\/www.dinamicagenerale.cn\/de\/insights\/faq\/\" \/>\n<meta property=\"og:site_name\" content=\"Dinamica Generale\" \/>\n<meta name=\"twitter:card\" content=\"summary_large_image\" \/>\n<script type=\"application\/ld+json\" class=\"yoast-schema-graph\">{\"@context\":\"https:\/\/schema.org\",\"@graph\":[{\"@type\":\"WebPage\",\"@id\":\"https:\/\/www.dinamicagenerale.cn\/de\/insights\/faq\/\",\"url\":\"https:\/\/www.dinamicagenerale.cn\/de\/insights\/faq\/\",\"name\":\"FAQ - Dinamica Generale. Kundenbetreuung\",\"isPartOf\":{\"@id\":\"https:\/\/www.dinamicagenerale.cn\/de\/#website\"},\"datePublished\":\"2026-02-06T10:15:45+00:00\",\"description\":\"FAQ - Dinamica Generale. Klare und praktische Antworten auf die h\u00e4ufigsten Fragen zur Pr\u00e4zisionsf\u00fctterung, Pr\u00e4zisionslandwirtschaft, Daten- und Prozesskontrolle.\",\"breadcrumb\":{\"@id\":\"https:\/\/www.dinamicagenerale.cn\/de\/insights\/faq\/#breadcrumb\"},\"inLanguage\":\"de\",\"potentialAction\":[{\"@type\":\"ReadAction\",\"target\":[\"https:\/\/www.dinamicagenerale.cn\/de\/insights\/faq\/\"]}]},{\"@type\":\"BreadcrumbList\",\"@id\":\"https:\/\/www.dinamicagenerale.cn\/de\/insights\/faq\/#breadcrumb\",\"itemListElement\":[{\"@type\":\"ListItem\",\"position\":1,\"name\":\"Home\",\"item\":\"https:\/\/www.dinamicagenerale.cn\/de\/\"},{\"@type\":\"ListItem\",\"position\":2,\"name\":\"FAQ\"}]},{\"@type\":\"WebSite\",\"@id\":\"https:\/\/www.dinamicagenerale.cn\/de\/#website\",\"url\":\"https:\/\/www.dinamicagenerale.cn\/de\/\",\"name\":\"Dinamica Generale\",\"description\":\"\",\"potentialAction\":[{\"@type\":\"SearchAction\",\"target\":{\"@type\":\"EntryPoint\",\"urlTemplate\":\"https:\/\/www.dinamicagenerale.cn\/de\/?s={search_term_string}\"},\"query-input\":{\"@type\":\"PropertyValueSpecification\",\"valueRequired\":true,\"valueName\":\"search_term_string\"}}],\"inLanguage\":\"de\"}]}<\/script>\n<!-- \/ Yoast SEO plugin. -->","yoast_head_json":{"title":"FAQ - Dinamica Generale. Kundenbetreuung","description":"FAQ - Dinamica Generale. Klare und praktische Antworten auf die h\u00e4ufigsten Fragen zur Pr\u00e4zisionsf\u00fctterung, Pr\u00e4zisionslandwirtschaft, Daten- und Prozesskontrolle.","robots":{"index":"index","follow":"follow","max-snippet":"max-snippet:-1","max-image-preview":"max-image-preview:large","max-video-preview":"max-video-preview:-1"},"canonical":"https:\/\/www.dinamicagenerale.cn\/de\/insights\/faq\/","og_locale":"de_DE","og_type":"article","og_title":"FAQ - Dinamica Generale. Kundenbetreuung","og_description":"FAQ - Dinamica Generale. Klare und praktische Antworten auf die h\u00e4ufigsten Fragen zur Pr\u00e4zisionsf\u00fctterung, Pr\u00e4zisionslandwirtschaft, Daten- und Prozesskontrolle.","og_url":"https:\/\/www.dinamicagenerale.cn\/de\/insights\/faq\/","og_site_name":"Dinamica Generale","twitter_card":"summary_large_image","schema":{"@context":"https:\/\/schema.org","@graph":[{"@type":"WebPage","@id":"https:\/\/www.dinamicagenerale.cn\/de\/insights\/faq\/","url":"https:\/\/www.dinamicagenerale.cn\/de\/insights\/faq\/","name":"FAQ - Dinamica Generale. Kundenbetreuung","isPartOf":{"@id":"https:\/\/www.dinamicagenerale.cn\/de\/#website"},"datePublished":"2026-02-06T10:15:45+00:00","description":"FAQ - Dinamica Generale. Klare und praktische Antworten auf die h\u00e4ufigsten Fragen zur Pr\u00e4zisionsf\u00fctterung, Pr\u00e4zisionslandwirtschaft, Daten- und Prozesskontrolle.","breadcrumb":{"@id":"https:\/\/www.dinamicagenerale.cn\/de\/insights\/faq\/#breadcrumb"},"inLanguage":"de","potentialAction":[{"@type":"ReadAction","target":["https:\/\/www.dinamicagenerale.cn\/de\/insights\/faq\/"]}]},{"@type":"BreadcrumbList","@id":"https:\/\/www.dinamicagenerale.cn\/de\/insights\/faq\/#breadcrumb","itemListElement":[{"@type":"ListItem","position":1,"name":"Home","item":"https:\/\/www.dinamicagenerale.cn\/de\/"},{"@type":"ListItem","position":2,"name":"FAQ"}]},{"@type":"WebSite","@id":"https:\/\/www.dinamicagenerale.cn\/de\/#website","url":"https:\/\/www.dinamicagenerale.cn\/de\/","name":"Dinamica Generale","description":"","potentialAction":[{"@type":"SearchAction","target":{"@type":"EntryPoint","urlTemplate":"https:\/\/www.dinamicagenerale.cn\/de\/?s={search_term_string}"},"query-input":{"@type":"PropertyValueSpecification","valueRequired":true,"valueName":"search_term_string"}}],"inLanguage":"de"}]}},"_links":{"self":[{"href":"https:\/\/www.dinamicagenerale.cn\/de\/wp-json\/wp\/v2\/pages\/38311","targetHints":{"allow":["GET"]}}],"collection":[{"href":"https:\/\/www.dinamicagenerale.cn\/de\/wp-json\/wp\/v2\/pages"}],"about":[{"href":"https:\/\/www.dinamicagenerale.cn\/de\/wp-json\/wp\/v2\/types\/page"}],"author":[{"embeddable":true,"href":"https:\/\/www.dinamicagenerale.cn\/de\/wp-json\/wp\/v2\/users\/2"}],"replies":[{"embeddable":true,"href":"https:\/\/www.dinamicagenerale.cn\/de\/wp-json\/wp\/v2\/comments?post=38311"}],"version-history":[{"count":1,"href":"https:\/\/www.dinamicagenerale.cn\/de\/wp-json\/wp\/v2\/pages\/38311\/revisions"}],"predecessor-version":[{"id":41290,"href":"https:\/\/www.dinamicagenerale.cn\/de\/wp-json\/wp\/v2\/pages\/38311\/revisions\/41290"}],"up":[{"embeddable":true,"href":"https:\/\/www.dinamicagenerale.cn\/de\/wp-json\/wp\/v2\/pages\/41305"}],"wp:attachment":[{"href":"https:\/\/www.dinamicagenerale.cn\/de\/wp-json\/wp\/v2\/media?parent=38311"}],"curies":[{"name":"wp","href":"https:\/\/api.w.org\/{rel}","templated":true}]}}