{"id":12104,"date":"2024-04-08T14:21:13","date_gmt":"2024-04-08T12:21:13","guid":{"rendered":"https:\/\/www.dinamicagenerale.com\/ueber\/"},"modified":"2026-01-14T11:18:30","modified_gmt":"2026-01-14T10:18:30","slug":"ueber","status":"publish","type":"page","link":"https:\/\/www.dinamicagenerale.cn\/de\/ueber\/","title":{"rendered":"\u00dcber"},"content":{"rendered":"<h1>Unternehmen<\/h1>\n<blockquote><p>Innovation im Dienste der Zukunft<\/p><\/blockquote>\n<p>&nbsp;<\/p>\n<p>Dinamica Generale S.p.A. ist weltweit f\u00fchrend in der Entwicklung innovativer L\u00f6sungen, die <strong>Kosten reduzieren<\/strong> und <strong>die Umweltbelastung minimieren<\/strong>, indem sie fortschrittliche Technologie mit Nachhaltigkeit verbinden.<br \/>\nUnsere Expertise liegt in der Entwicklung und Produktion von <strong>W\u00e4gesystemen<\/strong>, <strong>NIR<\/strong> (Nah-Infrarot) <strong>-Sensoren <\/strong>und modernster <strong>Software<\/strong> f\u00fcr die <strong>Pr\u00e4zisionslandwirtschaft<\/strong> und die <strong>medizinische Industrie<\/strong>.<\/p>\n<p>Wir investieren <strong>mehr als 10%<\/strong> unseres Jahresumsatzes in Forschung und Entwicklung und sorgen so f\u00fcr kontinuierliche Innovation. <strong>Seit 1990<\/strong> arbeiten wir mit Leidenschaft und Fachwissen an technologischen Fortschritten, die unseren Kunden helfen, ihre Ressourcen zu optimieren, die Arbeitseffizienz zu verbessern und zuk\u00fcnftige Herausforderungen zu meistern.<\/p>\n<p>Entdecken Sie, wie Dinamica Generale S.p.A. Ihr Unternehmen mit modernsten L\u00f6sungen und einem konsequenten Engagement f\u00fcr die Umwelt unterst\u00fctzen kann.<\/p>\n<p>&nbsp;<\/p>\n","protected":false},"excerpt":{"rendered":"<p>Unternehmen Innovation im Dienste der Zukunft &nbsp; Dinamica Generale S.p.A. ist weltweit f\u00fchrend in der Entwicklung innovativer L\u00f6sungen, die Kosten [&hellip;]<\/p>\n","protected":false},"author":1,"featured_media":7893,"parent":0,"menu_order":40,"comment_status":"closed","ping_status":"closed","template":"template-about.php","meta":{"footnotes":""},"class_list":["post-12104","page","type-page","status-publish","has-post-thumbnail","hentry"],"yoast_head":"<!-- This site is optimized with the Yoast SEO plugin v26.9 - https:\/\/yoast.com\/product\/yoast-seo-wordpress\/ -->\n<title>\u00dcber - Dinamica Generale<\/title>\n<meta name=\"robots\" content=\"index, follow, max-snippet:-1, max-image-preview:large, max-video-preview:-1\" \/>\n<link rel=\"canonical\" href=\"https:\/\/www.dinamicagenerale.cn\/de\/ueber\/\" \/>\n<meta property=\"og:locale\" content=\"de_DE\" \/>\n<meta property=\"og:type\" content=\"article\" \/>\n<meta property=\"og:title\" content=\"\u00dcber - Dinamica Generale\" \/>\n<meta property=\"og:description\" content=\"Unternehmen Innovation im Dienste der Zukunft &nbsp; Dinamica Generale S.p.A. ist weltweit f\u00fchrend in der Entwicklung innovativer L\u00f6sungen, die Kosten [&hellip;]\" \/>\n<meta property=\"og:url\" content=\"https:\/\/www.dinamicagenerale.cn\/de\/ueber\/\" \/>\n<meta property=\"og:site_name\" content=\"Dinamica Generale\" \/>\n<meta property=\"article:modified_time\" content=\"2026-01-14T10:18:30+00:00\" \/>\n<meta property=\"og:image\" content=\"https:\/\/www.dinamicagenerale.cn\/wp-content\/uploads\/2025\/01\/about-us-dinamica-generale-1.png\" \/>\n\t<meta property=\"og:image:width\" content=\"800\" \/>\n\t<meta property=\"og:image:height\" content=\"800\" \/>\n\t<meta property=\"og:image:type\" content=\"image\/png\" \/>\n<meta name=\"twitter:card\" content=\"summary_large_image\" \/>\n<meta name=\"twitter:label1\" content=\"Gesch\u00e4tzte Lesezeit\" \/>\n\t<meta name=\"twitter:data1\" content=\"8\u00a0Minuten\" \/>\n<script type=\"application\/ld+json\" class=\"yoast-schema-graph\">{\"@context\":\"https:\/\/schema.org\",\"@graph\":[{\"@type\":\"WebPage\",\"@id\":\"https:\/\/www.dinamicagenerale.cn\/de\/ueber\/\",\"url\":\"https:\/\/www.dinamicagenerale.cn\/de\/ueber\/\",\"name\":\"\u00dcber - Dinamica Generale\",\"isPartOf\":{\"@id\":\"https:\/\/www.dinamicagenerale.cn\/de\/#website\"},\"primaryImageOfPage\":{\"@id\":\"https:\/\/www.dinamicagenerale.cn\/de\/ueber\/#primaryimage\"},\"image\":{\"@id\":\"https:\/\/www.dinamicagenerale.cn\/de\/ueber\/#primaryimage\"},\"thumbnailUrl\":\"https:\/\/www.dinamicagenerale.cn\/wp-content\/uploads\/2025\/01\/about-us-dinamica-generale-1.png\",\"datePublished\":\"2024-04-08T12:21:13+00:00\",\"dateModified\":\"2026-01-14T10:18:30+00:00\",\"breadcrumb\":{\"@id\":\"https:\/\/www.dinamicagenerale.cn\/de\/ueber\/#breadcrumb\"},\"inLanguage\":\"de\",\"potentialAction\":[{\"@type\":\"ReadAction\",\"target\":[\"https:\/\/www.dinamicagenerale.cn\/de\/ueber\/\"]}]},{\"@type\":\"ImageObject\",\"inLanguage\":\"de\",\"@id\":\"https:\/\/www.dinamicagenerale.cn\/de\/ueber\/#primaryimage\",\"url\":\"https:\/\/www.dinamicagenerale.cn\/wp-content\/uploads\/2025\/01\/about-us-dinamica-generale-1.png\",\"contentUrl\":\"https:\/\/www.dinamicagenerale.cn\/wp-content\/uploads\/2025\/01\/about-us-dinamica-generale-1.png\",\"width\":800,\"height\":800},{\"@type\":\"BreadcrumbList\",\"@id\":\"https:\/\/www.dinamicagenerale.cn\/de\/ueber\/#breadcrumb\",\"itemListElement\":[{\"@type\":\"ListItem\",\"position\":1,\"name\":\"Home\",\"item\":\"https:\/\/www.dinamicagenerale.cn\/de\/\"},{\"@type\":\"ListItem\",\"position\":2,\"name\":\"\u00dcber\"}]},{\"@type\":\"WebSite\",\"@id\":\"https:\/\/www.dinamicagenerale.cn\/de\/#website\",\"url\":\"https:\/\/www.dinamicagenerale.cn\/de\/\",\"name\":\"Dinamica Generale\",\"description\":\"\",\"potentialAction\":[{\"@type\":\"SearchAction\",\"target\":{\"@type\":\"EntryPoint\",\"urlTemplate\":\"https:\/\/www.dinamicagenerale.cn\/de\/?s={search_term_string}\"},\"query-input\":{\"@type\":\"PropertyValueSpecification\",\"valueRequired\":true,\"valueName\":\"search_term_string\"}}],\"inLanguage\":\"de\"}]}<\/script>\n<!-- \/ Yoast SEO plugin. -->","yoast_head_json":{"title":"\u00dcber - Dinamica Generale","robots":{"index":"index","follow":"follow","max-snippet":"max-snippet:-1","max-image-preview":"max-image-preview:large","max-video-preview":"max-video-preview:-1"},"canonical":"https:\/\/www.dinamicagenerale.cn\/de\/ueber\/","og_locale":"de_DE","og_type":"article","og_title":"\u00dcber - Dinamica Generale","og_description":"Unternehmen Innovation im Dienste der Zukunft &nbsp; Dinamica Generale S.p.A. ist weltweit f\u00fchrend in der Entwicklung innovativer L\u00f6sungen, die Kosten [&hellip;]","og_url":"https:\/\/www.dinamicagenerale.cn\/de\/ueber\/","og_site_name":"Dinamica Generale","article_modified_time":"2026-01-14T10:18:30+00:00","og_image":[{"width":800,"height":800,"url":"https:\/\/www.dinamicagenerale.cn\/wp-content\/uploads\/2025\/01\/about-us-dinamica-generale-1.png","type":"image\/png"}],"twitter_card":"summary_large_image","twitter_misc":{"Gesch\u00e4tzte Lesezeit":"8\u00a0Minuten"},"schema":{"@context":"https:\/\/schema.org","@graph":[{"@type":"WebPage","@id":"https:\/\/www.dinamicagenerale.cn\/de\/ueber\/","url":"https:\/\/www.dinamicagenerale.cn\/de\/ueber\/","name":"\u00dcber - Dinamica Generale","isPartOf":{"@id":"https:\/\/www.dinamicagenerale.cn\/de\/#website"},"primaryImageOfPage":{"@id":"https:\/\/www.dinamicagenerale.cn\/de\/ueber\/#primaryimage"},"image":{"@id":"https:\/\/www.dinamicagenerale.cn\/de\/ueber\/#primaryimage"},"thumbnailUrl":"https:\/\/www.dinamicagenerale.cn\/wp-content\/uploads\/2025\/01\/about-us-dinamica-generale-1.png","datePublished":"2024-04-08T12:21:13+00:00","dateModified":"2026-01-14T10:18:30+00:00","breadcrumb":{"@id":"https:\/\/www.dinamicagenerale.cn\/de\/ueber\/#breadcrumb"},"inLanguage":"de","potentialAction":[{"@type":"ReadAction","target":["https:\/\/www.dinamicagenerale.cn\/de\/ueber\/"]}]},{"@type":"ImageObject","inLanguage":"de","@id":"https:\/\/www.dinamicagenerale.cn\/de\/ueber\/#primaryimage","url":"https:\/\/www.dinamicagenerale.cn\/wp-content\/uploads\/2025\/01\/about-us-dinamica-generale-1.png","contentUrl":"https:\/\/www.dinamicagenerale.cn\/wp-content\/uploads\/2025\/01\/about-us-dinamica-generale-1.png","width":800,"height":800},{"@type":"BreadcrumbList","@id":"https:\/\/www.dinamicagenerale.cn\/de\/ueber\/#breadcrumb","itemListElement":[{"@type":"ListItem","position":1,"name":"Home","item":"https:\/\/www.dinamicagenerale.cn\/de\/"},{"@type":"ListItem","position":2,"name":"\u00dcber"}]},{"@type":"WebSite","@id":"https:\/\/www.dinamicagenerale.cn\/de\/#website","url":"https:\/\/www.dinamicagenerale.cn\/de\/","name":"Dinamica Generale","description":"","potentialAction":[{"@type":"SearchAction","target":{"@type":"EntryPoint","urlTemplate":"https:\/\/www.dinamicagenerale.cn\/de\/?s={search_term_string}"},"query-input":{"@type":"PropertyValueSpecification","valueRequired":true,"valueName":"search_term_string"}}],"inLanguage":"de"}]}},"_links":{"self":[{"href":"https:\/\/www.dinamicagenerale.cn\/de\/wp-json\/wp\/v2\/pages\/12104","targetHints":{"allow":["GET"]}}],"collection":[{"href":"https:\/\/www.dinamicagenerale.cn\/de\/wp-json\/wp\/v2\/pages"}],"about":[{"href":"https:\/\/www.dinamicagenerale.cn\/de\/wp-json\/wp\/v2\/types\/page"}],"author":[{"embeddable":true,"href":"https:\/\/www.dinamicagenerale.cn\/de\/wp-json\/wp\/v2\/users\/1"}],"replies":[{"embeddable":true,"href":"https:\/\/www.dinamicagenerale.cn\/de\/wp-json\/wp\/v2\/comments?post=12104"}],"version-history":[{"count":1,"href":"https:\/\/www.dinamicagenerale.cn\/de\/wp-json\/wp\/v2\/pages\/12104\/revisions"}],"predecessor-version":[{"id":12138,"href":"https:\/\/www.dinamicagenerale.cn\/de\/wp-json\/wp\/v2\/pages\/12104\/revisions\/12138"}],"wp:featuredmedia":[{"embeddable":true,"href":"https:\/\/www.dinamicagenerale.cn\/de\/wp-json\/wp\/v2\/media\/7893"}],"wp:attachment":[{"href":"https:\/\/www.dinamicagenerale.cn\/de\/wp-json\/wp\/v2\/media?parent=12104"}],"curies":[{"name":"wp","href":"https:\/\/api.w.org\/{rel}","templated":true}]}}