{"id":12082,"date":"2025-01-10T15:59:17","date_gmt":"2025-01-10T14:59:17","guid":{"rendered":"https:\/\/www.dinamicagenerale.com\/qualitaetszertifizierungen\/"},"modified":"2025-10-03T17:23:59","modified_gmt":"2025-10-03T15:23:59","slug":"qualitaetszertifizierungen","status":"publish","type":"page","link":"https:\/\/www.dinamicagenerale.cn\/de\/ueber\/qualitaetszertifizierungen\/","title":{"rendered":"Qualit\u00e4tszertifizierungen"},"content":{"rendered":"<h2><span style=\"color: #ff6600;\">Qualit\u00e4tszertifikate<\/span><\/h2>\n<p>Bei Dinamica Generale ist die <strong>Qualit\u00e4t<\/strong> in jedem Aspekt unserer t\u00e4glichen Arbeit fest verankert. Vom <strong>Design bis zur Herstellung<\/strong> wird jedes Produkt so gefertigt, dass es <strong>strenge Qualit\u00e4tsstandards<\/strong> erf\u00fcllt und <strong>au\u00dfergew\u00f6hnliche Leistungen<\/strong> erbringt. <\/p>\n<p>Unser Engagement f\u00fcr hervorragende Leistungen basiert auf der <strong>weltweiten Zertifizierung<\/strong> nach der <strong>Qualit\u00e4tsnorm ISO 9001<\/strong>. Im Laufe der Jahre haben wir unsere Zertifizierungen um die <strong>ISO 13485<\/strong> f\u00fcr medizinische Ger\u00e4te erweitert. <\/p>\n<p>Laden Sie Kopien unserer <strong>Zertifizierungen<\/strong> herunter, um mehr \u00fcber unser Engagement f\u00fcr <strong>Qualit\u00e4t<\/strong> und Compliance zu erfahren.<\/p>\n<p><a href=\"https:\/\/www.dinamicagenerale.cn\/wp-content\/uploads\/2025\/01\/Certified_9001_ENG-ITA_extsigned_dinamica-generale.pdf\">ISO 9001<\/a><\/p>\n<p><a href=\"https:\/\/www.dinamicagenerale.cn\/wp-content\/uploads\/2025\/01\/Certified_13485_ENG-ITA_extsigned_dinamica-generale.pdf\">ISO 13485<\/a><\/p>\n<p>&nbsp;<\/p>\n<h2><span style=\"color: #ff6600;\">Zertifizierungen zur Nachhaltigkeit  <\/span><\/h2>\n<p><strong>Nachhaltigkeit<\/strong> ist ein zentraler Wert, der unsere Gesch\u00e4ftst\u00e4tigkeit und Unternehmenskultur bestimmt. Wir verpflichten uns, die <strong>Verantwortung f\u00fcr die Umwelt<\/strong> zu f\u00f6rdern, die <strong>Sicherheit am Arbeitsplatz<\/strong> zu gew\u00e4hrleisten und die <strong>Gleichstellung der Geschlechter<\/strong> als integralen Bestandteil unserer Gesch\u00e4ftspraktiken zu f\u00f6rdern. <\/p>\n<p>Unser Engagement f\u00fcr Nachhaltigkeit spiegelt sich in unseren <strong>Zertifizierungen<\/strong> wider, darunter <strong>ISO 14001<\/strong> f\u00fcr Umweltmanagement, <strong>ISO 45001<\/strong> f\u00fcr Gesundheit und Sicherheit am Arbeitsplatz und <strong>UNI PdR 125:2022<\/strong>, die unsere Bem\u00fchungen um die <strong>Gleichstellung der Geschlechter<\/strong> w\u00fcrdigt.<\/p>\n<p>Diese Zertifizierungen zeigen unser unerm\u00fcdliches Engagement f\u00fcr die Schaffung einer nachhaltigen und integrativen Zukunft, sowohl innerhalb unserer Organisation als auch in den Gemeinden, denen wir dienen.<\/p>\n<p><a href=\"https:\/\/www.dinamicagenerale.cn\/wp-content\/uploads\/2025\/01\/Certificato_Dinamica_14001-scad.2027-.pdf\">ISO 14001<\/a><\/p>\n<p><a href=\"https:\/\/www.dinamicagenerale.cn\/wp-content\/uploads\/2025\/01\/Certificato_Dinamica_45001-scad.2027.pdf\">ISO 45001<\/a><\/p>\n<p><a href=\"https:\/\/www.dinamicagenerale.cn\/wp-content\/uploads\/2025\/01\/Dinamica-Generale_gender-equality.pdf\">UNI PdR 125\/2022<\/a><\/p>\n<p>&nbsp;<\/p>\n<h2><span style=\"color: #ff6600;\">Bericht zur Nachhaltigkeit  <\/span><\/h2>\n<p>Unser <strong>Nachhaltigkeitsbericht<\/strong> zeigt unser Engagement f\u00fcr eine <strong>verantwortungsvolle<\/strong> und <strong>transparente Entwicklung<\/strong>. Er beschreibt unsere Bem\u00fchungen, die <strong>Auswirkungen auf die Umwelt<\/strong> zu reduzieren, das <strong>soziale Wohlergehen<\/strong> zu f\u00f6rdern und eine <strong>ethische Unternehmensf\u00fchrung<\/strong> zu gew\u00e4hrleisten. Mit Schl\u00fcsseldaten, Zielen und zuk\u00fcnftigen Projekten unterstreicht der Bericht Nachhaltigkeit als Kernbestandteil unserer Gesch\u00e4ftsstrategie. Wir laden unsere Stakeholder dazu ein, unseren Beitrag zu einer <strong>nachhaltigeren Zukunft<\/strong> zu erkunden und gemeinsam mit uns kontinuierliche Verbesserungen voranzutreiben.   <\/p>\n<p><a href=\"https:\/\/www.dinamicagenerale.cn\/wp-content\/uploads\/2025\/01\/Dinamica-Generale_Report-sostenibilita-2023.pdf\"><strong>2023:<\/strong> Laden Sie unseren Nachhaltigkeitsbericht herunter<\/a><\/p>\n<p><a href=\"https:\/\/www.dinamicagenerale.cn\/wp-content\/uploads\/2025\/09\/Dinamica-Generale_report_2024_20250912_DEF.pdf\"><strong>2024:<\/strong> Laden Sie unseren Nachhaltigkeitsbericht herunter<\/a><\/p>\n<p>&nbsp;<\/p>\n<h2><span style=\"color: #ff6600;\">Analyse des CO2-Fu\u00dfabdrucks<\/span><\/h2>\n<p>Im Rahmen unseres Engagements f\u00fcr Nachhaltigkeit konzentrieren wir uns aktiv auf die Reduzierung unserer Umweltauswirkungen durch eine umfassende <strong>Analyse des CO2-Fu\u00dfabdrucks<\/strong>. Dieser Ansatz erm\u00f6glicht es uns, die Treibhausgasemissionen in unserem gesamten Betrieb zu messen, zu \u00fcberwachen und zu minimieren. <\/p>\n<p>Durch die Priorisierung des <strong>Managements des CO2-Fu\u00dfabdrucks<\/strong> wollen wir einen Beitrag zu einer nachhaltigeren Zukunft leisten und uns in die globalen Bem\u00fchungen zur Bek\u00e4mpfung des Klimawandels und zur F\u00f6rderung der Umweltverantwortung einreihen.<\/p>\n<p><strong>2024: <\/strong><a href=\"https:\/\/www.dinamicagenerale.cn\/wp-content\/uploads\/2025\/01\/CarbonFootprintOrganizzazioneDinamicaGeneralerev00-35235-35236.pdf\">Laden Sie unsere Kohlenstoff-Fu\u00dfabdruck-Analyse herunter<\/a><\/p>\n<p><strong>2025: <\/strong><a href=\"https:\/\/www.dinamicagenerale.cn\/wp-content\/uploads\/2025\/06\/Carbon-Footprint-Organizzazione-Dinamica-Generale-rev01.pdf\">Laden Sie unsere Analyse des CO2-Fu\u00dfabdrucks herunter<\/a><\/p>\n<p>&nbsp;<\/p>\n<h2><span style=\"color: #ff6600;\">Ethischer Kodex<\/span><\/h2>\n<p>In einer Welt, die sich zunehmend auf Nachhaltigkeit konzentriert, hat das Verst\u00e4ndnis und die Reduzierung der Umweltauswirkungen h\u00f6chste Priorit\u00e4t. Unsere <strong>Analyse des CO2-Fu\u00dfabdrucks<\/strong> ist ein Eckpfeiler unserer Bem\u00fchungen, denn sie liefert eine klare Messung der Treibhausgasemissionen und leitet handlungsf\u00e4hige Strategien zur Verbesserung. <\/p>\n<p>Diese Verpflichtung spiegelt unser Engagement f\u00fcr ein <strong>verantwortungsbewusstes und transparentes<\/strong> Handeln wider, mit dem wir unser Handeln auf das globale Ziel eines ges\u00fcnderen Planeten abstimmen. Wir laden Sie ein, zu erkunden, wie wir unseren CO2-Fu\u00dfabdruck als Teil unserer Reise in eine nachhaltige Zukunft messen, verwalten und reduzieren. <\/p>\n<p><a href=\"https:\/\/www.dinamicagenerale.cn\/wp-content\/uploads\/2025\/01\/CodiceEticoWebrev00-35283.pdf\">Laden Sie unseren ethischen Kodex herunter<\/a><\/p>\n<p>&nbsp;<\/p>\n<h2><span style=\"color: #ff6600;\">Unternehmenspolitik<\/span><\/h2>\n<p>Unsere <strong>Unternehmenspolitik<\/strong> spiegelt die Grunds\u00e4tze der <strong>Integrit\u00e4t<\/strong>, <strong>Nachhaltigkeit<\/strong> und <strong>Exzellenz<\/strong> wider, die unser Handeln bestimmen. Sie gew\u00e4hrleistet Transparenz, f\u00f6rdert die <strong>Verantwortung f\u00fcr die Umwelt<\/strong> und stellt das Wohlergehen aller Stakeholder in den Vordergrund. Erfahren Sie, wie unsere Politik die kontinuierliche Verbesserung und den gemeinsamen Erfolg f\u00f6rdert.  <\/p>\n<p><strong>Rev.14 &#8211; ITA: <\/strong><a href=\"https:\/\/www.dinamicagenerale.cn\/wp-content\/uploads\/2025\/10\/Politica-Integrata-Aziendale_rev14_ITA_Pubblico-1.pdf\">Download Unternehmensrichtlinien<\/a><\/p>\n<p><strong>Rev.11 &#8211; ITA:<\/strong> <a href=\"https:\/\/www.dinamicagenerale.cn\/wp-content\/uploads\/2025\/07\/politica-rev11ENGweb-32404-1.pdf\">Download Unternehmensrichtlinien<\/a><\/p>\n<p><strong>Rev.11 &#8211; ENG:<\/strong> <a href=\"https:\/\/www.dinamicagenerale.cn\/wp-content\/uploads\/2025\/02\/politica-rev11ENGweb-32404-1.pdf\">Download Unternehmensrichtlinien<\/a><\/p>\n<p><a href=\"https:\/\/www.dinamicagenerale.cn\/wp-content\/uploads\/2025\/01\/politica-rev13ENGweb-35224.pdf\">Laden Sie unsere integrierte Unternehmenspolitik herunter<\/a><\/p>\n<p><a href=\"https:\/\/www.dinamicagenerale.cn\/wp-content\/uploads\/2025\/02\/politica-rev11ENGweb-32404.pdf\">Downloaden Sie die Umweltschutzbrosch\u00fcre<\/a><\/p>\n<p><a href=\"https:\/\/www.dinamicagenerale.cn\/wp-content\/uploads\/2025\/02\/politicaConflictMineralsENGRev00Draft-5059.pdf\">Download Richtlinie f\u00fcr Konfliktmineralien<\/a><\/p>\n<p><a href=\"https:\/\/www.dinamicagenerale.cn\/wp-content\/uploads\/2025\/02\/Mod508RevA-CodicediCondottafornitoriENG-35234-DEF.pdf\">Laden Sie den Verhaltenskodex f\u00fcr Lieferanten herunter  <\/a><\/p>\n<p><a href=\"https:\/\/www.dinamicagenerale.cn\/wp-content\/uploads\/2025\/02\/politicaresponsabilitsociale-rev02ENG-35231.pdf\">Download der Richtlinie f\u00fcr soziale Verantwortung<\/a><\/p>\n<p><a href=\"https:\/\/www.dinamicagenerale.cn\/wp-content\/uploads\/2025\/02\/PoliticaperlaParitdiGenererev01ENG-35230.pdf\">Download der Gleichstellungspolitik<\/a><\/p>\n","protected":false},"excerpt":{"rendered":"<p>Qualit\u00e4tszertifikate Bei Dinamica Generale ist die Qualit\u00e4t in jedem Aspekt unserer t\u00e4glichen Arbeit fest verankert. Vom Design bis zur Herstellung [&hellip;]<\/p>\n","protected":false},"author":2,"featured_media":0,"parent":12104,"menu_order":0,"comment_status":"closed","ping_status":"closed","template":"","meta":{"footnotes":""},"class_list":["post-12082","page","type-page","status-publish","hentry"],"yoast_head":"<!-- This site is optimized with the Yoast SEO plugin v26.9 - https:\/\/yoast.com\/product\/yoast-seo-wordpress\/ -->\n<title>Qualit\u00e4tszertifizierungen - Dinamica Generale<\/title>\n<meta name=\"robots\" content=\"index, follow, max-snippet:-1, max-image-preview:large, max-video-preview:-1\" \/>\n<link rel=\"canonical\" href=\"https:\/\/www.dinamicagenerale.cn\/de\/ueber\/qualitaetszertifizierungen\/\" \/>\n<meta property=\"og:locale\" content=\"de_DE\" \/>\n<meta property=\"og:type\" content=\"article\" \/>\n<meta property=\"og:title\" content=\"Qualit\u00e4tszertifizierungen - Dinamica Generale\" \/>\n<meta property=\"og:description\" content=\"Qualit\u00e4tszertifikate Bei Dinamica Generale ist die Qualit\u00e4t in jedem Aspekt unserer t\u00e4glichen Arbeit fest verankert. Vom Design bis zur Herstellung [&hellip;]\" \/>\n<meta property=\"og:url\" content=\"https:\/\/www.dinamicagenerale.cn\/de\/ueber\/qualitaetszertifizierungen\/\" \/>\n<meta property=\"og:site_name\" content=\"Dinamica Generale\" \/>\n<meta property=\"article:modified_time\" content=\"2025-10-03T15:23:59+00:00\" \/>\n<meta name=\"twitter:card\" content=\"summary_large_image\" \/>\n<meta name=\"twitter:label1\" content=\"Gesch\u00e4tzte Lesezeit\" \/>\n\t<meta name=\"twitter:data1\" content=\"3\u00a0Minuten\" \/>\n<script type=\"application\/ld+json\" class=\"yoast-schema-graph\">{\"@context\":\"https:\/\/schema.org\",\"@graph\":[{\"@type\":\"WebPage\",\"@id\":\"https:\/\/www.dinamicagenerale.cn\/de\/ueber\/qualitaetszertifizierungen\/\",\"url\":\"https:\/\/www.dinamicagenerale.cn\/de\/ueber\/qualitaetszertifizierungen\/\",\"name\":\"Qualit\u00e4tszertifizierungen - Dinamica Generale\",\"isPartOf\":{\"@id\":\"https:\/\/www.dinamicagenerale.cn\/de\/#website\"},\"datePublished\":\"2025-01-10T14:59:17+00:00\",\"dateModified\":\"2025-10-03T15:23:59+00:00\",\"breadcrumb\":{\"@id\":\"https:\/\/www.dinamicagenerale.cn\/de\/ueber\/qualitaetszertifizierungen\/#breadcrumb\"},\"inLanguage\":\"de\",\"potentialAction\":[{\"@type\":\"ReadAction\",\"target\":[\"https:\/\/www.dinamicagenerale.cn\/de\/ueber\/qualitaetszertifizierungen\/\"]}]},{\"@type\":\"BreadcrumbList\",\"@id\":\"https:\/\/www.dinamicagenerale.cn\/de\/ueber\/qualitaetszertifizierungen\/#breadcrumb\",\"itemListElement\":[{\"@type\":\"ListItem\",\"position\":1,\"name\":\"Home\",\"item\":\"https:\/\/www.dinamicagenerale.cn\/de\/\"},{\"@type\":\"ListItem\",\"position\":2,\"name\":\"\u00dcber\",\"item\":\"https:\/\/www.dinamicagenerale.cn\/de\/ueber\/\"},{\"@type\":\"ListItem\",\"position\":3,\"name\":\"Qualit\u00e4tszertifizierungen\"}]},{\"@type\":\"WebSite\",\"@id\":\"https:\/\/www.dinamicagenerale.cn\/de\/#website\",\"url\":\"https:\/\/www.dinamicagenerale.cn\/de\/\",\"name\":\"Dinamica Generale\",\"description\":\"\",\"potentialAction\":[{\"@type\":\"SearchAction\",\"target\":{\"@type\":\"EntryPoint\",\"urlTemplate\":\"https:\/\/www.dinamicagenerale.cn\/de\/?s={search_term_string}\"},\"query-input\":{\"@type\":\"PropertyValueSpecification\",\"valueRequired\":true,\"valueName\":\"search_term_string\"}}],\"inLanguage\":\"de\"}]}<\/script>\n<!-- \/ Yoast SEO plugin. -->","yoast_head_json":{"title":"Qualit\u00e4tszertifizierungen - Dinamica Generale","robots":{"index":"index","follow":"follow","max-snippet":"max-snippet:-1","max-image-preview":"max-image-preview:large","max-video-preview":"max-video-preview:-1"},"canonical":"https:\/\/www.dinamicagenerale.cn\/de\/ueber\/qualitaetszertifizierungen\/","og_locale":"de_DE","og_type":"article","og_title":"Qualit\u00e4tszertifizierungen - Dinamica Generale","og_description":"Qualit\u00e4tszertifikate Bei Dinamica Generale ist die Qualit\u00e4t in jedem Aspekt unserer t\u00e4glichen Arbeit fest verankert. Vom Design bis zur Herstellung [&hellip;]","og_url":"https:\/\/www.dinamicagenerale.cn\/de\/ueber\/qualitaetszertifizierungen\/","og_site_name":"Dinamica Generale","article_modified_time":"2025-10-03T15:23:59+00:00","twitter_card":"summary_large_image","twitter_misc":{"Gesch\u00e4tzte Lesezeit":"3\u00a0Minuten"},"schema":{"@context":"https:\/\/schema.org","@graph":[{"@type":"WebPage","@id":"https:\/\/www.dinamicagenerale.cn\/de\/ueber\/qualitaetszertifizierungen\/","url":"https:\/\/www.dinamicagenerale.cn\/de\/ueber\/qualitaetszertifizierungen\/","name":"Qualit\u00e4tszertifizierungen - Dinamica Generale","isPartOf":{"@id":"https:\/\/www.dinamicagenerale.cn\/de\/#website"},"datePublished":"2025-01-10T14:59:17+00:00","dateModified":"2025-10-03T15:23:59+00:00","breadcrumb":{"@id":"https:\/\/www.dinamicagenerale.cn\/de\/ueber\/qualitaetszertifizierungen\/#breadcrumb"},"inLanguage":"de","potentialAction":[{"@type":"ReadAction","target":["https:\/\/www.dinamicagenerale.cn\/de\/ueber\/qualitaetszertifizierungen\/"]}]},{"@type":"BreadcrumbList","@id":"https:\/\/www.dinamicagenerale.cn\/de\/ueber\/qualitaetszertifizierungen\/#breadcrumb","itemListElement":[{"@type":"ListItem","position":1,"name":"Home","item":"https:\/\/www.dinamicagenerale.cn\/de\/"},{"@type":"ListItem","position":2,"name":"\u00dcber","item":"https:\/\/www.dinamicagenerale.cn\/de\/ueber\/"},{"@type":"ListItem","position":3,"name":"Qualit\u00e4tszertifizierungen"}]},{"@type":"WebSite","@id":"https:\/\/www.dinamicagenerale.cn\/de\/#website","url":"https:\/\/www.dinamicagenerale.cn\/de\/","name":"Dinamica Generale","description":"","potentialAction":[{"@type":"SearchAction","target":{"@type":"EntryPoint","urlTemplate":"https:\/\/www.dinamicagenerale.cn\/de\/?s={search_term_string}"},"query-input":{"@type":"PropertyValueSpecification","valueRequired":true,"valueName":"search_term_string"}}],"inLanguage":"de"}]}},"_links":{"self":[{"href":"https:\/\/www.dinamicagenerale.cn\/de\/wp-json\/wp\/v2\/pages\/12082","targetHints":{"allow":["GET"]}}],"collection":[{"href":"https:\/\/www.dinamicagenerale.cn\/de\/wp-json\/wp\/v2\/pages"}],"about":[{"href":"https:\/\/www.dinamicagenerale.cn\/de\/wp-json\/wp\/v2\/types\/page"}],"author":[{"embeddable":true,"href":"https:\/\/www.dinamicagenerale.cn\/de\/wp-json\/wp\/v2\/users\/2"}],"replies":[{"embeddable":true,"href":"https:\/\/www.dinamicagenerale.cn\/de\/wp-json\/wp\/v2\/comments?post=12082"}],"version-history":[{"count":5,"href":"https:\/\/www.dinamicagenerale.cn\/de\/wp-json\/wp\/v2\/pages\/12082\/revisions"}],"predecessor-version":[{"id":33712,"href":"https:\/\/www.dinamicagenerale.cn\/de\/wp-json\/wp\/v2\/pages\/12082\/revisions\/33712"}],"up":[{"embeddable":true,"href":"https:\/\/www.dinamicagenerale.cn\/de\/wp-json\/wp\/v2\/pages\/12104"}],"wp:attachment":[{"href":"https:\/\/www.dinamicagenerale.cn\/de\/wp-json\/wp\/v2\/media?parent=12082"}],"curies":[{"name":"wp","href":"https:\/\/api.w.org\/{rel}","templated":true}]}}