{"id":12077,"date":"2025-01-15T15:21:30","date_gmt":"2025-01-15T14:21:30","guid":{"rendered":"https:\/\/www.dinamicagenerale.com\/service-unterstuetzung\/"},"modified":"2025-08-20T11:44:19","modified_gmt":"2025-08-20T09:44:19","slug":"service-unterstuetzung","status":"publish","type":"page","link":"https:\/\/www.dinamicagenerale.cn\/de\/service-unterstuetzung\/","title":{"rendered":"Kundendienst &#038; Unterst\u00fctzung"},"content":{"rendered":"<p>Verlassen Sie sich auf das Support-Team von Dinamica Generale, wenn Sie Hilfe ben\u00f6tigen. Wir bieten unseren Kunden, die dringend Hilfe ben\u00f6tigen, 24 Stunden am Tag, 7 Tage die Woche Unterst\u00fctzung. Holen Sie sich die Antworten, die Sie brauchen, damit Ihre Ger\u00e4te immer einsatzbereit sind. \u00dcber unser globales Partnernetzwerk erhalten Sie einen professionellen und konsistenten Ansatz.<\/p>\n<p>Zufriedene Kunden und ein tadelloses Serviceniveau sind das beste Rezept f\u00fcr Folgeauftr\u00e4ge.<br \/>\nSie k\u00f6nnen sich darauf verlassen, dass unsere hochqualifizierten Techniker und unser engagiertes Support-Team Ihre Erwartungen \u00fcbertreffen werden.<\/p>\n<h2>F\u00dcR USA UND KANADA HILFE<\/h2>\n<p>24\/7 technische Unterst\u00fctzung : 301 &#8211; 791 &#8211; 1068<br \/>\nTechnischer Support \u00fcber unser Ticketing-System <a href=\"https:\/\/osticket.dinamicagenerale.com\/\">https:\/\/osticket.dinamicagenerale.com<\/a><br \/>\noder per E-Mail: uscanada-help@dinamicagenerale.us<\/p>\n<h2>F\u00dcR DIE UNTERST\u00dcTZUNG DER GUS-L\u00c4NDER<\/h2>\n<p>24\/7 technische Unterst\u00fctzung : +38 063 127 82 99<br \/>\nE-Mail-Unterst\u00fctzung: michaels@dinamicagenerale.com<\/p>\n<h2>F\u00dcR DIE UNTERST\u00dcTZUNG CHINAS<\/h2>\n<p>24\/7 technischer Support f\u00fcr W\u00e4gesysteme und DTM-Software: +86 176 2124 8575<br \/>\n24\/7 technischer Support f\u00fcr NIR-Analysatoren und andere Software: +86 136 8434 5715<\/p>\n<h2>F\u00dcR INTERNATIONALE HILFE<\/h2>\n<p>Technische Unterst\u00fctzung \u00fcber unser Ticketingsystem <a href=\"https:\/\/osticket.dinamicagenerale.com\">https:\/\/osticket.dinamicagenerale.com<\/a> oder per E-Mail: help@dinamicagenerale.com<\/p>\n<p><strong>Das Ticketingsystem ist von Montag bis Sonntag verf\u00fcgbar<\/strong><br \/>\n<strong>Mo-Fr von 08:00 bis 18.00 Uhr (MEZ)<\/strong><br \/>\nAllgemeine Unterst\u00fctzung und technische Hilfe bei komplexen Problemen mit neu entstehenden Projekten.<br \/>\nDie Unterst\u00fctzung ist in Englisch, Franz\u00f6sisch, Italienisch, Deutsch, Spanisch und Russisch verf\u00fcgbar.<br \/>\n<strong>Mo-Fr von 08:00 bis 18.00 Uhr (MEZ) <\/strong>Allgemeiner Support.<br \/>\nDie Unterst\u00fctzung ist auf Englisch verf\u00fcgbar. Um den unterschiedlichen Marktanforderungen gerecht zu werden, verwenden wir maschinelle \u00dcbersetzungssysteme.<\/p>\n<p><strong>24\/7-Hotline f\u00fcr kritische Pannenhilfe: +39 346 96 55 640<\/strong><\/p>\n<p>Fernunterst\u00fctzung<br \/>\n<strong>Wie Sie den schnellsten Support erhalten<\/strong><br \/>\nWir m\u00f6chten Ihr Problem schnell l\u00f6sen. Das geht noch schneller, wenn wir Sie nicht vor Ort besuchen m\u00fcssen. Dank Team Viewer kann unser Team schnelle Hilfe per Fernwartung leisten. Diese Dienste erm\u00f6glichen uns den Zugriff auf das Display Ihres PCs.<\/p>\n<p>Klicken Sie einfach auf das Team Viewer-Logo und folgen Sie den Anweisungen <a href=\"https:\/\/srv.dinamicagenerale.com\/dgqs.exe\" rel=\"noopener\"><img loading=\"lazy\" decoding=\"async\" class=\"size-full wp-image-7311 alignnone\" src=\"https:\/\/www.dinamicagenerale.cn\/wp-content\/uploads\/2025\/01\/service-support-teamviewer.png\" alt=\"\" width=\"262\" height=\"65\" \/><\/a><\/p>\n","protected":false},"excerpt":{"rendered":"<p>Verlassen Sie sich auf das Support-Team von Dinamica Generale, wenn Sie Hilfe ben\u00f6tigen. Wir bieten unseren Kunden, die dringend Hilfe [&hellip;]<\/p>\n","protected":false},"author":5,"featured_media":34157,"parent":0,"menu_order":0,"comment_status":"closed","ping_status":"closed","template":"","meta":{"footnotes":""},"class_list":["post-12077","page","type-page","status-publish","has-post-thumbnail","hentry"],"yoast_head":"<!-- This site is optimized with the Yoast SEO plugin v26.9 - https:\/\/yoast.com\/product\/yoast-seo-wordpress\/ -->\n<title>Kundendienst &amp; Unterst\u00fctzung - Dinamica Generale<\/title>\n<meta name=\"robots\" content=\"index, follow, max-snippet:-1, max-image-preview:large, max-video-preview:-1\" \/>\n<link rel=\"canonical\" href=\"https:\/\/www.dinamicagenerale.cn\/de\/service-unterstuetzung\/\" \/>\n<meta property=\"og:locale\" content=\"de_DE\" \/>\n<meta property=\"og:type\" content=\"article\" \/>\n<meta property=\"og:title\" content=\"Kundendienst &amp; Unterst\u00fctzung - Dinamica Generale\" \/>\n<meta property=\"og:description\" content=\"Verlassen Sie sich auf das Support-Team von Dinamica Generale, wenn Sie Hilfe ben\u00f6tigen. Wir bieten unseren Kunden, die dringend Hilfe [&hellip;]\" \/>\n<meta property=\"og:url\" content=\"https:\/\/www.dinamicagenerale.cn\/de\/service-unterstuetzung\/\" \/>\n<meta property=\"og:site_name\" content=\"Dinamica Generale\" \/>\n<meta property=\"article:modified_time\" content=\"2025-08-20T09:44:19+00:00\" \/>\n<meta property=\"og:image\" content=\"https:\/\/www.dinamicagenerale.cn\/wp-content\/uploads\/2025\/01\/service-support-teamviewer.png\" \/>\n\t<meta property=\"og:image:width\" content=\"262\" \/>\n\t<meta property=\"og:image:height\" content=\"65\" \/>\n\t<meta property=\"og:image:type\" content=\"image\/png\" \/>\n<meta name=\"twitter:card\" content=\"summary_large_image\" \/>\n<meta name=\"twitter:label1\" content=\"Gesch\u00e4tzte Lesezeit\" \/>\n\t<meta name=\"twitter:data1\" content=\"2\u00a0Minuten\" \/>\n<script type=\"application\/ld+json\" class=\"yoast-schema-graph\">{\"@context\":\"https:\/\/schema.org\",\"@graph\":[{\"@type\":\"WebPage\",\"@id\":\"https:\/\/www.dinamicagenerale.cn\/de\/service-unterstuetzung\/\",\"url\":\"https:\/\/www.dinamicagenerale.cn\/de\/service-unterstuetzung\/\",\"name\":\"Kundendienst & Unterst\u00fctzung - Dinamica Generale\",\"isPartOf\":{\"@id\":\"https:\/\/www.dinamicagenerale.cn\/de\/#website\"},\"primaryImageOfPage\":{\"@id\":\"https:\/\/www.dinamicagenerale.cn\/de\/service-unterstuetzung\/#primaryimage\"},\"image\":{\"@id\":\"https:\/\/www.dinamicagenerale.cn\/de\/service-unterstuetzung\/#primaryimage\"},\"thumbnailUrl\":\"https:\/\/www.dinamicagenerale.cn\/wp-content\/uploads\/2025\/11\/service-support-dinamica-generale.png\",\"datePublished\":\"2025-01-15T14:21:30+00:00\",\"dateModified\":\"2025-08-20T09:44:19+00:00\",\"breadcrumb\":{\"@id\":\"https:\/\/www.dinamicagenerale.cn\/de\/service-unterstuetzung\/#breadcrumb\"},\"inLanguage\":\"de\",\"potentialAction\":[{\"@type\":\"ReadAction\",\"target\":[\"https:\/\/www.dinamicagenerale.cn\/de\/service-unterstuetzung\/\"]}]},{\"@type\":\"ImageObject\",\"inLanguage\":\"de\",\"@id\":\"https:\/\/www.dinamicagenerale.cn\/de\/service-unterstuetzung\/#primaryimage\",\"url\":\"https:\/\/www.dinamicagenerale.cn\/wp-content\/uploads\/2025\/11\/service-support-dinamica-generale.png\",\"contentUrl\":\"https:\/\/www.dinamicagenerale.cn\/wp-content\/uploads\/2025\/11\/service-support-dinamica-generale.png\",\"width\":2362,\"height\":1217},{\"@type\":\"BreadcrumbList\",\"@id\":\"https:\/\/www.dinamicagenerale.cn\/de\/service-unterstuetzung\/#breadcrumb\",\"itemListElement\":[{\"@type\":\"ListItem\",\"position\":1,\"name\":\"Home\",\"item\":\"https:\/\/www.dinamicagenerale.cn\/de\/\"},{\"@type\":\"ListItem\",\"position\":2,\"name\":\"Kundendienst &#038; Unterst\u00fctzung\"}]},{\"@type\":\"WebSite\",\"@id\":\"https:\/\/www.dinamicagenerale.cn\/de\/#website\",\"url\":\"https:\/\/www.dinamicagenerale.cn\/de\/\",\"name\":\"Dinamica Generale\",\"description\":\"\",\"potentialAction\":[{\"@type\":\"SearchAction\",\"target\":{\"@type\":\"EntryPoint\",\"urlTemplate\":\"https:\/\/www.dinamicagenerale.cn\/de\/?s={search_term_string}\"},\"query-input\":{\"@type\":\"PropertyValueSpecification\",\"valueRequired\":true,\"valueName\":\"search_term_string\"}}],\"inLanguage\":\"de\"}]}<\/script>\n<!-- \/ Yoast SEO plugin. -->","yoast_head_json":{"title":"Kundendienst & Unterst\u00fctzung - Dinamica Generale","robots":{"index":"index","follow":"follow","max-snippet":"max-snippet:-1","max-image-preview":"max-image-preview:large","max-video-preview":"max-video-preview:-1"},"canonical":"https:\/\/www.dinamicagenerale.cn\/de\/service-unterstuetzung\/","og_locale":"de_DE","og_type":"article","og_title":"Kundendienst & Unterst\u00fctzung - Dinamica Generale","og_description":"Verlassen Sie sich auf das Support-Team von Dinamica Generale, wenn Sie Hilfe ben\u00f6tigen. Wir bieten unseren Kunden, die dringend Hilfe [&hellip;]","og_url":"https:\/\/www.dinamicagenerale.cn\/de\/service-unterstuetzung\/","og_site_name":"Dinamica Generale","article_modified_time":"2025-08-20T09:44:19+00:00","og_image":[{"width":262,"height":65,"url":"https:\/\/www.dinamicagenerale.cn\/wp-content\/uploads\/2025\/01\/service-support-teamviewer.png","type":"image\/png"}],"twitter_card":"summary_large_image","twitter_misc":{"Gesch\u00e4tzte Lesezeit":"2\u00a0Minuten"},"schema":{"@context":"https:\/\/schema.org","@graph":[{"@type":"WebPage","@id":"https:\/\/www.dinamicagenerale.cn\/de\/service-unterstuetzung\/","url":"https:\/\/www.dinamicagenerale.cn\/de\/service-unterstuetzung\/","name":"Kundendienst & Unterst\u00fctzung - Dinamica Generale","isPartOf":{"@id":"https:\/\/www.dinamicagenerale.cn\/de\/#website"},"primaryImageOfPage":{"@id":"https:\/\/www.dinamicagenerale.cn\/de\/service-unterstuetzung\/#primaryimage"},"image":{"@id":"https:\/\/www.dinamicagenerale.cn\/de\/service-unterstuetzung\/#primaryimage"},"thumbnailUrl":"https:\/\/www.dinamicagenerale.cn\/wp-content\/uploads\/2025\/11\/service-support-dinamica-generale.png","datePublished":"2025-01-15T14:21:30+00:00","dateModified":"2025-08-20T09:44:19+00:00","breadcrumb":{"@id":"https:\/\/www.dinamicagenerale.cn\/de\/service-unterstuetzung\/#breadcrumb"},"inLanguage":"de","potentialAction":[{"@type":"ReadAction","target":["https:\/\/www.dinamicagenerale.cn\/de\/service-unterstuetzung\/"]}]},{"@type":"ImageObject","inLanguage":"de","@id":"https:\/\/www.dinamicagenerale.cn\/de\/service-unterstuetzung\/#primaryimage","url":"https:\/\/www.dinamicagenerale.cn\/wp-content\/uploads\/2025\/11\/service-support-dinamica-generale.png","contentUrl":"https:\/\/www.dinamicagenerale.cn\/wp-content\/uploads\/2025\/11\/service-support-dinamica-generale.png","width":2362,"height":1217},{"@type":"BreadcrumbList","@id":"https:\/\/www.dinamicagenerale.cn\/de\/service-unterstuetzung\/#breadcrumb","itemListElement":[{"@type":"ListItem","position":1,"name":"Home","item":"https:\/\/www.dinamicagenerale.cn\/de\/"},{"@type":"ListItem","position":2,"name":"Kundendienst &#038; Unterst\u00fctzung"}]},{"@type":"WebSite","@id":"https:\/\/www.dinamicagenerale.cn\/de\/#website","url":"https:\/\/www.dinamicagenerale.cn\/de\/","name":"Dinamica Generale","description":"","potentialAction":[{"@type":"SearchAction","target":{"@type":"EntryPoint","urlTemplate":"https:\/\/www.dinamicagenerale.cn\/de\/?s={search_term_string}"},"query-input":{"@type":"PropertyValueSpecification","valueRequired":true,"valueName":"search_term_string"}}],"inLanguage":"de"}]}},"_links":{"self":[{"href":"https:\/\/www.dinamicagenerale.cn\/de\/wp-json\/wp\/v2\/pages\/12077","targetHints":{"allow":["GET"]}}],"collection":[{"href":"https:\/\/www.dinamicagenerale.cn\/de\/wp-json\/wp\/v2\/pages"}],"about":[{"href":"https:\/\/www.dinamicagenerale.cn\/de\/wp-json\/wp\/v2\/types\/page"}],"author":[{"embeddable":true,"href":"https:\/\/www.dinamicagenerale.cn\/de\/wp-json\/wp\/v2\/users\/5"}],"replies":[{"embeddable":true,"href":"https:\/\/www.dinamicagenerale.cn\/de\/wp-json\/wp\/v2\/comments?post=12077"}],"version-history":[{"count":4,"href":"https:\/\/www.dinamicagenerale.cn\/de\/wp-json\/wp\/v2\/pages\/12077\/revisions"}],"predecessor-version":[{"id":31876,"href":"https:\/\/www.dinamicagenerale.cn\/de\/wp-json\/wp\/v2\/pages\/12077\/revisions\/31876"}],"wp:featuredmedia":[{"embeddable":true,"href":"https:\/\/www.dinamicagenerale.cn\/de\/wp-json\/wp\/v2\/media\/34157"}],"wp:attachment":[{"href":"https:\/\/www.dinamicagenerale.cn\/de\/wp-json\/wp\/v2\/media?parent=12077"}],"curies":[{"name":"wp","href":"https:\/\/api.w.org\/{rel}","templated":true}]}}