{"id":12076,"date":"2025-02-04T10:55:03","date_gmt":"2025-02-04T09:55:03","guid":{"rendered":"https:\/\/www.dinamicagenerale.com\/ressourcen\/"},"modified":"2025-04-08T17:09:27","modified_gmt":"2025-04-08T15:09:27","slug":"ressourcen","status":"publish","type":"page","link":"https:\/\/www.dinamicagenerale.cn\/de\/ressourcen\/","title":{"rendered":"Mittel"},"content":{"rendered":"<h1><span style=\"color: #003366;\">Pr\u00e4zisionsf\u00fctterungstechnologie<\/span><\/h1>\n<p>Verbessern Sie die Ern\u00e4hrung von Nutztieren durch fortschrittliche Technologien. Entdecken Sie, wie Sie das Futtermittelmanagement optimieren k\u00f6nnen, um Produktivit\u00e4t und Nachhaltigkeit zu verbessern.<\/p>\n<p><strong><span style=\"color: #ff6600;\">Blog<\/span><\/strong>: <a href=\"https:\/\/www.dinamicagenerale.cn\/de\/fallstudie\/blog-optimieren-sie-ihren-milchviehbetrieb-mit-futtermittelmanagement-software\/\" target=\"_blank\" rel=\"noopener\">Optimieren Sie Ihren Milchviehbetrieb mit Futtermittelmanagement-Software<\/a><\/p>\n<p><a href=\"https:\/\/www.dinamicagenerale.cn\/de\/fallstudie\/blog-kosten-senken-und-effizienz-steigern-mit-futtermittelmanagement-software\/\" target=\"_blank\" rel=\"noopener\"><strong><span style=\"color: #ff6600;\">Blog<\/span><\/strong>: Kosten senken und Effizienz steigern mit Futtermittelmanagement-Software<\/a><\/p>\n<p><a href=\"https:\/\/www.dinamicagenerale.cn\/de\/fallstudie\/blog-wie-technologie-die-welt-der-milchwirtschaft-veraendert\/\" target=\"_blank\" rel=\"noopener\"><span style=\"color: #ff6600;\"><strong>Blog<\/strong><\/span>: Wie Technologie die Welt der Milchwirtschaft ver\u00e4ndert<\/a><\/p>\n<p><a href=\"https:\/\/www.dinamicagenerale.cn\/de\/fallstudie\/infografik-digitalisieren-sie-ihren-milchviehbetrieb-mit-futtermittelmanagement-software\/\" target=\"_blank\" rel=\"noopener\"><span style=\"color: #ff6600;\"><strong>Infografik<\/strong><\/span>: Digitalisieren Sie Ihren Milchviehbetrieb mit Futtermittelmanagement-Software<\/a><\/p>\n<p><a href=\"https:\/\/www.dinamicagenerale.cn\/de\/video\/dtm-taeglicher-tmr-manager\/\" target=\"_blank\" rel=\"noopener\"><span style=\"color: #ff6600;\"><strong>Video<\/strong><\/span>: DTM Futtermittelverwaltungssoftware<\/a><\/p>\n<p><a href=\"https:\/\/www.dinamicagenerale.cn\/de\/fallstudie\/blog-antworten-auf-ihre-faqs-ueber-feed-management-software\/\" target=\"_blank\" rel=\"noopener\"><span style=\"color: #ff6600;\"><strong>Blog<\/strong><\/span>: Antworten auf Ihre FAQs \u00fcber Feed Management Software<\/a><\/p>\n<p><a href=\"https:\/\/www.dinamicagenerale.cn\/de\/fallstudie\/blog-die-5-wichtigsten-funktionen-die-sie-bei-einer-futtermittelverwaltungssoftware-beachten-sollten\/\" target=\"_blank\" rel=\"noopener\"><span style=\"color: #ff6600;\"><strong>Blog<\/strong><\/span>: Die 5 wichtigsten Funktionen, die Sie bei einer Futtermittelverwaltungssoftware beachten sollten<\/a><\/p>\n<p class=\"text-center\" style=\"text-align: left;\"><a href=\"https:\/\/www.dinamicagenerale.cn\/de\/video\/video-ein-intelligenter-futtermischwagen-mit-integrierter-software\/\" target=\"_blank\" rel=\"noopener\"><span style=\"color: #ff6600;\"><strong>Video<\/strong><\/span>: Ein intelligenter Futtermischwagen mit integrierter Software<\/a><\/p>\n<p><a href=\"https:\/\/www.dinamicagenerale.cn\/de\/fallstudie\/infografik-wie-software-die-ablaeufe-in-ihrem-milchviehbetrieb-rationalisiert\/\" target=\"_blank\" rel=\"noopener\"><strong><span style=\"color: #ff6600;\">Infografik<\/span><\/strong>: Wie Software die Abl\u00e4ufe in Ihrem Milchviehbetrieb rationalisiert<\/a><\/p>\n<p><a href=\"https:\/\/www.dinamicagenerale.cn\/de\/fallstudie\/blog-agrinir-vor-ort-nir-analyse-zur-produktivitaetssteigerung\/\" target=\"_blank\" rel=\"noopener\"><span style=\"color: #ff6600;\"><strong>Blog<\/strong><\/span>: AGRINIR. Vor-Ort-NIR-Analyse zur Produktivit\u00e4tssteigerung<\/a><\/p>\n<p>&nbsp;<\/p>\n<p><a href=\"https:\/\/www.dinamicagenerale.cn\/de\/fallstudie\/blog-die-vorteile-der-nir-echtzeitanalyse-evonir-auf-tank-fuer-eine-effizientere-und-nachhaltigere-landwirtschaft\/\" target=\"_blank\" rel=\"noopener\"><span style=\"color: #ff6600;\"><strong>Blog<\/strong><\/span>: Die Vorteile der NIR-Echtzeitanalyse. EVONIR auf Tank f\u00fcr eine effizientere und nachhaltigere Landwirtschaft<\/a><\/p>\n<h1><span style=\"color: #003366;\">L\u00f6sungen f\u00fcr die Pr\u00e4zisionslandwirtschaft<\/span><\/h1>\n<p>Verbessern Sie die Pflanzenproduktion durch fortschrittliche Technologie. Erfahren Sie, wie spezialisierte Landwirte Pr\u00e4zisionsl\u00f6sungen einsetzen, um ihre Ertr\u00e4ge zu steigern und gleichzeitig Verschwendung zu reduzieren.<\/p>\n<p><a href=\"https:\/\/www.dinamicagenerale.cn\/de\/fallstudie\/blog-nir-analysatoren-am-maehdrescher-optimieren-sie-den-stickstoffeinsatz\/\" target=\"_blank\" rel=\"noopener\"><span style=\"color: #ff6600;\"><strong>Blog: <\/strong><\/span>NIR-Analysatoren am M\u00e4hdrescher. Optimieren Sie den Stickstoffeinsatz<\/a><\/p>\n<p><a href=\"https:\/\/www.dinamicagenerale.cn\/de\/fallstudie\/blog-evonir-fuer-guelle-und-gaerresttransport\/\" target=\"_blank\" rel=\"noopener\"><span style=\"color: #ff6600;\"><strong>Blog<\/strong><\/span>: EVONIR f\u00fcr G\u00fclle- und G\u00e4rresttransport<\/a><\/p>\n","protected":false},"excerpt":{"rendered":"<p>Pr\u00e4zisionsf\u00fctterungstechnologie Verbessern Sie die Ern\u00e4hrung von Nutztieren durch fortschrittliche Technologien. Entdecken Sie, wie Sie das Futtermittelmanagement optimieren k\u00f6nnen, um Produktivit\u00e4t [&hellip;]<\/p>\n","protected":false},"author":5,"featured_media":34148,"parent":0,"menu_order":0,"comment_status":"closed","ping_status":"closed","template":"archive-resource.php","meta":{"footnotes":""},"class_list":["post-12076","page","type-page","status-publish","has-post-thumbnail","hentry"],"yoast_head":"<!-- This site is optimized with the Yoast SEO plugin v26.9 - https:\/\/yoast.com\/product\/yoast-seo-wordpress\/ -->\n<title>Mittel - Dinamica Generale<\/title>\n<meta name=\"robots\" content=\"index, follow, max-snippet:-1, max-image-preview:large, max-video-preview:-1\" \/>\n<link rel=\"canonical\" href=\"https:\/\/www.dinamicagenerale.cn\/de\/ressourcen\/\" \/>\n<meta property=\"og:locale\" content=\"de_DE\" \/>\n<meta property=\"og:type\" content=\"article\" \/>\n<meta property=\"og:title\" content=\"Mittel - Dinamica Generale\" \/>\n<meta property=\"og:description\" content=\"Pr\u00e4zisionsf\u00fctterungstechnologie Verbessern Sie die Ern\u00e4hrung von Nutztieren durch fortschrittliche Technologien. Entdecken Sie, wie Sie das Futtermittelmanagement optimieren k\u00f6nnen, um Produktivit\u00e4t [&hellip;]\" \/>\n<meta property=\"og:url\" content=\"https:\/\/www.dinamicagenerale.cn\/de\/ressourcen\/\" \/>\n<meta property=\"og:site_name\" content=\"Dinamica Generale\" \/>\n<meta property=\"article:modified_time\" content=\"2025-04-08T15:09:27+00:00\" \/>\n<meta name=\"twitter:card\" content=\"summary_large_image\" \/>\n<meta name=\"twitter:label1\" content=\"Gesch\u00e4tzte Lesezeit\" \/>\n\t<meta name=\"twitter:data1\" content=\"1\u00a0Minute\" \/>\n<script type=\"application\/ld+json\" class=\"yoast-schema-graph\">{\"@context\":\"https:\/\/schema.org\",\"@graph\":[{\"@type\":\"WebPage\",\"@id\":\"https:\/\/www.dinamicagenerale.cn\/de\/ressourcen\/\",\"url\":\"https:\/\/www.dinamicagenerale.cn\/de\/ressourcen\/\",\"name\":\"Mittel - Dinamica Generale\",\"isPartOf\":{\"@id\":\"https:\/\/www.dinamicagenerale.cn\/de\/#website\"},\"primaryImageOfPage\":{\"@id\":\"https:\/\/www.dinamicagenerale.cn\/de\/ressourcen\/#primaryimage\"},\"image\":{\"@id\":\"https:\/\/www.dinamicagenerale.cn\/de\/ressourcen\/#primaryimage\"},\"thumbnailUrl\":\"https:\/\/www.dinamicagenerale.cn\/wp-content\/uploads\/2025\/11\/Resources-dinamica-generale.png\",\"datePublished\":\"2025-02-04T09:55:03+00:00\",\"dateModified\":\"2025-04-08T15:09:27+00:00\",\"breadcrumb\":{\"@id\":\"https:\/\/www.dinamicagenerale.cn\/de\/ressourcen\/#breadcrumb\"},\"inLanguage\":\"de\",\"potentialAction\":[{\"@type\":\"ReadAction\",\"target\":[\"https:\/\/www.dinamicagenerale.cn\/de\/ressourcen\/\"]}]},{\"@type\":\"ImageObject\",\"inLanguage\":\"de\",\"@id\":\"https:\/\/www.dinamicagenerale.cn\/de\/ressourcen\/#primaryimage\",\"url\":\"https:\/\/www.dinamicagenerale.cn\/wp-content\/uploads\/2025\/11\/Resources-dinamica-generale.png\",\"contentUrl\":\"https:\/\/www.dinamicagenerale.cn\/wp-content\/uploads\/2025\/11\/Resources-dinamica-generale.png\",\"width\":2362,\"height\":1217},{\"@type\":\"BreadcrumbList\",\"@id\":\"https:\/\/www.dinamicagenerale.cn\/de\/ressourcen\/#breadcrumb\",\"itemListElement\":[{\"@type\":\"ListItem\",\"position\":1,\"name\":\"Home\",\"item\":\"https:\/\/www.dinamicagenerale.cn\/de\/\"},{\"@type\":\"ListItem\",\"position\":2,\"name\":\"Mittel\"}]},{\"@type\":\"WebSite\",\"@id\":\"https:\/\/www.dinamicagenerale.cn\/de\/#website\",\"url\":\"https:\/\/www.dinamicagenerale.cn\/de\/\",\"name\":\"Dinamica Generale\",\"description\":\"\",\"potentialAction\":[{\"@type\":\"SearchAction\",\"target\":{\"@type\":\"EntryPoint\",\"urlTemplate\":\"https:\/\/www.dinamicagenerale.cn\/de\/?s={search_term_string}\"},\"query-input\":{\"@type\":\"PropertyValueSpecification\",\"valueRequired\":true,\"valueName\":\"search_term_string\"}}],\"inLanguage\":\"de\"}]}<\/script>\n<!-- \/ Yoast SEO plugin. -->","yoast_head_json":{"title":"Mittel - Dinamica Generale","robots":{"index":"index","follow":"follow","max-snippet":"max-snippet:-1","max-image-preview":"max-image-preview:large","max-video-preview":"max-video-preview:-1"},"canonical":"https:\/\/www.dinamicagenerale.cn\/de\/ressourcen\/","og_locale":"de_DE","og_type":"article","og_title":"Mittel - Dinamica Generale","og_description":"Pr\u00e4zisionsf\u00fctterungstechnologie Verbessern Sie die Ern\u00e4hrung von Nutztieren durch fortschrittliche Technologien. Entdecken Sie, wie Sie das Futtermittelmanagement optimieren k\u00f6nnen, um Produktivit\u00e4t [&hellip;]","og_url":"https:\/\/www.dinamicagenerale.cn\/de\/ressourcen\/","og_site_name":"Dinamica Generale","article_modified_time":"2025-04-08T15:09:27+00:00","twitter_card":"summary_large_image","twitter_misc":{"Gesch\u00e4tzte Lesezeit":"1\u00a0Minute"},"schema":{"@context":"https:\/\/schema.org","@graph":[{"@type":"WebPage","@id":"https:\/\/www.dinamicagenerale.cn\/de\/ressourcen\/","url":"https:\/\/www.dinamicagenerale.cn\/de\/ressourcen\/","name":"Mittel - Dinamica Generale","isPartOf":{"@id":"https:\/\/www.dinamicagenerale.cn\/de\/#website"},"primaryImageOfPage":{"@id":"https:\/\/www.dinamicagenerale.cn\/de\/ressourcen\/#primaryimage"},"image":{"@id":"https:\/\/www.dinamicagenerale.cn\/de\/ressourcen\/#primaryimage"},"thumbnailUrl":"https:\/\/www.dinamicagenerale.cn\/wp-content\/uploads\/2025\/11\/Resources-dinamica-generale.png","datePublished":"2025-02-04T09:55:03+00:00","dateModified":"2025-04-08T15:09:27+00:00","breadcrumb":{"@id":"https:\/\/www.dinamicagenerale.cn\/de\/ressourcen\/#breadcrumb"},"inLanguage":"de","potentialAction":[{"@type":"ReadAction","target":["https:\/\/www.dinamicagenerale.cn\/de\/ressourcen\/"]}]},{"@type":"ImageObject","inLanguage":"de","@id":"https:\/\/www.dinamicagenerale.cn\/de\/ressourcen\/#primaryimage","url":"https:\/\/www.dinamicagenerale.cn\/wp-content\/uploads\/2025\/11\/Resources-dinamica-generale.png","contentUrl":"https:\/\/www.dinamicagenerale.cn\/wp-content\/uploads\/2025\/11\/Resources-dinamica-generale.png","width":2362,"height":1217},{"@type":"BreadcrumbList","@id":"https:\/\/www.dinamicagenerale.cn\/de\/ressourcen\/#breadcrumb","itemListElement":[{"@type":"ListItem","position":1,"name":"Home","item":"https:\/\/www.dinamicagenerale.cn\/de\/"},{"@type":"ListItem","position":2,"name":"Mittel"}]},{"@type":"WebSite","@id":"https:\/\/www.dinamicagenerale.cn\/de\/#website","url":"https:\/\/www.dinamicagenerale.cn\/de\/","name":"Dinamica Generale","description":"","potentialAction":[{"@type":"SearchAction","target":{"@type":"EntryPoint","urlTemplate":"https:\/\/www.dinamicagenerale.cn\/de\/?s={search_term_string}"},"query-input":{"@type":"PropertyValueSpecification","valueRequired":true,"valueName":"search_term_string"}}],"inLanguage":"de"}]}},"_links":{"self":[{"href":"https:\/\/www.dinamicagenerale.cn\/de\/wp-json\/wp\/v2\/pages\/12076","targetHints":{"allow":["GET"]}}],"collection":[{"href":"https:\/\/www.dinamicagenerale.cn\/de\/wp-json\/wp\/v2\/pages"}],"about":[{"href":"https:\/\/www.dinamicagenerale.cn\/de\/wp-json\/wp\/v2\/types\/page"}],"author":[{"embeddable":true,"href":"https:\/\/www.dinamicagenerale.cn\/de\/wp-json\/wp\/v2\/users\/5"}],"replies":[{"embeddable":true,"href":"https:\/\/www.dinamicagenerale.cn\/de\/wp-json\/wp\/v2\/comments?post=12076"}],"version-history":[{"count":8,"href":"https:\/\/www.dinamicagenerale.cn\/de\/wp-json\/wp\/v2\/pages\/12076\/revisions"}],"predecessor-version":[{"id":19875,"href":"https:\/\/www.dinamicagenerale.cn\/de\/wp-json\/wp\/v2\/pages\/12076\/revisions\/19875"}],"wp:featuredmedia":[{"embeddable":true,"href":"https:\/\/www.dinamicagenerale.cn\/de\/wp-json\/wp\/v2\/media\/34148"}],"wp:attachment":[{"href":"https:\/\/www.dinamicagenerale.cn\/de\/wp-json\/wp\/v2\/media?parent=12076"}],"curies":[{"name":"wp","href":"https:\/\/api.w.org\/{rel}","templated":true}]}}